{"id":2280,"date":"2023-07-18T23:37:39","date_gmt":"2023-07-18T15:37:39","guid":{"rendered":"https:\/\/geoune.net\/?post_type=product&#038;p=2280"},"modified":"2023-07-18T23:37:41","modified_gmt":"2023-07-18T15:37:41","slug":"11kw-bidirectional-dc-charging-pile","status":"publish","type":"product","link":"https:\/\/geoune.net\/pt\/produto\/11kw-bidirectional-dc-charging-pile\/","title":{"rendered":"Pilha de carregamento CC bidirecional de 11kW"},"content":{"rendered":"<p>Carregador UBC100011-T V2G, suporta fluxo bidirecional de energia el\u00e9trica, duto de ar independente, n\u00edvel de prote\u00e7\u00e3o IP65, com faixa de tens\u00e3o de sa\u00edda super ampla de 150V a 1000V, suporta a maioria dos EV de passageiros. \u00c9 amplamente utilizado para carregar e descarregar entre a rede el\u00e9trica e o passageiro EV.<\/p>\n<p><img fetchpriority=\"high\" decoding=\"async\" class=\"alignnone size-full wp-image-2285\" src=\"https:\/\/geoune.net\/wp-content\/uploads\/2023\/07\/\u5fae\u4fe1\u622a\u56fe_20230718233553.jpg\" alt=\"\" width=\"1611\" height=\"874\" srcset=\"https:\/\/geoune.net\/wp-content\/uploads\/2023\/07\/\u5fae\u4fe1\u622a\u56fe_20230718233553.jpg 1611w, https:\/\/geoune.net\/wp-content\/uploads\/2023\/07\/\u5fae\u4fe1\u622a\u56fe_20230718233553-300x163.jpg 300w, https:\/\/geoune.net\/wp-content\/uploads\/2023\/07\/\u5fae\u4fe1\u622a\u56fe_20230718233553-1024x556.jpg 1024w, https:\/\/geoune.net\/wp-content\/uploads\/2023\/07\/\u5fae\u4fe1\u622a\u56fe_20230718233553-768x417.jpg 768w, https:\/\/geoune.net\/wp-content\/uploads\/2023\/07\/\u5fae\u4fe1\u622a\u56fe_20230718233553-1536x833.jpg 1536w, https:\/\/geoune.net\/wp-content\/uploads\/2023\/07\/\u5fae\u4fe1\u622a\u56fe_20230718233553-18x10.jpg 18w, https:\/\/geoune.net\/wp-content\/uploads\/2023\/07\/\u5fae\u4fe1\u622a\u56fe_20230718233553-600x326.jpg 600w\" sizes=\"(max-width: 1611px) 100vw, 1611px\" \/><\/p>\n<h2 class=\"pro_h2 wow fadeInUp animated\">Par\u00e2metros t\u00e9cnicos<\/h2>\n<ul class=\"pro3_list forview\">\n<li class=\"forlist on\"><a class=\"top\">Par\u00e2metros do lado DC<\/a>\n<div class=\"table\">\n<table class=\"forview2\">\n<tbody>\n<tr class=\"forlist2\">\n<td class=\"\">energia do lado DC<\/td>\n<td class=\"\">Bidirecional<\/td>\n<\/tr>\n<tr class=\"forlist2\">\n<td class=\"\">Pot\u00eancia nominal de sa\u00edda<\/td>\n<td class=\"\">11kW<\/td>\n<\/tr>\n<tr class=\"forlist2\">\n<td class=\"\">Faixa de tens\u00e3o de energia constante<\/td>\n<td class=\"\">300~1000V<\/td>\n<\/tr>\n<tr class=\"forlist2\">\n<td class=\"\">Faixa de tens\u00e3o CC<\/td>\n<td class=\"\">150~1000V<\/td>\n<\/tr>\n<tr class=\"forlist2\">\n<td class=\"\">Faixa de corrente DC<\/td>\n<td class=\"\">-36,7~38,6A<\/td>\n<\/tr>\n<tr class=\"forlist2\">\n<td class=\"\">Prote\u00e7\u00e3o contra sobretens\u00e3o<\/td>\n<td class=\"\">Apoiar<\/td>\n<\/tr>\n<tr class=\"forlist2\">\n<td class=\"\">Alarme de subtens\u00e3o<\/td>\n<td class=\"\">Apoiar<\/td>\n<\/tr>\n<tr class=\"forlist2\">\n<td class=\"\">Prote\u00e7\u00e3o contra curto-circuito<\/td>\n<td class=\"\">Apoiar<\/td>\n<\/tr>\n<tr class=\"forlist2\">\n<td class=\"\">Precis\u00e3o de tens\u00e3o<\/td>\n<td class=\"\">\u2264\u00b10,5%<\/td>\n<\/tr>\n<tr class=\"forlist2\">\n<td class=\"\">Precis\u00e3o atual<\/td>\n<td class=\"\">\u2264\u00b11%<\/td>\n<\/tr>\n<tr class=\"forlist2\">\n<td class=\"\">Iniciar supera\u00e7\u00e3o de sa\u00edda<\/td>\n<td class=\"\">\u22645%<\/td>\n<\/tr>\n<tr class=\"forlist2\">\n<td class=\"\">ondula\u00e7\u00e3o de tens\u00e3o<\/td>\n<td class=\"\">\u22641% (pico a pico)<\/td>\n<\/tr>\n<tr class=\"forlist2\">\n<td class=\"\">ondula\u00e7\u00e3o atual<\/td>\n<td class=\"\">\u22641A (pico a pico)<\/td>\n<\/tr>\n<tr class=\"forlist2\">\n<td class=\"\">Efici\u00eancia<\/td>\n<td class=\"\">\u226595%<\/td>\n<\/tr>\n<\/tbody>\n<\/table>\n<p><a class=\"top\">Par\u00e2metros do lado AC<\/a><\/p>\n<div class=\"table\">\n<table class=\"forview2\">\n<tbody>\n<tr class=\"forlist2\">\n<td class=\"\">energia lateral AC<\/td>\n<td class=\"\">Bidirecional<\/td>\n<\/tr>\n<tr class=\"forlist2\">\n<td class=\"\">Pot\u00eancia nominal de sa\u00edda<\/td>\n<td class=\"\">11kW<\/td>\n<\/tr>\n<tr class=\"forlist2\">\n<td class=\"\">Tens\u00e3o CA nominal<\/td>\n<td class=\"\">Trif\u00e1sico 400VCA (265V~485V)<\/td>\n<\/tr>\n<tr class=\"forlist2\">\n<td class=\"\">Frequ\u00eancia<\/td>\n<td class=\"\">55\u00b110Hz<\/td>\n<\/tr>\n<tr class=\"forlist2\">\n<td class=\"\">Corrente CA nominal<\/td>\n<td class=\"\">16.7A<\/td>\n<\/tr>\n<tr class=\"forlist2\">\n<td class=\"\">THDi<\/td>\n<td class=\"\">\u22645%<\/td>\n<\/tr>\n<tr class=\"forlist2\">\n<td class=\"\">PF<\/td>\n<td class=\"\">\u22650,99@Pot\u00eancia nominal<\/td>\n<\/tr>\n<tr class=\"forlist2\">\n<td class=\"\">corrente m\u00e1xima<\/td>\n<td class=\"\">21A<\/td>\n<\/tr>\n<tr class=\"forlist2\">\n<td class=\"\">corrente de fuga<\/td>\n<td class=\"\">3,5mA<\/td>\n<\/tr>\n<tr class=\"forlist2\">\n<td class=\"\">Prote\u00e7\u00e3o contra subtens\u00e3o<\/td>\n<td class=\"\">Apoiar<\/td>\n<\/tr>\n<tr class=\"forlist2\">\n<td class=\"\">Prote\u00e7\u00e3o contra sobretens\u00e3o<\/td>\n<td class=\"\">Apoiar<\/td>\n<\/tr>\n<tr class=\"forlist2\">\n<td class=\"\">Limita\u00e7\u00e3o de energia<\/td>\n<td class=\"\">Apoiar<\/td>\n<\/tr>\n<\/tbody>\n<\/table>\n<p><a class=\"top\">Comunica\u00e7\u00e3o &amp; Alarme<\/a><\/p>\n<div class=\"table\">\n<table class=\"forview2\">\n<tbody>\n<tr class=\"forlist2\">\n<td class=\"\">Mostrar<\/td>\n<td class=\"\">LCD<\/td>\n<\/tr>\n<tr class=\"forlist2\">\n<td class=\"\">Interface de comunica\u00e7\u00e3o<\/td>\n<td class=\"\">4G\/RJ45\/RS485\/Bluetooth<\/td>\n<\/tr>\n<tr class=\"forlist2\">\n<td class=\"\">Alarme<\/td>\n<td class=\"\">LIDERADO<\/td>\n<\/tr>\n<\/tbody>\n<\/table>\n<p><a class=\"top\">Ambiente operacional<\/a><\/p>\n<div class=\"table\">\n<table class=\"forview2\">\n<tbody>\n<tr class=\"forlist2\">\n<td class=\"\">Temperatura de trabalho<\/td>\n<td class=\"\">-40\u2103~70\u2103<\/td>\n<\/tr>\n<tr class=\"forlist2\">\n<td class=\"\">Temperatura de armazenamento<\/td>\n<td class=\"\">\u2013 40\u00b0C~75\u00b0C<\/td>\n<\/tr>\n<tr class=\"forlist2\">\n<td class=\"\">Umidade<\/td>\n<td class=\"\">\u226495%, sem condensa\u00e7\u00e3o<\/td>\n<\/tr>\n<tr class=\"forlist2\">\n<td class=\"\">Altitude<\/td>\n<td class=\"\">2000m<\/td>\n<\/tr>\n<tr class=\"forlist2\">\n<td class=\"\">Barulho<\/td>\n<td class=\"\">\uff1c55dB<\/td>\n<\/tr>\n<tr class=\"forlist2\">\n<td class=\"\">Modo de resfriamento<\/td>\n<td class=\"\">Resfriamento independente do duto de ar<\/td>\n<\/tr>\n<tr class=\"forlist2\">\n<td class=\"\">n\u00edvel IP<\/td>\n<td class=\"\">IP65<\/td>\n<\/tr>\n<\/tbody>\n<\/table>\n<p><a class=\"top\">Caracter\u00edsticas f\u00edsicas<\/a><\/p>\n<div class=\"table\">\n<table class=\"forview2\">\n<tbody>\n<tr class=\"forlist2\">\n<td class=\"\">Dimens\u00e3o<\/td>\n<td class=\"\">655mm(L)*380mm(A)*145mm(P)<\/td>\n<\/tr>\n<tr class=\"forlist2\">\n<td class=\"\">Peso l\u00edquido da pilha inteira<\/td>\n<td class=\"\">\u226432kg<\/td>\n<\/tr>\n<\/tbody>\n<\/table>\n<\/div>\n<\/div>\n<\/div>\n<\/div>\n<\/div>\n<\/li>\n<\/ul>","protected":false},"excerpt":{"rendered":"<p>UBC100011-T V2G charger, supports bi-directional flow of electric energy, independent airduct, IP65 protection level, with super wide output voltage range from 150V to 1000V, supports most of passenger EV. It is widely used for charging and discharging between power grid and passenger EV. Technical Parameters DC side parameters DC side energy Bi-directional Rated output power [&hellip;]<\/p>","protected":false},"featured_media":2283,"template":"","meta":{"site-sidebar-layout":"default","site-content-layout":"default","ast-site-content-layout":"default","site-content-style":"default","site-sidebar-style":"default","ast-global-header-display":"","ast-banner-title-visibility":"","ast-main-header-display":"","ast-hfb-above-header-display":"","ast-hfb-below-header-display":"","ast-hfb-mobile-header-display":"","site-post-title":"","ast-breadcrumbs-content":"","ast-featured-img":"","footer-sml-layout":"","theme-transparent-header-meta":"default","adv-header-id-meta":"","stick-header-meta":"","header-above-stick-meta":"","header-main-stick-meta":"","header-below-stick-meta":"","astra-migrate-meta-layouts":"default","ast-page-background-enabled":"default","ast-page-background-meta":{"desktop":{"background-color":"","background-image":"","background-repeat":"repeat","background-position":"center center","background-size":"auto","background-attachment":"scroll","background-type":"","background-media":"","overlay-type":"","overlay-color":"","overlay-opacity":"","overlay-gradient":""},"tablet":{"background-color":"","background-image":"","background-repeat":"repeat","background-position":"center center","background-size":"auto","background-attachment":"scroll","background-type":"","background-media":"","overlay-type":"","overlay-color":"","overlay-opacity":"","overlay-gradient":""},"mobile":{"background-color":"","background-image":"","background-repeat":"repeat","background-position":"center center","background-size":"auto","background-attachment":"scroll","background-type":"","background-media":"","overlay-type":"","overlay-color":"","overlay-opacity":"","overlay-gradient":""}},"ast-content-background-meta":{"desktop":{"background-color":"var(--ast-global-color-5)","background-image":"","background-repeat":"repeat","background-position":"center center","background-size":"auto","background-attachment":"scroll","background-type":"","background-media":"","overlay-type":"","overlay-color":"","overlay-opacity":"","overlay-gradient":""},"tablet":{"background-color":"var(--ast-global-color-5)","background-image":"","background-repeat":"repeat","background-position":"center center","background-size":"auto","background-attachment":"scroll","background-type":"","background-media":"","overlay-type":"","overlay-color":"","overlay-opacity":"","overlay-gradient":""},"mobile":{"background-color":"var(--ast-global-color-5)","background-image":"","background-repeat":"repeat","background-position":"center center","background-size":"auto","background-attachment":"scroll","background-type":"","background-media":"","overlay-type":"","overlay-color":"","overlay-opacity":"","overlay-gradient":""}}},"product_brand":[],"product_cat":[39],"product_tag":[],"class_list":{"0":"post-2280","1":"product","2":"type-product","3":"status-publish","4":"has-post-thumbnail","6":"product_cat-charging-pile","7":"desktop-align-left","8":"tablet-align-left","9":"mobile-align-left","11":"first","12":"instock","13":"shipping-taxable","14":"product-type-simple"},"yoast_head":"<!-- This site is optimized with the Yoast SEO Premium plugin v20.11 (Yoast SEO v22.7) - https:\/\/yoast.com\/wordpress\/plugins\/seo\/ -->\n<title>11kW Bidirectional DC Charging Pile - Ge&#039;ou NEW ENERGY<\/title>\n<meta name=\"description\" content=\"Ge&#039;ou New Energy is an integrated energy group that specializes in clean and new energy on lithium ion battery products.\" \/>\n<meta name=\"robots\" content=\"index, follow, max-snippet:-1, max-image-preview:large, max-video-preview:-1\" \/>\n<link rel=\"canonical\" href=\"https:\/\/geoune.net\/pt\/produto\/11kw-bidirectional-dc-charging-pile\/\" \/>\n<meta property=\"og:locale\" content=\"pt_PT\" \/>\n<meta property=\"og:type\" content=\"article\" \/>\n<meta property=\"og:title\" content=\"11kW Bidirectional DC Charging Pile\" \/>\n<meta property=\"og:description\" content=\"Ge&#039;ou New Energy is an integrated energy group that specializes in clean and new energy on lithium ion battery products.\" \/>\n<meta property=\"og:url\" content=\"https:\/\/geoune.net\/pt\/produto\/11kw-bidirectional-dc-charging-pile\/\" \/>\n<meta property=\"og:site_name\" content=\"Ge&#039;ou NEW ENERGY\" \/>\n<meta property=\"article:modified_time\" content=\"2023-07-18T15:37:41+00:00\" \/>\n<meta property=\"og:image\" content=\"https:\/\/geoune.net\/wp-content\/uploads\/2023\/07\/6358a2ebaf4c7.png\" \/>\n\t<meta property=\"og:image:width\" content=\"800\" \/>\n\t<meta property=\"og:image:height\" content=\"800\" \/>\n\t<meta property=\"og:image:type\" content=\"image\/png\" \/>\n<meta name=\"twitter:card\" content=\"summary_large_image\" \/>\n<meta name=\"twitter:label1\" content=\"Tempo estimado de leitura\" \/>\n\t<meta name=\"twitter:data1\" content=\"2 minutos\" \/>\n<script type=\"application\/ld+json\" class=\"yoast-schema-graph\">{\"@context\":\"https:\/\/schema.org\",\"@graph\":[{\"@type\":\"WebPage\",\"@id\":\"https:\/\/geoune.net\/product\/11kw-bidirectional-dc-charging-pile\/\",\"url\":\"https:\/\/geoune.net\/product\/11kw-bidirectional-dc-charging-pile\/\",\"name\":\"11kW Bidirectional DC Charging Pile - Ge&#039;ou NEW ENERGY\",\"isPartOf\":{\"@id\":\"https:\/\/geoune.net\/#website\"},\"primaryImageOfPage\":{\"@id\":\"https:\/\/geoune.net\/product\/11kw-bidirectional-dc-charging-pile\/#primaryimage\"},\"image\":{\"@id\":\"https:\/\/geoune.net\/product\/11kw-bidirectional-dc-charging-pile\/#primaryimage\"},\"thumbnailUrl\":\"https:\/\/geoune.net\/wp-content\/uploads\/2023\/07\/6358a2ebaf4c7.png\",\"datePublished\":\"2023-07-18T15:37:39+00:00\",\"dateModified\":\"2023-07-18T15:37:41+00:00\",\"description\":\"Ge'ou New Energy is an integrated energy group that specializes in clean and new energy on lithium ion battery products.\",\"breadcrumb\":{\"@id\":\"https:\/\/geoune.net\/product\/11kw-bidirectional-dc-charging-pile\/#breadcrumb\"},\"inLanguage\":\"pt-PT\",\"potentialAction\":[{\"@type\":\"ReadAction\",\"target\":[\"https:\/\/geoune.net\/product\/11kw-bidirectional-dc-charging-pile\/\"]}]},{\"@type\":\"ImageObject\",\"inLanguage\":\"pt-PT\",\"@id\":\"https:\/\/geoune.net\/product\/11kw-bidirectional-dc-charging-pile\/#primaryimage\",\"url\":\"https:\/\/geoune.net\/wp-content\/uploads\/2023\/07\/6358a2ebaf4c7.png\",\"contentUrl\":\"https:\/\/geoune.net\/wp-content\/uploads\/2023\/07\/6358a2ebaf4c7.png\",\"width\":800,\"height\":800,\"caption\":\"11kW Bidirectional DC Charging Pile\"},{\"@type\":\"BreadcrumbList\",\"@id\":\"https:\/\/geoune.net\/product\/11kw-bidirectional-dc-charging-pile\/#breadcrumb\",\"itemListElement\":[{\"@type\":\"ListItem\",\"position\":1,\"name\":\"\u9996\u9875\",\"item\":\"https:\/\/geoune.net\/\"},{\"@type\":\"ListItem\",\"position\":2,\"name\":\"Products\",\"item\":\"https:\/\/geoune.net\/shop\/\"},{\"@type\":\"ListItem\",\"position\":3,\"name\":\"11kW Bidirectional DC Charging Pile\"}]},{\"@type\":\"WebSite\",\"@id\":\"https:\/\/geoune.net\/#website\",\"url\":\"https:\/\/geoune.net\/\",\"name\":\"Ge'ou NEW ENERGY\",\"description\":\"Ge&#039;ou New Energy is an integrated energy group that specializes in clean and new energy on lithium ion battery products.\",\"publisher\":{\"@id\":\"https:\/\/geoune.net\/#organization\"},\"alternateName\":\"OEM Lithium ion Battery Products Manufacturer | Ge'ou New Energy\",\"potentialAction\":[{\"@type\":\"SearchAction\",\"target\":{\"@type\":\"EntryPoint\",\"urlTemplate\":\"https:\/\/geoune.net\/?s={search_term_string}\"},\"query-input\":\"required name=search_term_string\"}],\"inLanguage\":\"pt-PT\"},{\"@type\":\"Organization\",\"@id\":\"https:\/\/geoune.net\/#organization\",\"name\":\"Ge'ou NEW ENERGY\",\"url\":\"https:\/\/geoune.net\/\",\"logo\":{\"@type\":\"ImageObject\",\"inLanguage\":\"pt-PT\",\"@id\":\"https:\/\/geoune.net\/#\/schema\/logo\/image\/\",\"url\":\"https:\/\/geoune.net\/wp-content\/uploads\/2023\/06\/GEOUNE-LOGO.png\",\"contentUrl\":\"https:\/\/geoune.net\/wp-content\/uploads\/2023\/06\/GEOUNE-LOGO.png\",\"width\":500,\"height\":350,\"caption\":\"Ge'ou NEW ENERGY\"},\"image\":{\"@id\":\"https:\/\/geoune.net\/#\/schema\/logo\/image\/\"}}]}<\/script>\n<!-- \/ Yoast SEO Premium plugin. -->","yoast_head_json":{"title":"11kW Bidirectional DC Charging Pile - Ge&#039;ou NEW ENERGY","description":"Ge'ou New Energy is an integrated energy group that specializes in clean and new energy on lithium ion battery products.","robots":{"index":"index","follow":"follow","max-snippet":"max-snippet:-1","max-image-preview":"max-image-preview:large","max-video-preview":"max-video-preview:-1"},"canonical":"https:\/\/geoune.net\/pt\/produto\/11kw-bidirectional-dc-charging-pile\/","og_locale":"pt_PT","og_type":"article","og_title":"11kW Bidirectional DC Charging Pile","og_description":"Ge'ou New Energy is an integrated energy group that specializes in clean and new energy on lithium ion battery products.","og_url":"https:\/\/geoune.net\/pt\/produto\/11kw-bidirectional-dc-charging-pile\/","og_site_name":"Ge&#039;ou NEW ENERGY","article_modified_time":"2023-07-18T15:37:41+00:00","og_image":[{"width":800,"height":800,"url":"https:\/\/geoune.net\/wp-content\/uploads\/2023\/07\/6358a2ebaf4c7.png","type":"image\/png"}],"twitter_card":"summary_large_image","twitter_misc":{"Tempo estimado de leitura":"2 minutos"},"schema":{"@context":"https:\/\/schema.org","@graph":[{"@type":"WebPage","@id":"https:\/\/geoune.net\/product\/11kw-bidirectional-dc-charging-pile\/","url":"https:\/\/geoune.net\/product\/11kw-bidirectional-dc-charging-pile\/","name":"11kW Bidirectional DC Charging Pile - Ge&#039;ou NEW ENERGY","isPartOf":{"@id":"https:\/\/geoune.net\/#website"},"primaryImageOfPage":{"@id":"https:\/\/geoune.net\/product\/11kw-bidirectional-dc-charging-pile\/#primaryimage"},"image":{"@id":"https:\/\/geoune.net\/product\/11kw-bidirectional-dc-charging-pile\/#primaryimage"},"thumbnailUrl":"https:\/\/geoune.net\/wp-content\/uploads\/2023\/07\/6358a2ebaf4c7.png","datePublished":"2023-07-18T15:37:39+00:00","dateModified":"2023-07-18T15:37:41+00:00","description":"Ge'ou New Energy is an integrated energy group that specializes in clean and new energy on lithium ion battery products.","breadcrumb":{"@id":"https:\/\/geoune.net\/product\/11kw-bidirectional-dc-charging-pile\/#breadcrumb"},"inLanguage":"pt-PT","potentialAction":[{"@type":"ReadAction","target":["https:\/\/geoune.net\/product\/11kw-bidirectional-dc-charging-pile\/"]}]},{"@type":"ImageObject","inLanguage":"pt-PT","@id":"https:\/\/geoune.net\/product\/11kw-bidirectional-dc-charging-pile\/#primaryimage","url":"https:\/\/geoune.net\/wp-content\/uploads\/2023\/07\/6358a2ebaf4c7.png","contentUrl":"https:\/\/geoune.net\/wp-content\/uploads\/2023\/07\/6358a2ebaf4c7.png","width":800,"height":800,"caption":"11kW Bidirectional DC Charging Pile"},{"@type":"BreadcrumbList","@id":"https:\/\/geoune.net\/product\/11kw-bidirectional-dc-charging-pile\/#breadcrumb","itemListElement":[{"@type":"ListItem","position":1,"name":"\u9996\u9875","item":"https:\/\/geoune.net\/"},{"@type":"ListItem","position":2,"name":"Products","item":"https:\/\/geoune.net\/shop\/"},{"@type":"ListItem","position":3,"name":"11kW Bidirectional DC Charging Pile"}]},{"@type":"WebSite","@id":"https:\/\/geoune.net\/#website","url":"https:\/\/geoune.net\/","name":"Ge'ou NEW ENERGY","description":"Ge&#039;ou New Energy is an integrated energy group that specializes in clean and new energy on lithium ion battery products.","publisher":{"@id":"https:\/\/geoune.net\/#organization"},"alternateName":"OEM Lithium ion Battery Products Manufacturer | Ge'ou New Energy","potentialAction":[{"@type":"SearchAction","target":{"@type":"EntryPoint","urlTemplate":"https:\/\/geoune.net\/?s={search_term_string}"},"query-input":"required name=search_term_string"}],"inLanguage":"pt-PT"},{"@type":"Organization","@id":"https:\/\/geoune.net\/#organization","name":"Ge'ou NEW ENERGY","url":"https:\/\/geoune.net\/","logo":{"@type":"ImageObject","inLanguage":"pt-PT","@id":"https:\/\/geoune.net\/#\/schema\/logo\/image\/","url":"https:\/\/geoune.net\/wp-content\/uploads\/2023\/06\/GEOUNE-LOGO.png","contentUrl":"https:\/\/geoune.net\/wp-content\/uploads\/2023\/06\/GEOUNE-LOGO.png","width":500,"height":350,"caption":"Ge'ou NEW ENERGY"},"image":{"@id":"https:\/\/geoune.net\/#\/schema\/logo\/image\/"}}]}},"_links":{"self":[{"href":"https:\/\/geoune.net\/pt\/wp-json\/wp\/v2\/product\/2280","targetHints":{"allow":["GET"]}}],"collection":[{"href":"https:\/\/geoune.net\/pt\/wp-json\/wp\/v2\/product"}],"about":[{"href":"https:\/\/geoune.net\/pt\/wp-json\/wp\/v2\/types\/product"}],"wp:featuredmedia":[{"embeddable":true,"href":"https:\/\/geoune.net\/pt\/wp-json\/wp\/v2\/media\/2283"}],"wp:attachment":[{"href":"https:\/\/geoune.net\/pt\/wp-json\/wp\/v2\/media?parent=2280"}],"wp:term":[{"taxonomy":"product_brand","embeddable":true,"href":"https:\/\/geoune.net\/pt\/wp-json\/wp\/v2\/product_brand?post=2280"},{"taxonomy":"product_cat","embeddable":true,"href":"https:\/\/geoune.net\/pt\/wp-json\/wp\/v2\/product_cat?post=2280"},{"taxonomy":"product_tag","embeddable":true,"href":"https:\/\/geoune.net\/pt\/wp-json\/wp\/v2\/product_tag?post=2280"}],"curies":[{"name":"wp","href":"https:\/\/api.w.org\/{rel}","templated":true}]}}