{"id":1464,"date":"2023-06-13T14:11:20","date_gmt":"2023-06-13T14:11:20","guid":{"rendered":"https:\/\/geoune.net\/?post_type=product&#038;p=1464"},"modified":"2023-06-24T15:56:31","modified_gmt":"2023-06-24T07:56:31","slug":"lithium-lifepo4-48v-100ah-battery-with-bms-5-12kwh-lifepo4-battery","status":"publish","type":"product","link":"https:\/\/geoune.net\/pt\/produto\/lithium-lifepo4-48v-100ah-battery-with-bms-5-12kwh-lifepo4-battery\/","title":{"rendered":"Bateria de l\u00edtio LiFePO4 48V 100Ah com bateria BMS 5,12KWh Lifepo4"},"content":{"rendered":"<div class=\"sliderTable mt10 mb10 sliderTable-index0 change-to-org\">\n<div class=\"inner\">\n<table class=\"has-title all magic-1\" width=\"NaN\">\n<tbody>\n<tr class=\"firstRow\">\n<td colspan=\"1\" rowspan=\"1\">\n<div class=\"magic-5\">Voltagem nominal<\/div>\n<\/td>\n<td colspan=\"1\" rowspan=\"1\">\n<div class=\"magic-4\">48V<\/div>\n<\/td>\n<td colspan=\"1\" rowspan=\"16\"><\/td>\n<td colspan=\"1\" rowspan=\"1\">\n<div class=\"magic-4\">Dimens\u00f5es<\/div>\n<\/td>\n<td colspan=\"1\" rowspan=\"1\">\n<div class=\"magic-5\">482*420*178<\/div>\n<\/td>\n<\/tr>\n<tr>\n<td colspan=\"1\" rowspan=\"1\">\n<div class=\"magic-5\">Capacidade nominal<\/div>\n<\/td>\n<td colspan=\"1\" rowspan=\"1\">\n<div class=\"magic-4\">100Ah<\/div>\n<\/td>\n<td colspan=\"1\" rowspan=\"1\">\n<div class=\"magic-4\">Peso<\/div>\n<\/td>\n<td colspan=\"1\" rowspan=\"1\">\n<div class=\"magic-5\">48Kg<\/div>\n<\/td>\n<\/tr>\n<tr>\n<td colspan=\"1\" rowspan=\"1\">\n<div class=\"magic-5\">Capacidade@20A<\/div>\n<\/td>\n<td colspan=\"1\" rowspan=\"1\">\n<div class=\"magic-4\">300min<\/div>\n<\/td>\n<td colspan=\"1\" rowspan=\"1\">\n<div class=\"magic-4\">Tipo de Terminal<\/div>\n<\/td>\n<td colspan=\"1\" rowspan=\"1\">\n<div class=\"magic-5\">Conector<\/div>\n<\/td>\n<\/tr>\n<tr>\n<td colspan=\"1\" rowspan=\"1\">\n<div class=\"magic-5\">Energia<\/div>\n<\/td>\n<td colspan=\"1\" rowspan=\"1\">\n<div class=\"magic-4\">4800Wh<\/div>\n<\/td>\n<td colspan=\"1\" rowspan=\"1\">\n<div class=\"magic-4\">Material do caso<\/div>\n<\/td>\n<td colspan=\"1\" rowspan=\"1\">\n<div class=\"magic-5\">A\u00e7o<\/div>\n<\/td>\n<\/tr>\n<tr>\n<td colspan=\"1\" rowspan=\"1\">\n<div class=\"magic-5\">Resist\u00eancia<\/div>\n<\/td>\n<td colspan=\"1\" rowspan=\"1\">\n<div class=\"magic-4\">\u226430m\u03a9<\/div>\n<\/td>\n<td colspan=\"1\" rowspan=\"1\">\n<div class=\"magic-4\">Prote\u00e7\u00e3o do Inv\u00f3lucro<\/div>\n<\/td>\n<td colspan=\"1\" rowspan=\"1\">\n<div class=\"magic-5\">IP20<\/div>\n<\/td>\n<\/tr>\n<tr>\n<td colspan=\"1\" rowspan=\"1\">\n<div class=\"magic-5\">Efici\u00eancia<\/div>\n<\/td>\n<td colspan=\"1\" rowspan=\"1\">\n<div class=\"magic-4\">99%<\/div>\n<\/td>\n<td colspan=\"1\" rowspan=\"1\">\n<div class=\"magic-4\">Tipo de c\u00e9lula<\/div>\n<\/td>\n<td colspan=\"1\" rowspan=\"1\">\n<div class=\"magic-5\">Prism\u00e1tico<\/div>\n<\/td>\n<\/tr>\n<tr>\n<td colspan=\"1\" rowspan=\"1\">\n<div class=\"magic-5\">Auto descarga<\/div>\n<\/td>\n<td colspan=\"1\" rowspan=\"1\">\n<div class=\"magic-4\">\u22643,5% por m\u00eas<\/div>\n<\/td>\n<td colspan=\"1\" rowspan=\"1\">\n<div class=\"magic-4\">Qu\u00edmica<\/div>\n<\/td>\n<td colspan=\"1\" rowspan=\"1\">\n<div class=\"magic-5\">Lifepo4<\/div>\n<\/td>\n<\/tr>\n<tr>\n<td colspan=\"1\" rowspan=\"1\">\n<div class=\"magic-5\">M\u00f3dulo m\u00e1ximo em paralelo<\/div>\n<\/td>\n<td colspan=\"1\" rowspan=\"1\">\n<div class=\"magic-4\">15<\/div>\n<\/td>\n<td colspan=\"1\" rowspan=\"1\">\n<div class=\"magic-4\">Configura\u00e7\u00e3o<\/div>\n<\/td>\n<td colspan=\"1\" rowspan=\"1\">\n<div class=\"magic-5\">15S1P<\/div>\n<\/td>\n<\/tr>\n<tr>\n<td colspan=\"1\" rowspan=\"1\">\n<div class=\"magic-5\">Corrente m\u00e1xima de descarga cont\u00ednua<\/div>\n<\/td>\n<td colspan=\"1\" rowspan=\"1\">\n<div class=\"magic-4\">50A<\/div>\n<\/td>\n<td colspan=\"1\" rowspan=\"1\">\n<div class=\"magic-4\">Recomendar corrente de carga<\/div>\n<\/td>\n<td colspan=\"1\" rowspan=\"1\">\n<div class=\"magic-5\">40A<\/div>\n<\/td>\n<\/tr>\n<tr>\n<td colspan=\"1\" rowspan=\"1\">\n<div class=\"magic-5\">Corrente de descarga de pico<\/div>\n<\/td>\n<td colspan=\"1\" rowspan=\"1\">\n<div class=\"magic-4\">150A\u22643s<\/div>\n<\/td>\n<td colspan=\"1\" rowspan=\"1\">\n<div class=\"magic-4\">Corrente de carga m\u00e1xima<\/div>\n<\/td>\n<td colspan=\"1\" rowspan=\"1\">\n<div class=\"magic-5\">50A<\/div>\n<\/td>\n<\/tr>\n<tr>\n<td colspan=\"1\" rowspan=\"1\">\n<div class=\"magic-5\">Corte de corrente de descarga BMS<\/div>\n<\/td>\n<td colspan=\"1\" rowspan=\"1\">\n<div class=\"magic-4\">130A\u00b120A<\/div>\n<\/td>\n<td colspan=\"1\" rowspan=\"1\">\n<div class=\"magic-4\">Recomendar tens\u00e3o de carga<\/div>\n<\/td>\n<td colspan=\"1\" rowspan=\"1\">\n<div class=\"magic-5\">52,5-54V<\/div>\n<\/td>\n<\/tr>\n<tr>\n<td colspan=\"1\" rowspan=\"1\">\n<div class=\"magic-5\">Recomendar desconex\u00e3o de baixa tens\u00e3o<\/div>\n<\/td>\n<td colspan=\"1\" rowspan=\"1\">\n<div class=\"magic-4\">42V<\/div>\n<\/td>\n<td colspan=\"1\" rowspan=\"1\">\n<div class=\"magic-4\">\u00a0Corte de tens\u00e3o de carga BMS<\/div>\n<\/td>\n<td colspan=\"1\" rowspan=\"1\">\n<div class=\"magic-5\">54V (3,75\u00b10,1V)<\/div>\n<\/td>\n<\/tr>\n<tr>\n<td colspan=\"1\" rowspan=\"1\">\n<div class=\"magic-5\">Temperatura de descarga<\/div>\n<\/td>\n<td colspan=\"1\" rowspan=\"1\">\n<div class=\"magic-4\">-20 a 60 \u2103<\/div>\n<\/td>\n<td colspan=\"1\" rowspan=\"1\">\n<div class=\"magic-4\">Certifica\u00e7\u00f5es<\/div>\n<\/td>\n<td colspan=\"1\" rowspan=\"1\">\n<div class=\"magic-5\">CE\/UN38.3\/IEC<\/div>\n<\/td>\n<\/tr>\n<tr>\n<td colspan=\"1\" rowspan=\"1\">\n<div class=\"magic-5\">Temperatura de Carga<\/div>\n<\/td>\n<td colspan=\"1\" rowspan=\"1\">\n<div class=\"magic-4\">0 a 45 \u2103<\/div>\n<\/td>\n<td colspan=\"1\" rowspan=\"1\">\n<div class=\"magic-4\">Comunica\u00e7\u00e3o<\/div>\n<\/td>\n<td colspan=\"1\" rowspan=\"1\">\n<div class=\"magic-5\">RS232\/RS485\/CAN<\/div>\n<\/td>\n<\/tr>\n<tr>\n<td colspan=\"1\" rowspan=\"1\">\n<div class=\"magic-5\">Carga de corte de baixa temperatura<\/div>\n<\/td>\n<td colspan=\"1\" rowspan=\"1\">\n<div class=\"magic-4\">0 \u2103 (Personalizado)<\/div>\n<\/td>\n<td colspan=\"1\" rowspan=\"1\">\n<div class=\"magic-4\">Classifica\u00e7\u00e3o de embarque<\/div>\n<\/td>\n<td colspan=\"1\" rowspan=\"1\">\n<div class=\"magic-5\">UN3480, CLASSE 9<\/div>\n<\/td>\n<\/tr>\n<tr>\n<td colspan=\"1\" rowspan=\"1\">\n<div class=\"magic-5\">Carga de corte de alta temperatura<\/div>\n<\/td>\n<td colspan=\"1\" rowspan=\"1\">\n<div class=\"magic-4\">54\u2103 (Personalizado)<\/div>\n<\/td>\n<td colspan=\"1\" rowspan=\"1\">\n<div class=\"magic-4\">garantia<\/div>\n<\/td>\n<td colspan=\"1\" rowspan=\"1\">\n<div class=\"magic-5\">5 anos<\/div>\n<\/td>\n<\/tr>\n<\/tbody>\n<\/table>\n<\/div>\n<\/div>\n<p><img fetchpriority=\"high\" decoding=\"async\" class=\"aligncenter size-full wp-image-1473\" src=\"https:\/\/geoune.net\/wp-content\/uploads\/2023\/06\/48V-100Ah-battery.jpg\" alt=\"Lithium LiFePO4 48V 100Ah Battery with BMS 5.12KWh Lifepo4 Battery\" width=\"871\" height=\"871\" srcset=\"https:\/\/geoune.net\/wp-content\/uploads\/2023\/06\/48V-100Ah-battery.jpg 871w, https:\/\/geoune.net\/wp-content\/uploads\/2023\/06\/48V-100Ah-battery-300x300.jpg 300w, https:\/\/geoune.net\/wp-content\/uploads\/2023\/06\/48V-100Ah-battery-150x150.jpg 150w, https:\/\/geoune.net\/wp-content\/uploads\/2023\/06\/48V-100Ah-battery-768x768.jpg 768w, https:\/\/geoune.net\/wp-content\/uploads\/2023\/06\/48V-100Ah-battery-600x600.jpg 600w, https:\/\/geoune.net\/wp-content\/uploads\/2023\/06\/48V-100Ah-battery-100x100.jpg 100w\" sizes=\"(max-width: 871px) 100vw, 871px\" \/> <img decoding=\"async\" class=\"aligncenter wp-image-1471\" src=\"https:\/\/geoune.net\/wp-content\/uploads\/2023\/06\/48V_03.jpg\" alt=\"Lithium LiFePO4 48V 100Ah Battery with BMS 5.12KWh Lifepo4 Battery\" width=\"921\" height=\"715\" srcset=\"https:\/\/geoune.net\/wp-content\/uploads\/2023\/06\/48V_03.jpg 750w, https:\/\/geoune.net\/wp-content\/uploads\/2023\/06\/48V_03-300x233.jpg 300w, https:\/\/geoune.net\/wp-content\/uploads\/2023\/06\/48V_03-600x466.jpg 600w\" sizes=\"(max-width: 921px) 100vw, 921px\" \/> <img decoding=\"async\" class=\"aligncenter wp-image-1470\" src=\"https:\/\/geoune.net\/wp-content\/uploads\/2023\/06\/48V_01-578x1024.jpg\" alt=\"Lithium LiFePO4 48V 100Ah Battery with BMS 5.12KWh Lifepo4 Battery\" width=\"951\" height=\"1685\" srcset=\"https:\/\/geoune.net\/wp-content\/uploads\/2023\/06\/48V_01-578x1024.jpg 578w, https:\/\/geoune.net\/wp-content\/uploads\/2023\/06\/48V_01-169x300.jpg 169w, https:\/\/geoune.net\/wp-content\/uploads\/2023\/06\/48V_01-600x1062.jpg 600w, https:\/\/geoune.net\/wp-content\/uploads\/2023\/06\/48V_01.jpg 750w\" sizes=\"(max-width: 951px) 100vw, 951px\" \/> <img loading=\"lazy\" decoding=\"async\" class=\"aligncenter wp-image-1472\" src=\"https:\/\/geoune.net\/wp-content\/uploads\/2023\/06\/48V_06-570x1024.jpg\" alt=\"Lithium LiFePO4 48V 100Ah Battery with BMS 5.12KWh Lifepo4 Battery\" width=\"982\" height=\"1764\" srcset=\"https:\/\/geoune.net\/wp-content\/uploads\/2023\/06\/48V_06-570x1024.jpg 570w, https:\/\/geoune.net\/wp-content\/uploads\/2023\/06\/48V_06-167x300.jpg 167w, https:\/\/geoune.net\/wp-content\/uploads\/2023\/06\/48V_06-600x1078.jpg 600w, https:\/\/geoune.net\/wp-content\/uploads\/2023\/06\/48V_06.jpg 750w\" sizes=\"(max-width: 982px) 100vw, 982px\" \/> <img loading=\"lazy\" decoding=\"async\" class=\"aligncenter size-large wp-image-1468\" src=\"https:\/\/geoune.net\/wp-content\/uploads\/2023\/06\/33-1024x642.png\" alt=\"Lithium LiFePO4 48V 100Ah Battery with BMS 5.12KWh Lifepo4 Battery\" width=\"1024\" height=\"642\" srcset=\"https:\/\/geoune.net\/wp-content\/uploads\/2023\/06\/33-1024x642.png 1024w, https:\/\/geoune.net\/wp-content\/uploads\/2023\/06\/33-300x188.png 300w, https:\/\/geoune.net\/wp-content\/uploads\/2023\/06\/33-768x482.png 768w, https:\/\/geoune.net\/wp-content\/uploads\/2023\/06\/33-1536x963.png 1536w, https:\/\/geoune.net\/wp-content\/uploads\/2023\/06\/33-2048x1284.png 2048w, https:\/\/geoune.net\/wp-content\/uploads\/2023\/06\/33-600x376.png 600w, https:\/\/geoune.net\/wp-content\/uploads\/2023\/06\/33.png 1920w\" sizes=\"(max-width: 1024px) 100vw, 1024px\" \/> <img loading=\"lazy\" decoding=\"async\" class=\"aligncenter size-large wp-image-1467\" src=\"https:\/\/geoune.net\/wp-content\/uploads\/2023\/06\/22-1024x659.png\" alt=\"Lithium LiFePO4 48V 100Ah Battery with BMS 5.12KWh Lifepo4 Battery\" width=\"1024\" height=\"659\" srcset=\"https:\/\/geoune.net\/wp-content\/uploads\/2023\/06\/22-1024x659.png 1024w, https:\/\/geoune.net\/wp-content\/uploads\/2023\/06\/22-300x193.png 300w, https:\/\/geoune.net\/wp-content\/uploads\/2023\/06\/22-768x494.png 768w, https:\/\/geoune.net\/wp-content\/uploads\/2023\/06\/22-1536x988.png 1536w, https:\/\/geoune.net\/wp-content\/uploads\/2023\/06\/22-2048x1318.png 2048w, https:\/\/geoune.net\/wp-content\/uploads\/2023\/06\/22-600x386.png 600w\" sizes=\"(max-width: 1024px) 100vw, 1024px\" \/><\/p>","protected":false},"excerpt":{"rendered":"<ul>\n<li>bateria de \u00edon de l\u00edtio solar 48v<\/li>\n<\/ul>","protected":false},"featured_media":1466,"template":"","meta":{"site-sidebar-layout":"default","site-content-layout":"default","ast-site-content-layout":"default","site-content-style":"default","site-sidebar-style":"default","ast-global-header-display":"","ast-banner-title-visibility":"","ast-main-header-display":"","ast-hfb-above-header-display":"","ast-hfb-below-header-display":"","ast-hfb-mobile-header-display":"","site-post-title":"","ast-breadcrumbs-content":"","ast-featured-img":"","footer-sml-layout":"","theme-transparent-header-meta":"default","adv-header-id-meta":"","stick-header-meta":"","header-above-stick-meta":"","header-main-stick-meta":"","header-below-stick-meta":"","astra-migrate-meta-layouts":"default","ast-page-background-enabled":"default","ast-page-background-meta":{"desktop":{"background-color":"","background-image":"","background-repeat":"repeat","background-position":"center center","background-size":"auto","background-attachment":"scroll","background-type":"","background-media":"","overlay-type":"","overlay-color":"","overlay-opacity":"","overlay-gradient":""},"tablet":{"background-color":"","background-image":"","background-repeat":"repeat","background-position":"center center","background-size":"auto","background-attachment":"scroll","background-type":"","background-media":"","overlay-type":"","overlay-color":"","overlay-opacity":"","overlay-gradient":""},"mobile":{"background-color":"","background-image":"","background-repeat":"repeat","background-position":"center center","background-size":"auto","background-attachment":"scroll","background-type":"","background-media":"","overlay-type":"","overlay-color":"","overlay-opacity":"","overlay-gradient":""}},"ast-content-background-meta":{"desktop":{"background-color":"var(--ast-global-color-5)","background-image":"","background-repeat":"repeat","background-position":"center center","background-size":"auto","background-attachment":"scroll","background-type":"","background-media":"","overlay-type":"","overlay-color":"","overlay-opacity":"","overlay-gradient":""},"tablet":{"background-color":"var(--ast-global-color-5)","background-image":"","background-repeat":"repeat","background-position":"center center","background-size":"auto","background-attachment":"scroll","background-type":"","background-media":"","overlay-type":"","overlay-color":"","overlay-opacity":"","overlay-gradient":""},"mobile":{"background-color":"var(--ast-global-color-5)","background-image":"","background-repeat":"repeat","background-position":"center center","background-size":"auto","background-attachment":"scroll","background-type":"","background-media":"","overlay-type":"","overlay-color":"","overlay-opacity":"","overlay-gradient":""}}},"product_brand":[],"product_cat":[22,23],"product_tag":[],"class_list":{"0":"post-1464","1":"product","2":"type-product","3":"status-publish","4":"has-post-thumbnail","6":"product_cat-lithium-ion-battery","7":"product_cat-te-series","8":"desktop-align-left","9":"tablet-align-left","10":"mobile-align-left","12":"first","13":"instock","14":"shipping-taxable","15":"product-type-simple"},"yoast_head":"<!-- This site is optimized with the Yoast SEO Premium plugin v20.11 (Yoast SEO v22.7) - https:\/\/yoast.com\/wordpress\/plugins\/seo\/ -->\n<title>Lithium LiFePO4 48V 100Ah Battery with BMS 5.12KWh Lifepo4 Battery - Ge&#039;ou NEW ENERGY<\/title>\n<meta name=\"description\" content=\"Ge&#039;ou New Energy is an integrated energy group that specializes in clean and new energy on lithium ion battery products.\" \/>\n<meta name=\"robots\" content=\"index, follow, max-snippet:-1, max-image-preview:large, max-video-preview:-1\" \/>\n<link rel=\"canonical\" href=\"https:\/\/geoune.net\/pt\/produto\/lithium-lifepo4-48v-100ah-battery-with-bms-5-12kwh-lifepo4-battery\/\" \/>\n<meta property=\"og:locale\" content=\"pt_PT\" \/>\n<meta property=\"og:type\" content=\"article\" \/>\n<meta property=\"og:title\" content=\"Lithium LiFePO4 48V 100Ah Battery with BMS 5.12KWh Lifepo4 Battery\" \/>\n<meta property=\"og:description\" content=\"Ge&#039;ou New Energy is an integrated energy group that specializes in clean and new energy on lithium ion battery products.\" \/>\n<meta property=\"og:url\" content=\"https:\/\/geoune.net\/pt\/produto\/lithium-lifepo4-48v-100ah-battery-with-bms-5-12kwh-lifepo4-battery\/\" \/>\n<meta property=\"og:site_name\" content=\"Ge&#039;ou NEW ENERGY\" \/>\n<meta property=\"article:modified_time\" content=\"2023-06-24T07:56:31+00:00\" \/>\n<meta property=\"og:image\" content=\"https:\/\/geoune.net\/wp-content\/uploads\/2023\/06\/geoune-battery-7.jpg\" \/>\n\t<meta property=\"og:image:width\" content=\"320\" \/>\n\t<meta property=\"og:image:height\" content=\"320\" \/>\n\t<meta property=\"og:image:type\" content=\"image\/jpeg\" \/>\n<meta name=\"twitter:card\" content=\"summary_large_image\" \/>\n<meta name=\"twitter:label1\" content=\"Tempo estimado de leitura\" \/>\n\t<meta name=\"twitter:data1\" content=\"1 minuto\" \/>\n<script type=\"application\/ld+json\" class=\"yoast-schema-graph\">{\"@context\":\"https:\/\/schema.org\",\"@graph\":[{\"@type\":\"WebPage\",\"@id\":\"https:\/\/geoune.net\/product\/lithium-lifepo4-48v-100ah-battery-with-bms-5-12kwh-lifepo4-battery\/\",\"url\":\"https:\/\/geoune.net\/product\/lithium-lifepo4-48v-100ah-battery-with-bms-5-12kwh-lifepo4-battery\/\",\"name\":\"Lithium LiFePO4 48V 100Ah Battery with BMS 5.12KWh Lifepo4 Battery - Ge&#039;ou NEW ENERGY\",\"isPartOf\":{\"@id\":\"https:\/\/geoune.net\/#website\"},\"primaryImageOfPage\":{\"@id\":\"https:\/\/geoune.net\/product\/lithium-lifepo4-48v-100ah-battery-with-bms-5-12kwh-lifepo4-battery\/#primaryimage\"},\"image\":{\"@id\":\"https:\/\/geoune.net\/product\/lithium-lifepo4-48v-100ah-battery-with-bms-5-12kwh-lifepo4-battery\/#primaryimage\"},\"thumbnailUrl\":\"https:\/\/geoune.net\/wp-content\/uploads\/2023\/06\/geoune-battery-7.jpg\",\"datePublished\":\"2023-06-13T14:11:20+00:00\",\"dateModified\":\"2023-06-24T07:56:31+00:00\",\"description\":\"Ge'ou New Energy is an integrated energy group that specializes in clean and new energy on lithium ion battery products.\",\"breadcrumb\":{\"@id\":\"https:\/\/geoune.net\/product\/lithium-lifepo4-48v-100ah-battery-with-bms-5-12kwh-lifepo4-battery\/#breadcrumb\"},\"inLanguage\":\"pt-PT\",\"potentialAction\":[{\"@type\":\"ReadAction\",\"target\":[\"https:\/\/geoune.net\/product\/lithium-lifepo4-48v-100ah-battery-with-bms-5-12kwh-lifepo4-battery\/\"]}]},{\"@type\":\"ImageObject\",\"inLanguage\":\"pt-PT\",\"@id\":\"https:\/\/geoune.net\/product\/lithium-lifepo4-48v-100ah-battery-with-bms-5-12kwh-lifepo4-battery\/#primaryimage\",\"url\":\"https:\/\/geoune.net\/wp-content\/uploads\/2023\/06\/geoune-battery-7.jpg\",\"contentUrl\":\"https:\/\/geoune.net\/wp-content\/uploads\/2023\/06\/geoune-battery-7.jpg\",\"width\":320,\"height\":320,\"caption\":\"solar lithium ion battery 48v\"},{\"@type\":\"BreadcrumbList\",\"@id\":\"https:\/\/geoune.net\/product\/lithium-lifepo4-48v-100ah-battery-with-bms-5-12kwh-lifepo4-battery\/#breadcrumb\",\"itemListElement\":[{\"@type\":\"ListItem\",\"position\":1,\"name\":\"\u9996\u9875\",\"item\":\"https:\/\/geoune.net\/\"},{\"@type\":\"ListItem\",\"position\":2,\"name\":\"Products\",\"item\":\"https:\/\/geoune.net\/shop\/\"},{\"@type\":\"ListItem\",\"position\":3,\"name\":\"Lithium LiFePO4 48V 100Ah Battery with BMS 5.12KWh Lifepo4 Battery\"}]},{\"@type\":\"WebSite\",\"@id\":\"https:\/\/geoune.net\/#website\",\"url\":\"https:\/\/geoune.net\/\",\"name\":\"Ge'ou NEW ENERGY\",\"description\":\"Ge&#039;ou New Energy is an integrated energy group that specializes in clean and new energy on lithium ion battery products.\",\"publisher\":{\"@id\":\"https:\/\/geoune.net\/#organization\"},\"alternateName\":\"OEM Lithium ion Battery Products Manufacturer | Ge'ou New Energy\",\"potentialAction\":[{\"@type\":\"SearchAction\",\"target\":{\"@type\":\"EntryPoint\",\"urlTemplate\":\"https:\/\/geoune.net\/?s={search_term_string}\"},\"query-input\":\"required name=search_term_string\"}],\"inLanguage\":\"pt-PT\"},{\"@type\":\"Organization\",\"@id\":\"https:\/\/geoune.net\/#organization\",\"name\":\"Ge'ou NEW ENERGY\",\"url\":\"https:\/\/geoune.net\/\",\"logo\":{\"@type\":\"ImageObject\",\"inLanguage\":\"pt-PT\",\"@id\":\"https:\/\/geoune.net\/#\/schema\/logo\/image\/\",\"url\":\"https:\/\/geoune.net\/wp-content\/uploads\/2023\/06\/GEOUNE-LOGO.png\",\"contentUrl\":\"https:\/\/geoune.net\/wp-content\/uploads\/2023\/06\/GEOUNE-LOGO.png\",\"width\":500,\"height\":350,\"caption\":\"Ge'ou NEW ENERGY\"},\"image\":{\"@id\":\"https:\/\/geoune.net\/#\/schema\/logo\/image\/\"}}]}<\/script>\n<!-- \/ Yoast SEO Premium plugin. -->","yoast_head_json":{"title":"Lithium LiFePO4 48V 100Ah Battery with BMS 5.12KWh Lifepo4 Battery - Ge&#039;ou NEW ENERGY","description":"Ge'ou New Energy is an integrated energy group that specializes in clean and new energy on lithium ion battery products.","robots":{"index":"index","follow":"follow","max-snippet":"max-snippet:-1","max-image-preview":"max-image-preview:large","max-video-preview":"max-video-preview:-1"},"canonical":"https:\/\/geoune.net\/pt\/produto\/lithium-lifepo4-48v-100ah-battery-with-bms-5-12kwh-lifepo4-battery\/","og_locale":"pt_PT","og_type":"article","og_title":"Lithium LiFePO4 48V 100Ah Battery with BMS 5.12KWh Lifepo4 Battery","og_description":"Ge'ou New Energy is an integrated energy group that specializes in clean and new energy on lithium ion battery products.","og_url":"https:\/\/geoune.net\/pt\/produto\/lithium-lifepo4-48v-100ah-battery-with-bms-5-12kwh-lifepo4-battery\/","og_site_name":"Ge&#039;ou NEW ENERGY","article_modified_time":"2023-06-24T07:56:31+00:00","og_image":[{"width":320,"height":320,"url":"https:\/\/geoune.net\/wp-content\/uploads\/2023\/06\/geoune-battery-7.jpg","type":"image\/jpeg"}],"twitter_card":"summary_large_image","twitter_misc":{"Tempo estimado de leitura":"1 minuto"},"schema":{"@context":"https:\/\/schema.org","@graph":[{"@type":"WebPage","@id":"https:\/\/geoune.net\/product\/lithium-lifepo4-48v-100ah-battery-with-bms-5-12kwh-lifepo4-battery\/","url":"https:\/\/geoune.net\/product\/lithium-lifepo4-48v-100ah-battery-with-bms-5-12kwh-lifepo4-battery\/","name":"Lithium LiFePO4 48V 100Ah Battery with BMS 5.12KWh Lifepo4 Battery - Ge&#039;ou NEW ENERGY","isPartOf":{"@id":"https:\/\/geoune.net\/#website"},"primaryImageOfPage":{"@id":"https:\/\/geoune.net\/product\/lithium-lifepo4-48v-100ah-battery-with-bms-5-12kwh-lifepo4-battery\/#primaryimage"},"image":{"@id":"https:\/\/geoune.net\/product\/lithium-lifepo4-48v-100ah-battery-with-bms-5-12kwh-lifepo4-battery\/#primaryimage"},"thumbnailUrl":"https:\/\/geoune.net\/wp-content\/uploads\/2023\/06\/geoune-battery-7.jpg","datePublished":"2023-06-13T14:11:20+00:00","dateModified":"2023-06-24T07:56:31+00:00","description":"Ge'ou New Energy is an integrated energy group that specializes in clean and new energy on lithium ion battery products.","breadcrumb":{"@id":"https:\/\/geoune.net\/product\/lithium-lifepo4-48v-100ah-battery-with-bms-5-12kwh-lifepo4-battery\/#breadcrumb"},"inLanguage":"pt-PT","potentialAction":[{"@type":"ReadAction","target":["https:\/\/geoune.net\/product\/lithium-lifepo4-48v-100ah-battery-with-bms-5-12kwh-lifepo4-battery\/"]}]},{"@type":"ImageObject","inLanguage":"pt-PT","@id":"https:\/\/geoune.net\/product\/lithium-lifepo4-48v-100ah-battery-with-bms-5-12kwh-lifepo4-battery\/#primaryimage","url":"https:\/\/geoune.net\/wp-content\/uploads\/2023\/06\/geoune-battery-7.jpg","contentUrl":"https:\/\/geoune.net\/wp-content\/uploads\/2023\/06\/geoune-battery-7.jpg","width":320,"height":320,"caption":"solar lithium ion battery 48v"},{"@type":"BreadcrumbList","@id":"https:\/\/geoune.net\/product\/lithium-lifepo4-48v-100ah-battery-with-bms-5-12kwh-lifepo4-battery\/#breadcrumb","itemListElement":[{"@type":"ListItem","position":1,"name":"\u9996\u9875","item":"https:\/\/geoune.net\/"},{"@type":"ListItem","position":2,"name":"Products","item":"https:\/\/geoune.net\/shop\/"},{"@type":"ListItem","position":3,"name":"Lithium LiFePO4 48V 100Ah Battery with BMS 5.12KWh Lifepo4 Battery"}]},{"@type":"WebSite","@id":"https:\/\/geoune.net\/#website","url":"https:\/\/geoune.net\/","name":"Ge'ou NEW ENERGY","description":"Ge&#039;ou New Energy is an integrated energy group that specializes in clean and new energy on lithium ion battery products.","publisher":{"@id":"https:\/\/geoune.net\/#organization"},"alternateName":"OEM Lithium ion Battery Products Manufacturer | Ge'ou New Energy","potentialAction":[{"@type":"SearchAction","target":{"@type":"EntryPoint","urlTemplate":"https:\/\/geoune.net\/?s={search_term_string}"},"query-input":"required name=search_term_string"}],"inLanguage":"pt-PT"},{"@type":"Organization","@id":"https:\/\/geoune.net\/#organization","name":"Ge'ou NEW ENERGY","url":"https:\/\/geoune.net\/","logo":{"@type":"ImageObject","inLanguage":"pt-PT","@id":"https:\/\/geoune.net\/#\/schema\/logo\/image\/","url":"https:\/\/geoune.net\/wp-content\/uploads\/2023\/06\/GEOUNE-LOGO.png","contentUrl":"https:\/\/geoune.net\/wp-content\/uploads\/2023\/06\/GEOUNE-LOGO.png","width":500,"height":350,"caption":"Ge'ou NEW ENERGY"},"image":{"@id":"https:\/\/geoune.net\/#\/schema\/logo\/image\/"}}]}},"_links":{"self":[{"href":"https:\/\/geoune.net\/pt\/wp-json\/wp\/v2\/product\/1464","targetHints":{"allow":["GET"]}}],"collection":[{"href":"https:\/\/geoune.net\/pt\/wp-json\/wp\/v2\/product"}],"about":[{"href":"https:\/\/geoune.net\/pt\/wp-json\/wp\/v2\/types\/product"}],"wp:featuredmedia":[{"embeddable":true,"href":"https:\/\/geoune.net\/pt\/wp-json\/wp\/v2\/media\/1466"}],"wp:attachment":[{"href":"https:\/\/geoune.net\/pt\/wp-json\/wp\/v2\/media?parent=1464"}],"wp:term":[{"taxonomy":"product_brand","embeddable":true,"href":"https:\/\/geoune.net\/pt\/wp-json\/wp\/v2\/product_brand?post=1464"},{"taxonomy":"product_cat","embeddable":true,"href":"https:\/\/geoune.net\/pt\/wp-json\/wp\/v2\/product_cat?post=1464"},{"taxonomy":"product_tag","embeddable":true,"href":"https:\/\/geoune.net\/pt\/wp-json\/wp\/v2\/product_tag?post=1464"}],"curies":[{"name":"wp","href":"https:\/\/api.w.org\/{rel}","templated":true}]}}