{"id":1439,"date":"2023-06-13T09:35:16","date_gmt":"2023-06-13T09:35:16","guid":{"rendered":"https:\/\/geoune.net\/?post_type=product&#038;p=1439"},"modified":"2023-06-24T15:58:23","modified_gmt":"2023-06-24T07:58:23","slug":"powerwall-home-battery-lifepo4-battery-51-2v-200ah","status":"publish","type":"product","link":"https:\/\/geoune.net\/pt\/produto\/powerwall-home-battery-lifepo4-battery-51-2v-200ah\/","title":{"rendered":"Bateria Powerwall Home LiFePO4 51,2V 200AH"},"content":{"rendered":"<p>A interface el\u00e9trica do owerwall fornece uma conex\u00e3o simples para qualquer casa ou edif\u00edcio. Seu design compacto revolucion\u00e1rio alcan\u00e7a densidade de energia l\u00edder de mercado e \u00e9 f\u00e1cil de instalar, permitindo que os propriet\u00e1rios percebam rapidamente os benef\u00edcios de energia limpa e confi\u00e1vel.<\/p>\n<div class=\"sliderTable mt10 mb10 sliderTable-index0 change-to-org\">\n<div class=\"inner\">\n<table width=\"1179\">\n<tbody>\n<tr class=\"firstRow\">\n<td valign=\"top\" width=\"182\">Capacidade utiliz\u00e1vel<\/td>\n<td valign=\"top\" width=\"665\">10,24Kwh<\/td>\n<\/tr>\n<tr>\n<td valign=\"top\" width=\"182\">Profundidade de Descarga<\/td>\n<td valign=\"top\" width=\"665\">95% DoD<\/td>\n<\/tr>\n<tr>\n<td valign=\"top\" width=\"182\">Efici\u00eancia<\/td>\n<td valign=\"top\" width=\"665\">90% Roung-Trip<\/td>\n<\/tr>\n<tr>\n<td valign=\"top\" width=\"182\">Poder<\/td>\n<td valign=\"top\" width=\"665\">15,36 Kw de pico\/5,12 Kw cont\u00ednuo<\/td>\n<\/tr>\n<tr>\n<td valign=\"top\" width=\"182\">Aplicativos suportados<\/td>\n<td valign=\"top\" width=\"665\">Autoconsumo Solar<\/p>\n<p>Deslocamento de carga por tempo de uso<\/p>\n<p>C\u00f3pia de seguran\u00e7a<\/p>\n<p>Fora da grade<\/td>\n<\/tr>\n<tr>\n<td valign=\"top\" width=\"182\">garantia<\/td>\n<td valign=\"top\" width=\"665\">7 anos<\/td>\n<\/tr>\n<tr>\n<td valign=\"top\" width=\"182\">Escal\u00e1vel<\/td>\n<td valign=\"top\" width=\"665\">At\u00e9 15 powerwall<\/td>\n<\/tr>\n<tr>\n<td colspan=\"1\" rowspan=\"1\" valign=\"top\" width=\"182\">Dimens\u00e3o<\/td>\n<td colspan=\"1\" rowspan=\"1\" valign=\"top\" width=\"237\">566*178,61*780mm<\/td>\n<\/tr>\n<tr>\n<td colspan=\"1\" rowspan=\"1\" valign=\"top\" width=\"182\">Peso<\/td>\n<td colspan=\"1\" rowspan=\"1\" valign=\"top\" width=\"237\">211,6 lb\/96 kg<\/td>\n<\/tr>\n<tr>\n<td colspan=\"1\" rowspan=\"1\" valign=\"top\" width=\"182\">Instala\u00e7\u00e3o<\/td>\n<td colspan=\"1\" rowspan=\"1\" valign=\"top\" width=\"237\">Piso ou montado na parede<\/td>\n<\/tr>\n<tr>\n<td valign=\"top\" width=\"182\">Temperatura de opera\u00e7\u00e3o<\/td>\n<td valign=\"top\" width=\"665\">-20 \u2103-60 \u2103<\/td>\n<\/tr>\n<\/tbody>\n<\/table>\n<p><img fetchpriority=\"high\" decoding=\"async\" class=\"aligncenter size-large wp-image-1440\" src=\"https:\/\/geoune.net\/wp-content\/uploads\/2023\/06\/10kwh-power-wall-battery-1024x709.jpg\" alt=\"Powerwall Home Battery LiFePO4 Battery 51.2V 200AH\" width=\"1024\" height=\"709\" srcset=\"https:\/\/geoune.net\/wp-content\/uploads\/2023\/06\/10kwh-power-wall-battery-1024x709.jpg 1024w, https:\/\/geoune.net\/wp-content\/uploads\/2023\/06\/10kwh-power-wall-battery-300x208.jpg 300w, https:\/\/geoune.net\/wp-content\/uploads\/2023\/06\/10kwh-power-wall-battery-768x532.jpg 768w, https:\/\/geoune.net\/wp-content\/uploads\/2023\/06\/10kwh-power-wall-battery-1536x1064.jpg 1536w, https:\/\/geoune.net\/wp-content\/uploads\/2023\/06\/10kwh-power-wall-battery-600x416.jpg 600w, https:\/\/geoune.net\/wp-content\/uploads\/2023\/06\/10kwh-power-wall-battery.jpg 1890w\" sizes=\"(max-width: 1024px) 100vw, 1024px\" \/><\/p>\n<\/div>\n<\/div>","protected":false},"excerpt":{"rendered":"<ul>\n<li>Capacidade nominal: 200Ah Tens\u00e3o nominal: 51,2V<\/li>\n<li>Profundidade de Descarga: 100% DOD Energia: 10,24Kwh<\/li>\n<li>Peso: 96Kg<\/li>\n<\/ul>","protected":false},"featured_media":1441,"template":"","meta":{"site-sidebar-layout":"default","site-content-layout":"default","ast-site-content-layout":"default","site-content-style":"default","site-sidebar-style":"default","ast-global-header-display":"","ast-banner-title-visibility":"","ast-main-header-display":"","ast-hfb-above-header-display":"","ast-hfb-below-header-display":"","ast-hfb-mobile-header-display":"","site-post-title":"","ast-breadcrumbs-content":"","ast-featured-img":"","footer-sml-layout":"","theme-transparent-header-meta":"default","adv-header-id-meta":"","stick-header-meta":"","header-above-stick-meta":"","header-main-stick-meta":"","header-below-stick-meta":"","astra-migrate-meta-layouts":"default","ast-page-background-enabled":"default","ast-page-background-meta":{"desktop":{"background-color":"","background-image":"","background-repeat":"repeat","background-position":"center center","background-size":"auto","background-attachment":"scroll","background-type":"","background-media":"","overlay-type":"","overlay-color":"","overlay-opacity":"","overlay-gradient":""},"tablet":{"background-color":"","background-image":"","background-repeat":"repeat","background-position":"center center","background-size":"auto","background-attachment":"scroll","background-type":"","background-media":"","overlay-type":"","overlay-color":"","overlay-opacity":"","overlay-gradient":""},"mobile":{"background-color":"","background-image":"","background-repeat":"repeat","background-position":"center center","background-size":"auto","background-attachment":"scroll","background-type":"","background-media":"","overlay-type":"","overlay-color":"","overlay-opacity":"","overlay-gradient":""}},"ast-content-background-meta":{"desktop":{"background-color":"var(--ast-global-color-5)","background-image":"","background-repeat":"repeat","background-position":"center center","background-size":"auto","background-attachment":"scroll","background-type":"","background-media":"","overlay-type":"","overlay-color":"","overlay-opacity":"","overlay-gradient":""},"tablet":{"background-color":"var(--ast-global-color-5)","background-image":"","background-repeat":"repeat","background-position":"center center","background-size":"auto","background-attachment":"scroll","background-type":"","background-media":"","overlay-type":"","overlay-color":"","overlay-opacity":"","overlay-gradient":""},"mobile":{"background-color":"var(--ast-global-color-5)","background-image":"","background-repeat":"repeat","background-position":"center center","background-size":"auto","background-attachment":"scroll","background-type":"","background-media":"","overlay-type":"","overlay-color":"","overlay-opacity":"","overlay-gradient":""}}},"product_brand":[],"product_cat":[22,24],"product_tag":[],"class_list":{"0":"post-1439","1":"product","2":"type-product","3":"status-publish","4":"has-post-thumbnail","6":"product_cat-lithium-ion-battery","7":"product_cat-tw-series","8":"desktop-align-left","9":"tablet-align-left","10":"mobile-align-left","12":"first","13":"instock","14":"shipping-taxable","15":"product-type-simple"},"yoast_head":"<!-- This site is optimized with the Yoast SEO Premium plugin v20.11 (Yoast SEO v22.7) - https:\/\/yoast.com\/wordpress\/plugins\/seo\/ -->\n<title>Powerwall Home Battery LiFePO4 Battery 51.2V 200AH - Ge&#039;ou NEW ENERGY<\/title>\n<meta name=\"description\" content=\"Ge&#039;ou New Energy is an integrated energy group that specializes in clean and new energy on lithium ion battery products.\" \/>\n<meta name=\"robots\" content=\"index, follow, max-snippet:-1, max-image-preview:large, max-video-preview:-1\" \/>\n<link rel=\"canonical\" href=\"https:\/\/geoune.net\/pt\/produto\/powerwall-home-battery-lifepo4-battery-51-2v-200ah\/\" \/>\n<meta property=\"og:locale\" content=\"pt_PT\" \/>\n<meta property=\"og:type\" content=\"article\" \/>\n<meta property=\"og:title\" content=\"Powerwall Home Battery LiFePO4 Battery 51.2V 200AH\" \/>\n<meta property=\"og:description\" content=\"Ge&#039;ou New Energy is an integrated energy group that specializes in clean and new energy on lithium ion battery products.\" \/>\n<meta property=\"og:url\" content=\"https:\/\/geoune.net\/pt\/produto\/powerwall-home-battery-lifepo4-battery-51-2v-200ah\/\" \/>\n<meta property=\"og:site_name\" content=\"Ge&#039;ou NEW ENERGY\" \/>\n<meta property=\"article:modified_time\" content=\"2023-06-24T07:58:23+00:00\" \/>\n<meta property=\"og:image\" content=\"https:\/\/geoune.net\/wp-content\/uploads\/2023\/06\/6000.jpg\" \/>\n\t<meta property=\"og:image:width\" content=\"800\" \/>\n\t<meta property=\"og:image:height\" content=\"800\" \/>\n\t<meta property=\"og:image:type\" content=\"image\/jpeg\" \/>\n<meta name=\"twitter:card\" content=\"summary_large_image\" \/>\n<script type=\"application\/ld+json\" class=\"yoast-schema-graph\">{\"@context\":\"https:\/\/schema.org\",\"@graph\":[{\"@type\":\"WebPage\",\"@id\":\"https:\/\/geoune.net\/product\/powerwall-home-battery-lifepo4-battery-51-2v-200ah\/\",\"url\":\"https:\/\/geoune.net\/product\/powerwall-home-battery-lifepo4-battery-51-2v-200ah\/\",\"name\":\"Powerwall Home Battery LiFePO4 Battery 51.2V 200AH - Ge&#039;ou NEW ENERGY\",\"isPartOf\":{\"@id\":\"https:\/\/geoune.net\/#website\"},\"primaryImageOfPage\":{\"@id\":\"https:\/\/geoune.net\/product\/powerwall-home-battery-lifepo4-battery-51-2v-200ah\/#primaryimage\"},\"image\":{\"@id\":\"https:\/\/geoune.net\/product\/powerwall-home-battery-lifepo4-battery-51-2v-200ah\/#primaryimage\"},\"thumbnailUrl\":\"https:\/\/geoune.net\/wp-content\/uploads\/2023\/06\/6000.jpg\",\"datePublished\":\"2023-06-13T09:35:16+00:00\",\"dateModified\":\"2023-06-24T07:58:23+00:00\",\"description\":\"Ge'ou New Energy is an integrated energy group that specializes in clean and new energy on lithium ion battery products.\",\"breadcrumb\":{\"@id\":\"https:\/\/geoune.net\/product\/powerwall-home-battery-lifepo4-battery-51-2v-200ah\/#breadcrumb\"},\"inLanguage\":\"pt-PT\",\"potentialAction\":[{\"@type\":\"ReadAction\",\"target\":[\"https:\/\/geoune.net\/product\/powerwall-home-battery-lifepo4-battery-51-2v-200ah\/\"]}]},{\"@type\":\"ImageObject\",\"inLanguage\":\"pt-PT\",\"@id\":\"https:\/\/geoune.net\/product\/powerwall-home-battery-lifepo4-battery-51-2v-200ah\/#primaryimage\",\"url\":\"https:\/\/geoune.net\/wp-content\/uploads\/2023\/06\/6000.jpg\",\"contentUrl\":\"https:\/\/geoune.net\/wp-content\/uploads\/2023\/06\/6000.jpg\",\"width\":800,\"height\":800},{\"@type\":\"BreadcrumbList\",\"@id\":\"https:\/\/geoune.net\/product\/powerwall-home-battery-lifepo4-battery-51-2v-200ah\/#breadcrumb\",\"itemListElement\":[{\"@type\":\"ListItem\",\"position\":1,\"name\":\"\u9996\u9875\",\"item\":\"https:\/\/geoune.net\/\"},{\"@type\":\"ListItem\",\"position\":2,\"name\":\"Products\",\"item\":\"https:\/\/geoune.net\/shop\/\"},{\"@type\":\"ListItem\",\"position\":3,\"name\":\"Powerwall Home Battery LiFePO4 Battery 51.2V 200AH\"}]},{\"@type\":\"WebSite\",\"@id\":\"https:\/\/geoune.net\/#website\",\"url\":\"https:\/\/geoune.net\/\",\"name\":\"Ge'ou NEW ENERGY\",\"description\":\"Ge&#039;ou New Energy is an integrated energy group that specializes in clean and new energy on lithium ion battery products.\",\"publisher\":{\"@id\":\"https:\/\/geoune.net\/#organization\"},\"alternateName\":\"OEM Lithium ion Battery Products Manufacturer | Ge'ou New Energy\",\"potentialAction\":[{\"@type\":\"SearchAction\",\"target\":{\"@type\":\"EntryPoint\",\"urlTemplate\":\"https:\/\/geoune.net\/?s={search_term_string}\"},\"query-input\":\"required name=search_term_string\"}],\"inLanguage\":\"pt-PT\"},{\"@type\":\"Organization\",\"@id\":\"https:\/\/geoune.net\/#organization\",\"name\":\"Ge'ou NEW ENERGY\",\"url\":\"https:\/\/geoune.net\/\",\"logo\":{\"@type\":\"ImageObject\",\"inLanguage\":\"pt-PT\",\"@id\":\"https:\/\/geoune.net\/#\/schema\/logo\/image\/\",\"url\":\"https:\/\/geoune.net\/wp-content\/uploads\/2023\/06\/GEOUNE-LOGO.png\",\"contentUrl\":\"https:\/\/geoune.net\/wp-content\/uploads\/2023\/06\/GEOUNE-LOGO.png\",\"width\":500,\"height\":350,\"caption\":\"Ge'ou NEW ENERGY\"},\"image\":{\"@id\":\"https:\/\/geoune.net\/#\/schema\/logo\/image\/\"}}]}<\/script>\n<!-- \/ Yoast SEO Premium plugin. -->","yoast_head_json":{"title":"Powerwall Home Battery LiFePO4 Battery 51.2V 200AH - Ge&#039;ou NEW ENERGY","description":"Ge'ou New Energy is an integrated energy group that specializes in clean and new energy on lithium ion battery products.","robots":{"index":"index","follow":"follow","max-snippet":"max-snippet:-1","max-image-preview":"max-image-preview:large","max-video-preview":"max-video-preview:-1"},"canonical":"https:\/\/geoune.net\/pt\/produto\/powerwall-home-battery-lifepo4-battery-51-2v-200ah\/","og_locale":"pt_PT","og_type":"article","og_title":"Powerwall Home Battery LiFePO4 Battery 51.2V 200AH","og_description":"Ge'ou New Energy is an integrated energy group that specializes in clean and new energy on lithium ion battery products.","og_url":"https:\/\/geoune.net\/pt\/produto\/powerwall-home-battery-lifepo4-battery-51-2v-200ah\/","og_site_name":"Ge&#039;ou NEW ENERGY","article_modified_time":"2023-06-24T07:58:23+00:00","og_image":[{"width":800,"height":800,"url":"https:\/\/geoune.net\/wp-content\/uploads\/2023\/06\/6000.jpg","type":"image\/jpeg"}],"twitter_card":"summary_large_image","schema":{"@context":"https:\/\/schema.org","@graph":[{"@type":"WebPage","@id":"https:\/\/geoune.net\/product\/powerwall-home-battery-lifepo4-battery-51-2v-200ah\/","url":"https:\/\/geoune.net\/product\/powerwall-home-battery-lifepo4-battery-51-2v-200ah\/","name":"Powerwall Home Battery LiFePO4 Battery 51.2V 200AH - Ge&#039;ou NEW ENERGY","isPartOf":{"@id":"https:\/\/geoune.net\/#website"},"primaryImageOfPage":{"@id":"https:\/\/geoune.net\/product\/powerwall-home-battery-lifepo4-battery-51-2v-200ah\/#primaryimage"},"image":{"@id":"https:\/\/geoune.net\/product\/powerwall-home-battery-lifepo4-battery-51-2v-200ah\/#primaryimage"},"thumbnailUrl":"https:\/\/geoune.net\/wp-content\/uploads\/2023\/06\/6000.jpg","datePublished":"2023-06-13T09:35:16+00:00","dateModified":"2023-06-24T07:58:23+00:00","description":"Ge'ou New Energy is an integrated energy group that specializes in clean and new energy on lithium ion battery products.","breadcrumb":{"@id":"https:\/\/geoune.net\/product\/powerwall-home-battery-lifepo4-battery-51-2v-200ah\/#breadcrumb"},"inLanguage":"pt-PT","potentialAction":[{"@type":"ReadAction","target":["https:\/\/geoune.net\/product\/powerwall-home-battery-lifepo4-battery-51-2v-200ah\/"]}]},{"@type":"ImageObject","inLanguage":"pt-PT","@id":"https:\/\/geoune.net\/product\/powerwall-home-battery-lifepo4-battery-51-2v-200ah\/#primaryimage","url":"https:\/\/geoune.net\/wp-content\/uploads\/2023\/06\/6000.jpg","contentUrl":"https:\/\/geoune.net\/wp-content\/uploads\/2023\/06\/6000.jpg","width":800,"height":800},{"@type":"BreadcrumbList","@id":"https:\/\/geoune.net\/product\/powerwall-home-battery-lifepo4-battery-51-2v-200ah\/#breadcrumb","itemListElement":[{"@type":"ListItem","position":1,"name":"\u9996\u9875","item":"https:\/\/geoune.net\/"},{"@type":"ListItem","position":2,"name":"Products","item":"https:\/\/geoune.net\/shop\/"},{"@type":"ListItem","position":3,"name":"Powerwall Home Battery LiFePO4 Battery 51.2V 200AH"}]},{"@type":"WebSite","@id":"https:\/\/geoune.net\/#website","url":"https:\/\/geoune.net\/","name":"Ge'ou NEW ENERGY","description":"Ge&#039;ou New Energy is an integrated energy group that specializes in clean and new energy on lithium ion battery products.","publisher":{"@id":"https:\/\/geoune.net\/#organization"},"alternateName":"OEM Lithium ion Battery Products Manufacturer | Ge'ou New Energy","potentialAction":[{"@type":"SearchAction","target":{"@type":"EntryPoint","urlTemplate":"https:\/\/geoune.net\/?s={search_term_string}"},"query-input":"required name=search_term_string"}],"inLanguage":"pt-PT"},{"@type":"Organization","@id":"https:\/\/geoune.net\/#organization","name":"Ge'ou NEW ENERGY","url":"https:\/\/geoune.net\/","logo":{"@type":"ImageObject","inLanguage":"pt-PT","@id":"https:\/\/geoune.net\/#\/schema\/logo\/image\/","url":"https:\/\/geoune.net\/wp-content\/uploads\/2023\/06\/GEOUNE-LOGO.png","contentUrl":"https:\/\/geoune.net\/wp-content\/uploads\/2023\/06\/GEOUNE-LOGO.png","width":500,"height":350,"caption":"Ge'ou NEW ENERGY"},"image":{"@id":"https:\/\/geoune.net\/#\/schema\/logo\/image\/"}}]}},"_links":{"self":[{"href":"https:\/\/geoune.net\/pt\/wp-json\/wp\/v2\/product\/1439","targetHints":{"allow":["GET"]}}],"collection":[{"href":"https:\/\/geoune.net\/pt\/wp-json\/wp\/v2\/product"}],"about":[{"href":"https:\/\/geoune.net\/pt\/wp-json\/wp\/v2\/types\/product"}],"wp:featuredmedia":[{"embeddable":true,"href":"https:\/\/geoune.net\/pt\/wp-json\/wp\/v2\/media\/1441"}],"wp:attachment":[{"href":"https:\/\/geoune.net\/pt\/wp-json\/wp\/v2\/media?parent=1439"}],"wp:term":[{"taxonomy":"product_brand","embeddable":true,"href":"https:\/\/geoune.net\/pt\/wp-json\/wp\/v2\/product_brand?post=1439"},{"taxonomy":"product_cat","embeddable":true,"href":"https:\/\/geoune.net\/pt\/wp-json\/wp\/v2\/product_cat?post=1439"},{"taxonomy":"product_tag","embeddable":true,"href":"https:\/\/geoune.net\/pt\/wp-json\/wp\/v2\/product_tag?post=1439"}],"curies":[{"name":"wp","href":"https:\/\/api.w.org\/{rel}","templated":true}]}}