{"id":1858,"date":"2023-06-27T17:08:34","date_gmt":"2023-06-27T09:08:34","guid":{"rendered":"https:\/\/geoune.net\/certification-copy\/"},"modified":"2023-06-27T17:51:08","modified_gmt":"2023-06-27T09:51:08","slug":"limited-warranty","status":"publish","type":"page","link":"https:\/\/geoune.net\/pt\/limited-warranty\/","title":{"rendered":"Garantia limitada"},"content":{"rendered":"<div data-elementor-type=\"wp-page\" data-elementor-id=\"1858\" class=\"elementor elementor-1858\" data-elementor-post-type=\"page\">\n\t\t\t\t\t\t<section class=\"elementor-section elementor-top-section elementor-element elementor-element-11cfd6b elementor-section-full_width elementor-section-height-min-height elementor-section-height-default elementor-section-items-middle\" data-id=\"11cfd6b\" data-element_type=\"section\" data-settings=\"{&quot;background_background&quot;:&quot;classic&quot;}\">\n\t\t\t\t\t\t<div class=\"elementor-container elementor-column-gap-default\">\n\t\t\t\t\t<div class=\"elementor-column elementor-col-100 elementor-top-column elementor-element elementor-element-74e626b\" data-id=\"74e626b\" data-element_type=\"column\">\n\t\t\t<div class=\"elementor-widget-wrap\">\n\t\t\t\t\t\t\t<\/div>\n\t\t<\/div>\n\t\t\t\t\t<\/div>\n\t\t<\/section>\n\t\t\t\t<section class=\"elementor-section elementor-top-section elementor-element elementor-element-4dd984b elementor-section-boxed elementor-section-height-default elementor-section-height-default\" data-id=\"4dd984b\" data-element_type=\"section\">\n\t\t\t\t\t\t<div class=\"elementor-container elementor-column-gap-default\">\n\t\t\t\t\t<div class=\"elementor-column elementor-col-100 elementor-top-column elementor-element elementor-element-4289402\" data-id=\"4289402\" data-element_type=\"column\">\n\t\t\t<div class=\"elementor-widget-wrap elementor-element-populated\">\n\t\t\t\t\t\t<div class=\"elementor-element elementor-element-a5125a1 elementor-widget elementor-widget-heading\" data-id=\"a5125a1\" data-element_type=\"widget\" data-widget_type=\"heading.default\">\n\t\t\t\t<div class=\"elementor-widget-container\">\n\t\t\t\t\t<h2 class=\"elementor-heading-title elementor-size-default\">Garantia limitada<\/h2>\t\t\t\t<\/div>\n\t\t\t\t<\/div>\n\t\t\t\t<div class=\"elementor-element elementor-element-5817d69 elementor-widget__width-initial elementor-widget elementor-widget-text-editor\" data-id=\"5817d69\" data-element_type=\"widget\" data-widget_type=\"text-editor.default\">\n\t\t\t\t<div class=\"elementor-widget-container\">\n\t\t\t\t\t\t\t\t\t<p>Esta Garantia Limitada aplica-se \u00e0s baterias de l\u00edtio, incluindo as baterias LiFepo4 e NCM (\u201cproduto\u201d) fornecidas pela Ge&#039;ou.<\/p><p><strong><b>I O que esta Garantia Limitada\u00a0<\/b><\/strong><strong><b>c<\/b><\/strong><strong><b>sobre?<\/b><\/strong><\/p><p>Esta Garantia Limitada cobre qualquer defeito de material e m\u00e3o-de-obra em uso normal durante o Per\u00edodo de Garantia. Esta Garantia Limitada \u00e9 para o comprador original dos produtos e n\u00e3o \u00e9 transfer\u00edvel para qualquer outra pessoa ou entidade.<br \/>Dentro do per\u00edodo de garantia, a Ge&#039;ou consertar\u00e1 ou substituir\u00e1 os produtos ou pe\u00e7as do produto que forem considerados defeituosos em material ou m\u00e3o de obra sob uso e manuten\u00e7\u00e3o normais.<\/p><p><strong><b>II o que\u00a0<\/b><\/strong><strong><b>N\u00f3s vamos<\/b><\/strong><strong><b>\u00a0fazer para corrigir problemas?<br \/><\/b><\/strong>A Ge&#039;ou consertar\u00e1 ou substituir\u00e1 o Produto ou partes do produto sem nenhum custo, usando novos produtos ou pe\u00e7as.<\/p><p><strong><b>III Per\u00edodo de Garantia<br \/><\/b><\/strong>Ge&#039;ou fornece TR\u00caS n\u00edveis de Per\u00edodos de Garantia para dar mais suporte para aumentar a competitividade dos clientes no desenvolvimento do mercado.<\/p><table><tbody><tr><td width=\"196\"><strong><b>Tipo de Produto<\/b><\/strong><\/td><td width=\"276\"><strong><b>Per\u00edodo de garantia padr\u00e3o (anos)<\/b><\/strong><\/td><td width=\"171\"><strong><b>Per\u00edodo de garantia estendida (anos)<\/b><\/strong><\/td><td width=\"183\"><strong><b>Per\u00edodo de garantia super longo (anos)<\/b><\/strong><\/td><\/tr><tr><td>Bateria de armazenamento de energia<\/td><td>3<\/td><td>5<\/td><td>10<\/td><\/tr><tr><td>Bateria de tra\u00e7\u00e3o el\u00e9trica<\/td><td>2<\/td><td>3<\/td><td>5<\/td><\/tr><tr><td>Bateria NCM<\/td><td>1<\/td><td>2<\/td><td>3<\/td><\/tr><tr><td>Bateria Pre\u00e7o Especial<\/td><td>1<\/td><td>2<\/td><td>3<\/td><\/tr><\/tbody><\/table><p><strong><b>IV Pol\u00edtica de Garantia Adicional<br \/><\/b><\/strong>Ap\u00f3s o Per\u00edodo de Garantia, por qualquer falha, se o Produto for razoavelmente repar\u00e1vel conforme determinado por n\u00f3s, ele ser\u00e1 consertado com o custo b\u00e1sico do material e devolvido a voc\u00ea, com frete por sua conta. Se n\u00e3o for considerado repar\u00e1vel pela Ge&#039;ou, a Ge&#039;ou oferecer\u00e1 a voc\u00ea uma nova bateria de substitui\u00e7\u00e3o semelhante com um desconto de 10% do pre\u00e7o concorrente listado na lista de pre\u00e7os mais recente da Ge&#039;ou. A oferta de substitui\u00e7\u00e3o ser\u00e1 v\u00e1lida apenas por 30 dias.<\/p><p><strong><b>V O que esta Garantia Limitada n\u00e3o cobre?<br \/><\/b><\/strong>Cada um dos produtos possui um sistema de gerenciamento de bateria (BMS) integrado projetado para cortar a energia para evitar danos \u00e0s c\u00e9lulas ou componentes eletr\u00f4nicos se detectar qualquer uma das seguintes condi\u00e7\u00f5es: Sobrecarga ou descarga excessiva, sobretens\u00e3o, subtens\u00e3o -tens\u00e3o, sobrecorrente durante o carregamento ou descarregamento e sob ou sobre temperatura. O usu\u00e1rio \u00e9 respons\u00e1vel por gerenciar o uso da bateria para que o sistema de prote\u00e7\u00e3o BMS n\u00e3o opere como um regulador controlado pelas fun\u00e7\u00f5es de prote\u00e7\u00e3o mencionadas acima. Danos causados por ciclos repetitivos de prote\u00e7\u00e3o do BMS s\u00e3o considerados abuso e n\u00e3o s\u00e3o cobertos.<\/p><p>Esta Garantia Limitada n\u00e3o cobre falha de Produtos relacionada a danos causados por abuso ou neglig\u00eancia, adultera\u00e7\u00e3o, n\u00e3o ades\u00e3o \u00e0s diretrizes Ge&#039;ou ou de qualquer um dos seguintes: Danos de transporte, Parafusos terminais soltos, Ferragens corro\u00eddas, Falha na instala\u00e7\u00e3o adequada e conectar a bateria, Falha ao carregar e manter a bateria adequadamente, Quebra ou danos causados por colis\u00e3o, inc\u00eandio, congelamento, danos causados por calor ou frio extremo, armazenamento inadequado, conex\u00e3o de polaridade invertida, curto-circuito dos terminais da bateria ou danos causados pela \u00e1gua.<\/p><p>Esta Garantia Limitada n\u00e3o cobre reparo, manuten\u00e7\u00e3o e ajuste do Produto necess\u00e1rios por motivos de neglig\u00eancia, uso indevido, acidente, modifica\u00e7\u00e3o sem a aprova\u00e7\u00e3o pr\u00e9via por escrito da Ge&#039;ou, ambiente impr\u00f3prio (incluindo falta de temperatura ou umidade adequada), f\u00edsica ou el\u00e9trica incomum estresse ou interfer\u00eancia, falha de raio, inc\u00eandio ou atos de Deus.<\/p><p>Esta Garantia Limitada n\u00e3o cobre baterias gastas. \u00c9 poss\u00edvel esgotar a vida \u00fatil da bateria antes do final do per\u00edodo de garantia usando a bateria LiFePo4 por 2 ciclos por dia ou bateria NCM por 1,5 ciclos por dia. Uma bateria gasta ter\u00e1 menos de 60% de capacidade restante.<\/p><p>Esta Garantia Limitada n\u00e3o cobre o custo de envio de e para Ge&#039;ou, a menos que Ge&#039;ou seja contatado dentro de 60 dias ap\u00f3s o Comprador receber o Produto.<\/p><p>Esta Garantia Limitada n\u00e3o cobre o custo de envio de e para Ge&#039;ou durante os primeiros 60 dias para qualquer endere\u00e7o fora dos Estados. Ge&#039;ou primeiro entrega o Produto de acordo com o pedido do Comprador.<\/p><p>Esta Garantia Limitada n\u00e3o cobre os Produtos vendidos pela Ge&#039;ou ou qualquer distribuidor ou revendedor autorizado a um Fabricante de Equipamento Original (OEM). Entre em contato diretamente com o OEM para reclama\u00e7\u00f5es de garantia.<\/p><p><strong><b>Isen\u00e7\u00e3o de garantia VI<br \/><\/b><\/strong>A Ge&#039;ou n\u00e3o faz representa\u00e7\u00f5es ou garantias em rela\u00e7\u00e3o ao Produto al\u00e9m daquelas expressamente declaradas nesta Garantia Limitada. As Garantias Limitadas anteriores s\u00e3o exclusivas e substituem todas as outras garantias expressas e impl\u00edcitas. Ge&#039;ou rejeita especificamente quaisquer garantias impl\u00edcitas de comercializa\u00e7\u00e3o ou adequa\u00e7\u00e3o a uma finalidade espec\u00edfica. Na medida m\u00e1xima em que os danos podem ser negados por lei, a Ge&#039;ou n\u00e3o ser\u00e1 respons\u00e1vel, seja por contrato ou ato il\u00edcito (incluindo neglig\u00eancia e responsabilidade estrita), por quaisquer danos que excedam o pre\u00e7o de compra do Produto ou por quaisquer danos indiretos, incidentais, danos especiais ou consequentes de qualquer tipo, ou qualquer perda de receita, lucros, neg\u00f3cios, informa\u00e7\u00f5es, dados ou qualquer outra perda financeira decorrente ou relacionada \u00e0 incapacidade do usu\u00e1rio de usar o Produto.<\/p><p><strong><b>VII Direitos Legais<\/b><\/strong><br \/>Alguns pa\u00edses e\/ou estados n\u00e3o permitem limita\u00e7\u00f5es quanto \u00e0 dura\u00e7\u00e3o de uma garantia impl\u00edcita ou a exclus\u00e3o ou limita\u00e7\u00e3o de danos incidentais ou consequentes, portanto, as limita\u00e7\u00f5es acima podem n\u00e3o se aplicar a voc\u00ea. Esta garantia lhe d\u00e1 direitos legais espec\u00edficos, que podem variar de pa\u00eds para pa\u00eds e\/ou de estado para estado. Esta garantia ser\u00e1 regida e interpretada de acordo com as leis da China. Esta garantia \u00e9 entendida como o acordo exclusivo entre as partes relativo ao assunto aqui tratado. Nenhum funcion\u00e1rio ou representante da Ge&#039;ou est\u00e1 autorizado a dar qualquer garantia al\u00e9m daquelas feitas neste contrato.<\/p><p>Se voc\u00ea tiver alguma d\u00favida sobre a garantia Ge&#039;ou, sinta-se \u00e0 vontade para entrar em contato com a Ge&#039;ou por:<\/p><p>E-mail: Jennifer@geoune.com<\/p><p>Telefone: +86-188-1699-2690<\/p>\t\t\t\t\t\t\t\t<\/div>\n\t\t\t\t<\/div>\n\t\t\t\t\t<\/div>\n\t\t<\/div>\n\t\t\t\t\t<\/div>\n\t\t<\/section>\n\t\t\t\t<\/div>","protected":false},"excerpt":{"rendered":"<p>Limited Warranty This Limited Warranty applies to the lithium batteries, including both LiFepo4 and NCM batteries (\u201cproduct\u201d) provided by Ge&#8217;ou. I What does this Limited Warranty\u00a0cover? This Limited Warranty covers any defect in material and workmanship under normal use during the Warranty Period. This Limited Warranty is to the original purchaser of the products and [&hellip;]<\/p>","protected":false},"author":1,"featured_media":0,"parent":0,"menu_order":0,"comment_status":"closed","ping_status":"closed","template":"","meta":{"site-sidebar-layout":"no-sidebar","site-content-layout":"page-builder","ast-site-content-layout":"default","site-content-style":"default","site-sidebar-style":"default","ast-global-header-display":"","ast-banner-title-visibility":"","ast-main-header-display":"","ast-hfb-above-header-display":"","ast-hfb-below-header-display":"","ast-hfb-mobile-header-display":"","site-post-title":"disabled","ast-breadcrumbs-content":"","ast-featured-img":"disabled","footer-sml-layout":"","theme-transparent-header-meta":"","adv-header-id-meta":"","stick-header-meta":"","header-above-stick-meta":"","header-main-stick-meta":"","header-below-stick-meta":"","astra-migrate-meta-layouts":"default","ast-page-background-enabled":"default","ast-page-background-meta":{"desktop":{"background-color":"","background-image":"","background-repeat":"repeat","background-position":"center center","background-size":"auto","background-attachment":"scroll","background-type":"","background-media":"","overlay-type":"","overlay-color":"","overlay-opacity":"","overlay-gradient":""},"tablet":{"background-color":"","background-image":"","background-repeat":"repeat","background-position":"center center","background-size":"auto","background-attachment":"scroll","background-type":"","background-media":"","overlay-type":"","overlay-color":"","overlay-opacity":"","overlay-gradient":""},"mobile":{"background-color":"","background-image":"","background-repeat":"repeat","background-position":"center center","background-size":"auto","background-attachment":"scroll","background-type":"","background-media":"","overlay-type":"","overlay-color":"","overlay-opacity":"","overlay-gradient":""}},"ast-content-background-meta":{"desktop":{"background-color":"var(--ast-global-color-5)","background-image":"","background-repeat":"repeat","background-position":"center center","background-size":"auto","background-attachment":"scroll","background-type":"","background-media":"","overlay-type":"","overlay-color":"","overlay-opacity":"","overlay-gradient":""},"tablet":{"background-color":"var(--ast-global-color-5)","background-image":"","background-repeat":"repeat","background-position":"center center","background-size":"auto","background-attachment":"scroll","background-type":"","background-media":"","overlay-type":"","overlay-color":"","overlay-opacity":"","overlay-gradient":""},"mobile":{"background-color":"var(--ast-global-color-5)","background-image":"","background-repeat":"repeat","background-position":"center center","background-size":"auto","background-attachment":"scroll","background-type":"","background-media":"","overlay-type":"","overlay-color":"","overlay-opacity":"","overlay-gradient":""}},"footnotes":""},"class_list":["post-1858","page","type-page","status-publish","hentry"],"yoast_head":"<!-- This site is optimized with the Yoast SEO Premium plugin v20.11 (Yoast SEO v22.7) - https:\/\/yoast.com\/wordpress\/plugins\/seo\/ -->\n<title>Limited Warranty - Ge&#039;ou NEW ENERGY<\/title>\n<meta name=\"description\" content=\"Ge&#039;ou New Energy is an integrated energy group that specializes in clean and new energy on lithium ion battery products.\" \/>\n<meta name=\"robots\" content=\"index, follow, max-snippet:-1, max-image-preview:large, max-video-preview:-1\" \/>\n<link rel=\"canonical\" href=\"https:\/\/geoune.net\/pt\/limited-warranty\/\" \/>\n<meta property=\"og:locale\" content=\"pt_PT\" \/>\n<meta property=\"og:type\" content=\"article\" \/>\n<meta property=\"og:title\" content=\"Limited Warranty\" \/>\n<meta property=\"og:description\" content=\"Ge&#039;ou New Energy is an integrated energy group that specializes in clean and new energy on lithium ion battery products.\" \/>\n<meta property=\"og:url\" content=\"https:\/\/geoune.net\/pt\/limited-warranty\/\" \/>\n<meta property=\"og:site_name\" content=\"Ge&#039;ou NEW ENERGY\" \/>\n<meta property=\"article:modified_time\" content=\"2023-06-27T09:51:08+00:00\" \/>\n<meta name=\"twitter:card\" content=\"summary_large_image\" \/>\n<meta name=\"twitter:label1\" content=\"Tempo estimado de leitura\" \/>\n\t<meta name=\"twitter:data1\" content=\"4 minutos\" \/>\n<script type=\"application\/ld+json\" class=\"yoast-schema-graph\">{\"@context\":\"https:\/\/schema.org\",\"@graph\":[{\"@type\":\"WebPage\",\"@id\":\"https:\/\/geoune.net\/limited-warranty\/\",\"url\":\"https:\/\/geoune.net\/limited-warranty\/\",\"name\":\"Limited Warranty - Ge&#039;ou NEW ENERGY\",\"isPartOf\":{\"@id\":\"https:\/\/geoune.net\/#website\"},\"datePublished\":\"2023-06-27T09:08:34+00:00\",\"dateModified\":\"2023-06-27T09:51:08+00:00\",\"description\":\"Ge'ou New Energy is an integrated energy group that specializes in clean and new energy on lithium ion battery products.\",\"breadcrumb\":{\"@id\":\"https:\/\/geoune.net\/limited-warranty\/#breadcrumb\"},\"inLanguage\":\"pt-PT\",\"potentialAction\":[{\"@type\":\"ReadAction\",\"target\":[\"https:\/\/geoune.net\/limited-warranty\/\"]}]},{\"@type\":\"BreadcrumbList\",\"@id\":\"https:\/\/geoune.net\/limited-warranty\/#breadcrumb\",\"itemListElement\":[{\"@type\":\"ListItem\",\"position\":1,\"name\":\"\u9996\u9875\",\"item\":\"https:\/\/geoune.net\/\"},{\"@type\":\"ListItem\",\"position\":2,\"name\":\"Limited Warranty\"}]},{\"@type\":\"WebSite\",\"@id\":\"https:\/\/geoune.net\/#website\",\"url\":\"https:\/\/geoune.net\/\",\"name\":\"Ge'ou NEW ENERGY\",\"description\":\"Ge&#039;ou New Energy is an integrated energy group that specializes in clean and new energy on lithium ion battery products.\",\"publisher\":{\"@id\":\"https:\/\/geoune.net\/#organization\"},\"alternateName\":\"OEM Lithium ion Battery Products Manufacturer | Ge'ou New Energy\",\"potentialAction\":[{\"@type\":\"SearchAction\",\"target\":{\"@type\":\"EntryPoint\",\"urlTemplate\":\"https:\/\/geoune.net\/?s={search_term_string}\"},\"query-input\":\"required name=search_term_string\"}],\"inLanguage\":\"pt-PT\"},{\"@type\":\"Organization\",\"@id\":\"https:\/\/geoune.net\/#organization\",\"name\":\"Ge'ou NEW ENERGY\",\"url\":\"https:\/\/geoune.net\/\",\"logo\":{\"@type\":\"ImageObject\",\"inLanguage\":\"pt-PT\",\"@id\":\"https:\/\/geoune.net\/#\/schema\/logo\/image\/\",\"url\":\"https:\/\/geoune.net\/wp-content\/uploads\/2023\/06\/GEOUNE-LOGO.png\",\"contentUrl\":\"https:\/\/geoune.net\/wp-content\/uploads\/2023\/06\/GEOUNE-LOGO.png\",\"width\":500,\"height\":350,\"caption\":\"Ge'ou NEW ENERGY\"},\"image\":{\"@id\":\"https:\/\/geoune.net\/#\/schema\/logo\/image\/\"}}]}<\/script>\n<!-- \/ Yoast SEO Premium plugin. -->","yoast_head_json":{"title":"Limited Warranty - Ge&#039;ou NEW ENERGY","description":"Ge'ou New Energy is an integrated energy group that specializes in clean and new energy on lithium ion battery products.","robots":{"index":"index","follow":"follow","max-snippet":"max-snippet:-1","max-image-preview":"max-image-preview:large","max-video-preview":"max-video-preview:-1"},"canonical":"https:\/\/geoune.net\/pt\/limited-warranty\/","og_locale":"pt_PT","og_type":"article","og_title":"Limited Warranty","og_description":"Ge'ou New Energy is an integrated energy group that specializes in clean and new energy on lithium ion battery products.","og_url":"https:\/\/geoune.net\/pt\/limited-warranty\/","og_site_name":"Ge&#039;ou NEW ENERGY","article_modified_time":"2023-06-27T09:51:08+00:00","twitter_card":"summary_large_image","twitter_misc":{"Tempo estimado de leitura":"4 minutos"},"schema":{"@context":"https:\/\/schema.org","@graph":[{"@type":"WebPage","@id":"https:\/\/geoune.net\/limited-warranty\/","url":"https:\/\/geoune.net\/limited-warranty\/","name":"Limited Warranty - Ge&#039;ou NEW ENERGY","isPartOf":{"@id":"https:\/\/geoune.net\/#website"},"datePublished":"2023-06-27T09:08:34+00:00","dateModified":"2023-06-27T09:51:08+00:00","description":"Ge'ou New Energy is an integrated energy group that specializes in clean and new energy on lithium ion battery products.","breadcrumb":{"@id":"https:\/\/geoune.net\/limited-warranty\/#breadcrumb"},"inLanguage":"pt-PT","potentialAction":[{"@type":"ReadAction","target":["https:\/\/geoune.net\/limited-warranty\/"]}]},{"@type":"BreadcrumbList","@id":"https:\/\/geoune.net\/limited-warranty\/#breadcrumb","itemListElement":[{"@type":"ListItem","position":1,"name":"\u9996\u9875","item":"https:\/\/geoune.net\/"},{"@type":"ListItem","position":2,"name":"Limited Warranty"}]},{"@type":"WebSite","@id":"https:\/\/geoune.net\/#website","url":"https:\/\/geoune.net\/","name":"Ge'ou NEW ENERGY","description":"Ge&#039;ou New Energy is an integrated energy group that specializes in clean and new energy on lithium ion battery products.","publisher":{"@id":"https:\/\/geoune.net\/#organization"},"alternateName":"OEM Lithium ion Battery Products Manufacturer | Ge'ou New Energy","potentialAction":[{"@type":"SearchAction","target":{"@type":"EntryPoint","urlTemplate":"https:\/\/geoune.net\/?s={search_term_string}"},"query-input":"required name=search_term_string"}],"inLanguage":"pt-PT"},{"@type":"Organization","@id":"https:\/\/geoune.net\/#organization","name":"Ge'ou NEW ENERGY","url":"https:\/\/geoune.net\/","logo":{"@type":"ImageObject","inLanguage":"pt-PT","@id":"https:\/\/geoune.net\/#\/schema\/logo\/image\/","url":"https:\/\/geoune.net\/wp-content\/uploads\/2023\/06\/GEOUNE-LOGO.png","contentUrl":"https:\/\/geoune.net\/wp-content\/uploads\/2023\/06\/GEOUNE-LOGO.png","width":500,"height":350,"caption":"Ge'ou NEW ENERGY"},"image":{"@id":"https:\/\/geoune.net\/#\/schema\/logo\/image\/"}}]}},"_links":{"self":[{"href":"https:\/\/geoune.net\/pt\/wp-json\/wp\/v2\/pages\/1858","targetHints":{"allow":["GET"]}}],"collection":[{"href":"https:\/\/geoune.net\/pt\/wp-json\/wp\/v2\/pages"}],"about":[{"href":"https:\/\/geoune.net\/pt\/wp-json\/wp\/v2\/types\/page"}],"author":[{"embeddable":true,"href":"https:\/\/geoune.net\/pt\/wp-json\/wp\/v2\/users\/1"}],"replies":[{"embeddable":true,"href":"https:\/\/geoune.net\/pt\/wp-json\/wp\/v2\/comments?post=1858"}],"version-history":[{"count":0,"href":"https:\/\/geoune.net\/pt\/wp-json\/wp\/v2\/pages\/1858\/revisions"}],"wp:attachment":[{"href":"https:\/\/geoune.net\/pt\/wp-json\/wp\/v2\/media?parent=1858"}],"curies":[{"name":"wp","href":"https:\/\/api.w.org\/{rel}","templated":true}]}}