{"id":1442,"date":"2023-06-13T09:38:28","date_gmt":"2023-06-13T09:38:28","guid":{"rendered":"https:\/\/geoune.net\/?post_type=product&#038;p=1442"},"modified":"2023-06-15T15:26:54","modified_gmt":"2023-06-15T15:26:54","slug":"10kwh-lifepo4-lithium-200ah-48v-inverter-replace-solar-energy-system-bank-back-ups-pack-powerwall-tesla-home-power-battery","status":"publish","type":"product","link":"https:\/\/geoune.net\/fr\/produit\/10kwh-lifepo4-lithium-200ah-48v-inverter-replace-solar-energy-system-bank-back-ups-pack-powerwall-tesla-home-power-battery\/","title":{"rendered":"L&#039;onduleur 10kWh Lifepo4 Lithium 200Ah 48v remplace le pack de sauvegardes du syst\u00e8me d&#039;\u00e9nergie solaire"},"content":{"rendered":"<div class=\"sliderTable mt10 mb10 sliderTable-index0 change-to-org\">\n<div class=\"inner\">\n<table class=\"all magic-1\" width=\"NaN\">\n<tbody>\n<tr class=\"firstRow\">\n<td colspan=\"1\" rowspan=\"1\">\n<div class=\"magic-2\">Nom du produit<\/div>\n<\/td>\n<td colspan=\"1\" rowspan=\"1\">\n<div class=\"magic-4\">Batterie Geoune 51.2V 200Ah lifepo4<\/div>\n<\/td>\n<\/tr>\n<tr>\n<td colspan=\"1\" rowspan=\"1\">\n<div class=\"magic-2\">Capacit\u00e9 utile<\/div>\n<\/td>\n<td colspan=\"1\" rowspan=\"1\">\n<div class=\"magic-4\">10.24Kwh<\/div>\n<\/td>\n<\/tr>\n<tr>\n<td colspan=\"1\" rowspan=\"1\">\n<div class=\"magic-2\">Profondeur de d\u00e9charge<\/div>\n<\/td>\n<td colspan=\"1\" rowspan=\"1\">\n<div class=\"magic-4\">95% DOD<\/div>\n<\/td>\n<\/tr>\n<tr>\n<td colspan=\"1\" rowspan=\"1\">\n<div class=\"magic-2\">Efficacit\u00e9<\/div>\n<\/td>\n<td colspan=\"1\" rowspan=\"1\">\n<div class=\"magic-4\">90% aller-retour<\/div>\n<\/td>\n<\/tr>\n<tr>\n<td colspan=\"1\" rowspan=\"1\">\n<div class=\"magic-2\">Pouvoir<\/div>\n<\/td>\n<td colspan=\"1\" rowspan=\"1\">\n<div class=\"magic-4\">15,36\u00a0kW en cr\u00eate\/5,12\u00a0kW en continu<\/div>\n<\/td>\n<\/tr>\n<tr>\n<td colspan=\"1\" rowspan=\"1\">\n<div class=\"magic-2\">Applications prises en charge<\/div>\n<\/td>\n<td colspan=\"1\" rowspan=\"1\">\n<div class=\"magic-4\">Autoconsommation solaire\/Time of use load shifting\/Secours\/Hors r\u00e9seau<\/div>\n<\/td>\n<\/tr>\n<tr>\n<td colspan=\"1\" rowspan=\"1\">\n<div class=\"magic-2\">garantie<\/div>\n<\/td>\n<td colspan=\"1\" rowspan=\"1\">\n<div class=\"magic-4\">7 ans<\/div>\n<\/td>\n<\/tr>\n<tr>\n<td colspan=\"1\" rowspan=\"1\">\n<div class=\"magic-2\">\u00c9volutif<\/div>\n<\/td>\n<td colspan=\"1\" rowspan=\"1\">\n<div class=\"magic-4\">Jusqu&#039;\u00e0 15 powerwalls<\/div>\n<\/td>\n<\/tr>\n<tr>\n<td colspan=\"1\" rowspan=\"1\">\n<div class=\"magic-2\"><strong>Temp\u00e9rature de fonctionnement<\/strong><\/div>\n<\/td>\n<td colspan=\"1\" rowspan=\"1\">\n<div class=\"magic-4\">-20\u2103 \u2013 60\u2103<\/div>\n<\/td>\n<\/tr>\n<tr>\n<td colspan=\"1\" rowspan=\"1\">\n<div class=\"magic-2\">Dimension<\/div>\n<\/td>\n<td colspan=\"1\" rowspan=\"1\">\n<div class=\"magic-4\">556*178.61*780mm<\/div>\n<\/td>\n<\/tr>\n<tr>\n<td colspan=\"1\" rowspan=\"1\">\n<div class=\"magic-2\">Lester<\/div>\n<\/td>\n<td colspan=\"1\" rowspan=\"1\">\n<div class=\"magic-4\">211.6lb\/96Kg<\/div>\n<\/td>\n<\/tr>\n<tr>\n<td colspan=\"1\" rowspan=\"1\">\n<div class=\"magic-2\">Installation<\/div>\n<\/td>\n<td colspan=\"1\" rowspan=\"1\">\n<div class=\"magic-4\">Fix\u00e9 au sol ou au mur<\/div>\n<\/td>\n<\/tr>\n<tr>\n<td colspan=\"1\" rowspan=\"1\">\n<div class=\"magic-2\">Certificat<\/div>\n<\/td>\n<td colspan=\"1\" rowspan=\"1\">\n<div class=\"magic-4\">CE UN38.3<\/div>\n<\/td>\n<\/tr>\n<\/tbody>\n<\/table>\n<\/div>\n<\/div>\n<p><img fetchpriority=\"high\" decoding=\"async\" class=\"aligncenter size-large wp-image-1440\" src=\"https:\/\/geoune.net\/wp-content\/uploads\/2023\/06\/10kwh-power-wall-battery-1024x709.jpg\" alt=\"Powerwall Home Battery LiFePO4 Battery 51.2V 200AH\" width=\"1024\" height=\"709\" srcset=\"https:\/\/geoune.net\/wp-content\/uploads\/2023\/06\/10kwh-power-wall-battery-1024x709.jpg 1024w, https:\/\/geoune.net\/wp-content\/uploads\/2023\/06\/10kwh-power-wall-battery-300x208.jpg 300w, https:\/\/geoune.net\/wp-content\/uploads\/2023\/06\/10kwh-power-wall-battery-768x532.jpg 768w, https:\/\/geoune.net\/wp-content\/uploads\/2023\/06\/10kwh-power-wall-battery-1536x1064.jpg 1536w, https:\/\/geoune.net\/wp-content\/uploads\/2023\/06\/10kwh-power-wall-battery-600x416.jpg 600w, https:\/\/geoune.net\/wp-content\/uploads\/2023\/06\/10kwh-power-wall-battery.jpg 1890w\" sizes=\"(max-width: 1024px) 100vw, 1024px\" \/><\/p>","protected":false},"excerpt":{"rendered":"<p>L&#039;interface \u00e9lectrique de powerwall fournit une connexion simple \u00e0 n&#039;importe quelle maison ou b\u00e2timent. Sa conception compacte r\u00e9volutionnaire atteint une densit\u00e9 d&#039;\u00e9nergie leader sur le march\u00e9 et il est facile \u00e0 installer, permettant aux propri\u00e9taires de r\u00e9aliser rapidement les avantages d&#039;une alimentation fiable et propre.<\/p>","protected":false},"featured_media":1443,"template":"","meta":{"site-sidebar-layout":"default","site-content-layout":"default","ast-site-content-layout":"default","site-content-style":"default","site-sidebar-style":"default","ast-global-header-display":"","ast-banner-title-visibility":"","ast-main-header-display":"","ast-hfb-above-header-display":"","ast-hfb-below-header-display":"","ast-hfb-mobile-header-display":"","site-post-title":"","ast-breadcrumbs-content":"","ast-featured-img":"","footer-sml-layout":"","theme-transparent-header-meta":"default","adv-header-id-meta":"","stick-header-meta":"","header-above-stick-meta":"","header-main-stick-meta":"","header-below-stick-meta":"","astra-migrate-meta-layouts":"default","ast-page-background-enabled":"default","ast-page-background-meta":{"desktop":{"background-color":"","background-image":"","background-repeat":"repeat","background-position":"center center","background-size":"auto","background-attachment":"scroll","background-type":"","background-media":"","overlay-type":"","overlay-color":"","overlay-opacity":"","overlay-gradient":""},"tablet":{"background-color":"","background-image":"","background-repeat":"repeat","background-position":"center center","background-size":"auto","background-attachment":"scroll","background-type":"","background-media":"","overlay-type":"","overlay-color":"","overlay-opacity":"","overlay-gradient":""},"mobile":{"background-color":"","background-image":"","background-repeat":"repeat","background-position":"center center","background-size":"auto","background-attachment":"scroll","background-type":"","background-media":"","overlay-type":"","overlay-color":"","overlay-opacity":"","overlay-gradient":""}},"ast-content-background-meta":{"desktop":{"background-color":"var(--ast-global-color-5)","background-image":"","background-repeat":"repeat","background-position":"center center","background-size":"auto","background-attachment":"scroll","background-type":"","background-media":"","overlay-type":"","overlay-color":"","overlay-opacity":"","overlay-gradient":""},"tablet":{"background-color":"var(--ast-global-color-5)","background-image":"","background-repeat":"repeat","background-position":"center center","background-size":"auto","background-attachment":"scroll","background-type":"","background-media":"","overlay-type":"","overlay-color":"","overlay-opacity":"","overlay-gradient":""},"mobile":{"background-color":"var(--ast-global-color-5)","background-image":"","background-repeat":"repeat","background-position":"center center","background-size":"auto","background-attachment":"scroll","background-type":"","background-media":"","overlay-type":"","overlay-color":"","overlay-opacity":"","overlay-gradient":""}}},"product_brand":[],"product_cat":[15,22],"product_tag":[],"class_list":{"0":"post-1442","1":"product","2":"type-product","3":"status-publish","4":"has-post-thumbnail","6":"product_cat-inverter","7":"product_cat-lithium-ion-battery","8":"desktop-align-left","9":"tablet-align-left","10":"mobile-align-left","12":"first","13":"instock","14":"shipping-taxable","15":"product-type-simple"},"yoast_head":"<!-- This site is optimized with the Yoast SEO Premium plugin v20.11 (Yoast SEO v22.7) - https:\/\/yoast.com\/wordpress\/plugins\/seo\/ -->\n<title>10kWh Lifepo4 Lithium 200Ah 48v Inverter Replace Solar Energy System BackUps Pack - Ge&#039;ou NEW ENERGY<\/title>\n<meta name=\"description\" content=\"Ge&#039;ou New Energy is an integrated energy group that specializes in clean and new energy on lithium ion battery products.\" \/>\n<meta name=\"robots\" content=\"index, follow, max-snippet:-1, max-image-preview:large, max-video-preview:-1\" \/>\n<link rel=\"canonical\" href=\"https:\/\/geoune.net\/fr\/produit\/10kwh-lifepo4-lithium-200ah-48v-inverter-replace-solar-energy-system-bank-back-ups-pack-powerwall-tesla-home-power-battery\/\" \/>\n<meta property=\"og:locale\" content=\"fr_FR\" \/>\n<meta property=\"og:type\" content=\"article\" \/>\n<meta property=\"og:title\" content=\"10kWh Lifepo4 Lithium 200Ah 48v Inverter Replace Solar Energy System BackUps Pack\" \/>\n<meta property=\"og:description\" content=\"Ge&#039;ou New Energy is an integrated energy group that specializes in clean and new energy on lithium ion battery products.\" \/>\n<meta property=\"og:url\" content=\"https:\/\/geoune.net\/fr\/produit\/10kwh-lifepo4-lithium-200ah-48v-inverter-replace-solar-energy-system-bank-back-ups-pack-powerwall-tesla-home-power-battery\/\" \/>\n<meta property=\"og:site_name\" content=\"Ge&#039;ou NEW ENERGY\" \/>\n<meta property=\"article:modified_time\" content=\"2023-06-15T15:26:54+00:00\" \/>\n<meta property=\"og:image\" content=\"https:\/\/geoune.net\/wp-content\/uploads\/2023\/06\/10kwh-power-wall.jpg\" \/>\n\t<meta property=\"og:image:width\" content=\"750\" \/>\n\t<meta property=\"og:image:height\" content=\"750\" \/>\n\t<meta property=\"og:image:type\" content=\"image\/jpeg\" \/>\n<meta name=\"twitter:card\" content=\"summary_large_image\" \/>\n<script type=\"application\/ld+json\" class=\"yoast-schema-graph\">{\"@context\":\"https:\/\/schema.org\",\"@graph\":[{\"@type\":\"WebPage\",\"@id\":\"https:\/\/geoune.net\/product\/10kwh-lifepo4-lithium-200ah-48v-inverter-replace-solar-energy-system-bank-back-ups-pack-powerwall-tesla-home-power-battery\/\",\"url\":\"https:\/\/geoune.net\/product\/10kwh-lifepo4-lithium-200ah-48v-inverter-replace-solar-energy-system-bank-back-ups-pack-powerwall-tesla-home-power-battery\/\",\"name\":\"10kWh Lifepo4 Lithium 200Ah 48v Inverter Replace Solar Energy System BackUps Pack - Ge&#039;ou NEW ENERGY\",\"isPartOf\":{\"@id\":\"https:\/\/geoune.net\/#website\"},\"primaryImageOfPage\":{\"@id\":\"https:\/\/geoune.net\/product\/10kwh-lifepo4-lithium-200ah-48v-inverter-replace-solar-energy-system-bank-back-ups-pack-powerwall-tesla-home-power-battery\/#primaryimage\"},\"image\":{\"@id\":\"https:\/\/geoune.net\/product\/10kwh-lifepo4-lithium-200ah-48v-inverter-replace-solar-energy-system-bank-back-ups-pack-powerwall-tesla-home-power-battery\/#primaryimage\"},\"thumbnailUrl\":\"https:\/\/geoune.net\/wp-content\/uploads\/2023\/06\/10kwh-power-wall.jpg\",\"datePublished\":\"2023-06-13T09:38:28+00:00\",\"dateModified\":\"2023-06-15T15:26:54+00:00\",\"description\":\"Ge'ou New Energy is an integrated energy group that specializes in clean and new energy on lithium ion battery products.\",\"breadcrumb\":{\"@id\":\"https:\/\/geoune.net\/product\/10kwh-lifepo4-lithium-200ah-48v-inverter-replace-solar-energy-system-bank-back-ups-pack-powerwall-tesla-home-power-battery\/#breadcrumb\"},\"inLanguage\":\"fr-FR\",\"potentialAction\":[{\"@type\":\"ReadAction\",\"target\":[\"https:\/\/geoune.net\/product\/10kwh-lifepo4-lithium-200ah-48v-inverter-replace-solar-energy-system-bank-back-ups-pack-powerwall-tesla-home-power-battery\/\"]}]},{\"@type\":\"ImageObject\",\"inLanguage\":\"fr-FR\",\"@id\":\"https:\/\/geoune.net\/product\/10kwh-lifepo4-lithium-200ah-48v-inverter-replace-solar-energy-system-bank-back-ups-pack-powerwall-tesla-home-power-battery\/#primaryimage\",\"url\":\"https:\/\/geoune.net\/wp-content\/uploads\/2023\/06\/10kwh-power-wall.jpg\",\"contentUrl\":\"https:\/\/geoune.net\/wp-content\/uploads\/2023\/06\/10kwh-power-wall.jpg\",\"width\":750,\"height\":750},{\"@type\":\"BreadcrumbList\",\"@id\":\"https:\/\/geoune.net\/product\/10kwh-lifepo4-lithium-200ah-48v-inverter-replace-solar-energy-system-bank-back-ups-pack-powerwall-tesla-home-power-battery\/#breadcrumb\",\"itemListElement\":[{\"@type\":\"ListItem\",\"position\":1,\"name\":\"\u9996\u9875\",\"item\":\"https:\/\/geoune.net\/\"},{\"@type\":\"ListItem\",\"position\":2,\"name\":\"Products\",\"item\":\"https:\/\/geoune.net\/shop\/\"},{\"@type\":\"ListItem\",\"position\":3,\"name\":\"10kWh Lifepo4 Lithium 200Ah 48v Inverter Replace Solar Energy System BackUps Pack\"}]},{\"@type\":\"WebSite\",\"@id\":\"https:\/\/geoune.net\/#website\",\"url\":\"https:\/\/geoune.net\/\",\"name\":\"Ge'ou NEW ENERGY\",\"description\":\"Ge&#039;ou New Energy is an integrated energy group that specializes in clean and new energy on lithium ion battery products.\",\"publisher\":{\"@id\":\"https:\/\/geoune.net\/#organization\"},\"alternateName\":\"OEM Lithium ion Battery Products Manufacturer | Ge'ou New Energy\",\"potentialAction\":[{\"@type\":\"SearchAction\",\"target\":{\"@type\":\"EntryPoint\",\"urlTemplate\":\"https:\/\/geoune.net\/?s={search_term_string}\"},\"query-input\":\"required name=search_term_string\"}],\"inLanguage\":\"fr-FR\"},{\"@type\":\"Organization\",\"@id\":\"https:\/\/geoune.net\/#organization\",\"name\":\"Ge'ou NEW ENERGY\",\"url\":\"https:\/\/geoune.net\/\",\"logo\":{\"@type\":\"ImageObject\",\"inLanguage\":\"fr-FR\",\"@id\":\"https:\/\/geoune.net\/#\/schema\/logo\/image\/\",\"url\":\"https:\/\/geoune.net\/wp-content\/uploads\/2023\/06\/GEOUNE-LOGO.png\",\"contentUrl\":\"https:\/\/geoune.net\/wp-content\/uploads\/2023\/06\/GEOUNE-LOGO.png\",\"width\":500,\"height\":350,\"caption\":\"Ge'ou NEW ENERGY\"},\"image\":{\"@id\":\"https:\/\/geoune.net\/#\/schema\/logo\/image\/\"}}]}<\/script>\n<!-- \/ Yoast SEO Premium plugin. -->","yoast_head_json":{"title":"10kWh Lifepo4 Lithium 200Ah 48v Inverter Replace Solar Energy System BackUps Pack - Ge&#039;ou NEW ENERGY","description":"Ge'ou New Energy is an integrated energy group that specializes in clean and new energy on lithium ion battery products.","robots":{"index":"index","follow":"follow","max-snippet":"max-snippet:-1","max-image-preview":"max-image-preview:large","max-video-preview":"max-video-preview:-1"},"canonical":"https:\/\/geoune.net\/fr\/produit\/10kwh-lifepo4-lithium-200ah-48v-inverter-replace-solar-energy-system-bank-back-ups-pack-powerwall-tesla-home-power-battery\/","og_locale":"fr_FR","og_type":"article","og_title":"10kWh Lifepo4 Lithium 200Ah 48v Inverter Replace Solar Energy System BackUps Pack","og_description":"Ge'ou New Energy is an integrated energy group that specializes in clean and new energy on lithium ion battery products.","og_url":"https:\/\/geoune.net\/fr\/produit\/10kwh-lifepo4-lithium-200ah-48v-inverter-replace-solar-energy-system-bank-back-ups-pack-powerwall-tesla-home-power-battery\/","og_site_name":"Ge&#039;ou NEW ENERGY","article_modified_time":"2023-06-15T15:26:54+00:00","og_image":[{"width":750,"height":750,"url":"https:\/\/geoune.net\/wp-content\/uploads\/2023\/06\/10kwh-power-wall.jpg","type":"image\/jpeg"}],"twitter_card":"summary_large_image","schema":{"@context":"https:\/\/schema.org","@graph":[{"@type":"WebPage","@id":"https:\/\/geoune.net\/product\/10kwh-lifepo4-lithium-200ah-48v-inverter-replace-solar-energy-system-bank-back-ups-pack-powerwall-tesla-home-power-battery\/","url":"https:\/\/geoune.net\/product\/10kwh-lifepo4-lithium-200ah-48v-inverter-replace-solar-energy-system-bank-back-ups-pack-powerwall-tesla-home-power-battery\/","name":"10kWh Lifepo4 Lithium 200Ah 48v Inverter Replace Solar Energy System BackUps Pack - Ge&#039;ou NEW ENERGY","isPartOf":{"@id":"https:\/\/geoune.net\/#website"},"primaryImageOfPage":{"@id":"https:\/\/geoune.net\/product\/10kwh-lifepo4-lithium-200ah-48v-inverter-replace-solar-energy-system-bank-back-ups-pack-powerwall-tesla-home-power-battery\/#primaryimage"},"image":{"@id":"https:\/\/geoune.net\/product\/10kwh-lifepo4-lithium-200ah-48v-inverter-replace-solar-energy-system-bank-back-ups-pack-powerwall-tesla-home-power-battery\/#primaryimage"},"thumbnailUrl":"https:\/\/geoune.net\/wp-content\/uploads\/2023\/06\/10kwh-power-wall.jpg","datePublished":"2023-06-13T09:38:28+00:00","dateModified":"2023-06-15T15:26:54+00:00","description":"Ge'ou New Energy is an integrated energy group that specializes in clean and new energy on lithium ion battery products.","breadcrumb":{"@id":"https:\/\/geoune.net\/product\/10kwh-lifepo4-lithium-200ah-48v-inverter-replace-solar-energy-system-bank-back-ups-pack-powerwall-tesla-home-power-battery\/#breadcrumb"},"inLanguage":"fr-FR","potentialAction":[{"@type":"ReadAction","target":["https:\/\/geoune.net\/product\/10kwh-lifepo4-lithium-200ah-48v-inverter-replace-solar-energy-system-bank-back-ups-pack-powerwall-tesla-home-power-battery\/"]}]},{"@type":"ImageObject","inLanguage":"fr-FR","@id":"https:\/\/geoune.net\/product\/10kwh-lifepo4-lithium-200ah-48v-inverter-replace-solar-energy-system-bank-back-ups-pack-powerwall-tesla-home-power-battery\/#primaryimage","url":"https:\/\/geoune.net\/wp-content\/uploads\/2023\/06\/10kwh-power-wall.jpg","contentUrl":"https:\/\/geoune.net\/wp-content\/uploads\/2023\/06\/10kwh-power-wall.jpg","width":750,"height":750},{"@type":"BreadcrumbList","@id":"https:\/\/geoune.net\/product\/10kwh-lifepo4-lithium-200ah-48v-inverter-replace-solar-energy-system-bank-back-ups-pack-powerwall-tesla-home-power-battery\/#breadcrumb","itemListElement":[{"@type":"ListItem","position":1,"name":"\u9996\u9875","item":"https:\/\/geoune.net\/"},{"@type":"ListItem","position":2,"name":"Products","item":"https:\/\/geoune.net\/shop\/"},{"@type":"ListItem","position":3,"name":"10kWh Lifepo4 Lithium 200Ah 48v Inverter Replace Solar Energy System BackUps Pack"}]},{"@type":"WebSite","@id":"https:\/\/geoune.net\/#website","url":"https:\/\/geoune.net\/","name":"Ge'ou NEW ENERGY","description":"Ge&#039;ou New Energy is an integrated energy group that specializes in clean and new energy on lithium ion battery products.","publisher":{"@id":"https:\/\/geoune.net\/#organization"},"alternateName":"OEM Lithium ion Battery Products Manufacturer | Ge'ou New Energy","potentialAction":[{"@type":"SearchAction","target":{"@type":"EntryPoint","urlTemplate":"https:\/\/geoune.net\/?s={search_term_string}"},"query-input":"required name=search_term_string"}],"inLanguage":"fr-FR"},{"@type":"Organization","@id":"https:\/\/geoune.net\/#organization","name":"Ge'ou NEW ENERGY","url":"https:\/\/geoune.net\/","logo":{"@type":"ImageObject","inLanguage":"fr-FR","@id":"https:\/\/geoune.net\/#\/schema\/logo\/image\/","url":"https:\/\/geoune.net\/wp-content\/uploads\/2023\/06\/GEOUNE-LOGO.png","contentUrl":"https:\/\/geoune.net\/wp-content\/uploads\/2023\/06\/GEOUNE-LOGO.png","width":500,"height":350,"caption":"Ge'ou NEW ENERGY"},"image":{"@id":"https:\/\/geoune.net\/#\/schema\/logo\/image\/"}}]}},"_links":{"self":[{"href":"https:\/\/geoune.net\/fr\/wp-json\/wp\/v2\/product\/1442","targetHints":{"allow":["GET"]}}],"collection":[{"href":"https:\/\/geoune.net\/fr\/wp-json\/wp\/v2\/product"}],"about":[{"href":"https:\/\/geoune.net\/fr\/wp-json\/wp\/v2\/types\/product"}],"wp:featuredmedia":[{"embeddable":true,"href":"https:\/\/geoune.net\/fr\/wp-json\/wp\/v2\/media\/1443"}],"wp:attachment":[{"href":"https:\/\/geoune.net\/fr\/wp-json\/wp\/v2\/media?parent=1442"}],"wp:term":[{"taxonomy":"product_brand","embeddable":true,"href":"https:\/\/geoune.net\/fr\/wp-json\/wp\/v2\/product_brand?post=1442"},{"taxonomy":"product_cat","embeddable":true,"href":"https:\/\/geoune.net\/fr\/wp-json\/wp\/v2\/product_cat?post=1442"},{"taxonomy":"product_tag","embeddable":true,"href":"https:\/\/geoune.net\/fr\/wp-json\/wp\/v2\/product_tag?post=1442"}],"curies":[{"name":"wp","href":"https:\/\/api.w.org\/{rel}","templated":true}]}}