{"id":1432,"date":"2023-06-13T08:42:31","date_gmt":"2023-06-13T08:42:31","guid":{"rendered":"https:\/\/geoune.net\/?post_type=product&#038;p=1432"},"modified":"2023-06-15T15:09:13","modified_gmt":"2023-06-15T15:09:13","slug":"ta6000-51-2v-210ah-lifepo4-all-in-one-inverter-built-in","status":"publish","type":"product","link":"https:\/\/geoune.net\/fr\/produit\/ta6000-51-2v-210ah-lifepo4-all-in-one-inverter-built-in\/","title":{"rendered":"TA6000 51.2V 210Ah LiFePo4 Onduleur tout-en-un int\u00e9gr\u00e9"},"content":{"rendered":"<div class=\"sliderTable mt10 mb10 sliderTable-index0 change-to-org\">\n<div class=\"inner\">\n<table width=\"881\">\n<tbody>\n<tr class=\"firstRow\">\n<td colspan=\"2\" rowspan=\"1\" valign=\"top\" width=\"199\">Donn\u00e9es d&#039;entr\u00e9e de la batterie<\/td>\n<td colspan=\"2\" rowspan=\"1\" valign=\"top\" width=\"199\">Donn\u00e9es d&#039;entr\u00e9e de cha\u00eene PV<\/td>\n<td colspan=\"2\" rowspan=\"1\" valign=\"top\" width=\"199\">Donn\u00e9es de sortie CA<\/td>\n<td colspan=\"2\" rowspan=\"1\" valign=\"top\" width=\"199\">Donn\u00e9es GENERALES<\/td>\n<\/tr>\n<tr>\n<td valign=\"top\" width=\"89\">Type de batterie<\/td>\n<td valign=\"top\" width=\"89\">LiFePo4<\/td>\n<td valign=\"top\" width=\"89\">Puissance d&#039;entr\u00e9e max. DC (W)<\/td>\n<td valign=\"top\" width=\"89\">10000<\/td>\n<td valign=\"top\" width=\"89\">Sortie CA nominale et puissance de l&#039;onduleur (W)<\/td>\n<td valign=\"top\" width=\"89\">10000<\/td>\n<td valign=\"top\" width=\"89\">Plage de temp\u00e9rature de fonctionnement<\/td>\n<td valign=\"top\" width=\"89\">-25\u2103~60\u2103<\/td>\n<\/tr>\n<tr>\n<td valign=\"top\" width=\"89\">Plage de tension de la batterie<\/td>\n<td valign=\"top\" width=\"89\">48V-57.6V<\/td>\n<td valign=\"top\" width=\"89\">Tension d&#039;entr\u00e9e PV(V)<\/td>\n<td valign=\"top\" width=\"89\">550(150~800)<\/td>\n<td valign=\"top\" width=\"89\">Puissance de sortie max. AC (W)<\/td>\n<td valign=\"top\" width=\"89\">11000<\/td>\n<td valign=\"top\" width=\"89\">Bruit (DB)<\/td>\n<td valign=\"top\" width=\"89\">&lt;45dB<\/td>\n<\/tr>\n<tr>\n<td valign=\"top\" width=\"89\">Max. Courant de charge(A)<\/td>\n<td valign=\"top\" width=\"89\">200A<\/td>\n<td valign=\"top\" width=\"89\">Gamme MPPT(V)<\/td>\n<td valign=\"top\" width=\"89\">200~650<\/td>\n<td valign=\"top\" width=\"89\">Puissance de cr\u00eate (hors r\u00e9seau)<\/td>\n<td valign=\"top\" width=\"89\">2 fois la puissance nominale (10s)<\/td>\n<td valign=\"top\" width=\"89\">Communication avec BMS<\/td>\n<td valign=\"top\" width=\"89\">RS485, PEUT<\/td>\n<\/tr>\n<tr>\n<td valign=\"top\" width=\"89\">Max. Courant de d\u00e9charge (A)<\/td>\n<td valign=\"top\" width=\"89\">200A<\/td>\n<td valign=\"top\" width=\"89\">Tension de d\u00e9marrage(V)<\/td>\n<td valign=\"top\" width=\"89\">160<\/td>\n<td valign=\"top\" width=\"89\">Courant nominal de sortie CA (A)<\/td>\n<td valign=\"top\" width=\"89\">15<\/td>\n<td valign=\"top\" width=\"89\">Poids (kg)<\/td>\n<td valign=\"top\" width=\"89\">129KG<\/td>\n<\/tr>\n<tr>\n<td valign=\"top\" width=\"89\">Courbe de charge<\/td>\n<td valign=\"top\" width=\"89\">CC-CV<\/td>\n<td valign=\"top\" width=\"89\">Courant d&#039;entr\u00e9e PV(A)<\/td>\n<td valign=\"top\" width=\"89\">20+10<\/td>\n<td valign=\"top\" width=\"89\">Max. Passage CA continu(A)<\/td>\n<td valign=\"top\" width=\"89\">50<\/td>\n<td valign=\"top\" width=\"89\">Dimension<\/td>\n<td valign=\"top\" width=\"89\">422*254*1482mm<\/td>\n<\/tr>\n<tr>\n<td valign=\"top\" width=\"89\">\u00c9nergie<\/td>\n<td valign=\"top\" width=\"89\">10.752kWh<\/td>\n<td valign=\"top\" width=\"89\">Nombre de trackers MPPT<\/td>\n<td valign=\"top\" width=\"89\">2<\/td>\n<td valign=\"top\" width=\"89\">Fr\u00e9quence et tension de sortie<\/td>\n<td valign=\"top\" width=\"89\">50\/60\u00a0Hz\u00a0; 230\/400\u00a0V CA (triphas\u00e9)<\/td>\n<td valign=\"top\" width=\"89\">Max. Passage CA continu(A)<\/td>\n<td valign=\"top\" width=\"89\">50\/60 Hz, 230\/400 V CA (3 phases)<\/td>\n<\/tr>\n<\/tbody>\n<\/table>\n<\/div>\n<\/div>\n<p><img fetchpriority=\"high\" decoding=\"async\" class=\"aligncenter size-large wp-image-1435\" src=\"https:\/\/geoune.net\/wp-content\/uploads\/2023\/06\/\u5fae\u4fe1\u622a\u56fe_20230613163848-1024x520.png\" alt=\"TA6000 51.2V 210Ah LiFePo4 All in one inverter built in\" width=\"1024\" height=\"520\" srcset=\"https:\/\/geoune.net\/wp-content\/uploads\/2023\/06\/\u5fae\u4fe1\u622a\u56fe_20230613163848-1024x520.png 1024w, https:\/\/geoune.net\/wp-content\/uploads\/2023\/06\/\u5fae\u4fe1\u622a\u56fe_20230613163848-300x152.png 300w, https:\/\/geoune.net\/wp-content\/uploads\/2023\/06\/\u5fae\u4fe1\u622a\u56fe_20230613163848-768x390.png 768w, https:\/\/geoune.net\/wp-content\/uploads\/2023\/06\/\u5fae\u4fe1\u622a\u56fe_20230613163848-1536x781.png 1536w, https:\/\/geoune.net\/wp-content\/uploads\/2023\/06\/\u5fae\u4fe1\u622a\u56fe_20230613163848-600x305.png 600w, https:\/\/geoune.net\/wp-content\/uploads\/2023\/06\/\u5fae\u4fe1\u622a\u56fe_20230613163848.png 1757w\" sizes=\"(max-width: 1024px) 100vw, 1024px\" \/><img decoding=\"async\" class=\"aligncenter size-large wp-image-1433\" src=\"https:\/\/geoune.net\/wp-content\/uploads\/2023\/06\/5-1-1024x682.png\" alt=\"TA6000 51.2V 210Ah LiFePo4 All in one inverter built in\" width=\"1024\" height=\"682\" srcset=\"https:\/\/geoune.net\/wp-content\/uploads\/2023\/06\/5-1-1024x682.png 1024w, https:\/\/geoune.net\/wp-content\/uploads\/2023\/06\/5-1-300x200.png 300w, https:\/\/geoune.net\/wp-content\/uploads\/2023\/06\/5-1-768x511.png 768w, https:\/\/geoune.net\/wp-content\/uploads\/2023\/06\/5-1-600x400.png 600w, https:\/\/geoune.net\/wp-content\/uploads\/2023\/06\/5-1.png 1362w\" sizes=\"(max-width: 1024px) 100vw, 1024px\" \/><\/p>","protected":false},"excerpt":{"rendered":"<p>Battery Input Data PV String Input Data AC Output Data General Data Battery Type LiFePo4 Max.DC Input Power(W) 10000 Rated AC Output and UPS Power(W) 10000 Operating Temperature Range -25\u2103~60\u2103 Battery Voltage Range 48V-57.6V PV Input Voltage(V) 550(150~800) Max.AC Output Power(W) 11000 Noise(DB) &lt;45dB Max. Charging Current(A) 200A MPPT Range(V) 200~650 Peak Power(off grid) 2 [&hellip;]<\/p>","protected":false},"featured_media":1436,"template":"","meta":{"site-sidebar-layout":"default","site-content-layout":"default","ast-site-content-layout":"default","site-content-style":"default","site-sidebar-style":"default","ast-global-header-display":"","ast-banner-title-visibility":"","ast-main-header-display":"","ast-hfb-above-header-display":"","ast-hfb-below-header-display":"","ast-hfb-mobile-header-display":"","site-post-title":"","ast-breadcrumbs-content":"","ast-featured-img":"","footer-sml-layout":"","theme-transparent-header-meta":"default","adv-header-id-meta":"","stick-header-meta":"","header-above-stick-meta":"","header-main-stick-meta":"","header-below-stick-meta":"","astra-migrate-meta-layouts":"default","ast-page-background-enabled":"default","ast-page-background-meta":{"desktop":{"background-color":"","background-image":"","background-repeat":"repeat","background-position":"center center","background-size":"auto","background-attachment":"scroll","background-type":"","background-media":"","overlay-type":"","overlay-color":"","overlay-opacity":"","overlay-gradient":""},"tablet":{"background-color":"","background-image":"","background-repeat":"repeat","background-position":"center center","background-size":"auto","background-attachment":"scroll","background-type":"","background-media":"","overlay-type":"","overlay-color":"","overlay-opacity":"","overlay-gradient":""},"mobile":{"background-color":"","background-image":"","background-repeat":"repeat","background-position":"center center","background-size":"auto","background-attachment":"scroll","background-type":"","background-media":"","overlay-type":"","overlay-color":"","overlay-opacity":"","overlay-gradient":""}},"ast-content-background-meta":{"desktop":{"background-color":"var(--ast-global-color-5)","background-image":"","background-repeat":"repeat","background-position":"center center","background-size":"auto","background-attachment":"scroll","background-type":"","background-media":"","overlay-type":"","overlay-color":"","overlay-opacity":"","overlay-gradient":""},"tablet":{"background-color":"var(--ast-global-color-5)","background-image":"","background-repeat":"repeat","background-position":"center center","background-size":"auto","background-attachment":"scroll","background-type":"","background-media":"","overlay-type":"","overlay-color":"","overlay-opacity":"","overlay-gradient":""},"mobile":{"background-color":"var(--ast-global-color-5)","background-image":"","background-repeat":"repeat","background-position":"center center","background-size":"auto","background-attachment":"scroll","background-type":"","background-media":"","overlay-type":"","overlay-color":"","overlay-opacity":"","overlay-gradient":""}}},"product_brand":[],"product_cat":[22,25],"product_tag":[],"class_list":{"0":"post-1432","1":"product","2":"type-product","3":"status-publish","4":"has-post-thumbnail","6":"product_cat-lithium-ion-battery","7":"product_cat-ta-series","8":"desktop-align-left","9":"tablet-align-left","10":"mobile-align-left","12":"first","13":"instock","14":"shipping-taxable","15":"product-type-simple"},"yoast_head":"<!-- This site is optimized with the Yoast SEO Premium plugin v20.11 (Yoast SEO v22.7) - https:\/\/yoast.com\/wordpress\/plugins\/seo\/ -->\n<title>TA6000 51.2V 210Ah LiFePo4 All in one inverter built in - Ge&#039;ou NEW ENERGY<\/title>\n<meta name=\"description\" content=\"Ge&#039;ou New Energy is an integrated energy group that specializes in clean and new energy on lithium ion battery products.\" \/>\n<meta name=\"robots\" content=\"index, follow, max-snippet:-1, max-image-preview:large, max-video-preview:-1\" \/>\n<link rel=\"canonical\" href=\"https:\/\/geoune.net\/fr\/produit\/ta6000-51-2v-210ah-lifepo4-all-in-one-inverter-built-in\/\" \/>\n<meta property=\"og:locale\" content=\"fr_FR\" \/>\n<meta property=\"og:type\" content=\"article\" \/>\n<meta property=\"og:title\" content=\"TA6000 51.2V 210Ah LiFePo4 All in one inverter built in\" \/>\n<meta property=\"og:description\" content=\"Ge&#039;ou New Energy is an integrated energy group that specializes in clean and new energy on lithium ion battery products.\" \/>\n<meta property=\"og:url\" content=\"https:\/\/geoune.net\/fr\/produit\/ta6000-51-2v-210ah-lifepo4-all-in-one-inverter-built-in\/\" \/>\n<meta property=\"og:site_name\" content=\"Ge&#039;ou NEW ENERGY\" \/>\n<meta property=\"article:modified_time\" content=\"2023-06-15T15:09:13+00:00\" \/>\n<meta property=\"og:image\" content=\"https:\/\/geoune.net\/wp-content\/uploads\/2023\/06\/TA6000-2-1.png\" \/>\n\t<meta property=\"og:image:width\" content=\"1280\" \/>\n\t<meta property=\"og:image:height\" content=\"1280\" \/>\n\t<meta property=\"og:image:type\" content=\"image\/png\" \/>\n<meta name=\"twitter:card\" content=\"summary_large_image\" \/>\n<meta name=\"twitter:label1\" content=\"Dur\u00e9e de lecture estim\u00e9e\" \/>\n\t<meta name=\"twitter:data1\" content=\"1 minute\" \/>\n<script type=\"application\/ld+json\" class=\"yoast-schema-graph\">{\"@context\":\"https:\/\/schema.org\",\"@graph\":[{\"@type\":\"WebPage\",\"@id\":\"https:\/\/geoune.net\/product\/ta6000-51-2v-210ah-lifepo4-all-in-one-inverter-built-in\/\",\"url\":\"https:\/\/geoune.net\/product\/ta6000-51-2v-210ah-lifepo4-all-in-one-inverter-built-in\/\",\"name\":\"TA6000 51.2V 210Ah LiFePo4 All in one inverter built in - Ge&#039;ou NEW ENERGY\",\"isPartOf\":{\"@id\":\"https:\/\/geoune.net\/#website\"},\"primaryImageOfPage\":{\"@id\":\"https:\/\/geoune.net\/product\/ta6000-51-2v-210ah-lifepo4-all-in-one-inverter-built-in\/#primaryimage\"},\"image\":{\"@id\":\"https:\/\/geoune.net\/product\/ta6000-51-2v-210ah-lifepo4-all-in-one-inverter-built-in\/#primaryimage\"},\"thumbnailUrl\":\"https:\/\/geoune.net\/wp-content\/uploads\/2023\/06\/TA6000-2-1.png\",\"datePublished\":\"2023-06-13T08:42:31+00:00\",\"dateModified\":\"2023-06-15T15:09:13+00:00\",\"description\":\"Ge'ou New Energy is an integrated energy group that specializes in clean and new energy on lithium ion battery products.\",\"breadcrumb\":{\"@id\":\"https:\/\/geoune.net\/product\/ta6000-51-2v-210ah-lifepo4-all-in-one-inverter-built-in\/#breadcrumb\"},\"inLanguage\":\"fr-FR\",\"potentialAction\":[{\"@type\":\"ReadAction\",\"target\":[\"https:\/\/geoune.net\/product\/ta6000-51-2v-210ah-lifepo4-all-in-one-inverter-built-in\/\"]}]},{\"@type\":\"ImageObject\",\"inLanguage\":\"fr-FR\",\"@id\":\"https:\/\/geoune.net\/product\/ta6000-51-2v-210ah-lifepo4-all-in-one-inverter-built-in\/#primaryimage\",\"url\":\"https:\/\/geoune.net\/wp-content\/uploads\/2023\/06\/TA6000-2-1.png\",\"contentUrl\":\"https:\/\/geoune.net\/wp-content\/uploads\/2023\/06\/TA6000-2-1.png\",\"width\":1280,\"height\":1280,\"caption\":\"TA6000 (2)\"},{\"@type\":\"BreadcrumbList\",\"@id\":\"https:\/\/geoune.net\/product\/ta6000-51-2v-210ah-lifepo4-all-in-one-inverter-built-in\/#breadcrumb\",\"itemListElement\":[{\"@type\":\"ListItem\",\"position\":1,\"name\":\"\u9996\u9875\",\"item\":\"https:\/\/geoune.net\/\"},{\"@type\":\"ListItem\",\"position\":2,\"name\":\"Products\",\"item\":\"https:\/\/geoune.net\/shop\/\"},{\"@type\":\"ListItem\",\"position\":3,\"name\":\"TA6000 51.2V 210Ah LiFePo4 All in one inverter built in\"}]},{\"@type\":\"WebSite\",\"@id\":\"https:\/\/geoune.net\/#website\",\"url\":\"https:\/\/geoune.net\/\",\"name\":\"Ge'ou NEW ENERGY\",\"description\":\"Ge&#039;ou New Energy is an integrated energy group that specializes in clean and new energy on lithium ion battery products.\",\"publisher\":{\"@id\":\"https:\/\/geoune.net\/#organization\"},\"alternateName\":\"OEM Lithium ion Battery Products Manufacturer | Ge'ou New Energy\",\"potentialAction\":[{\"@type\":\"SearchAction\",\"target\":{\"@type\":\"EntryPoint\",\"urlTemplate\":\"https:\/\/geoune.net\/?s={search_term_string}\"},\"query-input\":\"required name=search_term_string\"}],\"inLanguage\":\"fr-FR\"},{\"@type\":\"Organization\",\"@id\":\"https:\/\/geoune.net\/#organization\",\"name\":\"Ge'ou NEW ENERGY\",\"url\":\"https:\/\/geoune.net\/\",\"logo\":{\"@type\":\"ImageObject\",\"inLanguage\":\"fr-FR\",\"@id\":\"https:\/\/geoune.net\/#\/schema\/logo\/image\/\",\"url\":\"https:\/\/geoune.net\/wp-content\/uploads\/2023\/06\/GEOUNE-LOGO.png\",\"contentUrl\":\"https:\/\/geoune.net\/wp-content\/uploads\/2023\/06\/GEOUNE-LOGO.png\",\"width\":500,\"height\":350,\"caption\":\"Ge'ou NEW ENERGY\"},\"image\":{\"@id\":\"https:\/\/geoune.net\/#\/schema\/logo\/image\/\"}}]}<\/script>\n<!-- \/ Yoast SEO Premium plugin. -->","yoast_head_json":{"title":"TA6000 51.2V 210Ah LiFePo4 All in one inverter built in - Ge&#039;ou NEW ENERGY","description":"Ge'ou New Energy is an integrated energy group that specializes in clean and new energy on lithium ion battery products.","robots":{"index":"index","follow":"follow","max-snippet":"max-snippet:-1","max-image-preview":"max-image-preview:large","max-video-preview":"max-video-preview:-1"},"canonical":"https:\/\/geoune.net\/fr\/produit\/ta6000-51-2v-210ah-lifepo4-all-in-one-inverter-built-in\/","og_locale":"fr_FR","og_type":"article","og_title":"TA6000 51.2V 210Ah LiFePo4 All in one inverter built in","og_description":"Ge'ou New Energy is an integrated energy group that specializes in clean and new energy on lithium ion battery products.","og_url":"https:\/\/geoune.net\/fr\/produit\/ta6000-51-2v-210ah-lifepo4-all-in-one-inverter-built-in\/","og_site_name":"Ge&#039;ou NEW ENERGY","article_modified_time":"2023-06-15T15:09:13+00:00","og_image":[{"width":1280,"height":1280,"url":"https:\/\/geoune.net\/wp-content\/uploads\/2023\/06\/TA6000-2-1.png","type":"image\/png"}],"twitter_card":"summary_large_image","twitter_misc":{"Dur\u00e9e de lecture estim\u00e9e":"1 minute"},"schema":{"@context":"https:\/\/schema.org","@graph":[{"@type":"WebPage","@id":"https:\/\/geoune.net\/product\/ta6000-51-2v-210ah-lifepo4-all-in-one-inverter-built-in\/","url":"https:\/\/geoune.net\/product\/ta6000-51-2v-210ah-lifepo4-all-in-one-inverter-built-in\/","name":"TA6000 51.2V 210Ah LiFePo4 All in one inverter built in - Ge&#039;ou NEW ENERGY","isPartOf":{"@id":"https:\/\/geoune.net\/#website"},"primaryImageOfPage":{"@id":"https:\/\/geoune.net\/product\/ta6000-51-2v-210ah-lifepo4-all-in-one-inverter-built-in\/#primaryimage"},"image":{"@id":"https:\/\/geoune.net\/product\/ta6000-51-2v-210ah-lifepo4-all-in-one-inverter-built-in\/#primaryimage"},"thumbnailUrl":"https:\/\/geoune.net\/wp-content\/uploads\/2023\/06\/TA6000-2-1.png","datePublished":"2023-06-13T08:42:31+00:00","dateModified":"2023-06-15T15:09:13+00:00","description":"Ge'ou New Energy is an integrated energy group that specializes in clean and new energy on lithium ion battery products.","breadcrumb":{"@id":"https:\/\/geoune.net\/product\/ta6000-51-2v-210ah-lifepo4-all-in-one-inverter-built-in\/#breadcrumb"},"inLanguage":"fr-FR","potentialAction":[{"@type":"ReadAction","target":["https:\/\/geoune.net\/product\/ta6000-51-2v-210ah-lifepo4-all-in-one-inverter-built-in\/"]}]},{"@type":"ImageObject","inLanguage":"fr-FR","@id":"https:\/\/geoune.net\/product\/ta6000-51-2v-210ah-lifepo4-all-in-one-inverter-built-in\/#primaryimage","url":"https:\/\/geoune.net\/wp-content\/uploads\/2023\/06\/TA6000-2-1.png","contentUrl":"https:\/\/geoune.net\/wp-content\/uploads\/2023\/06\/TA6000-2-1.png","width":1280,"height":1280,"caption":"TA6000 (2)"},{"@type":"BreadcrumbList","@id":"https:\/\/geoune.net\/product\/ta6000-51-2v-210ah-lifepo4-all-in-one-inverter-built-in\/#breadcrumb","itemListElement":[{"@type":"ListItem","position":1,"name":"\u9996\u9875","item":"https:\/\/geoune.net\/"},{"@type":"ListItem","position":2,"name":"Products","item":"https:\/\/geoune.net\/shop\/"},{"@type":"ListItem","position":3,"name":"TA6000 51.2V 210Ah LiFePo4 All in one inverter built in"}]},{"@type":"WebSite","@id":"https:\/\/geoune.net\/#website","url":"https:\/\/geoune.net\/","name":"Ge'ou NEW ENERGY","description":"Ge&#039;ou New Energy is an integrated energy group that specializes in clean and new energy on lithium ion battery products.","publisher":{"@id":"https:\/\/geoune.net\/#organization"},"alternateName":"OEM Lithium ion Battery Products Manufacturer | Ge'ou New Energy","potentialAction":[{"@type":"SearchAction","target":{"@type":"EntryPoint","urlTemplate":"https:\/\/geoune.net\/?s={search_term_string}"},"query-input":"required name=search_term_string"}],"inLanguage":"fr-FR"},{"@type":"Organization","@id":"https:\/\/geoune.net\/#organization","name":"Ge'ou NEW ENERGY","url":"https:\/\/geoune.net\/","logo":{"@type":"ImageObject","inLanguage":"fr-FR","@id":"https:\/\/geoune.net\/#\/schema\/logo\/image\/","url":"https:\/\/geoune.net\/wp-content\/uploads\/2023\/06\/GEOUNE-LOGO.png","contentUrl":"https:\/\/geoune.net\/wp-content\/uploads\/2023\/06\/GEOUNE-LOGO.png","width":500,"height":350,"caption":"Ge'ou NEW ENERGY"},"image":{"@id":"https:\/\/geoune.net\/#\/schema\/logo\/image\/"}}]}},"_links":{"self":[{"href":"https:\/\/geoune.net\/fr\/wp-json\/wp\/v2\/product\/1432","targetHints":{"allow":["GET"]}}],"collection":[{"href":"https:\/\/geoune.net\/fr\/wp-json\/wp\/v2\/product"}],"about":[{"href":"https:\/\/geoune.net\/fr\/wp-json\/wp\/v2\/types\/product"}],"wp:featuredmedia":[{"embeddable":true,"href":"https:\/\/geoune.net\/fr\/wp-json\/wp\/v2\/media\/1436"}],"wp:attachment":[{"href":"https:\/\/geoune.net\/fr\/wp-json\/wp\/v2\/media?parent=1432"}],"wp:term":[{"taxonomy":"product_brand","embeddable":true,"href":"https:\/\/geoune.net\/fr\/wp-json\/wp\/v2\/product_brand?post=1432"},{"taxonomy":"product_cat","embeddable":true,"href":"https:\/\/geoune.net\/fr\/wp-json\/wp\/v2\/product_cat?post=1432"},{"taxonomy":"product_tag","embeddable":true,"href":"https:\/\/geoune.net\/fr\/wp-json\/wp\/v2\/product_tag?post=1432"}],"curies":[{"name":"wp","href":"https:\/\/api.w.org\/{rel}","templated":true}]}}