{"id":1375,"date":"2023-06-13T07:25:45","date_gmt":"2023-06-13T07:25:45","guid":{"rendered":"https:\/\/geoune.net\/?post_type=product&#038;p=1375"},"modified":"2023-06-15T15:10:25","modified_gmt":"2023-06-15T15:10:25","slug":"golf-cart-51-2v-105ah-lithium-iron-phosphate-battery-16s1p-golf-cart-battery","status":"publish","type":"product","link":"https:\/\/geoune.net\/fr\/produit\/golf-cart-51-2v-105ah-lithium-iron-phosphate-battery-16s1p-golf-cart-battery\/","title":{"rendered":"Batterie de chariot de golf de la batterie 16S1P de batterie de phosphate de fer de lithium de chariot de golf 51.2V 105Ah"},"content":{"rendered":"<div class=\"sliderTable mt10 mb10 sliderTable-index0 change-to-org\">\n<div class=\"inner\">\n<table>\n<tbody>\n<tr class=\"firstRow\">\n<td style=\"text-align: center;\" colspan=\"2\" rowspan=\"1\" valign=\"top\">\u00a0 \u00a0 \u00a0<strong> Chariot de golf Geoune 51.2V 105Ah Batterie au lithium Lifepo4<\/strong><\/td>\n<\/tr>\n<tr>\n<td valign=\"top\" width=\"186\">Nom du mod\u00e8le :<\/td>\n<td valign=\"top\" width=\"670\">Batterie de voiturette de golf 51,2 V 105 A<\/td>\n<\/tr>\n<tr>\n<td valign=\"top\" width=\"186\">Capacit\u00e9 nominale:<\/td>\n<td valign=\"top\" width=\"670\">105Ah<\/td>\n<\/tr>\n<tr>\n<td valign=\"top\" width=\"186\">Tension nominale:<\/td>\n<td valign=\"top\" width=\"670\">51.2V<\/td>\n<\/tr>\n<tr>\n<td valign=\"top\" width=\"186\">Cycle de vie:<\/td>\n<td valign=\"top\" width=\"670\">Plus de 3000 cycles \u00e0 80% DOD<\/td>\n<\/tr>\n<tr>\n<td valign=\"top\" width=\"186\">Taille:<\/td>\n<td valign=\"top\" width=\"670\">360*285*280mm<\/td>\n<\/tr>\n<tr>\n<td valign=\"top\" width=\"186\">Poids net:<\/td>\n<td valign=\"top\" width=\"670\">48Kg<\/td>\n<\/tr>\n<tr>\n<td valign=\"top\" width=\"186\">M\u00e9thode de facturation :<\/td>\n<td valign=\"top\" width=\"670\">CC-CV<\/td>\n<\/tr>\n<tr>\n<td valign=\"top\" width=\"186\">Tension de charge maximale<\/td>\n<td valign=\"top\" width=\"670\">58.4V<\/td>\n<\/tr>\n<tr>\n<td colspan=\"1\" rowspan=\"1\" valign=\"top\">Courant de charge continu\u00a0:<\/td>\n<td colspan=\"1\" rowspan=\"1\" valign=\"top\">100A maximum<\/td>\n<\/tr>\n<tr>\n<td colspan=\"1\" rowspan=\"1\" valign=\"top\">Temp\u00e9rature de charge\u00a0:<\/td>\n<td colspan=\"1\" rowspan=\"1\" valign=\"top\">0\u2103~45\u2103<\/td>\n<\/tr>\n<tr>\n<td colspan=\"1\" rowspan=\"1\" valign=\"top\">Courant de d\u00e9charge continu\u00a0:<\/td>\n<td colspan=\"1\" rowspan=\"1\" valign=\"top\">100A maximum<\/td>\n<\/tr>\n<tr>\n<td colspan=\"1\" rowspan=\"1\" valign=\"top\">Courant de d\u00e9charge instantan\u00e9 de cr\u00eate\u00a0:<\/td>\n<td colspan=\"1\" rowspan=\"1\" valign=\"top\">260A<\/td>\n<\/tr>\n<tr>\n<td colspan=\"1\" rowspan=\"1\" valign=\"top\">Tension de coupure de d\u00e9charge\u00a0:<\/td>\n<td colspan=\"1\" rowspan=\"1\" valign=\"top\">40V<\/td>\n<\/tr>\n<tr>\n<td colspan=\"1\" rowspan=\"1\" valign=\"top\">Temp\u00e9rature de d\u00e9charge\u00a0:<\/td>\n<td colspan=\"1\" rowspan=\"1\" valign=\"top\">-20\u2103~65\u2103<\/td>\n<\/tr>\n<tr>\n<td colspan=\"1\" rowspan=\"1\" valign=\"top\">Temp\u00e9rature de stockage:<\/td>\n<td colspan=\"1\" rowspan=\"1\" valign=\"top\">-20\u2103~45\u2103<\/td>\n<\/tr>\n<tr>\n<td colspan=\"1\" rowspan=\"1\" valign=\"top\">Autod\u00e9charge (stock\u00e9 au 50% SOC)<\/td>\n<td colspan=\"1\" rowspan=\"1\" valign=\"top\">\u22643%\/mois<\/td>\n<\/tr>\n<tr>\n<td valign=\"top\" width=\"186\">Fonction facultative<\/td>\n<td valign=\"top\" width=\"670\">Bluetooth Disponible sur IOS ou Android<\/td>\n<\/tr>\n<\/tbody>\n<\/table>\n<\/div>\n<\/div>\n<p><strong>Avertissement!<\/strong><\/p>\n<ul>\n<li>l Ne jetez jamais la batterie dans l&#039;eau, gardez-la dans des circonstances s\u00e8ches, ombrag\u00e9es et fra\u00eeches lorsqu&#039;elle n&#039;est pas utilis\u00e9e.<\/li>\n<li>l Jamais \u00e0 l&#039;envers le positif et le n\u00e9gatif.<\/li>\n<li>l Ne connectez jamais le positif et le n\u00e9gatif de la batterie avec du m\u00e9tal.<\/li>\n<li>l N&#039;exp\u00e9diez ou ne stockez jamais la batterie avec du m\u00e9tal<\/li>\n<li>l Ne jamais cogner, jeter ou pi\u00e9tiner la batterie.<\/li>\n<li>l Ne coupez jamais la batterie avec un clou ou un autre outil tranchant.<\/li>\n<\/ul>\n<p><img fetchpriority=\"high\" decoding=\"async\" class=\"wp-image-1380 size-full alignleft\" src=\"https:\/\/geoune.net\/wp-content\/uploads\/2023\/06\/48V-golf-cart-battery.webp\" alt=\"48V-golf-cart-battery\" width=\"800\" height=\"600\" srcset=\"https:\/\/geoune.net\/wp-content\/uploads\/2023\/06\/48V-golf-cart-battery.webp 800w, https:\/\/geoune.net\/wp-content\/uploads\/2023\/06\/48V-golf-cart-battery-300x225.webp 300w, https:\/\/geoune.net\/wp-content\/uploads\/2023\/06\/48V-golf-cart-battery-768x576.webp 768w, https:\/\/geoune.net\/wp-content\/uploads\/2023\/06\/48V-golf-cart-battery-600x450.webp 600w\" sizes=\"(max-width: 800px) 100vw, 800px\" \/><\/p>","protected":false},"excerpt":{"rendered":"<p>*Dur\u00e9e de vie attrayante *Performances de s\u00e9curit\u00e9 \u00e9tendues *Large plage de temp\u00e9rature de fonctionnement *Performance \u00e0 haute temp\u00e9rature in\u00e9gal\u00e9e *\u00c9nergie verte sans contaminant m\u00e9tallique *Haute capacit\u00e9 *Tension de sortie constante *Peu d&#039;autod\u00e9charge *Double protection de s\u00e9curit\u00e9 *R\u00e9siste \u00e0 un niveau tr\u00e8s \u00e9lev\u00e9 de vibrations et de chocs<\/p>","protected":false},"featured_media":1379,"template":"","meta":{"site-sidebar-layout":"default","site-content-layout":"default","ast-site-content-layout":"default","site-content-style":"default","site-sidebar-style":"default","ast-global-header-display":"","ast-banner-title-visibility":"","ast-main-header-display":"","ast-hfb-above-header-display":"","ast-hfb-below-header-display":"","ast-hfb-mobile-header-display":"","site-post-title":"","ast-breadcrumbs-content":"","ast-featured-img":"","footer-sml-layout":"","theme-transparent-header-meta":"default","adv-header-id-meta":"","stick-header-meta":"","header-above-stick-meta":"","header-main-stick-meta":"","header-below-stick-meta":"","astra-migrate-meta-layouts":"default","ast-page-background-enabled":"default","ast-page-background-meta":{"desktop":{"background-color":"","background-image":"","background-repeat":"repeat","background-position":"center center","background-size":"auto","background-attachment":"scroll","background-type":"","background-media":"","overlay-type":"","overlay-color":"","overlay-opacity":"","overlay-gradient":""},"tablet":{"background-color":"","background-image":"","background-repeat":"repeat","background-position":"center center","background-size":"auto","background-attachment":"scroll","background-type":"","background-media":"","overlay-type":"","overlay-color":"","overlay-opacity":"","overlay-gradient":""},"mobile":{"background-color":"","background-image":"","background-repeat":"repeat","background-position":"center center","background-size":"auto","background-attachment":"scroll","background-type":"","background-media":"","overlay-type":"","overlay-color":"","overlay-opacity":"","overlay-gradient":""}},"ast-content-background-meta":{"desktop":{"background-color":"var(--ast-global-color-5)","background-image":"","background-repeat":"repeat","background-position":"center center","background-size":"auto","background-attachment":"scroll","background-type":"","background-media":"","overlay-type":"","overlay-color":"","overlay-opacity":"","overlay-gradient":""},"tablet":{"background-color":"var(--ast-global-color-5)","background-image":"","background-repeat":"repeat","background-position":"center center","background-size":"auto","background-attachment":"scroll","background-type":"","background-media":"","overlay-type":"","overlay-color":"","overlay-opacity":"","overlay-gradient":""},"mobile":{"background-color":"var(--ast-global-color-5)","background-image":"","background-repeat":"repeat","background-position":"center center","background-size":"auto","background-attachment":"scroll","background-type":"","background-media":"","overlay-type":"","overlay-color":"","overlay-opacity":"","overlay-gradient":""}}},"product_brand":[],"product_cat":[22,28],"product_tag":[],"class_list":{"0":"post-1375","1":"product","2":"type-product","3":"status-publish","4":"has-post-thumbnail","6":"product_cat-lithium-ion-battery","7":"product_cat-lt-series","8":"desktop-align-left","9":"tablet-align-left","10":"mobile-align-left","12":"first","13":"instock","14":"shipping-taxable","15":"product-type-simple"},"yoast_head":"<!-- This site is optimized with the Yoast SEO Premium plugin v20.11 (Yoast SEO v22.7) - https:\/\/yoast.com\/wordpress\/plugins\/seo\/ -->\n<title>Golf Cart 51.2V 105Ah Lithium Iron Phosphate Battery 16S1P Golf Cart Battery - Ge&#039;ou NEW ENERGY<\/title>\n<meta name=\"description\" content=\"Ge&#039;ou New Energy is an integrated energy group that specializes in clean and new energy on lithium ion battery products.\" \/>\n<meta name=\"robots\" content=\"index, follow, max-snippet:-1, max-image-preview:large, max-video-preview:-1\" \/>\n<link rel=\"canonical\" href=\"https:\/\/geoune.net\/fr\/produit\/golf-cart-51-2v-105ah-lithium-iron-phosphate-battery-16s1p-golf-cart-battery\/\" \/>\n<meta property=\"og:locale\" content=\"fr_FR\" \/>\n<meta property=\"og:type\" content=\"article\" \/>\n<meta property=\"og:title\" content=\"Golf Cart 51.2V 105Ah Lithium Iron Phosphate Battery 16S1P Golf Cart Battery\" \/>\n<meta property=\"og:description\" content=\"Ge&#039;ou New Energy is an integrated energy group that specializes in clean and new energy on lithium ion battery products.\" \/>\n<meta property=\"og:url\" content=\"https:\/\/geoune.net\/fr\/produit\/golf-cart-51-2v-105ah-lithium-iron-phosphate-battery-16s1p-golf-cart-battery\/\" \/>\n<meta property=\"og:site_name\" content=\"Ge&#039;ou NEW ENERGY\" \/>\n<meta property=\"article:modified_time\" content=\"2023-06-15T15:10:25+00:00\" \/>\n<meta property=\"og:image\" content=\"https:\/\/geoune.net\/wp-content\/uploads\/2023\/06\/tuceng.webp\" \/>\n\t<meta property=\"og:image:width\" content=\"800\" \/>\n\t<meta property=\"og:image:height\" content=\"800\" \/>\n\t<meta property=\"og:image:type\" content=\"image\/webp\" \/>\n<meta name=\"twitter:card\" content=\"summary_large_image\" \/>\n<meta name=\"twitter:label1\" content=\"Dur\u00e9e de lecture estim\u00e9e\" \/>\n\t<meta name=\"twitter:data1\" content=\"1 minute\" \/>\n<script type=\"application\/ld+json\" class=\"yoast-schema-graph\">{\"@context\":\"https:\/\/schema.org\",\"@graph\":[{\"@type\":\"WebPage\",\"@id\":\"https:\/\/geoune.net\/product\/golf-cart-51-2v-105ah-lithium-iron-phosphate-battery-16s1p-golf-cart-battery\/\",\"url\":\"https:\/\/geoune.net\/product\/golf-cart-51-2v-105ah-lithium-iron-phosphate-battery-16s1p-golf-cart-battery\/\",\"name\":\"Golf Cart 51.2V 105Ah Lithium Iron Phosphate Battery 16S1P Golf Cart Battery - Ge&#039;ou NEW ENERGY\",\"isPartOf\":{\"@id\":\"https:\/\/geoune.net\/#website\"},\"primaryImageOfPage\":{\"@id\":\"https:\/\/geoune.net\/product\/golf-cart-51-2v-105ah-lithium-iron-phosphate-battery-16s1p-golf-cart-battery\/#primaryimage\"},\"image\":{\"@id\":\"https:\/\/geoune.net\/product\/golf-cart-51-2v-105ah-lithium-iron-phosphate-battery-16s1p-golf-cart-battery\/#primaryimage\"},\"thumbnailUrl\":\"https:\/\/geoune.net\/wp-content\/uploads\/2023\/06\/tuceng.webp\",\"datePublished\":\"2023-06-13T07:25:45+00:00\",\"dateModified\":\"2023-06-15T15:10:25+00:00\",\"description\":\"Ge'ou New Energy is an integrated energy group that specializes in clean and new energy on lithium ion battery products.\",\"breadcrumb\":{\"@id\":\"https:\/\/geoune.net\/product\/golf-cart-51-2v-105ah-lithium-iron-phosphate-battery-16s1p-golf-cart-battery\/#breadcrumb\"},\"inLanguage\":\"fr-FR\",\"potentialAction\":[{\"@type\":\"ReadAction\",\"target\":[\"https:\/\/geoune.net\/product\/golf-cart-51-2v-105ah-lithium-iron-phosphate-battery-16s1p-golf-cart-battery\/\"]}]},{\"@type\":\"ImageObject\",\"inLanguage\":\"fr-FR\",\"@id\":\"https:\/\/geoune.net\/product\/golf-cart-51-2v-105ah-lithium-iron-phosphate-battery-16s1p-golf-cart-battery\/#primaryimage\",\"url\":\"https:\/\/geoune.net\/wp-content\/uploads\/2023\/06\/tuceng.webp\",\"contentUrl\":\"https:\/\/geoune.net\/wp-content\/uploads\/2023\/06\/tuceng.webp\",\"width\":800,\"height\":800,\"caption\":\"GEOUNE\"},{\"@type\":\"BreadcrumbList\",\"@id\":\"https:\/\/geoune.net\/product\/golf-cart-51-2v-105ah-lithium-iron-phosphate-battery-16s1p-golf-cart-battery\/#breadcrumb\",\"itemListElement\":[{\"@type\":\"ListItem\",\"position\":1,\"name\":\"\u9996\u9875\",\"item\":\"https:\/\/geoune.net\/\"},{\"@type\":\"ListItem\",\"position\":2,\"name\":\"Products\",\"item\":\"https:\/\/geoune.net\/shop\/\"},{\"@type\":\"ListItem\",\"position\":3,\"name\":\"Golf Cart 51.2V 105Ah Lithium Iron Phosphate Battery 16S1P Golf Cart Battery\"}]},{\"@type\":\"WebSite\",\"@id\":\"https:\/\/geoune.net\/#website\",\"url\":\"https:\/\/geoune.net\/\",\"name\":\"Ge'ou NEW ENERGY\",\"description\":\"Ge&#039;ou New Energy is an integrated energy group that specializes in clean and new energy on lithium ion battery products.\",\"publisher\":{\"@id\":\"https:\/\/geoune.net\/#organization\"},\"alternateName\":\"OEM Lithium ion Battery Products Manufacturer | Ge'ou New Energy\",\"potentialAction\":[{\"@type\":\"SearchAction\",\"target\":{\"@type\":\"EntryPoint\",\"urlTemplate\":\"https:\/\/geoune.net\/?s={search_term_string}\"},\"query-input\":\"required name=search_term_string\"}],\"inLanguage\":\"fr-FR\"},{\"@type\":\"Organization\",\"@id\":\"https:\/\/geoune.net\/#organization\",\"name\":\"Ge'ou NEW ENERGY\",\"url\":\"https:\/\/geoune.net\/\",\"logo\":{\"@type\":\"ImageObject\",\"inLanguage\":\"fr-FR\",\"@id\":\"https:\/\/geoune.net\/#\/schema\/logo\/image\/\",\"url\":\"https:\/\/geoune.net\/wp-content\/uploads\/2023\/06\/GEOUNE-LOGO.png\",\"contentUrl\":\"https:\/\/geoune.net\/wp-content\/uploads\/2023\/06\/GEOUNE-LOGO.png\",\"width\":500,\"height\":350,\"caption\":\"Ge'ou NEW ENERGY\"},\"image\":{\"@id\":\"https:\/\/geoune.net\/#\/schema\/logo\/image\/\"}}]}<\/script>\n<!-- \/ Yoast SEO Premium plugin. -->","yoast_head_json":{"title":"Golf Cart 51.2V 105Ah Lithium Iron Phosphate Battery 16S1P Golf Cart Battery - Ge&#039;ou NEW ENERGY","description":"Ge'ou New Energy is an integrated energy group that specializes in clean and new energy on lithium ion battery products.","robots":{"index":"index","follow":"follow","max-snippet":"max-snippet:-1","max-image-preview":"max-image-preview:large","max-video-preview":"max-video-preview:-1"},"canonical":"https:\/\/geoune.net\/fr\/produit\/golf-cart-51-2v-105ah-lithium-iron-phosphate-battery-16s1p-golf-cart-battery\/","og_locale":"fr_FR","og_type":"article","og_title":"Golf Cart 51.2V 105Ah Lithium Iron Phosphate Battery 16S1P Golf Cart Battery","og_description":"Ge'ou New Energy is an integrated energy group that specializes in clean and new energy on lithium ion battery products.","og_url":"https:\/\/geoune.net\/fr\/produit\/golf-cart-51-2v-105ah-lithium-iron-phosphate-battery-16s1p-golf-cart-battery\/","og_site_name":"Ge&#039;ou NEW ENERGY","article_modified_time":"2023-06-15T15:10:25+00:00","og_image":[{"width":800,"height":800,"url":"https:\/\/geoune.net\/wp-content\/uploads\/2023\/06\/tuceng.webp","type":"image\/webp"}],"twitter_card":"summary_large_image","twitter_misc":{"Dur\u00e9e de lecture estim\u00e9e":"1 minute"},"schema":{"@context":"https:\/\/schema.org","@graph":[{"@type":"WebPage","@id":"https:\/\/geoune.net\/product\/golf-cart-51-2v-105ah-lithium-iron-phosphate-battery-16s1p-golf-cart-battery\/","url":"https:\/\/geoune.net\/product\/golf-cart-51-2v-105ah-lithium-iron-phosphate-battery-16s1p-golf-cart-battery\/","name":"Golf Cart 51.2V 105Ah Lithium Iron Phosphate Battery 16S1P Golf Cart Battery - Ge&#039;ou NEW ENERGY","isPartOf":{"@id":"https:\/\/geoune.net\/#website"},"primaryImageOfPage":{"@id":"https:\/\/geoune.net\/product\/golf-cart-51-2v-105ah-lithium-iron-phosphate-battery-16s1p-golf-cart-battery\/#primaryimage"},"image":{"@id":"https:\/\/geoune.net\/product\/golf-cart-51-2v-105ah-lithium-iron-phosphate-battery-16s1p-golf-cart-battery\/#primaryimage"},"thumbnailUrl":"https:\/\/geoune.net\/wp-content\/uploads\/2023\/06\/tuceng.webp","datePublished":"2023-06-13T07:25:45+00:00","dateModified":"2023-06-15T15:10:25+00:00","description":"Ge'ou New Energy is an integrated energy group that specializes in clean and new energy on lithium ion battery products.","breadcrumb":{"@id":"https:\/\/geoune.net\/product\/golf-cart-51-2v-105ah-lithium-iron-phosphate-battery-16s1p-golf-cart-battery\/#breadcrumb"},"inLanguage":"fr-FR","potentialAction":[{"@type":"ReadAction","target":["https:\/\/geoune.net\/product\/golf-cart-51-2v-105ah-lithium-iron-phosphate-battery-16s1p-golf-cart-battery\/"]}]},{"@type":"ImageObject","inLanguage":"fr-FR","@id":"https:\/\/geoune.net\/product\/golf-cart-51-2v-105ah-lithium-iron-phosphate-battery-16s1p-golf-cart-battery\/#primaryimage","url":"https:\/\/geoune.net\/wp-content\/uploads\/2023\/06\/tuceng.webp","contentUrl":"https:\/\/geoune.net\/wp-content\/uploads\/2023\/06\/tuceng.webp","width":800,"height":800,"caption":"GEOUNE"},{"@type":"BreadcrumbList","@id":"https:\/\/geoune.net\/product\/golf-cart-51-2v-105ah-lithium-iron-phosphate-battery-16s1p-golf-cart-battery\/#breadcrumb","itemListElement":[{"@type":"ListItem","position":1,"name":"\u9996\u9875","item":"https:\/\/geoune.net\/"},{"@type":"ListItem","position":2,"name":"Products","item":"https:\/\/geoune.net\/shop\/"},{"@type":"ListItem","position":3,"name":"Golf Cart 51.2V 105Ah Lithium Iron Phosphate Battery 16S1P Golf Cart Battery"}]},{"@type":"WebSite","@id":"https:\/\/geoune.net\/#website","url":"https:\/\/geoune.net\/","name":"Ge'ou NEW ENERGY","description":"Ge&#039;ou New Energy is an integrated energy group that specializes in clean and new energy on lithium ion battery products.","publisher":{"@id":"https:\/\/geoune.net\/#organization"},"alternateName":"OEM Lithium ion Battery Products Manufacturer | Ge'ou New Energy","potentialAction":[{"@type":"SearchAction","target":{"@type":"EntryPoint","urlTemplate":"https:\/\/geoune.net\/?s={search_term_string}"},"query-input":"required name=search_term_string"}],"inLanguage":"fr-FR"},{"@type":"Organization","@id":"https:\/\/geoune.net\/#organization","name":"Ge'ou NEW ENERGY","url":"https:\/\/geoune.net\/","logo":{"@type":"ImageObject","inLanguage":"fr-FR","@id":"https:\/\/geoune.net\/#\/schema\/logo\/image\/","url":"https:\/\/geoune.net\/wp-content\/uploads\/2023\/06\/GEOUNE-LOGO.png","contentUrl":"https:\/\/geoune.net\/wp-content\/uploads\/2023\/06\/GEOUNE-LOGO.png","width":500,"height":350,"caption":"Ge'ou NEW ENERGY"},"image":{"@id":"https:\/\/geoune.net\/#\/schema\/logo\/image\/"}}]}},"_links":{"self":[{"href":"https:\/\/geoune.net\/fr\/wp-json\/wp\/v2\/product\/1375","targetHints":{"allow":["GET"]}}],"collection":[{"href":"https:\/\/geoune.net\/fr\/wp-json\/wp\/v2\/product"}],"about":[{"href":"https:\/\/geoune.net\/fr\/wp-json\/wp\/v2\/types\/product"}],"wp:featuredmedia":[{"embeddable":true,"href":"https:\/\/geoune.net\/fr\/wp-json\/wp\/v2\/media\/1379"}],"wp:attachment":[{"href":"https:\/\/geoune.net\/fr\/wp-json\/wp\/v2\/media?parent=1375"}],"wp:term":[{"taxonomy":"product_brand","embeddable":true,"href":"https:\/\/geoune.net\/fr\/wp-json\/wp\/v2\/product_brand?post=1375"},{"taxonomy":"product_cat","embeddable":true,"href":"https:\/\/geoune.net\/fr\/wp-json\/wp\/v2\/product_cat?post=1375"},{"taxonomy":"product_tag","embeddable":true,"href":"https:\/\/geoune.net\/fr\/wp-json\/wp\/v2\/product_tag?post=1375"}],"curies":[{"name":"wp","href":"https:\/\/api.w.org\/{rel}","templated":true}]}}