{"id":1858,"date":"2023-06-27T17:08:34","date_gmt":"2023-06-27T09:08:34","guid":{"rendered":"https:\/\/geoune.net\/certification-copy\/"},"modified":"2023-06-27T17:51:08","modified_gmt":"2023-06-27T09:51:08","slug":"limited-warranty","status":"publish","type":"page","link":"https:\/\/geoune.net\/fr\/limited-warranty\/","title":{"rendered":"Garantie limit\u00e9e"},"content":{"rendered":"<div data-elementor-type=\"wp-page\" data-elementor-id=\"1858\" class=\"elementor elementor-1858\" data-elementor-post-type=\"page\">\n\t\t\t\t\t\t<section class=\"elementor-section elementor-top-section elementor-element elementor-element-11cfd6b elementor-section-full_width elementor-section-height-min-height elementor-section-height-default elementor-section-items-middle\" data-id=\"11cfd6b\" data-element_type=\"section\" data-settings=\"{&quot;background_background&quot;:&quot;classic&quot;}\">\n\t\t\t\t\t\t<div class=\"elementor-container elementor-column-gap-default\">\n\t\t\t\t\t<div class=\"elementor-column elementor-col-100 elementor-top-column elementor-element elementor-element-74e626b\" data-id=\"74e626b\" data-element_type=\"column\">\n\t\t\t<div class=\"elementor-widget-wrap\">\n\t\t\t\t\t\t\t<\/div>\n\t\t<\/div>\n\t\t\t\t\t<\/div>\n\t\t<\/section>\n\t\t\t\t<section class=\"elementor-section elementor-top-section elementor-element elementor-element-4dd984b elementor-section-boxed elementor-section-height-default elementor-section-height-default\" data-id=\"4dd984b\" data-element_type=\"section\">\n\t\t\t\t\t\t<div class=\"elementor-container elementor-column-gap-default\">\n\t\t\t\t\t<div class=\"elementor-column elementor-col-100 elementor-top-column elementor-element elementor-element-4289402\" data-id=\"4289402\" data-element_type=\"column\">\n\t\t\t<div class=\"elementor-widget-wrap elementor-element-populated\">\n\t\t\t\t\t\t<div class=\"elementor-element elementor-element-a5125a1 elementor-widget elementor-widget-heading\" data-id=\"a5125a1\" data-element_type=\"widget\" data-widget_type=\"heading.default\">\n\t\t\t\t<div class=\"elementor-widget-container\">\n\t\t\t\t\t<h2 class=\"elementor-heading-title elementor-size-default\">Garantie limit\u00e9e<\/h2>\t\t\t\t<\/div>\n\t\t\t\t<\/div>\n\t\t\t\t<div class=\"elementor-element elementor-element-5817d69 elementor-widget__width-initial elementor-widget elementor-widget-text-editor\" data-id=\"5817d69\" data-element_type=\"widget\" data-widget_type=\"text-editor.default\">\n\t\t\t\t<div class=\"elementor-widget-container\">\n\t\t\t\t\t\t\t\t\t<p>Cette garantie limit\u00e9e s&#039;applique aux batteries au lithium, y compris les batteries LiFepo4 et NCM (&quot;produit&quot;) fournies par Ge&#039;ou.<\/p><p><strong><b>I Que signifie cette garantie limit\u00e9e\u00a0<\/b><\/strong><strong><b>c<\/b><\/strong><strong><b>sur?<\/b><\/strong><\/p><p>Cette garantie limit\u00e9e couvre tout d\u00e9faut de mat\u00e9riel et de fabrication dans des conditions normales d&#039;utilisation pendant la p\u00e9riode de garantie. Cette garantie limit\u00e9e s&#039;adresse \u00e0 l&#039;acheteur initial des produits et n&#039;est pas transf\u00e9rable \u00e0 toute autre personne ou entit\u00e9.<br \/>Pendant la p\u00e9riode de garantie, Ge&#039;ou r\u00e9parera ou remplacera les produits ou les pi\u00e8ces du produit qui sont jug\u00e9s d\u00e9fectueux en mati\u00e8re de mat\u00e9riel ou de fabrication dans des conditions normales d&#039;utilisation et d&#039;entretien.<\/p><p><strong><b>II Quoi\u00a0<\/b><\/strong><strong><b>allons-nous<\/b><\/strong><strong><b>\u00a0faire pour corriger les probl\u00e8mes?<br \/><\/b><\/strong>Ge&#039;ou r\u00e9parera ou remplacera gratuitement le produit ou des pi\u00e8ces du produit, en utilisant de nouveaux produits ou pi\u00e8ces.<\/p><p><strong><b>III P\u00e9riode de garantie<br \/><\/b><\/strong>Ge&#039;ou fournit TROIS niveaux de p\u00e9riodes de garantie pour apporter plus de soutien afin d&#039;am\u00e9liorer la comp\u00e9titivit\u00e9 des clients dans le d\u00e9veloppement du march\u00e9.<\/p><table><tbody><tr><td width=\"196\"><strong><b>type de produit<\/b><\/strong><\/td><td width=\"276\"><strong><b>P\u00e9riode de garantie standard (ann\u00e9es)<\/b><\/strong><\/td><td width=\"171\"><strong><b>P\u00e9riode de garantie prolong\u00e9e (ann\u00e9es)<\/b><\/strong><\/td><td width=\"183\"><strong><b>P\u00e9riode de garantie super longue (ann\u00e9es)<\/b><\/strong><\/td><\/tr><tr><td>Batterie de stockage d&#039;\u00e9nergie<\/td><td>3<\/td><td>5<\/td><td>10<\/td><\/tr><tr><td>Batterie de traction \u00e9lectrique<\/td><td>2<\/td><td>3<\/td><td>5<\/td><\/tr><tr><td>Batterie NCM<\/td><td>1<\/td><td>2<\/td><td>3<\/td><\/tr><tr><td>Prix sp\u00e9cial Batterie<\/td><td>1<\/td><td>2<\/td><td>3<\/td><\/tr><\/tbody><\/table><p><strong><b>IV Politique de garantie suppl\u00e9mentaire<br \/><\/b><\/strong>Apr\u00e8s la p\u00e9riode de garantie, pour toute panne, si le produit est raisonnablement r\u00e9parable comme nous l&#039;avons d\u00e9termin\u00e9, il sera r\u00e9par\u00e9 au co\u00fbt mat\u00e9riel de base et vous sera retourn\u00e9, et le fret \u00e0 vos c\u00f4t\u00e9s. S&#039;il n&#039;est pas jug\u00e9 r\u00e9parable par Ge&#039;ou, Ge&#039;ou vous proposera une nouvelle batterie de remplacement similaire \u00e0 une remise 10% du prix concurrent indiqu\u00e9 sur la derni\u00e8re liste de prix de Ge&#039;ou. L&#039;offre de remplacement ne sera valable que 30 jours.<\/p><p><strong><b>V Qu&#039;est-ce que cette garantie limit\u00e9e ne couvre pas\u00a0?<br \/><\/b><\/strong>Chacun des produits dispose d&#039;un syst\u00e8me de gestion de batterie (BMS) int\u00e9gr\u00e9 con\u00e7u pour couper l&#039;alimentation afin d&#039;\u00e9viter d&#039;endommager les cellules ou l&#039;\u00e9lectronique s&#039;il d\u00e9tecte l&#039;une des conditions suivantes\u00a0: surcharge ou d\u00e9charge excessive, surtension, -tension, surintensit\u00e9 pendant la charge ou la d\u00e9charge, et sous ou surtemp\u00e9rature. L&#039;utilisateur est responsable de g\u00e9rer l&#039;utilisation de la batterie afin que le syst\u00e8me de protection BMS ne fonctionne pas comme un r\u00e9gulateur contr\u00f4l\u00e9 par les fonctions de protection mentionn\u00e9es ci-dessus. Les dommages caus\u00e9s par des cycles r\u00e9p\u00e9titifs de protection BMS sont consid\u00e9r\u00e9s comme des abus et ne sont pas couverts.<\/p><p>Cette garantie limit\u00e9e ne couvre pas la d\u00e9faillance des produits li\u00e9e \u00e0 des dommages caus\u00e9s par un abus ou une n\u00e9gligence, une alt\u00e9ration, le non-respect des directives Ge&#039;ou ou l&#039;un des \u00e9l\u00e9ments suivants\u00a0: dommages dus \u00e0 l&#039;exp\u00e9dition, boulons de borne desserr\u00e9s, mat\u00e9riel corrod\u00e9, installation incorrecte et brancher la batterie, D\u00e9faut de charger et d&#039;entretenir correctement la batterie, Bris ou dommages caus\u00e9s par une collision, un incendie, le gel, des dommages caus\u00e9s par une chaleur ou un froid extr\u00eame, un stockage inappropri\u00e9, une connexion \u00e0 polarit\u00e9 invers\u00e9e, un court-circuit des bornes de la batterie ou des d\u00e9g\u00e2ts des eaux.<\/p><p>Cette garantie limit\u00e9e ne couvre pas la r\u00e9paration, l&#039;entretien et l&#039;ajustement du produit requis pour des raisons de n\u00e9gligence, de mauvaise utilisation, d&#039;accident, de modification sans l&#039;approbation \u00e9crite pr\u00e9alable de Ge&#039;ou, d&#039;environnement inappropri\u00e9 (y compris le manque de temp\u00e9rature ou d&#039;humidit\u00e9 appropri\u00e9e), de conditions physiques ou \u00e9lectriques inhabituelles stress ou interf\u00e9rence, d\u00e9faillance de la foudre, incendie ou actes de Dieu.<\/p><p>Cette garantie limit\u00e9e ne couvre pas les batteries us\u00e9es. Il est possible d&#039;\u00e9puiser la dur\u00e9e de vie de la batterie avant la fin de la p\u00e9riode de garantie en utilisant la batterie LiFePo4 pendant 2 cycles par jour ou la batterie NCM pendant 1,5 cycle par jour. Une batterie us\u00e9e aura moins de 60% de capacit\u00e9 restante.<\/p><p>Cette garantie limit\u00e9e ne couvre pas les frais d&#039;exp\u00e9dition vers et depuis Ge&#039;ou, sauf si Ge&#039;ou est contact\u00e9 dans les 60 jours suivant la r\u00e9ception du produit par l&#039;acheteur.<\/p><p>Cette garantie limit\u00e9e ne couvre pas les frais d&#039;exp\u00e9dition vers et depuis Ge&#039;ou pendant les 60 premiers jours pour toute adresse en dehors des \u00c9tats-Unis. Ge&#039;ou livre d&#039;abord le produit conform\u00e9ment \u00e0 la commande de l&#039;acheteur.<\/p><p>Cette garantie limit\u00e9e ne couvre pas les produits vendus par Ge&#039;ou ou tout distributeur ou revendeur agr\u00e9\u00e9 \u00e0 un fabricant d&#039;\u00e9quipement d&#039;origine (OEM). Veuillez contacter directement l&#039;OEM pour les demandes de garantie.<\/p><p><strong><b>VI Exclusion de garantie<br \/><\/b><\/strong>Ge&#039;ou ne fait aucune repr\u00e9sentation ou garantie concernant le produit autre que celles express\u00e9ment \u00e9nonc\u00e9es dans la pr\u00e9sente garantie limit\u00e9e. Les garanties limit\u00e9es qui pr\u00e9c\u00e8dent sont exclusives et remplacent toutes les autres garanties expresses et implicites quelles qu&#039;elles soient. Ge&#039;ou d\u00e9cline express\u00e9ment toute garantie implicite de qualit\u00e9 marchande ou d&#039;ad\u00e9quation \u00e0 un usage particulier. Dans toute la mesure o\u00f9 les dommages peuvent \u00eatre rejet\u00e9s par la loi, Ge&#039;ou ne sera pas responsable, que ce soit en responsabilit\u00e9 contractuelle ou d\u00e9lictuelle (y compris la n\u00e9gligence et la responsabilit\u00e9 stricte), pour tout dommage d\u00e9passant le prix d&#039;achat du produit ou pour tout dommage indirect, accessoire, dommages sp\u00e9ciaux ou cons\u00e9cutifs de quelque nature que ce soit, ou toute perte de revenus, de b\u00e9n\u00e9fices, d&#039;activit\u00e9, d&#039;informations, de donn\u00e9es ou toute autre perte financi\u00e8re r\u00e9sultant de ou li\u00e9e \u00e0 l&#039;incapacit\u00e9 de l&#039;utilisateur \u00e0 utiliser le Produit.<\/p><p><strong><b>VII Droits l\u00e9gaux<\/b><\/strong><br \/>Certains pays et\/ou \u00e9tats n&#039;autorisent pas les limitations sur la dur\u00e9e d&#039;une garantie implicite ou l&#039;exclusion ou la limitation des dommages accessoires ou cons\u00e9cutifs, de sorte que les limitations ci-dessus peuvent ne pas s&#039;appliquer \u00e0 vous. Cette garantie vous donne des droits l\u00e9gaux sp\u00e9cifiques, qui peuvent varier d&#039;un pays \u00e0 l&#039;autre et\/ou d&#039;un \u00e9tat \u00e0 l&#039;autre. Cette garantie sera r\u00e9gie et interpr\u00e9t\u00e9e conform\u00e9ment aux lois de la Chine. Cette garantie est consid\u00e9r\u00e9e comme l&#039;accord exclusif entre les parties concernant l&#039;objet des pr\u00e9sentes. Aucun employ\u00e9 ou repr\u00e9sentant de Ge&#039;ou n&#039;est autoris\u00e9 \u00e0 faire une garantie en plus de celles faites dans cet accord.<\/p><p>Si vous avez des questions concernant la garantie Ge&#039;ou, n&#039;h\u00e9sitez pas \u00e0 contacter Ge&#039;ou par :<\/p><p>Courriel\u00a0:Jennifer@geoune.com<\/p><p>T\u00e9l\u00e9phone :+86-188-1699-2690<\/p>\t\t\t\t\t\t\t\t<\/div>\n\t\t\t\t<\/div>\n\t\t\t\t\t<\/div>\n\t\t<\/div>\n\t\t\t\t\t<\/div>\n\t\t<\/section>\n\t\t\t\t<\/div>","protected":false},"excerpt":{"rendered":"<p>Limited Warranty This Limited Warranty applies to the lithium batteries, including both LiFepo4 and NCM batteries (\u201cproduct\u201d) provided by Ge&#8217;ou. I What does this Limited Warranty\u00a0cover? This Limited Warranty covers any defect in material and workmanship under normal use during the Warranty Period. This Limited Warranty is to the original purchaser of the products and [&hellip;]<\/p>","protected":false},"author":1,"featured_media":0,"parent":0,"menu_order":0,"comment_status":"closed","ping_status":"closed","template":"","meta":{"site-sidebar-layout":"no-sidebar","site-content-layout":"page-builder","ast-site-content-layout":"default","site-content-style":"default","site-sidebar-style":"default","ast-global-header-display":"","ast-banner-title-visibility":"","ast-main-header-display":"","ast-hfb-above-header-display":"","ast-hfb-below-header-display":"","ast-hfb-mobile-header-display":"","site-post-title":"disabled","ast-breadcrumbs-content":"","ast-featured-img":"disabled","footer-sml-layout":"","theme-transparent-header-meta":"","adv-header-id-meta":"","stick-header-meta":"","header-above-stick-meta":"","header-main-stick-meta":"","header-below-stick-meta":"","astra-migrate-meta-layouts":"default","ast-page-background-enabled":"default","ast-page-background-meta":{"desktop":{"background-color":"","background-image":"","background-repeat":"repeat","background-position":"center center","background-size":"auto","background-attachment":"scroll","background-type":"","background-media":"","overlay-type":"","overlay-color":"","overlay-opacity":"","overlay-gradient":""},"tablet":{"background-color":"","background-image":"","background-repeat":"repeat","background-position":"center center","background-size":"auto","background-attachment":"scroll","background-type":"","background-media":"","overlay-type":"","overlay-color":"","overlay-opacity":"","overlay-gradient":""},"mobile":{"background-color":"","background-image":"","background-repeat":"repeat","background-position":"center center","background-size":"auto","background-attachment":"scroll","background-type":"","background-media":"","overlay-type":"","overlay-color":"","overlay-opacity":"","overlay-gradient":""}},"ast-content-background-meta":{"desktop":{"background-color":"var(--ast-global-color-5)","background-image":"","background-repeat":"repeat","background-position":"center center","background-size":"auto","background-attachment":"scroll","background-type":"","background-media":"","overlay-type":"","overlay-color":"","overlay-opacity":"","overlay-gradient":""},"tablet":{"background-color":"var(--ast-global-color-5)","background-image":"","background-repeat":"repeat","background-position":"center center","background-size":"auto","background-attachment":"scroll","background-type":"","background-media":"","overlay-type":"","overlay-color":"","overlay-opacity":"","overlay-gradient":""},"mobile":{"background-color":"var(--ast-global-color-5)","background-image":"","background-repeat":"repeat","background-position":"center center","background-size":"auto","background-attachment":"scroll","background-type":"","background-media":"","overlay-type":"","overlay-color":"","overlay-opacity":"","overlay-gradient":""}},"footnotes":""},"class_list":["post-1858","page","type-page","status-publish","hentry"],"yoast_head":"<!-- This site is optimized with the Yoast SEO Premium plugin v20.11 (Yoast SEO v22.7) - https:\/\/yoast.com\/wordpress\/plugins\/seo\/ -->\n<title>Limited Warranty - Ge&#039;ou NEW ENERGY<\/title>\n<meta name=\"description\" content=\"Ge&#039;ou New Energy is an integrated energy group that specializes in clean and new energy on lithium ion battery products.\" \/>\n<meta name=\"robots\" content=\"index, follow, max-snippet:-1, max-image-preview:large, max-video-preview:-1\" \/>\n<link rel=\"canonical\" href=\"https:\/\/geoune.net\/fr\/limited-warranty\/\" \/>\n<meta property=\"og:locale\" content=\"fr_FR\" \/>\n<meta property=\"og:type\" content=\"article\" \/>\n<meta property=\"og:title\" content=\"Limited Warranty\" \/>\n<meta property=\"og:description\" content=\"Ge&#039;ou New Energy is an integrated energy group that specializes in clean and new energy on lithium ion battery products.\" \/>\n<meta property=\"og:url\" content=\"https:\/\/geoune.net\/fr\/limited-warranty\/\" \/>\n<meta property=\"og:site_name\" content=\"Ge&#039;ou NEW ENERGY\" \/>\n<meta property=\"article:modified_time\" content=\"2023-06-27T09:51:08+00:00\" \/>\n<meta name=\"twitter:card\" content=\"summary_large_image\" \/>\n<meta name=\"twitter:label1\" content=\"Dur\u00e9e de lecture estim\u00e9e\" \/>\n\t<meta name=\"twitter:data1\" content=\"4 minutes\" \/>\n<script type=\"application\/ld+json\" class=\"yoast-schema-graph\">{\"@context\":\"https:\/\/schema.org\",\"@graph\":[{\"@type\":\"WebPage\",\"@id\":\"https:\/\/geoune.net\/limited-warranty\/\",\"url\":\"https:\/\/geoune.net\/limited-warranty\/\",\"name\":\"Limited Warranty - Ge&#039;ou NEW ENERGY\",\"isPartOf\":{\"@id\":\"https:\/\/geoune.net\/#website\"},\"datePublished\":\"2023-06-27T09:08:34+00:00\",\"dateModified\":\"2023-06-27T09:51:08+00:00\",\"description\":\"Ge'ou New Energy is an integrated energy group that specializes in clean and new energy on lithium ion battery products.\",\"breadcrumb\":{\"@id\":\"https:\/\/geoune.net\/limited-warranty\/#breadcrumb\"},\"inLanguage\":\"fr-FR\",\"potentialAction\":[{\"@type\":\"ReadAction\",\"target\":[\"https:\/\/geoune.net\/limited-warranty\/\"]}]},{\"@type\":\"BreadcrumbList\",\"@id\":\"https:\/\/geoune.net\/limited-warranty\/#breadcrumb\",\"itemListElement\":[{\"@type\":\"ListItem\",\"position\":1,\"name\":\"\u9996\u9875\",\"item\":\"https:\/\/geoune.net\/\"},{\"@type\":\"ListItem\",\"position\":2,\"name\":\"Limited Warranty\"}]},{\"@type\":\"WebSite\",\"@id\":\"https:\/\/geoune.net\/#website\",\"url\":\"https:\/\/geoune.net\/\",\"name\":\"Ge'ou NEW ENERGY\",\"description\":\"Ge&#039;ou New Energy is an integrated energy group that specializes in clean and new energy on lithium ion battery products.\",\"publisher\":{\"@id\":\"https:\/\/geoune.net\/#organization\"},\"alternateName\":\"OEM Lithium ion Battery Products Manufacturer | Ge'ou New Energy\",\"potentialAction\":[{\"@type\":\"SearchAction\",\"target\":{\"@type\":\"EntryPoint\",\"urlTemplate\":\"https:\/\/geoune.net\/?s={search_term_string}\"},\"query-input\":\"required name=search_term_string\"}],\"inLanguage\":\"fr-FR\"},{\"@type\":\"Organization\",\"@id\":\"https:\/\/geoune.net\/#organization\",\"name\":\"Ge'ou NEW ENERGY\",\"url\":\"https:\/\/geoune.net\/\",\"logo\":{\"@type\":\"ImageObject\",\"inLanguage\":\"fr-FR\",\"@id\":\"https:\/\/geoune.net\/#\/schema\/logo\/image\/\",\"url\":\"https:\/\/geoune.net\/wp-content\/uploads\/2023\/06\/GEOUNE-LOGO.png\",\"contentUrl\":\"https:\/\/geoune.net\/wp-content\/uploads\/2023\/06\/GEOUNE-LOGO.png\",\"width\":500,\"height\":350,\"caption\":\"Ge'ou NEW ENERGY\"},\"image\":{\"@id\":\"https:\/\/geoune.net\/#\/schema\/logo\/image\/\"}}]}<\/script>\n<!-- \/ Yoast SEO Premium plugin. -->","yoast_head_json":{"title":"Limited Warranty - Ge&#039;ou NEW ENERGY","description":"Ge'ou New Energy is an integrated energy group that specializes in clean and new energy on lithium ion battery products.","robots":{"index":"index","follow":"follow","max-snippet":"max-snippet:-1","max-image-preview":"max-image-preview:large","max-video-preview":"max-video-preview:-1"},"canonical":"https:\/\/geoune.net\/fr\/limited-warranty\/","og_locale":"fr_FR","og_type":"article","og_title":"Limited Warranty","og_description":"Ge'ou New Energy is an integrated energy group that specializes in clean and new energy on lithium ion battery products.","og_url":"https:\/\/geoune.net\/fr\/limited-warranty\/","og_site_name":"Ge&#039;ou NEW ENERGY","article_modified_time":"2023-06-27T09:51:08+00:00","twitter_card":"summary_large_image","twitter_misc":{"Dur\u00e9e de lecture estim\u00e9e":"4 minutes"},"schema":{"@context":"https:\/\/schema.org","@graph":[{"@type":"WebPage","@id":"https:\/\/geoune.net\/limited-warranty\/","url":"https:\/\/geoune.net\/limited-warranty\/","name":"Limited Warranty - Ge&#039;ou NEW ENERGY","isPartOf":{"@id":"https:\/\/geoune.net\/#website"},"datePublished":"2023-06-27T09:08:34+00:00","dateModified":"2023-06-27T09:51:08+00:00","description":"Ge'ou New Energy is an integrated energy group that specializes in clean and new energy on lithium ion battery products.","breadcrumb":{"@id":"https:\/\/geoune.net\/limited-warranty\/#breadcrumb"},"inLanguage":"fr-FR","potentialAction":[{"@type":"ReadAction","target":["https:\/\/geoune.net\/limited-warranty\/"]}]},{"@type":"BreadcrumbList","@id":"https:\/\/geoune.net\/limited-warranty\/#breadcrumb","itemListElement":[{"@type":"ListItem","position":1,"name":"\u9996\u9875","item":"https:\/\/geoune.net\/"},{"@type":"ListItem","position":2,"name":"Limited Warranty"}]},{"@type":"WebSite","@id":"https:\/\/geoune.net\/#website","url":"https:\/\/geoune.net\/","name":"Ge'ou NEW ENERGY","description":"Ge&#039;ou New Energy is an integrated energy group that specializes in clean and new energy on lithium ion battery products.","publisher":{"@id":"https:\/\/geoune.net\/#organization"},"alternateName":"OEM Lithium ion Battery Products Manufacturer | Ge'ou New Energy","potentialAction":[{"@type":"SearchAction","target":{"@type":"EntryPoint","urlTemplate":"https:\/\/geoune.net\/?s={search_term_string}"},"query-input":"required name=search_term_string"}],"inLanguage":"fr-FR"},{"@type":"Organization","@id":"https:\/\/geoune.net\/#organization","name":"Ge'ou NEW ENERGY","url":"https:\/\/geoune.net\/","logo":{"@type":"ImageObject","inLanguage":"fr-FR","@id":"https:\/\/geoune.net\/#\/schema\/logo\/image\/","url":"https:\/\/geoune.net\/wp-content\/uploads\/2023\/06\/GEOUNE-LOGO.png","contentUrl":"https:\/\/geoune.net\/wp-content\/uploads\/2023\/06\/GEOUNE-LOGO.png","width":500,"height":350,"caption":"Ge'ou NEW ENERGY"},"image":{"@id":"https:\/\/geoune.net\/#\/schema\/logo\/image\/"}}]}},"_links":{"self":[{"href":"https:\/\/geoune.net\/fr\/wp-json\/wp\/v2\/pages\/1858","targetHints":{"allow":["GET"]}}],"collection":[{"href":"https:\/\/geoune.net\/fr\/wp-json\/wp\/v2\/pages"}],"about":[{"href":"https:\/\/geoune.net\/fr\/wp-json\/wp\/v2\/types\/page"}],"author":[{"embeddable":true,"href":"https:\/\/geoune.net\/fr\/wp-json\/wp\/v2\/users\/1"}],"replies":[{"embeddable":true,"href":"https:\/\/geoune.net\/fr\/wp-json\/wp\/v2\/comments?post=1858"}],"version-history":[{"count":0,"href":"https:\/\/geoune.net\/fr\/wp-json\/wp\/v2\/pages\/1858\/revisions"}],"wp:attachment":[{"href":"https:\/\/geoune.net\/fr\/wp-json\/wp\/v2\/media?parent=1858"}],"curies":[{"name":"wp","href":"https:\/\/api.w.org\/{rel}","templated":true}]}}