{"id":2280,"date":"2023-07-18T23:37:39","date_gmt":"2023-07-18T15:37:39","guid":{"rendered":"https:\/\/geoune.net\/?post_type=product&#038;p=2280"},"modified":"2023-07-18T23:37:41","modified_gmt":"2023-07-18T15:37:41","slug":"11kw-bidirectional-dc-charging-pile","status":"publish","type":"product","link":"https:\/\/geoune.net\/es\/producto\/11kw-bidirectional-dc-charging-pile\/","title":{"rendered":"Pila de carga de CC bidireccional de 11kW"},"content":{"rendered":"<p>Cargador UBC100011-T V2G, admite flujo bidireccional de energ\u00eda el\u00e9ctrica, conducto de aire independiente, nivel de protecci\u00f3n IP65, con rango de voltaje de salida s\u00faper amplio de 150 V a 1000 V, admite la mayor\u00eda de los veh\u00edculos el\u00e9ctricos de pasajeros. Es ampliamente utilizado para cargar y descargar entre la red el\u00e9ctrica y el veh\u00edculo el\u00e9ctrico de pasajeros.<\/p>\n<p><img fetchpriority=\"high\" decoding=\"async\" class=\"alignnone size-full wp-image-2285\" src=\"https:\/\/geoune.net\/wp-content\/uploads\/2023\/07\/\u5fae\u4fe1\u622a\u56fe_20230718233553.jpg\" alt=\"\" width=\"1611\" height=\"874\" srcset=\"https:\/\/geoune.net\/wp-content\/uploads\/2023\/07\/\u5fae\u4fe1\u622a\u56fe_20230718233553.jpg 1611w, https:\/\/geoune.net\/wp-content\/uploads\/2023\/07\/\u5fae\u4fe1\u622a\u56fe_20230718233553-300x163.jpg 300w, https:\/\/geoune.net\/wp-content\/uploads\/2023\/07\/\u5fae\u4fe1\u622a\u56fe_20230718233553-1024x556.jpg 1024w, https:\/\/geoune.net\/wp-content\/uploads\/2023\/07\/\u5fae\u4fe1\u622a\u56fe_20230718233553-768x417.jpg 768w, https:\/\/geoune.net\/wp-content\/uploads\/2023\/07\/\u5fae\u4fe1\u622a\u56fe_20230718233553-1536x833.jpg 1536w, https:\/\/geoune.net\/wp-content\/uploads\/2023\/07\/\u5fae\u4fe1\u622a\u56fe_20230718233553-18x10.jpg 18w, https:\/\/geoune.net\/wp-content\/uploads\/2023\/07\/\u5fae\u4fe1\u622a\u56fe_20230718233553-600x326.jpg 600w\" sizes=\"(max-width: 1611px) 100vw, 1611px\" \/><\/p>\n<h2 class=\"pro_h2 wow fadeInUp animated\">Par\u00e1metros t\u00e9cnicos<\/h2>\n<ul class=\"pro3_list forview\">\n<li class=\"forlist on\"><a class=\"top\">Par\u00e1metros del lado de CC<\/a>\n<div class=\"table\">\n<table class=\"forview2\">\n<tbody>\n<tr class=\"forlist2\">\n<td class=\"\">Energ\u00eda del lado de CC<\/td>\n<td class=\"\">bidireccional<\/td>\n<\/tr>\n<tr class=\"forlist2\">\n<td class=\"\">Potencia nominal de salida<\/td>\n<td class=\"\">11kW<\/td>\n<\/tr>\n<tr class=\"forlist2\">\n<td class=\"\">Rango de voltaje de potencia constante<\/td>\n<td class=\"\">300~1000V<\/td>\n<\/tr>\n<tr class=\"forlist2\">\n<td class=\"\">Rango de voltaje de CC<\/td>\n<td class=\"\">150~1000V<\/td>\n<\/tr>\n<tr class=\"forlist2\">\n<td class=\"\">Rango de corriente CC<\/td>\n<td class=\"\">-36.7~38.6A<\/td>\n<\/tr>\n<tr class=\"forlist2\">\n<td class=\"\">Proteccion al sobrevoltaje<\/td>\n<td class=\"\">Apoyo<\/td>\n<\/tr>\n<tr class=\"forlist2\">\n<td class=\"\">Alarma de bajo voltaje<\/td>\n<td class=\"\">Apoyo<\/td>\n<\/tr>\n<tr class=\"forlist2\">\n<td class=\"\">Protecci\u00f3n contra cortocircuitos<\/td>\n<td class=\"\">Apoyo<\/td>\n<\/tr>\n<tr class=\"forlist2\">\n<td class=\"\">Precisi\u00f3n de voltaje<\/td>\n<td class=\"\">\u2264\u00b10.5%<\/td>\n<\/tr>\n<tr class=\"forlist2\">\n<td class=\"\">Precisi\u00f3n actual<\/td>\n<td class=\"\">\u2264\u00b11%<\/td>\n<\/tr>\n<tr class=\"forlist2\">\n<td class=\"\">Sobreimpulso de salida de inicio<\/td>\n<td class=\"\">\u22645%<\/td>\n<\/tr>\n<tr class=\"forlist2\">\n<td class=\"\">ondulaci\u00f3n de tensi\u00f3n<\/td>\n<td class=\"\">\u22641% (pico a pico)<\/td>\n<\/tr>\n<tr class=\"forlist2\">\n<td class=\"\">ondulaci\u00f3n actual<\/td>\n<td class=\"\">\u22641A (pico a pico)<\/td>\n<\/tr>\n<tr class=\"forlist2\">\n<td class=\"\">Eficiencia<\/td>\n<td class=\"\">\u226595%<\/td>\n<\/tr>\n<\/tbody>\n<\/table>\n<p><a class=\"top\">Par\u00e1metros del lado de CA<\/a><\/p>\n<div class=\"table\">\n<table class=\"forview2\">\n<tbody>\n<tr class=\"forlist2\">\n<td class=\"\">energ\u00eda del lado de CA<\/td>\n<td class=\"\">bidireccional<\/td>\n<\/tr>\n<tr class=\"forlist2\">\n<td class=\"\">Potencia nominal de salida<\/td>\n<td class=\"\">11kW<\/td>\n<\/tr>\n<tr class=\"forlist2\">\n<td class=\"\">Voltaje Nominal de CA<\/td>\n<td class=\"\">Trif\u00e1sico 400VAC (265V~485V)<\/td>\n<\/tr>\n<tr class=\"forlist2\">\n<td class=\"\">Frecuencia<\/td>\n<td class=\"\">55\u00b110Hz<\/td>\n<\/tr>\n<tr class=\"forlist2\">\n<td class=\"\">Corriente CA nominal<\/td>\n<td class=\"\">16.7A<\/td>\n<\/tr>\n<tr class=\"forlist2\">\n<td class=\"\">THDi<\/td>\n<td class=\"\">\u22645%<\/td>\n<\/tr>\n<tr class=\"forlist2\">\n<td class=\"\">FP<\/td>\n<td class=\"\">\u22650.99@Potencia nominal<\/td>\n<\/tr>\n<tr class=\"forlist2\">\n<td class=\"\">Corriente m\u00e1xima<\/td>\n<td class=\"\">21A<\/td>\n<\/tr>\n<tr class=\"forlist2\">\n<td class=\"\">Corriente de fuga<\/td>\n<td class=\"\">3,5 mA<\/td>\n<\/tr>\n<tr class=\"forlist2\">\n<td class=\"\">Protecci\u00f3n contra bajo voltaje<\/td>\n<td class=\"\">Apoyo<\/td>\n<\/tr>\n<tr class=\"forlist2\">\n<td class=\"\">Proteccion al sobrevoltaje<\/td>\n<td class=\"\">Apoyo<\/td>\n<\/tr>\n<tr class=\"forlist2\">\n<td class=\"\">Limitaci\u00f3n de potencia<\/td>\n<td class=\"\">Apoyo<\/td>\n<\/tr>\n<\/tbody>\n<\/table>\n<p><a class=\"top\">Comunicaci\u00f3n y alarma<\/a><\/p>\n<div class=\"table\">\n<table class=\"forview2\">\n<tbody>\n<tr class=\"forlist2\">\n<td class=\"\">Mostrar<\/td>\n<td class=\"\">LCD<\/td>\n<\/tr>\n<tr class=\"forlist2\">\n<td class=\"\">Interface de comunicaci\u00f3n<\/td>\n<td class=\"\">4G\/RJ45\/RS485\/Bluetooth<\/td>\n<\/tr>\n<tr class=\"forlist2\">\n<td class=\"\">Alarma<\/td>\n<td class=\"\">CONDUJO<\/td>\n<\/tr>\n<\/tbody>\n<\/table>\n<p><a class=\"top\">Entorno operativo<\/a><\/p>\n<div class=\"table\">\n<table class=\"forview2\">\n<tbody>\n<tr class=\"forlist2\">\n<td class=\"\">Temperatura de trabajo<\/td>\n<td class=\"\">-40 \u2103 ~ 70 \u2103<\/td>\n<\/tr>\n<tr class=\"forlist2\">\n<td class=\"\">Temperatura de almacenamiento<\/td>\n<td class=\"\">\u2013 40\u00b0C~75\u00b0C<\/td>\n<\/tr>\n<tr class=\"forlist2\">\n<td class=\"\">Humedad<\/td>\n<td class=\"\">\u226495%, sin condensaci\u00f3n<\/td>\n<\/tr>\n<tr class=\"forlist2\">\n<td class=\"\">Altitud<\/td>\n<td class=\"\">2000m<\/td>\n<\/tr>\n<tr class=\"forlist2\">\n<td class=\"\">Ruido<\/td>\n<td class=\"\">\uff1c55dB<\/td>\n<\/tr>\n<tr class=\"forlist2\">\n<td class=\"\">Modo de enfriamiento<\/td>\n<td class=\"\">Refrigeraci\u00f3n independiente por conductos de aire<\/td>\n<\/tr>\n<tr class=\"forlist2\">\n<td class=\"\">nivel de IP<\/td>\n<td class=\"\">IP65<\/td>\n<\/tr>\n<\/tbody>\n<\/table>\n<p><a class=\"top\">Caracter\u00edsticas f\u00edsicas<\/a><\/p>\n<div class=\"table\">\n<table class=\"forview2\">\n<tbody>\n<tr class=\"forlist2\">\n<td class=\"\">Dimensi\u00f3n<\/td>\n<td class=\"\">655 mm (ancho) x 380 mm (alto) x 145 mm (profundidad)<\/td>\n<\/tr>\n<tr class=\"forlist2\">\n<td class=\"\">Peso neto de toda la pila<\/td>\n<td class=\"\">\u226432kg<\/td>\n<\/tr>\n<\/tbody>\n<\/table>\n<\/div>\n<\/div>\n<\/div>\n<\/div>\n<\/div>\n<\/li>\n<\/ul>","protected":false},"excerpt":{"rendered":"<p>UBC100011-T V2G charger, supports bi-directional flow of electric energy, independent airduct, IP65 protection level, with super wide output voltage range from 150V to 1000V, supports most of passenger EV. It is widely used for charging and discharging between power grid and passenger EV. Technical Parameters DC side parameters DC side energy Bi-directional Rated output power [&hellip;]<\/p>","protected":false},"featured_media":2283,"template":"","meta":{"site-sidebar-layout":"default","site-content-layout":"default","ast-site-content-layout":"default","site-content-style":"default","site-sidebar-style":"default","ast-global-header-display":"","ast-banner-title-visibility":"","ast-main-header-display":"","ast-hfb-above-header-display":"","ast-hfb-below-header-display":"","ast-hfb-mobile-header-display":"","site-post-title":"","ast-breadcrumbs-content":"","ast-featured-img":"","footer-sml-layout":"","theme-transparent-header-meta":"default","adv-header-id-meta":"","stick-header-meta":"","header-above-stick-meta":"","header-main-stick-meta":"","header-below-stick-meta":"","astra-migrate-meta-layouts":"default","ast-page-background-enabled":"default","ast-page-background-meta":{"desktop":{"background-color":"","background-image":"","background-repeat":"repeat","background-position":"center center","background-size":"auto","background-attachment":"scroll","background-type":"","background-media":"","overlay-type":"","overlay-color":"","overlay-opacity":"","overlay-gradient":""},"tablet":{"background-color":"","background-image":"","background-repeat":"repeat","background-position":"center center","background-size":"auto","background-attachment":"scroll","background-type":"","background-media":"","overlay-type":"","overlay-color":"","overlay-opacity":"","overlay-gradient":""},"mobile":{"background-color":"","background-image":"","background-repeat":"repeat","background-position":"center center","background-size":"auto","background-attachment":"scroll","background-type":"","background-media":"","overlay-type":"","overlay-color":"","overlay-opacity":"","overlay-gradient":""}},"ast-content-background-meta":{"desktop":{"background-color":"var(--ast-global-color-5)","background-image":"","background-repeat":"repeat","background-position":"center center","background-size":"auto","background-attachment":"scroll","background-type":"","background-media":"","overlay-type":"","overlay-color":"","overlay-opacity":"","overlay-gradient":""},"tablet":{"background-color":"var(--ast-global-color-5)","background-image":"","background-repeat":"repeat","background-position":"center center","background-size":"auto","background-attachment":"scroll","background-type":"","background-media":"","overlay-type":"","overlay-color":"","overlay-opacity":"","overlay-gradient":""},"mobile":{"background-color":"var(--ast-global-color-5)","background-image":"","background-repeat":"repeat","background-position":"center center","background-size":"auto","background-attachment":"scroll","background-type":"","background-media":"","overlay-type":"","overlay-color":"","overlay-opacity":"","overlay-gradient":""}}},"product_brand":[],"product_cat":[39],"product_tag":[],"class_list":{"0":"post-2280","1":"product","2":"type-product","3":"status-publish","4":"has-post-thumbnail","6":"product_cat-charging-pile","7":"desktop-align-left","8":"tablet-align-left","9":"mobile-align-left","11":"first","12":"instock","13":"shipping-taxable","14":"product-type-simple"},"yoast_head":"<!-- This site is optimized with the Yoast SEO Premium plugin v20.11 (Yoast SEO v22.7) - https:\/\/yoast.com\/wordpress\/plugins\/seo\/ -->\n<title>11kW Bidirectional DC Charging Pile - Ge&#039;ou NEW ENERGY<\/title>\n<meta name=\"description\" content=\"Ge&#039;ou New Energy is an integrated energy group that specializes in clean and new energy on lithium ion battery products.\" \/>\n<meta name=\"robots\" content=\"index, follow, max-snippet:-1, max-image-preview:large, max-video-preview:-1\" \/>\n<link rel=\"canonical\" href=\"https:\/\/geoune.net\/es\/producto\/11kw-bidirectional-dc-charging-pile\/\" \/>\n<meta property=\"og:locale\" content=\"es_ES\" \/>\n<meta property=\"og:type\" content=\"article\" \/>\n<meta property=\"og:title\" content=\"11kW Bidirectional DC Charging Pile\" \/>\n<meta property=\"og:description\" content=\"Ge&#039;ou New Energy is an integrated energy group that specializes in clean and new energy on lithium ion battery products.\" \/>\n<meta property=\"og:url\" content=\"https:\/\/geoune.net\/es\/producto\/11kw-bidirectional-dc-charging-pile\/\" \/>\n<meta property=\"og:site_name\" content=\"Ge&#039;ou NEW ENERGY\" \/>\n<meta property=\"article:modified_time\" content=\"2023-07-18T15:37:41+00:00\" \/>\n<meta property=\"og:image\" content=\"https:\/\/geoune.net\/wp-content\/uploads\/2023\/07\/6358a2ebaf4c7.png\" \/>\n\t<meta property=\"og:image:width\" content=\"800\" \/>\n\t<meta property=\"og:image:height\" content=\"800\" \/>\n\t<meta property=\"og:image:type\" content=\"image\/png\" \/>\n<meta name=\"twitter:card\" content=\"summary_large_image\" \/>\n<meta name=\"twitter:label1\" content=\"Tiempo de lectura\" \/>\n\t<meta name=\"twitter:data1\" content=\"2 minutos\" \/>\n<script type=\"application\/ld+json\" class=\"yoast-schema-graph\">{\"@context\":\"https:\/\/schema.org\",\"@graph\":[{\"@type\":\"WebPage\",\"@id\":\"https:\/\/geoune.net\/product\/11kw-bidirectional-dc-charging-pile\/\",\"url\":\"https:\/\/geoune.net\/product\/11kw-bidirectional-dc-charging-pile\/\",\"name\":\"11kW Bidirectional DC Charging Pile - Ge&#039;ou NEW ENERGY\",\"isPartOf\":{\"@id\":\"https:\/\/geoune.net\/#website\"},\"primaryImageOfPage\":{\"@id\":\"https:\/\/geoune.net\/product\/11kw-bidirectional-dc-charging-pile\/#primaryimage\"},\"image\":{\"@id\":\"https:\/\/geoune.net\/product\/11kw-bidirectional-dc-charging-pile\/#primaryimage\"},\"thumbnailUrl\":\"https:\/\/geoune.net\/wp-content\/uploads\/2023\/07\/6358a2ebaf4c7.png\",\"datePublished\":\"2023-07-18T15:37:39+00:00\",\"dateModified\":\"2023-07-18T15:37:41+00:00\",\"description\":\"Ge'ou New Energy is an integrated energy group that specializes in clean and new energy on lithium ion battery products.\",\"breadcrumb\":{\"@id\":\"https:\/\/geoune.net\/product\/11kw-bidirectional-dc-charging-pile\/#breadcrumb\"},\"inLanguage\":\"es\",\"potentialAction\":[{\"@type\":\"ReadAction\",\"target\":[\"https:\/\/geoune.net\/product\/11kw-bidirectional-dc-charging-pile\/\"]}]},{\"@type\":\"ImageObject\",\"inLanguage\":\"es\",\"@id\":\"https:\/\/geoune.net\/product\/11kw-bidirectional-dc-charging-pile\/#primaryimage\",\"url\":\"https:\/\/geoune.net\/wp-content\/uploads\/2023\/07\/6358a2ebaf4c7.png\",\"contentUrl\":\"https:\/\/geoune.net\/wp-content\/uploads\/2023\/07\/6358a2ebaf4c7.png\",\"width\":800,\"height\":800,\"caption\":\"11kW Bidirectional DC Charging Pile\"},{\"@type\":\"BreadcrumbList\",\"@id\":\"https:\/\/geoune.net\/product\/11kw-bidirectional-dc-charging-pile\/#breadcrumb\",\"itemListElement\":[{\"@type\":\"ListItem\",\"position\":1,\"name\":\"\u9996\u9875\",\"item\":\"https:\/\/geoune.net\/\"},{\"@type\":\"ListItem\",\"position\":2,\"name\":\"Products\",\"item\":\"https:\/\/geoune.net\/shop\/\"},{\"@type\":\"ListItem\",\"position\":3,\"name\":\"11kW Bidirectional DC Charging Pile\"}]},{\"@type\":\"WebSite\",\"@id\":\"https:\/\/geoune.net\/#website\",\"url\":\"https:\/\/geoune.net\/\",\"name\":\"Ge'ou NEW ENERGY\",\"description\":\"Ge&#039;ou New Energy is an integrated energy group that specializes in clean and new energy on lithium ion battery products.\",\"publisher\":{\"@id\":\"https:\/\/geoune.net\/#organization\"},\"alternateName\":\"OEM Lithium ion Battery Products Manufacturer | Ge'ou New Energy\",\"potentialAction\":[{\"@type\":\"SearchAction\",\"target\":{\"@type\":\"EntryPoint\",\"urlTemplate\":\"https:\/\/geoune.net\/?s={search_term_string}\"},\"query-input\":\"required name=search_term_string\"}],\"inLanguage\":\"es\"},{\"@type\":\"Organization\",\"@id\":\"https:\/\/geoune.net\/#organization\",\"name\":\"Ge'ou NEW ENERGY\",\"url\":\"https:\/\/geoune.net\/\",\"logo\":{\"@type\":\"ImageObject\",\"inLanguage\":\"es\",\"@id\":\"https:\/\/geoune.net\/#\/schema\/logo\/image\/\",\"url\":\"https:\/\/geoune.net\/wp-content\/uploads\/2023\/06\/GEOUNE-LOGO.png\",\"contentUrl\":\"https:\/\/geoune.net\/wp-content\/uploads\/2023\/06\/GEOUNE-LOGO.png\",\"width\":500,\"height\":350,\"caption\":\"Ge'ou NEW ENERGY\"},\"image\":{\"@id\":\"https:\/\/geoune.net\/#\/schema\/logo\/image\/\"}}]}<\/script>\n<!-- \/ Yoast SEO Premium plugin. -->","yoast_head_json":{"title":"11kW Bidirectional DC Charging Pile - Ge&#039;ou NEW ENERGY","description":"Ge'ou New Energy is an integrated energy group that specializes in clean and new energy on lithium ion battery products.","robots":{"index":"index","follow":"follow","max-snippet":"max-snippet:-1","max-image-preview":"max-image-preview:large","max-video-preview":"max-video-preview:-1"},"canonical":"https:\/\/geoune.net\/es\/producto\/11kw-bidirectional-dc-charging-pile\/","og_locale":"es_ES","og_type":"article","og_title":"11kW Bidirectional DC Charging Pile","og_description":"Ge'ou New Energy is an integrated energy group that specializes in clean and new energy on lithium ion battery products.","og_url":"https:\/\/geoune.net\/es\/producto\/11kw-bidirectional-dc-charging-pile\/","og_site_name":"Ge&#039;ou NEW ENERGY","article_modified_time":"2023-07-18T15:37:41+00:00","og_image":[{"width":800,"height":800,"url":"https:\/\/geoune.net\/wp-content\/uploads\/2023\/07\/6358a2ebaf4c7.png","type":"image\/png"}],"twitter_card":"summary_large_image","twitter_misc":{"Tiempo de lectura":"2 minutos"},"schema":{"@context":"https:\/\/schema.org","@graph":[{"@type":"WebPage","@id":"https:\/\/geoune.net\/product\/11kw-bidirectional-dc-charging-pile\/","url":"https:\/\/geoune.net\/product\/11kw-bidirectional-dc-charging-pile\/","name":"11kW Bidirectional DC Charging Pile - Ge&#039;ou NEW ENERGY","isPartOf":{"@id":"https:\/\/geoune.net\/#website"},"primaryImageOfPage":{"@id":"https:\/\/geoune.net\/product\/11kw-bidirectional-dc-charging-pile\/#primaryimage"},"image":{"@id":"https:\/\/geoune.net\/product\/11kw-bidirectional-dc-charging-pile\/#primaryimage"},"thumbnailUrl":"https:\/\/geoune.net\/wp-content\/uploads\/2023\/07\/6358a2ebaf4c7.png","datePublished":"2023-07-18T15:37:39+00:00","dateModified":"2023-07-18T15:37:41+00:00","description":"Ge'ou New Energy is an integrated energy group that specializes in clean and new energy on lithium ion battery products.","breadcrumb":{"@id":"https:\/\/geoune.net\/product\/11kw-bidirectional-dc-charging-pile\/#breadcrumb"},"inLanguage":"es","potentialAction":[{"@type":"ReadAction","target":["https:\/\/geoune.net\/product\/11kw-bidirectional-dc-charging-pile\/"]}]},{"@type":"ImageObject","inLanguage":"es","@id":"https:\/\/geoune.net\/product\/11kw-bidirectional-dc-charging-pile\/#primaryimage","url":"https:\/\/geoune.net\/wp-content\/uploads\/2023\/07\/6358a2ebaf4c7.png","contentUrl":"https:\/\/geoune.net\/wp-content\/uploads\/2023\/07\/6358a2ebaf4c7.png","width":800,"height":800,"caption":"11kW Bidirectional DC Charging Pile"},{"@type":"BreadcrumbList","@id":"https:\/\/geoune.net\/product\/11kw-bidirectional-dc-charging-pile\/#breadcrumb","itemListElement":[{"@type":"ListItem","position":1,"name":"\u9996\u9875","item":"https:\/\/geoune.net\/"},{"@type":"ListItem","position":2,"name":"Products","item":"https:\/\/geoune.net\/shop\/"},{"@type":"ListItem","position":3,"name":"11kW Bidirectional DC Charging Pile"}]},{"@type":"WebSite","@id":"https:\/\/geoune.net\/#website","url":"https:\/\/geoune.net\/","name":"Ge'ou NEW ENERGY","description":"Ge&#039;ou New Energy is an integrated energy group that specializes in clean and new energy on lithium ion battery products.","publisher":{"@id":"https:\/\/geoune.net\/#organization"},"alternateName":"OEM Lithium ion Battery Products Manufacturer | Ge'ou New Energy","potentialAction":[{"@type":"SearchAction","target":{"@type":"EntryPoint","urlTemplate":"https:\/\/geoune.net\/?s={search_term_string}"},"query-input":"required name=search_term_string"}],"inLanguage":"es"},{"@type":"Organization","@id":"https:\/\/geoune.net\/#organization","name":"Ge'ou NEW ENERGY","url":"https:\/\/geoune.net\/","logo":{"@type":"ImageObject","inLanguage":"es","@id":"https:\/\/geoune.net\/#\/schema\/logo\/image\/","url":"https:\/\/geoune.net\/wp-content\/uploads\/2023\/06\/GEOUNE-LOGO.png","contentUrl":"https:\/\/geoune.net\/wp-content\/uploads\/2023\/06\/GEOUNE-LOGO.png","width":500,"height":350,"caption":"Ge'ou NEW ENERGY"},"image":{"@id":"https:\/\/geoune.net\/#\/schema\/logo\/image\/"}}]}},"_links":{"self":[{"href":"https:\/\/geoune.net\/es\/wp-json\/wp\/v2\/product\/2280","targetHints":{"allow":["GET"]}}],"collection":[{"href":"https:\/\/geoune.net\/es\/wp-json\/wp\/v2\/product"}],"about":[{"href":"https:\/\/geoune.net\/es\/wp-json\/wp\/v2\/types\/product"}],"wp:featuredmedia":[{"embeddable":true,"href":"https:\/\/geoune.net\/es\/wp-json\/wp\/v2\/media\/2283"}],"wp:attachment":[{"href":"https:\/\/geoune.net\/es\/wp-json\/wp\/v2\/media?parent=2280"}],"wp:term":[{"taxonomy":"product_brand","embeddable":true,"href":"https:\/\/geoune.net\/es\/wp-json\/wp\/v2\/product_brand?post=2280"},{"taxonomy":"product_cat","embeddable":true,"href":"https:\/\/geoune.net\/es\/wp-json\/wp\/v2\/product_cat?post=2280"},{"taxonomy":"product_tag","embeddable":true,"href":"https:\/\/geoune.net\/es\/wp-json\/wp\/v2\/product_tag?post=2280"}],"curies":[{"name":"wp","href":"https:\/\/api.w.org\/{rel}","templated":true}]}}