{"id":1992,"date":"2023-06-30T16:45:07","date_gmt":"2023-06-30T08:45:07","guid":{"rendered":"https:\/\/geoune.net\/?post_type=product&#038;p=1992"},"modified":"2023-06-30T16:47:13","modified_gmt":"2023-06-30T08:47:13","slug":"197kwh-commercial-grid-scale-energy-storage-lithium-battery","status":"publish","type":"product","link":"https:\/\/geoune.net\/es\/producto\/197kwh-commercial-grid-scale-energy-storage-lithium-battery\/","title":{"rendered":"Bater\u00eda de litio de almacenamiento de energ\u00eda a escala de red comercial de 197kWh"},"content":{"rendered":"<div id=\"av-layout-grid-2\" class=\"av-layout-grid-container entry-content-wrapper main_color av-flex-cells avia-builder-el-10 el_after_av_layout_row el_before_av_layout_row submenu-not-first container_wrap fullsize\">\n<div class=\"flex_cell no_margin av_one_full avia-builder-el-11 avia-builder-el-no-sibling\">\n<div class=\"flex_cell_inner\">\n<div class=\"flex_column_table av-equal-height-column-flextable -flextable\">\n<div class=\"flex_column av_one_half flex_column_table_cell av-equal-height-column av-align-middle av-zero-column-padding first avia-builder-el-12 el_before_av_one_half avia-builder-el-first\">\n<section class=\"av_textblock_section\">\n<div class=\"avia_textblock av_inherit_color\">\n<p>El sistema de bater\u00eda de almacenamiento de energ\u00eda a escala de servicios p\u00fablicos de Geou tiene un dise\u00f1o modular que le permite adaptarse a una variedad de escenarios industriales y comerciales. Incorpora un convertidor de almacenamiento de energ\u00eda y un convertidor fotovoltaico, y puede generar electricidad de manera eficiente utilizando energ\u00eda fotovoltaica.<\/p>\n<\/div>\n<\/section>\n<\/div>\n<div class=\"av-flex-placeholder\"><\/div>\n<div class=\"flex_column av_one_half flex_column_table_cell av-equal-height-column av-align-middle av-zero-column-padding avia-builder-el-14 el_after_av_one_half avia-builder-el-last\">\n<div class=\"avia-image-container av-styling- avia-builder-el-15 avia-builder-el-no-sibling avia-align-center\">\n<div class=\"avia-image-container-inner\">\n<div class=\"avia-image-overlay-wrap\"><img fetchpriority=\"high\" decoding=\"async\" class=\"wp-image-7208 avia-img-lazy-loading-not-7208 avia_image entered lazyloaded\" title=\"estructura-interna-del-sistema-de-bateria-comercial\" src=\"https:\/\/polinovel.com\/wp-content\/uploads\/2023\/04\/commercial-battery-system-internal-structure-800600new.jpg\" sizes=\"(max-width: 800px) 100vw, 800px\" srcset=\"https:\/\/polinovel.com\/wp-content\/uploads\/2023\/04\/commercial-battery-system-internal-structure-800600new.jpg 800w, https:\/\/polinovel.com\/wp-content\/uploads\/2023\/04\/commercial-battery-system-internal-structure-800600new-300x225.jpg 300w, https:\/\/polinovel.com\/wp-content\/uploads\/2023\/04\/commercial-battery-system-internal-structure-800600new-768x576.jpg 768w, https:\/\/polinovel.com\/wp-content\/uploads\/2023\/04\/commercial-battery-system-internal-structure-800600new-705x529.jpg 705w\" alt=\"commercial battery system\" width=\"800\" height=\"600\" data-lazy-srcset=\"https:\/\/polinovel.com\/wp-content\/uploads\/2023\/04\/commercial-battery-system-internal-structure-800600new.jpg 800w, https:\/\/polinovel.com\/wp-content\/uploads\/2023\/04\/commercial-battery-system-internal-structure-800600new-300x225.jpg 300w, https:\/\/polinovel.com\/wp-content\/uploads\/2023\/04\/commercial-battery-system-internal-structure-800600new-768x576.jpg 768w, https:\/\/polinovel.com\/wp-content\/uploads\/2023\/04\/commercial-battery-system-internal-structure-800600new-705x529.jpg 705w\" data-lazy-sizes=\"(max-width: 800px) 100vw, 800px\" data-lazy-src=\"https:\/\/polinovel.com\/wp-content\/uploads\/2023\/04\/commercial-battery-system-internal-structure-800600new.jpg\" data-ll-status=\"loaded\" \/><\/div>\n<\/div>\n<\/div>\n<\/div>\n<\/div>\n<\/div>\n<\/div>\n<\/div>\n<div id=\"av-layout-grid-3\" class=\"av-layout-grid-container entry-content-wrapper main_color av-flex-cells avia-builder-el-16 el_after_av_layout_row el_before_av_layout_row submenu-not-first container_wrap fullsize\">\n<div class=\"flex_cell no_margin av_one_full avia-builder-el-17 avia-builder-el-no-sibling\">\n<div class=\"flex_cell_inner\">\n<div class=\"flex_column_table av-equal-height-column-flextable -flextable\">\n<div class=\"av-flex-placeholder\"><\/div>\n<div class=\"flex_column av_one_half flex_column_table_cell av-equal-height-column av-align-middle av-zero-column-padding avia-builder-el-20 el_after_av_one_half avia-builder-el-last\">\n<section class=\"av_textblock_section\">\n<div class=\"avia_textblock av_inherit_color\">\n<p>Este sistema de bater\u00eda comercial se puede conectar directamente a paneles solares fotovoltaicos para priorizar la carga de la bater\u00eda, as\u00ed como convertir la salida de corriente fotovoltaica en energ\u00eda disponible en la red. Puede reducir los costos de electricidad comercial al cobrar por el almacenamiento de energ\u00eda durante las horas del valle y descargar durante las horas pico cuando no hay energ\u00eda fotovoltaica.<\/p>\n<p><img decoding=\"async\" class=\"wp-image-7689 avia-img-lazy-loading-not-7689 avia_image entered lazyloaded\" title=\"197kwh-sistema-de-bater\u00eda-comercial\" src=\"https:\/\/polinovel.com\/wp-content\/uploads\/2023\/04\/197kwh-commercial-battery-system-800600.jpg\" sizes=\"(max-width: 1000px) 100vw, 1000px\" srcset=\"https:\/\/polinovel.com\/wp-content\/uploads\/2023\/04\/197kwh-commercial-battery-system-800600.jpg 1000w, https:\/\/polinovel.com\/wp-content\/uploads\/2023\/04\/197kwh-commercial-battery-system-800600-300x225.jpg 300w, https:\/\/polinovel.com\/wp-content\/uploads\/2023\/04\/197kwh-commercial-battery-system-800600-768x576.jpg 768w, https:\/\/polinovel.com\/wp-content\/uploads\/2023\/04\/197kwh-commercial-battery-system-800600-705x529.jpg 705w\" alt=\"197kwh commercial battery system\" width=\"1000\" height=\"750\" data-lazy-srcset=\"https:\/\/polinovel.com\/wp-content\/uploads\/2023\/04\/197kwh-commercial-battery-system-800600.jpg 1000w, https:\/\/polinovel.com\/wp-content\/uploads\/2023\/04\/197kwh-commercial-battery-system-800600-300x225.jpg 300w, https:\/\/polinovel.com\/wp-content\/uploads\/2023\/04\/197kwh-commercial-battery-system-800600-768x576.jpg 768w, https:\/\/polinovel.com\/wp-content\/uploads\/2023\/04\/197kwh-commercial-battery-system-800600-705x529.jpg 705w\" data-lazy-sizes=\"(max-width: 1000px) 100vw, 1000px\" data-lazy-src=\"https:\/\/polinovel.com\/wp-content\/uploads\/2023\/04\/197kwh-commercial-battery-system-800600.jpg\" data-ll-status=\"loaded\" \/><\/p>\n<\/div>\n<\/section>\n<\/div>\n<\/div>\n<\/div>\n<\/div>\n<\/div>\n<div id=\"av-layout-grid-4\" class=\"av-layout-grid-container entry-content-wrapper main_color av-flex-cells avia-builder-el-22 el_after_av_layout_row el_before_av_layout_row submenu-not-first container_wrap fullsize\">\n<div class=\"flex_cell no_margin av_one_full avia-builder-el-23 avia-builder-el-no-sibling\">\n<div class=\"flex_cell_inner\">\n<div class=\"flex_column_table av-equal-height-column-flextable -flextable\">\n<div class=\"flex_column av_one_half flex_column_table_cell av-equal-height-column av-align-middle av-zero-column-padding first avia-builder-el-24 el_before_av_one_half avia-builder-el-first\">\n<section class=\"av_textblock_section\">\n<div class=\"avia_textblock av_inherit_color\">\n<p>El sistema de bater\u00eda se descargar\u00e1 con carga para satisfacer la demanda de energ\u00eda cuando la energ\u00eda el\u00e9ctrica a corto plazo exceda la capacidad del transformador. Cuando se interrumpe la energ\u00eda, puede proporcionar un suministro de energ\u00eda continuo de corta duraci\u00f3n para cargas importantes para evitar p\u00e9rdidas econ\u00f3micas.<\/p>\n<\/div>\n<\/section>\n<\/div>\n<div class=\"av-flex-placeholder\"><\/div>\n<div class=\"flex_column av_one_half flex_column_table_cell av-equal-height-column av-align-middle av-zero-column-padding avia-builder-el-26 el_after_av_one_half avia-builder-el-last\">\n<div class=\"avia-image-container av-styling- avia-builder-el-27 avia-builder-el-no-sibling avia-align-center\">\n<div class=\"avia-image-container-inner\">\n<div class=\"avia-image-overlay-wrap\"><img decoding=\"async\" class=\"wp-image-2350 avia-img-lazy-loading-not-2350 avia_image entered lazyloaded\" title=\"Polinovel hogar bateria 02\" src=\"https:\/\/polinovel.com\/wp-content\/uploads\/2022\/01\/Polinovel-home-battery-02.jpg\" sizes=\"(max-width: 900px) 100vw, 900px\" srcset=\"https:\/\/polinovel.com\/wp-content\/uploads\/2022\/01\/Polinovel-home-battery-02.jpg 900w, https:\/\/polinovel.com\/wp-content\/uploads\/2022\/01\/Polinovel-home-battery-02-300x217.jpg 300w, https:\/\/polinovel.com\/wp-content\/uploads\/2022\/01\/Polinovel-home-battery-02-768x555.jpg 768w, https:\/\/polinovel.com\/wp-content\/uploads\/2022\/01\/Polinovel-home-battery-02-705x509.jpg 705w\" alt=\"Home Battery\" width=\"900\" height=\"650\" data-lazy-srcset=\"https:\/\/polinovel.com\/wp-content\/uploads\/2022\/01\/Polinovel-home-battery-02.jpg 900w, https:\/\/polinovel.com\/wp-content\/uploads\/2022\/01\/Polinovel-home-battery-02-300x217.jpg 300w, https:\/\/polinovel.com\/wp-content\/uploads\/2022\/01\/Polinovel-home-battery-02-768x555.jpg 768w, https:\/\/polinovel.com\/wp-content\/uploads\/2022\/01\/Polinovel-home-battery-02-705x509.jpg 705w\" data-lazy-sizes=\"(max-width: 900px) 100vw, 900px\" data-lazy-src=\"https:\/\/polinovel.com\/wp-content\/uploads\/2022\/01\/Polinovel-home-battery-02.jpg\" data-ll-status=\"loaded\" \/><\/div>\n<div><\/div>\n<\/div>\n<\/div>\n<\/div>\n<\/div>\n<\/div>\n<\/div>\n<\/div>\n<div id=\"av-layout-grid-5\" class=\"av-layout-grid-container entry-content-wrapper main_color av-flex-cells avia-builder-el-28 el_after_av_layout_row el_before_av_section submenu-not-first container_wrap fullsize\">\n<div class=\"flex_cell no_margin av_one_full avia-builder-el-29 avia-builder-el-no-sibling\">\n<div class=\"flex_cell_inner\">\n<div class=\"flex_column av_one_full flex_column_div av-zero-column-padding first avia-builder-el-30 avia-builder-el-no-sibling\">\n<div class=\"av-special-heading av-special-heading-h3 custom-color-heading blockquote modern-quote modern-centered avia-builder-el-31 el_before_av_hr avia-builder-el-first av-inherit-size\">\n<h3 class=\"av-special-heading-tag\" style=\"text-align: center;\">Par\u00e1metros t\u00e9cnicos<\/h3>\n<\/div>\n<div class=\"hr hr-custom hr-center hr-icon-no avia-builder-el-32 el_after_av_heading el_before_av_textblock\"><\/div>\n<section class=\"av_textblock_section\">\n<div class=\"avia_textblock av_inherit_color\">\n<table>\n<tbody>\n<tr>\n<td width=\"239\"><strong><b>Modelo<\/b><\/strong><\/td>\n<td width=\"349\"><strong><b>CBS200<\/b><\/strong><\/td>\n<\/tr>\n<tr>\n<td width=\"239\">Fuerza<\/td>\n<td width=\"349\">100KW<\/td>\n<\/tr>\n<tr>\n<td width=\"239\">Energ\u00eda<\/td>\n<td width=\"349\">197kWh<\/td>\n<\/tr>\n<tr>\n<td width=\"239\">Bater\u00eda<\/td>\n<td width=\"349\">704V280Ah (220S1P)<\/td>\n<\/tr>\n<tr>\n<td width=\"239\">Tasa de carga y descarga<\/td>\n<td width=\"349\">0.5C<\/td>\n<\/tr>\n<tr>\n<td width=\"239\">Rango de voltaje del lado de CC<\/td>\n<td width=\"349\">638V~770V<\/td>\n<\/tr>\n<tr>\n<td width=\"239\">Capacidad m\u00e1xima de salida de CA<\/td>\n<td width=\"349\">AC400V-140A<\/td>\n<\/tr>\n<tr>\n<td width=\"239\">Rango de entrada fotovoltaica<\/td>\n<td width=\"349\">500-900 VCC<\/td>\n<\/tr>\n<tr>\n<td width=\"239\">Grado de PI<\/td>\n<td width=\"349\">IP55<\/td>\n<\/tr>\n<tr>\n<td width=\"239\">Comunicaci\u00f3n<\/td>\n<td width=\"349\">RS485 \/ CAN2.0<\/td>\n<\/tr>\n<tr>\n<td width=\"239\">Interfaz de usuario<\/td>\n<td width=\"349\">pantalla de 7\u201d<\/td>\n<\/tr>\n<tr>\n<td width=\"239\">Modo de enfriamiento<\/td>\n<td width=\"349\">Refrigeraci\u00f3n por aire forzado<\/td>\n<\/tr>\n<tr>\n<td width=\"239\">Protecci\u00f3n contra incendios<\/td>\n<td width=\"349\">heptafluoropropano<\/td>\n<\/tr>\n<tr>\n<td width=\"239\">Ciclo de vida<\/td>\n<td width=\"349\">\u22656000ciclos (EOL 70%)<\/td>\n<\/tr>\n<tr>\n<td width=\"239\">Altitud<\/td>\n<td width=\"349\">5000m<\/td>\n<\/tr>\n<tr>\n<td width=\"239\">Dimensi\u00f3n<\/td>\n<td width=\"349\">2150*1800*2350mm\/84,6*70,9*92,5 pulgadas<\/td>\n<\/tr>\n<tr>\n<td width=\"239\">Peso<\/td>\n<td width=\"349\">3500 kg \/ 7716 libras<\/td>\n<\/tr>\n<tr>\n<td width=\"239\">Temperatura\/Humedad Ambiente<\/td>\n<td width=\"349\">-30\u2103~50\u2103 \/ 0%~95%<\/td>\n<\/tr>\n<tr>\n<td width=\"239\">Certificaci\u00f3n<\/td>\n<td width=\"349\">UL 1973, IEC 62619, ONU 38.3, UL 9540A, GB\/T 36276<\/td>\n<\/tr>\n<\/tbody>\n<\/table>\n<\/div>\n<\/section>\n<\/div>\n<\/div>\n<\/div>\n<\/div>","protected":false},"excerpt":{"rendered":"<ul>\n<li>Modelo: CBS200<\/li>\n<li>EMS incorporado admite m\u00faltiples modos de funcionamiento<\/li>\n<li>Conmutaci\u00f3n perfecta a la fuente de alimentaci\u00f3n por convertidor<\/li>\n<li>Celdas de bater\u00eda LFP de alto rendimiento con buena consistencia<\/li>\n<li>Dise\u00f1o de gesti\u00f3n t\u00e9rmica eficiente para garantizar la seguridad y la fiabilidad<\/li>\n<li>La conexi\u00f3n en paralelo permite la expansi\u00f3n de la capacidad hasta un nivel de megavatios<\/li>\n<li>Sistema modular para adaptarse de manera flexible a varios escenarios industriales y comerciales<\/li>\n<\/ul>","protected":false},"featured_media":1994,"template":"","meta":{"site-sidebar-layout":"default","site-content-layout":"default","ast-site-content-layout":"default","site-content-style":"default","site-sidebar-style":"default","ast-global-header-display":"","ast-banner-title-visibility":"","ast-main-header-display":"","ast-hfb-above-header-display":"","ast-hfb-below-header-display":"","ast-hfb-mobile-header-display":"","site-post-title":"","ast-breadcrumbs-content":"","ast-featured-img":"","footer-sml-layout":"","theme-transparent-header-meta":"default","adv-header-id-meta":"","stick-header-meta":"","header-above-stick-meta":"","header-main-stick-meta":"","header-below-stick-meta":"","astra-migrate-meta-layouts":"default","ast-page-background-enabled":"default","ast-page-background-meta":{"desktop":{"background-color":"","background-image":"","background-repeat":"repeat","background-position":"center center","background-size":"auto","background-attachment":"scroll","background-type":"","background-media":"","overlay-type":"","overlay-color":"","overlay-opacity":"","overlay-gradient":""},"tablet":{"background-color":"","background-image":"","background-repeat":"repeat","background-position":"center center","background-size":"auto","background-attachment":"scroll","background-type":"","background-media":"","overlay-type":"","overlay-color":"","overlay-opacity":"","overlay-gradient":""},"mobile":{"background-color":"","background-image":"","background-repeat":"repeat","background-position":"center center","background-size":"auto","background-attachment":"scroll","background-type":"","background-media":"","overlay-type":"","overlay-color":"","overlay-opacity":"","overlay-gradient":""}},"ast-content-background-meta":{"desktop":{"background-color":"var(--ast-global-color-5)","background-image":"","background-repeat":"repeat","background-position":"center center","background-size":"auto","background-attachment":"scroll","background-type":"","background-media":"","overlay-type":"","overlay-color":"","overlay-opacity":"","overlay-gradient":""},"tablet":{"background-color":"var(--ast-global-color-5)","background-image":"","background-repeat":"repeat","background-position":"center center","background-size":"auto","background-attachment":"scroll","background-type":"","background-media":"","overlay-type":"","overlay-color":"","overlay-opacity":"","overlay-gradient":""},"mobile":{"background-color":"var(--ast-global-color-5)","background-image":"","background-repeat":"repeat","background-position":"center center","background-size":"auto","background-attachment":"scroll","background-type":"","background-media":"","overlay-type":"","overlay-color":"","overlay-opacity":"","overlay-gradient":""}}},"product_brand":[],"product_cat":[36,22],"product_tag":[],"class_list":{"0":"post-1992","1":"product","2":"type-product","3":"status-publish","4":"has-post-thumbnail","6":"product_cat-industrial-and-commercial-energy-storage","7":"product_cat-lithium-ion-battery","8":"desktop-align-left","9":"tablet-align-left","10":"mobile-align-left","12":"first","13":"instock","14":"shipping-taxable","15":"product-type-simple"},"yoast_head":"<!-- This site is optimized with the Yoast SEO Premium plugin v20.11 (Yoast SEO v22.7) - https:\/\/yoast.com\/wordpress\/plugins\/seo\/ -->\n<title>197kWh Commercial Grid Scale Energy Storage Lithium Battery - Ge&#039;ou NEW ENERGY<\/title>\n<meta name=\"description\" content=\"Ge&#039;ou New Energy is an integrated energy group that specializes in clean and new energy on lithium ion battery products.\" \/>\n<meta name=\"robots\" content=\"index, follow, max-snippet:-1, max-image-preview:large, max-video-preview:-1\" \/>\n<link rel=\"canonical\" href=\"https:\/\/geoune.net\/es\/producto\/197kwh-commercial-grid-scale-energy-storage-lithium-battery\/\" \/>\n<meta property=\"og:locale\" content=\"es_ES\" \/>\n<meta property=\"og:type\" content=\"article\" \/>\n<meta property=\"og:title\" content=\"197kWh Commercial Grid Scale Energy Storage Lithium Battery\" \/>\n<meta property=\"og:description\" content=\"Ge&#039;ou New Energy is an integrated energy group that specializes in clean and new energy on lithium ion battery products.\" \/>\n<meta property=\"og:url\" content=\"https:\/\/geoune.net\/es\/producto\/197kwh-commercial-grid-scale-energy-storage-lithium-battery\/\" \/>\n<meta property=\"og:site_name\" content=\"Ge&#039;ou NEW ENERGY\" \/>\n<meta property=\"article:modified_time\" content=\"2023-06-30T08:47:13+00:00\" \/>\n<meta property=\"og:image\" content=\"https:\/\/geoune.net\/wp-content\/uploads\/2023\/06\/197kwh-commercial-battery-system.jpg\" \/>\n\t<meta property=\"og:image:width\" content=\"1000\" \/>\n\t<meta property=\"og:image:height\" content=\"1000\" \/>\n\t<meta property=\"og:image:type\" content=\"image\/jpeg\" \/>\n<meta name=\"twitter:card\" content=\"summary_large_image\" \/>\n<meta name=\"twitter:label1\" content=\"Tiempo de lectura\" \/>\n\t<meta name=\"twitter:data1\" content=\"2 minutos\" \/>\n<script type=\"application\/ld+json\" class=\"yoast-schema-graph\">{\"@context\":\"https:\/\/schema.org\",\"@graph\":[{\"@type\":\"WebPage\",\"@id\":\"https:\/\/geoune.net\/product\/197kwh-commercial-grid-scale-energy-storage-lithium-battery\/\",\"url\":\"https:\/\/geoune.net\/product\/197kwh-commercial-grid-scale-energy-storage-lithium-battery\/\",\"name\":\"197kWh Commercial Grid Scale Energy Storage Lithium Battery - Ge&#039;ou NEW ENERGY\",\"isPartOf\":{\"@id\":\"https:\/\/geoune.net\/#website\"},\"primaryImageOfPage\":{\"@id\":\"https:\/\/geoune.net\/product\/197kwh-commercial-grid-scale-energy-storage-lithium-battery\/#primaryimage\"},\"image\":{\"@id\":\"https:\/\/geoune.net\/product\/197kwh-commercial-grid-scale-energy-storage-lithium-battery\/#primaryimage\"},\"thumbnailUrl\":\"https:\/\/geoune.net\/wp-content\/uploads\/2023\/06\/197kwh-commercial-battery-system.jpg\",\"datePublished\":\"2023-06-30T08:45:07+00:00\",\"dateModified\":\"2023-06-30T08:47:13+00:00\",\"description\":\"Ge'ou New Energy is an integrated energy group that specializes in clean and new energy on lithium ion battery products.\",\"breadcrumb\":{\"@id\":\"https:\/\/geoune.net\/product\/197kwh-commercial-grid-scale-energy-storage-lithium-battery\/#breadcrumb\"},\"inLanguage\":\"es\",\"potentialAction\":[{\"@type\":\"ReadAction\",\"target\":[\"https:\/\/geoune.net\/product\/197kwh-commercial-grid-scale-energy-storage-lithium-battery\/\"]}]},{\"@type\":\"ImageObject\",\"inLanguage\":\"es\",\"@id\":\"https:\/\/geoune.net\/product\/197kwh-commercial-grid-scale-energy-storage-lithium-battery\/#primaryimage\",\"url\":\"https:\/\/geoune.net\/wp-content\/uploads\/2023\/06\/197kwh-commercial-battery-system.jpg\",\"contentUrl\":\"https:\/\/geoune.net\/wp-content\/uploads\/2023\/06\/197kwh-commercial-battery-system.jpg\",\"width\":1000,\"height\":1000},{\"@type\":\"BreadcrumbList\",\"@id\":\"https:\/\/geoune.net\/product\/197kwh-commercial-grid-scale-energy-storage-lithium-battery\/#breadcrumb\",\"itemListElement\":[{\"@type\":\"ListItem\",\"position\":1,\"name\":\"\u9996\u9875\",\"item\":\"https:\/\/geoune.net\/\"},{\"@type\":\"ListItem\",\"position\":2,\"name\":\"Products\",\"item\":\"https:\/\/geoune.net\/shop\/\"},{\"@type\":\"ListItem\",\"position\":3,\"name\":\"197kWh Commercial Grid Scale Energy Storage Lithium Battery\"}]},{\"@type\":\"WebSite\",\"@id\":\"https:\/\/geoune.net\/#website\",\"url\":\"https:\/\/geoune.net\/\",\"name\":\"Ge'ou NEW ENERGY\",\"description\":\"Ge&#039;ou New Energy is an integrated energy group that specializes in clean and new energy on lithium ion battery products.\",\"publisher\":{\"@id\":\"https:\/\/geoune.net\/#organization\"},\"alternateName\":\"OEM Lithium ion Battery Products Manufacturer | Ge'ou New Energy\",\"potentialAction\":[{\"@type\":\"SearchAction\",\"target\":{\"@type\":\"EntryPoint\",\"urlTemplate\":\"https:\/\/geoune.net\/?s={search_term_string}\"},\"query-input\":\"required name=search_term_string\"}],\"inLanguage\":\"es\"},{\"@type\":\"Organization\",\"@id\":\"https:\/\/geoune.net\/#organization\",\"name\":\"Ge'ou NEW ENERGY\",\"url\":\"https:\/\/geoune.net\/\",\"logo\":{\"@type\":\"ImageObject\",\"inLanguage\":\"es\",\"@id\":\"https:\/\/geoune.net\/#\/schema\/logo\/image\/\",\"url\":\"https:\/\/geoune.net\/wp-content\/uploads\/2023\/06\/GEOUNE-LOGO.png\",\"contentUrl\":\"https:\/\/geoune.net\/wp-content\/uploads\/2023\/06\/GEOUNE-LOGO.png\",\"width\":500,\"height\":350,\"caption\":\"Ge'ou NEW ENERGY\"},\"image\":{\"@id\":\"https:\/\/geoune.net\/#\/schema\/logo\/image\/\"}}]}<\/script>\n<!-- \/ Yoast SEO Premium plugin. -->","yoast_head_json":{"title":"197kWh Commercial Grid Scale Energy Storage Lithium Battery - Ge&#039;ou NEW ENERGY","description":"Ge'ou New Energy is an integrated energy group that specializes in clean and new energy on lithium ion battery products.","robots":{"index":"index","follow":"follow","max-snippet":"max-snippet:-1","max-image-preview":"max-image-preview:large","max-video-preview":"max-video-preview:-1"},"canonical":"https:\/\/geoune.net\/es\/producto\/197kwh-commercial-grid-scale-energy-storage-lithium-battery\/","og_locale":"es_ES","og_type":"article","og_title":"197kWh Commercial Grid Scale Energy Storage Lithium Battery","og_description":"Ge'ou New Energy is an integrated energy group that specializes in clean and new energy on lithium ion battery products.","og_url":"https:\/\/geoune.net\/es\/producto\/197kwh-commercial-grid-scale-energy-storage-lithium-battery\/","og_site_name":"Ge&#039;ou NEW ENERGY","article_modified_time":"2023-06-30T08:47:13+00:00","og_image":[{"width":1000,"height":1000,"url":"https:\/\/geoune.net\/wp-content\/uploads\/2023\/06\/197kwh-commercial-battery-system.jpg","type":"image\/jpeg"}],"twitter_card":"summary_large_image","twitter_misc":{"Tiempo de lectura":"2 minutos"},"schema":{"@context":"https:\/\/schema.org","@graph":[{"@type":"WebPage","@id":"https:\/\/geoune.net\/product\/197kwh-commercial-grid-scale-energy-storage-lithium-battery\/","url":"https:\/\/geoune.net\/product\/197kwh-commercial-grid-scale-energy-storage-lithium-battery\/","name":"197kWh Commercial Grid Scale Energy Storage Lithium Battery - Ge&#039;ou NEW ENERGY","isPartOf":{"@id":"https:\/\/geoune.net\/#website"},"primaryImageOfPage":{"@id":"https:\/\/geoune.net\/product\/197kwh-commercial-grid-scale-energy-storage-lithium-battery\/#primaryimage"},"image":{"@id":"https:\/\/geoune.net\/product\/197kwh-commercial-grid-scale-energy-storage-lithium-battery\/#primaryimage"},"thumbnailUrl":"https:\/\/geoune.net\/wp-content\/uploads\/2023\/06\/197kwh-commercial-battery-system.jpg","datePublished":"2023-06-30T08:45:07+00:00","dateModified":"2023-06-30T08:47:13+00:00","description":"Ge'ou New Energy is an integrated energy group that specializes in clean and new energy on lithium ion battery products.","breadcrumb":{"@id":"https:\/\/geoune.net\/product\/197kwh-commercial-grid-scale-energy-storage-lithium-battery\/#breadcrumb"},"inLanguage":"es","potentialAction":[{"@type":"ReadAction","target":["https:\/\/geoune.net\/product\/197kwh-commercial-grid-scale-energy-storage-lithium-battery\/"]}]},{"@type":"ImageObject","inLanguage":"es","@id":"https:\/\/geoune.net\/product\/197kwh-commercial-grid-scale-energy-storage-lithium-battery\/#primaryimage","url":"https:\/\/geoune.net\/wp-content\/uploads\/2023\/06\/197kwh-commercial-battery-system.jpg","contentUrl":"https:\/\/geoune.net\/wp-content\/uploads\/2023\/06\/197kwh-commercial-battery-system.jpg","width":1000,"height":1000},{"@type":"BreadcrumbList","@id":"https:\/\/geoune.net\/product\/197kwh-commercial-grid-scale-energy-storage-lithium-battery\/#breadcrumb","itemListElement":[{"@type":"ListItem","position":1,"name":"\u9996\u9875","item":"https:\/\/geoune.net\/"},{"@type":"ListItem","position":2,"name":"Products","item":"https:\/\/geoune.net\/shop\/"},{"@type":"ListItem","position":3,"name":"197kWh Commercial Grid Scale Energy Storage Lithium Battery"}]},{"@type":"WebSite","@id":"https:\/\/geoune.net\/#website","url":"https:\/\/geoune.net\/","name":"Ge'ou NEW ENERGY","description":"Ge&#039;ou New Energy is an integrated energy group that specializes in clean and new energy on lithium ion battery products.","publisher":{"@id":"https:\/\/geoune.net\/#organization"},"alternateName":"OEM Lithium ion Battery Products Manufacturer | Ge'ou New Energy","potentialAction":[{"@type":"SearchAction","target":{"@type":"EntryPoint","urlTemplate":"https:\/\/geoune.net\/?s={search_term_string}"},"query-input":"required name=search_term_string"}],"inLanguage":"es"},{"@type":"Organization","@id":"https:\/\/geoune.net\/#organization","name":"Ge'ou NEW ENERGY","url":"https:\/\/geoune.net\/","logo":{"@type":"ImageObject","inLanguage":"es","@id":"https:\/\/geoune.net\/#\/schema\/logo\/image\/","url":"https:\/\/geoune.net\/wp-content\/uploads\/2023\/06\/GEOUNE-LOGO.png","contentUrl":"https:\/\/geoune.net\/wp-content\/uploads\/2023\/06\/GEOUNE-LOGO.png","width":500,"height":350,"caption":"Ge'ou NEW ENERGY"},"image":{"@id":"https:\/\/geoune.net\/#\/schema\/logo\/image\/"}}]}},"_links":{"self":[{"href":"https:\/\/geoune.net\/es\/wp-json\/wp\/v2\/product\/1992","targetHints":{"allow":["GET"]}}],"collection":[{"href":"https:\/\/geoune.net\/es\/wp-json\/wp\/v2\/product"}],"about":[{"href":"https:\/\/geoune.net\/es\/wp-json\/wp\/v2\/types\/product"}],"wp:featuredmedia":[{"embeddable":true,"href":"https:\/\/geoune.net\/es\/wp-json\/wp\/v2\/media\/1994"}],"wp:attachment":[{"href":"https:\/\/geoune.net\/es\/wp-json\/wp\/v2\/media?parent=1992"}],"wp:term":[{"taxonomy":"product_brand","embeddable":true,"href":"https:\/\/geoune.net\/es\/wp-json\/wp\/v2\/product_brand?post=1992"},{"taxonomy":"product_cat","embeddable":true,"href":"https:\/\/geoune.net\/es\/wp-json\/wp\/v2\/product_cat?post=1992"},{"taxonomy":"product_tag","embeddable":true,"href":"https:\/\/geoune.net\/es\/wp-json\/wp\/v2\/product_tag?post=1992"}],"curies":[{"name":"wp","href":"https:\/\/api.w.org\/{rel}","templated":true}]}}