{"id":1973,"date":"2023-06-30T13:26:09","date_gmt":"2023-06-30T05:26:09","guid":{"rendered":"https:\/\/geoune.net\/?post_type=product&#038;p=1973"},"modified":"2023-06-30T13:42:58","modified_gmt":"2023-06-30T05:42:58","slug":"60kwh-industrial-large-scale-solar-lithium-battery","status":"publish","type":"product","link":"https:\/\/geoune.net\/es\/producto\/60kwh-industrial-large-scale-solar-lithium-battery\/","title":{"rendered":"Bater\u00eda de litio solar industrial a gran escala de 60KWh"},"content":{"rendered":"<p style=\"text-align: center;\"><strong>Almacenamiento de energ\u00eda industrial y comercial<\/strong><\/p>\n<div id=\"av-layout-grid-2\" class=\"av-layout-grid-container entry-content-wrapper main_color av-flex-cells avia-builder-el-10 el_after_av_layout_row el_before_av_layout_row submenu-not-first container_wrap fullsize\">\n<div class=\"flex_cell no_margin av_one_full avia-builder-el-11 avia-builder-el-no-sibling\">\n<div class=\"flex_cell_inner\">\n<div class=\"flex_column_table av-equal-height-column-flextable -flextable\">\n<div class=\"flex_column av_one_half flex_column_table_cell av-equal-height-column av-align-middle av-zero-column-padding first avia-builder-el-12 el_before_av_one_half avia-builder-el-first\">\n<section class=\"av_textblock_section\">\n<div class=\"avia_textblock av_inherit_color\">\n<p>La bater\u00eda de litio de almacenamiento de energ\u00eda a gran escala de Geou es una soluci\u00f3n de bater\u00eda de vanguardia que cuenta con una gama de caracter\u00edsticas dise\u00f1adas para brindar una confiabilidad excepcional. Emplea la qu\u00edmica LiFePO4 para garantizar altos est\u00e1ndares de seguridad. La bater\u00eda ofrecer\u00e1 un rendimiento constante durante un per\u00edodo prolongado de tiempo, lo que la convierte en una opci\u00f3n ideal para aplicaciones exigentes.<\/p>\n<\/div>\n<\/section>\n<\/div>\n<div class=\"av-flex-placeholder\"><\/div>\n<div class=\"flex_column av_one_half flex_column_table_cell av-equal-height-column av-align-middle av-zero-column-padding avia-builder-el-14 el_after_av_one_half avia-builder-el-last\">\n<div class=\"avia-image-container av-styling- avia-builder-el-15 avia-builder-el-no-sibling avia-align-center\">\n<div class=\"avia-image-container-inner\">\n<div class=\"avia-image-overlay-wrap\"><img fetchpriority=\"high\" decoding=\"async\" class=\"wp-image-2348 avia-img-lazy-loading-not-2348 avia_image entered lazyloaded\" title=\"Polinovel hogar bateria 01\" src=\"https:\/\/polinovel.com\/wp-content\/uploads\/2022\/01\/Polinovel-home-battery-01.jpg\" sizes=\"(max-width: 900px) 100vw, 900px\" srcset=\"https:\/\/polinovel.com\/wp-content\/uploads\/2022\/01\/Polinovel-home-battery-01.jpg 900w, https:\/\/polinovel.com\/wp-content\/uploads\/2022\/01\/Polinovel-home-battery-01-300x217.jpg 300w, https:\/\/polinovel.com\/wp-content\/uploads\/2022\/01\/Polinovel-home-battery-01-768x555.jpg 768w, https:\/\/polinovel.com\/wp-content\/uploads\/2022\/01\/Polinovel-home-battery-01-705x509.jpg 705w\" alt=\"\" width=\"900\" height=\"650\" data-lazy-srcset=\"https:\/\/polinovel.com\/wp-content\/uploads\/2022\/01\/Polinovel-home-battery-01.jpg 900w, https:\/\/polinovel.com\/wp-content\/uploads\/2022\/01\/Polinovel-home-battery-01-300x217.jpg 300w, https:\/\/polinovel.com\/wp-content\/uploads\/2022\/01\/Polinovel-home-battery-01-768x555.jpg 768w, https:\/\/polinovel.com\/wp-content\/uploads\/2022\/01\/Polinovel-home-battery-01-705x509.jpg 705w\" data-lazy-sizes=\"(max-width: 900px) 100vw, 900px\" data-lazy-src=\"https:\/\/polinovel.com\/wp-content\/uploads\/2022\/01\/Polinovel-home-battery-01.jpg\" data-ll-status=\"loaded\" \/><\/div>\n<\/div>\n<\/div>\n<\/div>\n<\/div>\n<\/div>\n<\/div>\n<\/div>\n<div id=\"av-layout-grid-3\" class=\"av-layout-grid-container entry-content-wrapper main_color av-flex-cells avia-builder-el-16 el_after_av_layout_row el_before_av_layout_row submenu-not-first container_wrap fullsize\">\n<div class=\"flex_cell no_margin av_one_full avia-builder-el-17 avia-builder-el-no-sibling\">\n<div class=\"flex_cell_inner\">\n<div class=\"flex_column_table av-equal-height-column-flextable -flextable\">\n<div class=\"flex_column av_one_half flex_column_table_cell av-equal-height-column av-align-middle av-zero-column-padding first avia-builder-el-18 el_before_av_one_half avia-builder-el-first\">\n<div class=\"avia-image-container av-styling- avia-builder-el-19 avia-builder-el-no-sibling avia-align-center\">\n<div class=\"avia-image-container-inner\">\n<div class=\"avia-image-overlay-wrap\"><img decoding=\"async\" class=\"wp-image-7183 avia-img-lazy-loading-not-7183 avia_image entered lazyloaded\" title=\"bater\u00eda-de-almacenamiento-de-energ\u00eda-a-gran-escala-2-800600\" src=\"https:\/\/polinovel.com\/wp-content\/uploads\/2023\/04\/large-scale-energy-storage-battery-2-800600.jpg\" sizes=\"(max-width: 800px) 100vw, 800px\" srcset=\"https:\/\/polinovel.com\/wp-content\/uploads\/2023\/04\/large-scale-energy-storage-battery-2-800600.jpg 800w, https:\/\/polinovel.com\/wp-content\/uploads\/2023\/04\/large-scale-energy-storage-battery-2-800600-300x225.jpg 300w, https:\/\/polinovel.com\/wp-content\/uploads\/2023\/04\/large-scale-energy-storage-battery-2-800600-768x576.jpg 768w, https:\/\/polinovel.com\/wp-content\/uploads\/2023\/04\/large-scale-energy-storage-battery-2-800600-705x529.jpg 705w\" alt=\"large scale energy storage battery\" width=\"800\" height=\"600\" data-lazy-srcset=\"https:\/\/polinovel.com\/wp-content\/uploads\/2023\/04\/large-scale-energy-storage-battery-2-800600.jpg 800w, https:\/\/polinovel.com\/wp-content\/uploads\/2023\/04\/large-scale-energy-storage-battery-2-800600-300x225.jpg 300w, https:\/\/polinovel.com\/wp-content\/uploads\/2023\/04\/large-scale-energy-storage-battery-2-800600-768x576.jpg 768w, https:\/\/polinovel.com\/wp-content\/uploads\/2023\/04\/large-scale-energy-storage-battery-2-800600-705x529.jpg 705w\" data-lazy-sizes=\"(max-width: 800px) 100vw, 800px\" data-lazy-src=\"https:\/\/polinovel.com\/wp-content\/uploads\/2023\/04\/large-scale-energy-storage-battery-2-800600.jpg\" data-ll-status=\"loaded\" \/><\/div>\n<\/div>\n<\/div>\n<\/div>\n<div class=\"av-flex-placeholder\"><\/div>\n<div class=\"flex_column av_one_half flex_column_table_cell av-equal-height-column av-align-middle av-zero-column-padding avia-builder-el-20 el_after_av_one_half avia-builder-el-last\">\n<section class=\"av_textblock_section\">\n<div class=\"avia_textblock av_inherit_color\">\n<p>Adem\u00e1s del uso de la qu\u00edmica LFP de alta calidad, esta bater\u00eda tambi\u00e9n se beneficia de los procesos de fabricaci\u00f3n de grado automotriz. Esto garantiza que la bater\u00eda est\u00e1 construida con los m\u00e1s altos est\u00e1ndares de calidad, con pruebas rigurosas y medidas de control de calidad para garantizar que cada unidad cumpla con las especificaciones exactas.<\/p>\n<\/div>\n<\/section>\n<\/div>\n<\/div>\n<\/div>\n<\/div>\n<\/div>\n<div id=\"av-layout-grid-4\" class=\"av-layout-grid-container entry-content-wrapper main_color av-flex-cells avia-builder-el-22 el_after_av_layout_row el_before_av_layout_row submenu-not-first container_wrap fullsize\">\n<div class=\"flex_cell no_margin av_one_full avia-builder-el-23 avia-builder-el-no-sibling\">\n<div class=\"flex_cell_inner\">\n<div class=\"flex_column_table av-equal-height-column-flextable -flextable\">\n<div class=\"flex_column av_one_half flex_column_table_cell av-equal-height-column av-align-middle av-zero-column-padding first avia-builder-el-24 el_before_av_one_half avia-builder-el-first\">\n<section class=\"av_textblock_section\">\n<div class=\"avia_textblock av_inherit_color\">\n<p>Adem\u00e1s, podemos personalizar las especificaciones, los logotipos en la pantalla LCD, los protocolos de comunicaci\u00f3n, etc., lo que permite que la bater\u00eda satisfaga las necesidades espec\u00edficas de diferentes aplicaciones industriales y comerciales.<\/p>\n<\/div>\n<\/section>\n<\/div>\n<div class=\"av-flex-placeholder\"><\/div>\n<div class=\"flex_column av_one_half flex_column_table_cell av-equal-height-column av-align-middle av-zero-column-padding avia-builder-el-26 el_after_av_one_half avia-builder-el-last\">\n<div class=\"avia-image-container av-styling- avia-builder-el-27 avia-builder-el-no-sibling avia-align-center\">\n<div class=\"avia-image-container-inner\">\n<div class=\"avia-image-overlay-wrap\"><img decoding=\"async\" class=\"wp-image-2350 avia-img-lazy-loading-not-2350 avia_image entered lazyloaded\" title=\"Polinovel hogar bateria 02\" src=\"https:\/\/polinovel.com\/wp-content\/uploads\/2022\/01\/Polinovel-home-battery-02.jpg\" sizes=\"(max-width: 900px) 100vw, 900px\" srcset=\"https:\/\/polinovel.com\/wp-content\/uploads\/2022\/01\/Polinovel-home-battery-02.jpg 900w, https:\/\/polinovel.com\/wp-content\/uploads\/2022\/01\/Polinovel-home-battery-02-300x217.jpg 300w, https:\/\/polinovel.com\/wp-content\/uploads\/2022\/01\/Polinovel-home-battery-02-768x555.jpg 768w, https:\/\/polinovel.com\/wp-content\/uploads\/2022\/01\/Polinovel-home-battery-02-705x509.jpg 705w\" alt=\"Home Battery\" width=\"900\" height=\"650\" data-lazy-srcset=\"https:\/\/polinovel.com\/wp-content\/uploads\/2022\/01\/Polinovel-home-battery-02.jpg 900w, https:\/\/polinovel.com\/wp-content\/uploads\/2022\/01\/Polinovel-home-battery-02-300x217.jpg 300w, https:\/\/polinovel.com\/wp-content\/uploads\/2022\/01\/Polinovel-home-battery-02-768x555.jpg 768w, https:\/\/polinovel.com\/wp-content\/uploads\/2022\/01\/Polinovel-home-battery-02-705x509.jpg 705w\" data-lazy-sizes=\"(max-width: 900px) 100vw, 900px\" data-lazy-src=\"https:\/\/polinovel.com\/wp-content\/uploads\/2022\/01\/Polinovel-home-battery-02.jpg\" data-ll-status=\"loaded\" \/><\/div>\n<\/div>\n<\/div>\n<div><\/div>\n<\/div>\n<\/div>\n<\/div>\n<\/div>\n<\/div>\n<div id=\"av-layout-grid-5\" class=\"av-layout-grid-container entry-content-wrapper main_color av-flex-cells avia-builder-el-28 el_after_av_layout_row el_before_av_section submenu-not-first container_wrap fullsize\">\n<div class=\"flex_cell no_margin av_one_full avia-builder-el-29 avia-builder-el-no-sibling\">\n<div class=\"flex_cell_inner\">\n<div class=\"flex_column av_one_full flex_column_div av-zero-column-padding first avia-builder-el-30 avia-builder-el-no-sibling\">\n<div class=\"av-special-heading av-special-heading-h3 custom-color-heading blockquote modern-quote modern-centered avia-builder-el-31 el_before_av_hr avia-builder-el-first av-inherit-size\">\n<h3 class=\"av-special-heading-tag\" style=\"text-align: center;\">Par\u00e1metros t\u00e9cnicos<\/h3>\n<\/div>\n<div class=\"hr hr-custom hr-center hr-icon-no avia-builder-el-32 el_after_av_heading el_before_av_textblock\"><\/div>\n<section class=\"av_textblock_section\">\n<div class=\"avia_textblock av_inherit_color\">\n<table>\n<tbody>\n<tr>\n<td width=\"325\"><strong><b>Modelo<\/b><\/strong><\/td>\n<td width=\"482\"><strong><b>HV240250<\/b><\/strong><\/td>\n<\/tr>\n<tr>\n<td width=\"325\">Voltaje nominal<\/td>\n<td>240V<\/td>\n<\/tr>\n<tr>\n<td width=\"325\">Capacidad nominal<\/td>\n<td>250Ah<\/td>\n<\/tr>\n<tr>\n<td width=\"325\">Energ\u00eda<\/td>\n<td>60KWh<\/td>\n<\/tr>\n<tr>\n<td width=\"325\">Voltaje de corte de carga<\/td>\n<td>270V<\/td>\n<\/tr>\n<tr>\n<td width=\"325\">Voltaje de corte de descarga<\/td>\n<td>200V<\/td>\n<\/tr>\n<tr>\n<td width=\"325\">Corriente de carga est\u00e1ndar<\/td>\n<td>50A<\/td>\n<\/tr>\n<tr>\n<td width=\"325\">Corriente de carga m\u00e1xima<\/td>\n<td>100A<\/td>\n<\/tr>\n<tr>\n<td width=\"325\">Corriente de descarga est\u00e1ndar<\/td>\n<td>50A<\/td>\n<\/tr>\n<tr>\n<td width=\"325\">m\u00e1x. Corriente de descarga constante<\/td>\n<td>50A<\/td>\n<\/tr>\n<tr>\n<td width=\"325\">Corriente m\u00e1xima de descarga<\/td>\n<td>100A<\/td>\n<\/tr>\n<tr>\n<td width=\"325\">Proteccion<\/td>\n<td>OVP\/UVP\/OCP\/OTP\/UTP\/SCP<\/td>\n<\/tr>\n<tr>\n<td width=\"325\">Comunicaci\u00f3n<\/td>\n<td>RS485\/CAN<\/td>\n<\/tr>\n<tr>\n<td width=\"325\">Grado de protecci\u00f3n<\/td>\n<td>IP21<\/td>\n<\/tr>\n<tr>\n<td width=\"325\">Dimensi\u00f3n<\/td>\n<td>800*600*1712mm\/31,5*23,6*67,4 pulgadas<\/td>\n<\/tr>\n<tr>\n<td width=\"325\">Peso<\/td>\n<td>571 kg \/ 1259 libras<\/td>\n<\/tr>\n<tr>\n<td width=\"325\">Temperatura de carga<\/td>\n<td>0\u2103~45\u2103<\/td>\n<\/tr>\n<tr>\n<td width=\"325\">Temperatura de descarga<\/td>\n<td>-15 \u2103 ~ 60 \u2103<\/td>\n<\/tr>\n<tr>\n<td>Temperatura de almacenamiento<\/td>\n<td>0\u2103~45\u2103<\/td>\n<\/tr>\n<\/tbody>\n<\/table>\n<\/div>\n<\/section>\n<\/div>\n<\/div>\n<\/div>\n<\/div>","protected":false},"excerpt":{"rendered":"<ul>\n<li>Modelo: HV240250<\/li>\n<li>La bater\u00eda LFP confiable garantiza un rendimiento superior<\/li>\n<li>BMS inteligente proporciona un alto nivel de protecci\u00f3n<\/li>\n<li>Tecnolog\u00eda y procesos de grado automotriz para una gran confiabilidad<\/li>\n<li>Protocolos de comunicaci\u00f3n personalizables<\/li>\n<\/ul>","protected":false},"featured_media":1981,"template":"","meta":{"site-sidebar-layout":"default","site-content-layout":"default","ast-site-content-layout":"default","site-content-style":"default","site-sidebar-style":"default","ast-global-header-display":"","ast-banner-title-visibility":"","ast-main-header-display":"","ast-hfb-above-header-display":"","ast-hfb-below-header-display":"","ast-hfb-mobile-header-display":"","site-post-title":"","ast-breadcrumbs-content":"","ast-featured-img":"","footer-sml-layout":"","theme-transparent-header-meta":"default","adv-header-id-meta":"","stick-header-meta":"","header-above-stick-meta":"","header-main-stick-meta":"","header-below-stick-meta":"","astra-migrate-meta-layouts":"default","ast-page-background-enabled":"default","ast-page-background-meta":{"desktop":{"background-color":"","background-image":"","background-repeat":"repeat","background-position":"center center","background-size":"auto","background-attachment":"scroll","background-type":"","background-media":"","overlay-type":"","overlay-color":"","overlay-opacity":"","overlay-gradient":""},"tablet":{"background-color":"","background-image":"","background-repeat":"repeat","background-position":"center center","background-size":"auto","background-attachment":"scroll","background-type":"","background-media":"","overlay-type":"","overlay-color":"","overlay-opacity":"","overlay-gradient":""},"mobile":{"background-color":"","background-image":"","background-repeat":"repeat","background-position":"center center","background-size":"auto","background-attachment":"scroll","background-type":"","background-media":"","overlay-type":"","overlay-color":"","overlay-opacity":"","overlay-gradient":""}},"ast-content-background-meta":{"desktop":{"background-color":"var(--ast-global-color-5)","background-image":"","background-repeat":"repeat","background-position":"center center","background-size":"auto","background-attachment":"scroll","background-type":"","background-media":"","overlay-type":"","overlay-color":"","overlay-opacity":"","overlay-gradient":""},"tablet":{"background-color":"var(--ast-global-color-5)","background-image":"","background-repeat":"repeat","background-position":"center center","background-size":"auto","background-attachment":"scroll","background-type":"","background-media":"","overlay-type":"","overlay-color":"","overlay-opacity":"","overlay-gradient":""},"mobile":{"background-color":"var(--ast-global-color-5)","background-image":"","background-repeat":"repeat","background-position":"center center","background-size":"auto","background-attachment":"scroll","background-type":"","background-media":"","overlay-type":"","overlay-color":"","overlay-opacity":"","overlay-gradient":""}}},"product_brand":[],"product_cat":[36,22],"product_tag":[],"class_list":{"0":"post-1973","1":"product","2":"type-product","3":"status-publish","4":"has-post-thumbnail","6":"product_cat-industrial-and-commercial-energy-storage","7":"product_cat-lithium-ion-battery","8":"desktop-align-left","9":"tablet-align-left","10":"mobile-align-left","12":"first","13":"instock","14":"shipping-taxable","15":"product-type-simple"},"yoast_head":"<!-- This site is optimized with the Yoast SEO Premium plugin v20.11 (Yoast SEO v22.7) - https:\/\/yoast.com\/wordpress\/plugins\/seo\/ -->\n<title>60KWh Industrial Large Scale Solar Lithium Battery - Ge&#039;ou NEW ENERGY<\/title>\n<meta name=\"description\" content=\"Ge&#039;ou New Energy is an integrated energy group that specializes in clean and new energy on lithium ion battery products.\" \/>\n<meta name=\"robots\" content=\"index, follow, max-snippet:-1, max-image-preview:large, max-video-preview:-1\" \/>\n<link rel=\"canonical\" href=\"https:\/\/geoune.net\/es\/producto\/60kwh-industrial-large-scale-solar-lithium-battery\/\" \/>\n<meta property=\"og:locale\" content=\"es_ES\" \/>\n<meta property=\"og:type\" content=\"article\" \/>\n<meta property=\"og:title\" content=\"60KWh Industrial Large Scale Solar Lithium Battery\" \/>\n<meta property=\"og:description\" content=\"Ge&#039;ou New Energy is an integrated energy group that specializes in clean and new energy on lithium ion battery products.\" \/>\n<meta property=\"og:url\" content=\"https:\/\/geoune.net\/es\/producto\/60kwh-industrial-large-scale-solar-lithium-battery\/\" \/>\n<meta property=\"og:site_name\" content=\"Ge&#039;ou NEW ENERGY\" \/>\n<meta property=\"article:modified_time\" content=\"2023-06-30T05:42:58+00:00\" \/>\n<meta property=\"og:image\" content=\"https:\/\/geoune.net\/wp-content\/uploads\/2023\/06\/large-scale-energy-storage-battery-1-3.jpg\" \/>\n\t<meta property=\"og:image:width\" content=\"1000\" \/>\n\t<meta property=\"og:image:height\" content=\"1000\" \/>\n\t<meta property=\"og:image:type\" content=\"image\/jpeg\" \/>\n<meta name=\"twitter:card\" content=\"summary_large_image\" \/>\n<meta name=\"twitter:label1\" content=\"Tiempo de lectura\" \/>\n\t<meta name=\"twitter:data1\" content=\"2 minutos\" \/>\n<script type=\"application\/ld+json\" class=\"yoast-schema-graph\">{\"@context\":\"https:\/\/schema.org\",\"@graph\":[{\"@type\":\"WebPage\",\"@id\":\"https:\/\/geoune.net\/product\/60kwh-industrial-large-scale-solar-lithium-battery\/\",\"url\":\"https:\/\/geoune.net\/product\/60kwh-industrial-large-scale-solar-lithium-battery\/\",\"name\":\"60KWh Industrial Large Scale Solar Lithium Battery - Ge&#039;ou NEW ENERGY\",\"isPartOf\":{\"@id\":\"https:\/\/geoune.net\/#website\"},\"primaryImageOfPage\":{\"@id\":\"https:\/\/geoune.net\/product\/60kwh-industrial-large-scale-solar-lithium-battery\/#primaryimage\"},\"image\":{\"@id\":\"https:\/\/geoune.net\/product\/60kwh-industrial-large-scale-solar-lithium-battery\/#primaryimage\"},\"thumbnailUrl\":\"https:\/\/geoune.net\/wp-content\/uploads\/2023\/06\/large-scale-energy-storage-battery-1-3.jpg\",\"datePublished\":\"2023-06-30T05:26:09+00:00\",\"dateModified\":\"2023-06-30T05:42:58+00:00\",\"description\":\"Ge'ou New Energy is an integrated energy group that specializes in clean and new energy on lithium ion battery products.\",\"breadcrumb\":{\"@id\":\"https:\/\/geoune.net\/product\/60kwh-industrial-large-scale-solar-lithium-battery\/#breadcrumb\"},\"inLanguage\":\"es\",\"potentialAction\":[{\"@type\":\"ReadAction\",\"target\":[\"https:\/\/geoune.net\/product\/60kwh-industrial-large-scale-solar-lithium-battery\/\"]}]},{\"@type\":\"ImageObject\",\"inLanguage\":\"es\",\"@id\":\"https:\/\/geoune.net\/product\/60kwh-industrial-large-scale-solar-lithium-battery\/#primaryimage\",\"url\":\"https:\/\/geoune.net\/wp-content\/uploads\/2023\/06\/large-scale-energy-storage-battery-1-3.jpg\",\"contentUrl\":\"https:\/\/geoune.net\/wp-content\/uploads\/2023\/06\/large-scale-energy-storage-battery-1-3.jpg\",\"width\":1000,\"height\":1000},{\"@type\":\"BreadcrumbList\",\"@id\":\"https:\/\/geoune.net\/product\/60kwh-industrial-large-scale-solar-lithium-battery\/#breadcrumb\",\"itemListElement\":[{\"@type\":\"ListItem\",\"position\":1,\"name\":\"\u9996\u9875\",\"item\":\"https:\/\/geoune.net\/\"},{\"@type\":\"ListItem\",\"position\":2,\"name\":\"Products\",\"item\":\"https:\/\/geoune.net\/shop\/\"},{\"@type\":\"ListItem\",\"position\":3,\"name\":\"60KWh Industrial Large Scale Solar Lithium Battery\"}]},{\"@type\":\"WebSite\",\"@id\":\"https:\/\/geoune.net\/#website\",\"url\":\"https:\/\/geoune.net\/\",\"name\":\"Ge'ou NEW ENERGY\",\"description\":\"Ge&#039;ou New Energy is an integrated energy group that specializes in clean and new energy on lithium ion battery products.\",\"publisher\":{\"@id\":\"https:\/\/geoune.net\/#organization\"},\"alternateName\":\"OEM Lithium ion Battery Products Manufacturer | Ge'ou New Energy\",\"potentialAction\":[{\"@type\":\"SearchAction\",\"target\":{\"@type\":\"EntryPoint\",\"urlTemplate\":\"https:\/\/geoune.net\/?s={search_term_string}\"},\"query-input\":\"required name=search_term_string\"}],\"inLanguage\":\"es\"},{\"@type\":\"Organization\",\"@id\":\"https:\/\/geoune.net\/#organization\",\"name\":\"Ge'ou NEW ENERGY\",\"url\":\"https:\/\/geoune.net\/\",\"logo\":{\"@type\":\"ImageObject\",\"inLanguage\":\"es\",\"@id\":\"https:\/\/geoune.net\/#\/schema\/logo\/image\/\",\"url\":\"https:\/\/geoune.net\/wp-content\/uploads\/2023\/06\/GEOUNE-LOGO.png\",\"contentUrl\":\"https:\/\/geoune.net\/wp-content\/uploads\/2023\/06\/GEOUNE-LOGO.png\",\"width\":500,\"height\":350,\"caption\":\"Ge'ou NEW ENERGY\"},\"image\":{\"@id\":\"https:\/\/geoune.net\/#\/schema\/logo\/image\/\"}}]}<\/script>\n<!-- \/ Yoast SEO Premium plugin. -->","yoast_head_json":{"title":"60KWh Industrial Large Scale Solar Lithium Battery - Ge&#039;ou NEW ENERGY","description":"Ge'ou New Energy is an integrated energy group that specializes in clean and new energy on lithium ion battery products.","robots":{"index":"index","follow":"follow","max-snippet":"max-snippet:-1","max-image-preview":"max-image-preview:large","max-video-preview":"max-video-preview:-1"},"canonical":"https:\/\/geoune.net\/es\/producto\/60kwh-industrial-large-scale-solar-lithium-battery\/","og_locale":"es_ES","og_type":"article","og_title":"60KWh Industrial Large Scale Solar Lithium Battery","og_description":"Ge'ou New Energy is an integrated energy group that specializes in clean and new energy on lithium ion battery products.","og_url":"https:\/\/geoune.net\/es\/producto\/60kwh-industrial-large-scale-solar-lithium-battery\/","og_site_name":"Ge&#039;ou NEW ENERGY","article_modified_time":"2023-06-30T05:42:58+00:00","og_image":[{"width":1000,"height":1000,"url":"https:\/\/geoune.net\/wp-content\/uploads\/2023\/06\/large-scale-energy-storage-battery-1-3.jpg","type":"image\/jpeg"}],"twitter_card":"summary_large_image","twitter_misc":{"Tiempo de lectura":"2 minutos"},"schema":{"@context":"https:\/\/schema.org","@graph":[{"@type":"WebPage","@id":"https:\/\/geoune.net\/product\/60kwh-industrial-large-scale-solar-lithium-battery\/","url":"https:\/\/geoune.net\/product\/60kwh-industrial-large-scale-solar-lithium-battery\/","name":"60KWh Industrial Large Scale Solar Lithium Battery - Ge&#039;ou NEW ENERGY","isPartOf":{"@id":"https:\/\/geoune.net\/#website"},"primaryImageOfPage":{"@id":"https:\/\/geoune.net\/product\/60kwh-industrial-large-scale-solar-lithium-battery\/#primaryimage"},"image":{"@id":"https:\/\/geoune.net\/product\/60kwh-industrial-large-scale-solar-lithium-battery\/#primaryimage"},"thumbnailUrl":"https:\/\/geoune.net\/wp-content\/uploads\/2023\/06\/large-scale-energy-storage-battery-1-3.jpg","datePublished":"2023-06-30T05:26:09+00:00","dateModified":"2023-06-30T05:42:58+00:00","description":"Ge'ou New Energy is an integrated energy group that specializes in clean and new energy on lithium ion battery products.","breadcrumb":{"@id":"https:\/\/geoune.net\/product\/60kwh-industrial-large-scale-solar-lithium-battery\/#breadcrumb"},"inLanguage":"es","potentialAction":[{"@type":"ReadAction","target":["https:\/\/geoune.net\/product\/60kwh-industrial-large-scale-solar-lithium-battery\/"]}]},{"@type":"ImageObject","inLanguage":"es","@id":"https:\/\/geoune.net\/product\/60kwh-industrial-large-scale-solar-lithium-battery\/#primaryimage","url":"https:\/\/geoune.net\/wp-content\/uploads\/2023\/06\/large-scale-energy-storage-battery-1-3.jpg","contentUrl":"https:\/\/geoune.net\/wp-content\/uploads\/2023\/06\/large-scale-energy-storage-battery-1-3.jpg","width":1000,"height":1000},{"@type":"BreadcrumbList","@id":"https:\/\/geoune.net\/product\/60kwh-industrial-large-scale-solar-lithium-battery\/#breadcrumb","itemListElement":[{"@type":"ListItem","position":1,"name":"\u9996\u9875","item":"https:\/\/geoune.net\/"},{"@type":"ListItem","position":2,"name":"Products","item":"https:\/\/geoune.net\/shop\/"},{"@type":"ListItem","position":3,"name":"60KWh Industrial Large Scale Solar Lithium Battery"}]},{"@type":"WebSite","@id":"https:\/\/geoune.net\/#website","url":"https:\/\/geoune.net\/","name":"Ge'ou NEW ENERGY","description":"Ge&#039;ou New Energy is an integrated energy group that specializes in clean and new energy on lithium ion battery products.","publisher":{"@id":"https:\/\/geoune.net\/#organization"},"alternateName":"OEM Lithium ion Battery Products Manufacturer | Ge'ou New Energy","potentialAction":[{"@type":"SearchAction","target":{"@type":"EntryPoint","urlTemplate":"https:\/\/geoune.net\/?s={search_term_string}"},"query-input":"required name=search_term_string"}],"inLanguage":"es"},{"@type":"Organization","@id":"https:\/\/geoune.net\/#organization","name":"Ge'ou NEW ENERGY","url":"https:\/\/geoune.net\/","logo":{"@type":"ImageObject","inLanguage":"es","@id":"https:\/\/geoune.net\/#\/schema\/logo\/image\/","url":"https:\/\/geoune.net\/wp-content\/uploads\/2023\/06\/GEOUNE-LOGO.png","contentUrl":"https:\/\/geoune.net\/wp-content\/uploads\/2023\/06\/GEOUNE-LOGO.png","width":500,"height":350,"caption":"Ge'ou NEW ENERGY"},"image":{"@id":"https:\/\/geoune.net\/#\/schema\/logo\/image\/"}}]}},"_links":{"self":[{"href":"https:\/\/geoune.net\/es\/wp-json\/wp\/v2\/product\/1973","targetHints":{"allow":["GET"]}}],"collection":[{"href":"https:\/\/geoune.net\/es\/wp-json\/wp\/v2\/product"}],"about":[{"href":"https:\/\/geoune.net\/es\/wp-json\/wp\/v2\/types\/product"}],"wp:featuredmedia":[{"embeddable":true,"href":"https:\/\/geoune.net\/es\/wp-json\/wp\/v2\/media\/1981"}],"wp:attachment":[{"href":"https:\/\/geoune.net\/es\/wp-json\/wp\/v2\/media?parent=1973"}],"wp:term":[{"taxonomy":"product_brand","embeddable":true,"href":"https:\/\/geoune.net\/es\/wp-json\/wp\/v2\/product_brand?post=1973"},{"taxonomy":"product_cat","embeddable":true,"href":"https:\/\/geoune.net\/es\/wp-json\/wp\/v2\/product_cat?post=1973"},{"taxonomy":"product_tag","embeddable":true,"href":"https:\/\/geoune.net\/es\/wp-json\/wp\/v2\/product_tag?post=1973"}],"curies":[{"name":"wp","href":"https:\/\/api.w.org\/{rel}","templated":true}]}}