{"id":1478,"date":"2023-06-13T14:16:43","date_gmt":"2023-06-13T14:16:43","guid":{"rendered":"https:\/\/geoune.net\/?post_type=product&#038;p=1478"},"modified":"2023-06-24T15:54:42","modified_gmt":"2023-06-24T07:54:42","slug":"te12100c-32650-cylindrical-battery-pack-12v-100ah-lithium-ion-batteries","status":"publish","type":"product","link":"https:\/\/geoune.net\/es\/producto\/te12100c-32650-cylindrical-battery-pack-12v-100ah-lithium-ion-batteries\/","title":{"rendered":"TE12100C 32650 Paquete de bater\u00edas cil\u00edndricas 12v 100ah Bater\u00edas de iones de litio"},"content":{"rendered":"<div class=\"sliderTable mt10 mb10 sliderTable-index0 change-to-org\">\n<div class=\"inner\">\n<div class=\"proddetails-detial-wrap mt20\">\n<div class=\"detial-wrap-cont\">\n<div class=\"detial-cont-index\">\n<div class=\"detial-cont-divsions detial-cont-prodescription\">\n<div class=\"detial-cont-tabscont\">\n<div class=\"fix prodDesc\">\n<div class=\"prodDetail-editor-container\">\n<div class=\"sliderTable mt10 mb10 sliderTable-index0 change-to-org\">\n<div class=\"inner\">\n<div class=\"proddetails-detial-wrap mt20\">\n<div class=\"detial-wrap-cont\">\n<div class=\"detial-cont-index\">\n<div class=\"detial-cont-divsions detial-cont-prodescription\">\n<div class=\"detial-cont-tabscont\">\n<div class=\"fix prodDesc\">\n<div class=\"prodDetail-editor-container\">\n<div class=\"sliderTable mt10 mb10 sliderTable-index0 change-to-org\">\n<div class=\"inner\">\n<div class=\"sliderTable mt10 mb10 sliderTable-index0 change-to-org\">\n<div class=\"inner\">\n<div class=\"sliderTable mt10 mb10 sliderTable-index0 change-to-org\">\n<div class=\"inner\">\n<table class=\"all magic-11\" width=\"NaN\">\n<tbody>\n<tr class=\"firstRow\">\n<td colspan=\"4\" rowspan=\"1\">\n<div class=\"magic-12\">\n<div class=\"magic-5\">Par\u00e1metro b\u00e1sico<\/div>\n<\/div>\n<\/td>\n<\/tr>\n<tr>\n<td colspan=\"1\" rowspan=\"1\">\n<div class=\"magic-17\">Voltaje<\/div>\n<\/td>\n<td colspan=\"1\" rowspan=\"1\">\n<div class=\"magic-14\">12V<\/div>\n<\/td>\n<td colspan=\"1\" rowspan=\"1\">\n<div class=\"magic-15\">Capacidad<\/div>\n<\/td>\n<td colspan=\"1\" rowspan=\"1\">\n<div class=\"magic-18\">100Ah<\/div>\n<\/td>\n<\/tr>\n<tr>\n<td colspan=\"1\" rowspan=\"1\">\n<div class=\"magic-17\">Peso<\/div>\n<\/td>\n<td colspan=\"1\" rowspan=\"1\">\n<div class=\"magic-14\">13KG<\/div>\n<\/td>\n<td colspan=\"1\" rowspan=\"1\">\n<div class=\"magic-15\">Dimensi\u00f3n<\/div>\n<\/td>\n<td colspan=\"1\" rowspan=\"1\">\n<div class=\"magic-18\">325*175*215mm<\/div>\n<\/td>\n<\/tr>\n<tr>\n<td colspan=\"1\" rowspan=\"1\">\n<div class=\"magic-17\">Corriente m\u00e1xima instant\u00e1nea<\/div>\n<\/td>\n<td colspan=\"1\" rowspan=\"1\">\n<div class=\"magic-14\">130A<\/div>\n<\/td>\n<td colspan=\"1\" rowspan=\"1\">\n<div class=\"magic-15\">Ciclo<\/div>\n<\/td>\n<td colspan=\"1\" rowspan=\"1\">\n<div class=\"magic-18\">M\u00e1s de 3000 sobre 80% DoD<\/div>\n<\/td>\n<\/tr>\n<tr>\n<td colspan=\"1\" rowspan=\"1\">\n<div class=\"magic-19\">Corriente de carga<\/div>\n<\/td>\n<td colspan=\"1\" rowspan=\"1\">\n<div class=\"magic-14\">25A<\/div>\n<\/td>\n<td colspan=\"1\" rowspan=\"1\">\n<div class=\"magic-15\">Corriente de descarga<\/div>\n<\/td>\n<td colspan=\"1\" rowspan=\"1\">\n<div class=\"magic-18\">50A<\/div>\n<\/td>\n<\/tr>\n<tr>\n<td colspan=\"1\" rowspan=\"1\">\n<div class=\"magic-19\">Autodescarga<\/div>\n<\/td>\n<td colspan=\"1\" rowspan=\"1\">\n<div class=\"magic-14\">\u22643.5% por mes<\/div>\n<\/td>\n<td colspan=\"1\" rowspan=\"1\">\n<div class=\"magic-15\">m\u00e1x. Paralelo\/serie<\/div>\n<\/td>\n<td colspan=\"1\" rowspan=\"1\">\n<div class=\"magic-18\">4S4P<\/div>\n<\/td>\n<\/tr>\n<tr>\n<td colspan=\"1\" rowspan=\"1\">\n<div class=\"magic-19\">Carcasa de la bater\u00eda<\/div>\n<\/td>\n<td colspan=\"1\" rowspan=\"1\">\n<div class=\"magic-14\">abdominales<\/div>\n<\/td>\n<td colspan=\"1\" rowspan=\"1\">\n<div class=\"magic-15\">Protecci\u00f3n del recinto<\/div>\n<\/td>\n<td colspan=\"1\" rowspan=\"1\">\n<div class=\"magic-18\">IP55<\/div>\n<\/td>\n<\/tr>\n<tr>\n<td colspan=\"1\" rowspan=\"1\">\n<div class=\"magic-19\">Energ\u00eda<\/div>\n<\/td>\n<td colspan=\"1\" rowspan=\"1\">\n<div class=\"magic-14\">Energ\u00eda<\/div>\n<\/td>\n<td colspan=\"1\" rowspan=\"1\">\n<div class=\"magic-15\">Capacidad@20A<\/div>\n<\/td>\n<td colspan=\"1\" rowspan=\"1\">\n<div class=\"magic-18\">300 minutos<\/div>\n<\/td>\n<\/tr>\n<tr>\n<td colspan=\"1\" rowspan=\"1\">\n<div class=\"magic-19\">Tipo de c\u00e9lula<\/div>\n<\/td>\n<td colspan=\"1\" rowspan=\"1\">\n<div class=\"magic-14\">Cil\u00edndrico 32700<\/div>\n<\/td>\n<td colspan=\"1\" rowspan=\"1\">\n<div class=\"magic-15\">Qu\u00edmica<\/div>\n<\/td>\n<td colspan=\"1\" rowspan=\"1\">\n<div class=\"magic-18\">LiFePo4<\/div>\n<\/td>\n<\/tr>\n<tr>\n<td colspan=\"1\" rowspan=\"1\">\n<div class=\"magic-19\">Configuraci\u00f3n<\/div>\n<\/td>\n<td colspan=\"1\" rowspan=\"1\">\n<div class=\"magic-14\">4S17P<\/div>\n<\/td>\n<td colspan=\"1\" rowspan=\"1\">\n<div class=\"magic-15\">BMS<\/div>\n<\/td>\n<td colspan=\"1\" rowspan=\"1\">\n<div class=\"magic-18\">50A<\/div>\n<\/td>\n<\/tr>\n<\/tbody>\n<\/table>\n<\/div>\n<\/div>\n<\/div>\n<\/div>\n<\/div>\n<\/div>\n<\/div>\n<\/div>\n<\/div>\n<\/div>\n<\/div>\n<\/div>\n<\/div>\n<\/div>\n<\/div>\n<\/div>\n<\/div>\n<\/div>\n<\/div>\n<\/div>\n<\/div>\n<\/div>\n<\/div>\n<\/div>\n<p><strong>Aplicaciones de la bater\u00eda Lifepo4:<\/strong><\/p>\n<p><strong>Barcos\/Kayaks\/Marina:\u00a0<\/strong>Las bater\u00edas LiFePO4 ofrecen enormes ventajas para impulsar motores de botes peque\u00f1os y kayaks.<\/p>\n<p><strong>Equipo de comunicaciones:<\/strong>reemplace las bater\u00edas de plomo \u00e1cido y NiMh para equipos de radiocomunicaciones, incluidos los radioaficionados.<\/p>\n<p><strong>E-Bikes \/ E-Scooters \/ Veh\u00edculos peque\u00f1os:<\/strong>para e-bikes\/e-scooters E-silla de ruedas para<\/p>\n<p>reemplace las bater\u00edas de plomo \u00e1cido.<\/p>\n<p><strong>Carro de golf el\u00e9ctrico:<\/strong>Las bater\u00edas LiFePO4 se pueden usar para alimentar carritos de golf el\u00e9ctricos que se usan para transportar palos de golf<\/p>\n<p>cursos de golf.<\/p>\n<p><strong>Almacen de energia:<\/strong>\u00a0Las bater\u00edas LiFePO4 cuando se combinan con convertidores e inversores se pueden utilizar como una soluci\u00f3n de almacenamiento de energ\u00eda.c<\/p>\n<p><img fetchpriority=\"high\" decoding=\"async\" class=\"aligncenter size-large wp-image-1457\" src=\"https:\/\/geoune.net\/wp-content\/uploads\/2023\/06\/1_01-1024x997.jpg\" alt=\"TE12100 Solar Lifepo4 12v 100ah Lithium Iron Phosphate Battery Pack \" width=\"1024\" height=\"997\" srcset=\"https:\/\/geoune.net\/wp-content\/uploads\/2023\/06\/1_01-1024x997.jpg 1024w, https:\/\/geoune.net\/wp-content\/uploads\/2023\/06\/1_01-300x292.jpg 300w, https:\/\/geoune.net\/wp-content\/uploads\/2023\/06\/1_01-768x748.jpg 768w, https:\/\/geoune.net\/wp-content\/uploads\/2023\/06\/1_01-600x584.jpg 600w, https:\/\/geoune.net\/wp-content\/uploads\/2023\/06\/1_01.jpg 1500w\" sizes=\"(max-width: 1024px) 100vw, 1024px\" \/> <img decoding=\"async\" class=\"aligncenter wp-image-1458\" src=\"https:\/\/geoune.net\/wp-content\/uploads\/2023\/06\/1_02-scaled.jpg\" alt=\"TE12100 Solar Lifepo4 12v 100ah Lithium Iron Phosphate Battery Pack \" width=\"1011\" height=\"2989\" srcset=\"https:\/\/geoune.net\/wp-content\/uploads\/2023\/06\/1_02-520x1536.jpg 520w, https:\/\/geoune.net\/wp-content\/uploads\/2023\/06\/1_02-693x2048.jpg 693w, https:\/\/geoune.net\/wp-content\/uploads\/2023\/06\/1_02-600x1773.jpg 600w\" sizes=\"(max-width: 1011px) 100vw, 1011px\" \/> <img decoding=\"async\" class=\"aligncenter size-large wp-image-1459\" src=\"https:\/\/geoune.net\/wp-content\/uploads\/2023\/06\/1_03-1011x1024.jpg\" alt=\"TE12100 Solar Lifepo4 12v 100ah Lithium Iron Phosphate Battery Pack \" width=\"1011\" height=\"1024\" srcset=\"https:\/\/geoune.net\/wp-content\/uploads\/2023\/06\/1_03-1011x1024.jpg 1011w, https:\/\/geoune.net\/wp-content\/uploads\/2023\/06\/1_03-296x300.jpg 296w, https:\/\/geoune.net\/wp-content\/uploads\/2023\/06\/1_03-768x778.jpg 768w, https:\/\/geoune.net\/wp-content\/uploads\/2023\/06\/1_03-600x608.jpg 600w, https:\/\/geoune.net\/wp-content\/uploads\/2023\/06\/1_03-100x100.jpg 100w, https:\/\/geoune.net\/wp-content\/uploads\/2023\/06\/1_03.jpg 1500w\" sizes=\"(max-width: 1011px) 100vw, 1011px\" \/> <img loading=\"lazy\" decoding=\"async\" class=\"aligncenter wp-image-1460\" src=\"https:\/\/geoune.net\/wp-content\/uploads\/2023\/06\/1_04-649x1024.webp\" alt=\"TE12100 Solar Lifepo4 12v 100ah Lithium Iron Phosphate Battery Pack \" width=\"887\" height=\"1399\" srcset=\"https:\/\/geoune.net\/wp-content\/uploads\/2023\/06\/1_04-649x1024.webp 649w, https:\/\/geoune.net\/wp-content\/uploads\/2023\/06\/1_04-190x300.webp 190w, https:\/\/geoune.net\/wp-content\/uploads\/2023\/06\/1_04-600x946.webp 600w, https:\/\/geoune.net\/wp-content\/uploads\/2023\/06\/1_04.webp 750w\" sizes=\"(max-width: 887px) 100vw, 887px\" \/> <img loading=\"lazy\" decoding=\"async\" class=\"aligncenter wp-image-1461\" src=\"https:\/\/geoune.net\/wp-content\/uploads\/2023\/06\/1_07.webp\" alt=\"TE12100 Solar Lifepo4 12v 100ah Lithium Iron Phosphate Battery Pack \" width=\"1042\" height=\"1237\" srcset=\"https:\/\/geoune.net\/wp-content\/uploads\/2023\/06\/1_07.webp 750w, https:\/\/geoune.net\/wp-content\/uploads\/2023\/06\/1_07-253x300.webp 253w, https:\/\/geoune.net\/wp-content\/uploads\/2023\/06\/1_07-600x712.webp 600w\" sizes=\"(max-width: 1042px) 100vw, 1042px\" \/> <img loading=\"lazy\" decoding=\"async\" class=\"aligncenter wp-image-1462\" src=\"https:\/\/geoune.net\/wp-content\/uploads\/2023\/06\/1_09.webp\" alt=\"TE12100 Solar Lifepo4 12v 100ah Lithium Iron Phosphate Battery Pack \" width=\"1063\" height=\"1293\" srcset=\"https:\/\/geoune.net\/wp-content\/uploads\/2023\/06\/1_09.webp 750w, https:\/\/geoune.net\/wp-content\/uploads\/2023\/06\/1_09-247x300.webp 247w, https:\/\/geoune.net\/wp-content\/uploads\/2023\/06\/1_09-600x730.webp 600w\" sizes=\"(max-width: 1063px) 100vw, 1063px\" \/><\/p>","protected":false},"excerpt":{"rendered":"<ul>\n<li>Bater\u00eda de iones de litio de 12V 100Ah con NCM 32650 incorporado 50A<\/li>\n<li>Paquete de bater\u00eda de almacenamiento solar BMS para paneles solares RV hogar\/coche de camping el\u00e9ctrico\/Marina\/sistema de energ\u00eda e\u00f3lica\/carros de golf\/almacenamiento de energ\u00eda.<\/li>\n<\/ul>","protected":false},"featured_media":1476,"template":"","meta":{"site-sidebar-layout":"default","site-content-layout":"default","ast-site-content-layout":"default","site-content-style":"default","site-sidebar-style":"default","ast-global-header-display":"","ast-banner-title-visibility":"","ast-main-header-display":"","ast-hfb-above-header-display":"","ast-hfb-below-header-display":"","ast-hfb-mobile-header-display":"","site-post-title":"","ast-breadcrumbs-content":"","ast-featured-img":"","footer-sml-layout":"","theme-transparent-header-meta":"default","adv-header-id-meta":"","stick-header-meta":"","header-above-stick-meta":"","header-main-stick-meta":"","header-below-stick-meta":"","astra-migrate-meta-layouts":"default","ast-page-background-enabled":"default","ast-page-background-meta":{"desktop":{"background-color":"","background-image":"","background-repeat":"repeat","background-position":"center center","background-size":"auto","background-attachment":"scroll","background-type":"","background-media":"","overlay-type":"","overlay-color":"","overlay-opacity":"","overlay-gradient":""},"tablet":{"background-color":"","background-image":"","background-repeat":"repeat","background-position":"center center","background-size":"auto","background-attachment":"scroll","background-type":"","background-media":"","overlay-type":"","overlay-color":"","overlay-opacity":"","overlay-gradient":""},"mobile":{"background-color":"","background-image":"","background-repeat":"repeat","background-position":"center center","background-size":"auto","background-attachment":"scroll","background-type":"","background-media":"","overlay-type":"","overlay-color":"","overlay-opacity":"","overlay-gradient":""}},"ast-content-background-meta":{"desktop":{"background-color":"var(--ast-global-color-5)","background-image":"","background-repeat":"repeat","background-position":"center center","background-size":"auto","background-attachment":"scroll","background-type":"","background-media":"","overlay-type":"","overlay-color":"","overlay-opacity":"","overlay-gradient":""},"tablet":{"background-color":"var(--ast-global-color-5)","background-image":"","background-repeat":"repeat","background-position":"center center","background-size":"auto","background-attachment":"scroll","background-type":"","background-media":"","overlay-type":"","overlay-color":"","overlay-opacity":"","overlay-gradient":""},"mobile":{"background-color":"var(--ast-global-color-5)","background-image":"","background-repeat":"repeat","background-position":"center center","background-size":"auto","background-attachment":"scroll","background-type":"","background-media":"","overlay-type":"","overlay-color":"","overlay-opacity":"","overlay-gradient":""}}},"product_brand":[],"product_cat":[22,23],"product_tag":[],"class_list":{"0":"post-1478","1":"product","2":"type-product","3":"status-publish","4":"has-post-thumbnail","6":"product_cat-lithium-ion-battery","7":"product_cat-te-series","8":"desktop-align-left","9":"tablet-align-left","10":"mobile-align-left","12":"first","13":"instock","14":"shipping-taxable","15":"product-type-simple"},"yoast_head":"<!-- This site is optimized with the Yoast SEO Premium plugin v20.11 (Yoast SEO v22.7) - https:\/\/yoast.com\/wordpress\/plugins\/seo\/ -->\n<title>TE12100C 32650 Cylindrical Battery Pack 12v 100ah Lithium Ion Batteries - Ge&#039;ou NEW ENERGY<\/title>\n<meta name=\"description\" content=\"Ge&#039;ou New Energy is an integrated energy group that specializes in clean and new energy on lithium ion battery products.\" \/>\n<meta name=\"robots\" content=\"index, follow, max-snippet:-1, max-image-preview:large, max-video-preview:-1\" \/>\n<link rel=\"canonical\" href=\"https:\/\/geoune.net\/es\/producto\/te12100c-32650-cylindrical-battery-pack-12v-100ah-lithium-ion-batteries\/\" \/>\n<meta property=\"og:locale\" content=\"es_ES\" \/>\n<meta property=\"og:type\" content=\"article\" \/>\n<meta property=\"og:title\" content=\"TE12100C 32650 Cylindrical Battery Pack 12v 100ah Lithium Ion Batteries\" \/>\n<meta property=\"og:description\" content=\"Ge&#039;ou New Energy is an integrated energy group that specializes in clean and new energy on lithium ion battery products.\" \/>\n<meta property=\"og:url\" content=\"https:\/\/geoune.net\/es\/producto\/te12100c-32650-cylindrical-battery-pack-12v-100ah-lithium-ion-batteries\/\" \/>\n<meta property=\"og:site_name\" content=\"Ge&#039;ou NEW ENERGY\" \/>\n<meta property=\"article:modified_time\" content=\"2023-06-24T07:54:42+00:00\" \/>\n<meta property=\"og:image\" content=\"https:\/\/geoune.net\/wp-content\/uploads\/2023\/06\/geoune-battery-2.png\" \/>\n\t<meta property=\"og:image:width\" content=\"640\" \/>\n\t<meta property=\"og:image:height\" content=\"640\" \/>\n\t<meta property=\"og:image:type\" content=\"image\/png\" \/>\n<meta name=\"twitter:card\" content=\"summary_large_image\" \/>\n<meta name=\"twitter:label1\" content=\"Tiempo de lectura\" \/>\n\t<meta name=\"twitter:data1\" content=\"1 minuto\" \/>\n<script type=\"application\/ld+json\" class=\"yoast-schema-graph\">{\"@context\":\"https:\/\/schema.org\",\"@graph\":[{\"@type\":\"WebPage\",\"@id\":\"https:\/\/geoune.net\/product\/te12100c-32650-cylindrical-battery-pack-12v-100ah-lithium-ion-batteries\/\",\"url\":\"https:\/\/geoune.net\/product\/te12100c-32650-cylindrical-battery-pack-12v-100ah-lithium-ion-batteries\/\",\"name\":\"TE12100C 32650 Cylindrical Battery Pack 12v 100ah Lithium Ion Batteries - Ge&#039;ou NEW ENERGY\",\"isPartOf\":{\"@id\":\"https:\/\/geoune.net\/#website\"},\"primaryImageOfPage\":{\"@id\":\"https:\/\/geoune.net\/product\/te12100c-32650-cylindrical-battery-pack-12v-100ah-lithium-ion-batteries\/#primaryimage\"},\"image\":{\"@id\":\"https:\/\/geoune.net\/product\/te12100c-32650-cylindrical-battery-pack-12v-100ah-lithium-ion-batteries\/#primaryimage\"},\"thumbnailUrl\":\"https:\/\/geoune.net\/wp-content\/uploads\/2023\/06\/geoune-battery-2.png\",\"datePublished\":\"2023-06-13T14:16:43+00:00\",\"dateModified\":\"2023-06-24T07:54:42+00:00\",\"description\":\"Ge'ou New Energy is an integrated energy group that specializes in clean and new energy on lithium ion battery products.\",\"breadcrumb\":{\"@id\":\"https:\/\/geoune.net\/product\/te12100c-32650-cylindrical-battery-pack-12v-100ah-lithium-ion-batteries\/#breadcrumb\"},\"inLanguage\":\"es\",\"potentialAction\":[{\"@type\":\"ReadAction\",\"target\":[\"https:\/\/geoune.net\/product\/te12100c-32650-cylindrical-battery-pack-12v-100ah-lithium-ion-batteries\/\"]}]},{\"@type\":\"ImageObject\",\"inLanguage\":\"es\",\"@id\":\"https:\/\/geoune.net\/product\/te12100c-32650-cylindrical-battery-pack-12v-100ah-lithium-ion-batteries\/#primaryimage\",\"url\":\"https:\/\/geoune.net\/wp-content\/uploads\/2023\/06\/geoune-battery-2.png\",\"contentUrl\":\"https:\/\/geoune.net\/wp-content\/uploads\/2023\/06\/geoune-battery-2.png\",\"width\":640,\"height\":640,\"caption\":\"TE12300 12.8V 300Ah RV Battery Pack for Lead Acid Replacement 12V 300Ah LiFepo4 Battery\"},{\"@type\":\"BreadcrumbList\",\"@id\":\"https:\/\/geoune.net\/product\/te12100c-32650-cylindrical-battery-pack-12v-100ah-lithium-ion-batteries\/#breadcrumb\",\"itemListElement\":[{\"@type\":\"ListItem\",\"position\":1,\"name\":\"\u9996\u9875\",\"item\":\"https:\/\/geoune.net\/\"},{\"@type\":\"ListItem\",\"position\":2,\"name\":\"Products\",\"item\":\"https:\/\/geoune.net\/shop\/\"},{\"@type\":\"ListItem\",\"position\":3,\"name\":\"TE12100C 32650 Cylindrical Battery Pack 12v 100ah Lithium Ion Batteries\"}]},{\"@type\":\"WebSite\",\"@id\":\"https:\/\/geoune.net\/#website\",\"url\":\"https:\/\/geoune.net\/\",\"name\":\"Ge'ou NEW ENERGY\",\"description\":\"Ge&#039;ou New Energy is an integrated energy group that specializes in clean and new energy on lithium ion battery products.\",\"publisher\":{\"@id\":\"https:\/\/geoune.net\/#organization\"},\"alternateName\":\"OEM Lithium ion Battery Products Manufacturer | Ge'ou New Energy\",\"potentialAction\":[{\"@type\":\"SearchAction\",\"target\":{\"@type\":\"EntryPoint\",\"urlTemplate\":\"https:\/\/geoune.net\/?s={search_term_string}\"},\"query-input\":\"required name=search_term_string\"}],\"inLanguage\":\"es\"},{\"@type\":\"Organization\",\"@id\":\"https:\/\/geoune.net\/#organization\",\"name\":\"Ge'ou NEW ENERGY\",\"url\":\"https:\/\/geoune.net\/\",\"logo\":{\"@type\":\"ImageObject\",\"inLanguage\":\"es\",\"@id\":\"https:\/\/geoune.net\/#\/schema\/logo\/image\/\",\"url\":\"https:\/\/geoune.net\/wp-content\/uploads\/2023\/06\/GEOUNE-LOGO.png\",\"contentUrl\":\"https:\/\/geoune.net\/wp-content\/uploads\/2023\/06\/GEOUNE-LOGO.png\",\"width\":500,\"height\":350,\"caption\":\"Ge'ou NEW ENERGY\"},\"image\":{\"@id\":\"https:\/\/geoune.net\/#\/schema\/logo\/image\/\"}}]}<\/script>\n<!-- \/ Yoast SEO Premium plugin. -->","yoast_head_json":{"title":"TE12100C 32650 Cylindrical Battery Pack 12v 100ah Lithium Ion Batteries - Ge&#039;ou NEW ENERGY","description":"Ge'ou New Energy is an integrated energy group that specializes in clean and new energy on lithium ion battery products.","robots":{"index":"index","follow":"follow","max-snippet":"max-snippet:-1","max-image-preview":"max-image-preview:large","max-video-preview":"max-video-preview:-1"},"canonical":"https:\/\/geoune.net\/es\/producto\/te12100c-32650-cylindrical-battery-pack-12v-100ah-lithium-ion-batteries\/","og_locale":"es_ES","og_type":"article","og_title":"TE12100C 32650 Cylindrical Battery Pack 12v 100ah Lithium Ion Batteries","og_description":"Ge'ou New Energy is an integrated energy group that specializes in clean and new energy on lithium ion battery products.","og_url":"https:\/\/geoune.net\/es\/producto\/te12100c-32650-cylindrical-battery-pack-12v-100ah-lithium-ion-batteries\/","og_site_name":"Ge&#039;ou NEW ENERGY","article_modified_time":"2023-06-24T07:54:42+00:00","og_image":[{"width":640,"height":640,"url":"https:\/\/geoune.net\/wp-content\/uploads\/2023\/06\/geoune-battery-2.png","type":"image\/png"}],"twitter_card":"summary_large_image","twitter_misc":{"Tiempo de lectura":"1 minuto"},"schema":{"@context":"https:\/\/schema.org","@graph":[{"@type":"WebPage","@id":"https:\/\/geoune.net\/product\/te12100c-32650-cylindrical-battery-pack-12v-100ah-lithium-ion-batteries\/","url":"https:\/\/geoune.net\/product\/te12100c-32650-cylindrical-battery-pack-12v-100ah-lithium-ion-batteries\/","name":"TE12100C 32650 Cylindrical Battery Pack 12v 100ah Lithium Ion Batteries - Ge&#039;ou NEW ENERGY","isPartOf":{"@id":"https:\/\/geoune.net\/#website"},"primaryImageOfPage":{"@id":"https:\/\/geoune.net\/product\/te12100c-32650-cylindrical-battery-pack-12v-100ah-lithium-ion-batteries\/#primaryimage"},"image":{"@id":"https:\/\/geoune.net\/product\/te12100c-32650-cylindrical-battery-pack-12v-100ah-lithium-ion-batteries\/#primaryimage"},"thumbnailUrl":"https:\/\/geoune.net\/wp-content\/uploads\/2023\/06\/geoune-battery-2.png","datePublished":"2023-06-13T14:16:43+00:00","dateModified":"2023-06-24T07:54:42+00:00","description":"Ge'ou New Energy is an integrated energy group that specializes in clean and new energy on lithium ion battery products.","breadcrumb":{"@id":"https:\/\/geoune.net\/product\/te12100c-32650-cylindrical-battery-pack-12v-100ah-lithium-ion-batteries\/#breadcrumb"},"inLanguage":"es","potentialAction":[{"@type":"ReadAction","target":["https:\/\/geoune.net\/product\/te12100c-32650-cylindrical-battery-pack-12v-100ah-lithium-ion-batteries\/"]}]},{"@type":"ImageObject","inLanguage":"es","@id":"https:\/\/geoune.net\/product\/te12100c-32650-cylindrical-battery-pack-12v-100ah-lithium-ion-batteries\/#primaryimage","url":"https:\/\/geoune.net\/wp-content\/uploads\/2023\/06\/geoune-battery-2.png","contentUrl":"https:\/\/geoune.net\/wp-content\/uploads\/2023\/06\/geoune-battery-2.png","width":640,"height":640,"caption":"TE12300 12.8V 300Ah RV Battery Pack for Lead Acid Replacement 12V 300Ah LiFepo4 Battery"},{"@type":"BreadcrumbList","@id":"https:\/\/geoune.net\/product\/te12100c-32650-cylindrical-battery-pack-12v-100ah-lithium-ion-batteries\/#breadcrumb","itemListElement":[{"@type":"ListItem","position":1,"name":"\u9996\u9875","item":"https:\/\/geoune.net\/"},{"@type":"ListItem","position":2,"name":"Products","item":"https:\/\/geoune.net\/shop\/"},{"@type":"ListItem","position":3,"name":"TE12100C 32650 Cylindrical Battery Pack 12v 100ah Lithium Ion Batteries"}]},{"@type":"WebSite","@id":"https:\/\/geoune.net\/#website","url":"https:\/\/geoune.net\/","name":"Ge'ou NEW ENERGY","description":"Ge&#039;ou New Energy is an integrated energy group that specializes in clean and new energy on lithium ion battery products.","publisher":{"@id":"https:\/\/geoune.net\/#organization"},"alternateName":"OEM Lithium ion Battery Products Manufacturer | Ge'ou New Energy","potentialAction":[{"@type":"SearchAction","target":{"@type":"EntryPoint","urlTemplate":"https:\/\/geoune.net\/?s={search_term_string}"},"query-input":"required name=search_term_string"}],"inLanguage":"es"},{"@type":"Organization","@id":"https:\/\/geoune.net\/#organization","name":"Ge'ou NEW ENERGY","url":"https:\/\/geoune.net\/","logo":{"@type":"ImageObject","inLanguage":"es","@id":"https:\/\/geoune.net\/#\/schema\/logo\/image\/","url":"https:\/\/geoune.net\/wp-content\/uploads\/2023\/06\/GEOUNE-LOGO.png","contentUrl":"https:\/\/geoune.net\/wp-content\/uploads\/2023\/06\/GEOUNE-LOGO.png","width":500,"height":350,"caption":"Ge'ou NEW ENERGY"},"image":{"@id":"https:\/\/geoune.net\/#\/schema\/logo\/image\/"}}]}},"_links":{"self":[{"href":"https:\/\/geoune.net\/es\/wp-json\/wp\/v2\/product\/1478","targetHints":{"allow":["GET"]}}],"collection":[{"href":"https:\/\/geoune.net\/es\/wp-json\/wp\/v2\/product"}],"about":[{"href":"https:\/\/geoune.net\/es\/wp-json\/wp\/v2\/types\/product"}],"wp:featuredmedia":[{"embeddable":true,"href":"https:\/\/geoune.net\/es\/wp-json\/wp\/v2\/media\/1476"}],"wp:attachment":[{"href":"https:\/\/geoune.net\/es\/wp-json\/wp\/v2\/media?parent=1478"}],"wp:term":[{"taxonomy":"product_brand","embeddable":true,"href":"https:\/\/geoune.net\/es\/wp-json\/wp\/v2\/product_brand?post=1478"},{"taxonomy":"product_cat","embeddable":true,"href":"https:\/\/geoune.net\/es\/wp-json\/wp\/v2\/product_cat?post=1478"},{"taxonomy":"product_tag","embeddable":true,"href":"https:\/\/geoune.net\/es\/wp-json\/wp\/v2\/product_tag?post=1478"}],"curies":[{"name":"wp","href":"https:\/\/api.w.org\/{rel}","templated":true}]}}