{"id":1477,"date":"2023-06-13T14:15:40","date_gmt":"2023-06-13T14:15:40","guid":{"rendered":"https:\/\/geoune.net\/?post_type=product&#038;p=1477"},"modified":"2023-06-24T15:55:07","modified_gmt":"2023-06-24T07:55:07","slug":"te12200-deep-cycle-lithium-ion-12v-200ah-lifepo4-battery-for-rv-boats-marine-use","status":"publish","type":"product","link":"https:\/\/geoune.net\/es\/producto\/te12200-deep-cycle-lithium-ion-12v-200ah-lifepo4-battery-for-rv-boats-marine-use\/","title":{"rendered":"TE12200 bater\u00eda de iones de litio de ciclo profundo 12V 200Ah Lifepo4 para rv\/barcos\/uso marino"},"content":{"rendered":"<div class=\"sliderTable mt10 mb10 sliderTable-index0 change-to-org\">\n<div class=\"inner\">\n<div class=\"proddetails-detial-wrap mt20\">\n<div class=\"detial-wrap-cont\">\n<div class=\"detial-cont-index\">\n<div class=\"detial-cont-divsions detial-cont-prodescription\">\n<div class=\"detial-cont-tabscont\">\n<div class=\"fix prodDesc\">\n<div class=\"prodDetail-editor-container\">\n<div class=\"sliderTable mt10 mb10 sliderTable-index0 change-to-org\">\n<div class=\"inner\">\n<div class=\"proddetails-detial-wrap mt20\">\n<div class=\"detial-wrap-cont\">\n<div class=\"detial-cont-index\">\n<div class=\"detial-cont-divsions detial-cont-prodescription\">\n<div class=\"detial-cont-tabscont\">\n<div class=\"fix prodDesc\">\n<div class=\"prodDetail-editor-container\">\n<div class=\"sliderTable mt10 mb10 sliderTable-index0 change-to-org\">\n<div class=\"inner\">\n<div class=\"sliderTable mt10 mb10 sliderTable-index0 change-to-org\">\n<div class=\"inner\">\n<table>\n<tbody>\n<tr class=\"firstRow\">\n<td valign=\"top\" width=\"436\">Voltaje nominal<\/td>\n<td valign=\"top\" width=\"436\">12,8 V<\/td>\n<\/tr>\n<tr>\n<td valign=\"top\" width=\"436\">Capacidad nominal<\/td>\n<td valign=\"top\" width=\"436\">200Ah<\/td>\n<\/tr>\n<tr>\n<td valign=\"top\" width=\"436\">Alojamiento<\/td>\n<td valign=\"top\" width=\"436\">Caja ABS IP56<\/td>\n<\/tr>\n<tr>\n<td valign=\"top\" width=\"436\">Corriente de carga<\/td>\n<td valign=\"top\" width=\"436\">100A<\/td>\n<\/tr>\n<tr>\n<td valign=\"top\" width=\"436\">Corriente de descarga<\/td>\n<td valign=\"top\" width=\"436\">100A<\/td>\n<\/tr>\n<tr>\n<td valign=\"top\" width=\"436\">Corriente m\u00e1xima de descarga<\/td>\n<td valign=\"top\" width=\"436\">260A(3s)<\/td>\n<\/tr>\n<tr>\n<td valign=\"top\" width=\"436\">Peso<\/td>\n<td valign=\"top\" width=\"436\">21,5 kg<\/td>\n<\/tr>\n<tr>\n<td valign=\"top\" width=\"436\">Tipo de c\u00e9lula<\/td>\n<td valign=\"top\" width=\"436\">Celda prism\u00e1tica 3.2V100Ah<\/td>\n<\/tr>\n<tr>\n<td valign=\"top\" width=\"436\">Qu\u00edmica<\/td>\n<td valign=\"top\" width=\"436\">LiFePo4<\/td>\n<\/tr>\n<tr>\n<td valign=\"top\" width=\"436\">Configuraci\u00f3n<\/td>\n<td valign=\"top\" width=\"436\">4S2P<\/td>\n<\/tr>\n<tr>\n<td colspan=\"1\" rowspan=\"1\" valign=\"top\">Temperatura de carga<\/td>\n<td colspan=\"1\" rowspan=\"1\" valign=\"top\">0 \u2103 a 45 \u2103 (32 \u2109 a 113 \u2109) @60\u00b125% Humedad relativa<\/td>\n<\/tr>\n<tr>\n<td colspan=\"1\" rowspan=\"1\" valign=\"top\">Temperatura de descarga<\/td>\n<td colspan=\"1\" rowspan=\"1\" valign=\"top\">-20 \u2103 a 60 \u2103 (-4 \u2109 a 140 \u2109) @60\u00b125% Humedad relativa<\/td>\n<\/tr>\n<tr>\n<td colspan=\"1\" rowspan=\"1\" valign=\"top\">Temperatura de almacenamiento<\/td>\n<td colspan=\"1\" rowspan=\"1\" valign=\"top\">0 \u2103 a 45 \u2103 (32 \u2109 a 113 \u2109) @60\u00b125% Humedad relativa<\/td>\n<\/tr>\n<tr>\n<td colspan=\"1\" rowspan=\"1\" valign=\"top\">Ciclo de vida<\/td>\n<td colspan=\"1\" rowspan=\"1\" valign=\"top\">5000 veces<\/td>\n<\/tr>\n<tr>\n<td colspan=\"1\" rowspan=\"1\" valign=\"top\">Dimensi\u00f3n (L*W*H)<\/td>\n<td colspan=\"1\" rowspan=\"1\" valign=\"top\">483*170*240mm<\/td>\n<\/tr>\n<\/tbody>\n<\/table>\n<\/div>\n<\/div>\n<\/div>\n<\/div>\n<\/div>\n<\/div>\n<\/div>\n<\/div>\n<\/div>\n<\/div>\n<\/div>\n<\/div>\n<\/div>\n<\/div>\n<\/div>\n<\/div>\n<\/div>\n<\/div>\n<\/div>\n<\/div>\n<\/div>\n<\/div>\n<p><strong>Aplicaciones de la bater\u00eda Lifepo4:<\/strong><\/p>\n<p><strong>Barcos\/Kayaks\/Marina:\u00a0<\/strong>Las bater\u00edas LiFePO4 ofrecen enormes ventajas para impulsar motores de botes peque\u00f1os y kayaks.<\/p>\n<p><strong>Equipo de comunicaciones:<\/strong>reemplace las bater\u00edas de plomo \u00e1cido y NiMh para equipos de radiocomunicaciones, incluidos los radioaficionados.<\/p>\n<p><strong>E-Bikes \/ E-Scooters \/ Veh\u00edculos peque\u00f1os:<\/strong>para e-bikes\/e-scooters E-silla de ruedas para<\/p>\n<p>reemplace las bater\u00edas de plomo \u00e1cido.<\/p>\n<p><strong>Carro de golf el\u00e9ctrico:<\/strong>Las bater\u00edas LiFePO4 se pueden usar para alimentar carritos de golf el\u00e9ctricos que se usan para transportar palos de golf<\/p>\n<p>cursos de golf.<\/p>\n<p><strong>Almacen de energia:<\/strong>\u00a0Las bater\u00edas LiFePO4 cuando se combinan con convertidores e inversores se pueden utilizar como una soluci\u00f3n de almacenamiento de energ\u00eda.c<\/p>\n<p><img fetchpriority=\"high\" decoding=\"async\" class=\"aligncenter size-large wp-image-1457\" src=\"https:\/\/geoune.net\/wp-content\/uploads\/2023\/06\/1_01-1024x997.jpg\" alt=\"TE12100 Solar Lifepo4 12v 100ah Lithium Iron Phosphate Battery Pack \" width=\"1024\" height=\"997\" srcset=\"https:\/\/geoune.net\/wp-content\/uploads\/2023\/06\/1_01-1024x997.jpg 1024w, https:\/\/geoune.net\/wp-content\/uploads\/2023\/06\/1_01-300x292.jpg 300w, https:\/\/geoune.net\/wp-content\/uploads\/2023\/06\/1_01-768x748.jpg 768w, https:\/\/geoune.net\/wp-content\/uploads\/2023\/06\/1_01-600x584.jpg 600w, https:\/\/geoune.net\/wp-content\/uploads\/2023\/06\/1_01.jpg 1500w\" sizes=\"(max-width: 1024px) 100vw, 1024px\" \/> <img decoding=\"async\" class=\"aligncenter wp-image-1458\" src=\"https:\/\/geoune.net\/wp-content\/uploads\/2023\/06\/1_02-scaled.jpg\" alt=\"TE12100 Solar Lifepo4 12v 100ah Lithium Iron Phosphate Battery Pack \" width=\"1011\" height=\"2989\" srcset=\"https:\/\/geoune.net\/wp-content\/uploads\/2023\/06\/1_02-520x1536.jpg 520w, https:\/\/geoune.net\/wp-content\/uploads\/2023\/06\/1_02-693x2048.jpg 693w, https:\/\/geoune.net\/wp-content\/uploads\/2023\/06\/1_02-600x1773.jpg 600w\" sizes=\"(max-width: 1011px) 100vw, 1011px\" \/> <img decoding=\"async\" class=\"aligncenter size-large wp-image-1459\" src=\"https:\/\/geoune.net\/wp-content\/uploads\/2023\/06\/1_03-1011x1024.jpg\" alt=\"TE12100 Solar Lifepo4 12v 100ah Lithium Iron Phosphate Battery Pack \" width=\"1011\" height=\"1024\" srcset=\"https:\/\/geoune.net\/wp-content\/uploads\/2023\/06\/1_03-1011x1024.jpg 1011w, https:\/\/geoune.net\/wp-content\/uploads\/2023\/06\/1_03-296x300.jpg 296w, https:\/\/geoune.net\/wp-content\/uploads\/2023\/06\/1_03-768x778.jpg 768w, https:\/\/geoune.net\/wp-content\/uploads\/2023\/06\/1_03-600x608.jpg 600w, https:\/\/geoune.net\/wp-content\/uploads\/2023\/06\/1_03-100x100.jpg 100w, https:\/\/geoune.net\/wp-content\/uploads\/2023\/06\/1_03.jpg 1500w\" sizes=\"(max-width: 1011px) 100vw, 1011px\" \/> <img loading=\"lazy\" decoding=\"async\" class=\"aligncenter wp-image-1460\" src=\"https:\/\/geoune.net\/wp-content\/uploads\/2023\/06\/1_04-649x1024.webp\" alt=\"TE12100 Solar Lifepo4 12v 100ah Lithium Iron Phosphate Battery Pack \" width=\"887\" height=\"1399\" srcset=\"https:\/\/geoune.net\/wp-content\/uploads\/2023\/06\/1_04-649x1024.webp 649w, https:\/\/geoune.net\/wp-content\/uploads\/2023\/06\/1_04-190x300.webp 190w, https:\/\/geoune.net\/wp-content\/uploads\/2023\/06\/1_04-600x946.webp 600w, https:\/\/geoune.net\/wp-content\/uploads\/2023\/06\/1_04.webp 750w\" sizes=\"(max-width: 887px) 100vw, 887px\" \/> <img loading=\"lazy\" decoding=\"async\" class=\"aligncenter wp-image-1461\" src=\"https:\/\/geoune.net\/wp-content\/uploads\/2023\/06\/1_07.webp\" alt=\"TE12100 Solar Lifepo4 12v 100ah Lithium Iron Phosphate Battery Pack \" width=\"1042\" height=\"1237\" srcset=\"https:\/\/geoune.net\/wp-content\/uploads\/2023\/06\/1_07.webp 750w, https:\/\/geoune.net\/wp-content\/uploads\/2023\/06\/1_07-253x300.webp 253w, https:\/\/geoune.net\/wp-content\/uploads\/2023\/06\/1_07-600x712.webp 600w\" sizes=\"(max-width: 1042px) 100vw, 1042px\" \/> <img loading=\"lazy\" decoding=\"async\" class=\"aligncenter wp-image-1462\" src=\"https:\/\/geoune.net\/wp-content\/uploads\/2023\/06\/1_09.webp\" alt=\"TE12100 Solar Lifepo4 12v 100ah Lithium Iron Phosphate Battery Pack \" width=\"1063\" height=\"1293\" srcset=\"https:\/\/geoune.net\/wp-content\/uploads\/2023\/06\/1_09.webp 750w, https:\/\/geoune.net\/wp-content\/uploads\/2023\/06\/1_09-247x300.webp 247w, https:\/\/geoune.net\/wp-content\/uploads\/2023\/06\/1_09-600x730.webp 600w\" sizes=\"(max-width: 1063px) 100vw, 1063px\" \/><\/p>","protected":false},"excerpt":{"rendered":"<ul>\n<li>Carcasa: Caja de ABS IP56 Tama\u00f1o: 520*269*220mm<\/li>\n<li>BMS: 100A BMS, 260A pico 5S<\/li>\n<li>Peso aproximado. 28kg Terminal: M8 Ciclo de vida: 5000+ Garant\u00eda: 5 a\u00f1os<\/li>\n<\/ul>","protected":false},"featured_media":1476,"template":"","meta":{"site-sidebar-layout":"default","site-content-layout":"default","ast-site-content-layout":"default","site-content-style":"default","site-sidebar-style":"default","ast-global-header-display":"","ast-banner-title-visibility":"","ast-main-header-display":"","ast-hfb-above-header-display":"","ast-hfb-below-header-display":"","ast-hfb-mobile-header-display":"","site-post-title":"","ast-breadcrumbs-content":"","ast-featured-img":"","footer-sml-layout":"","theme-transparent-header-meta":"default","adv-header-id-meta":"","stick-header-meta":"","header-above-stick-meta":"","header-main-stick-meta":"","header-below-stick-meta":"","astra-migrate-meta-layouts":"default","ast-page-background-enabled":"default","ast-page-background-meta":{"desktop":{"background-color":"","background-image":"","background-repeat":"repeat","background-position":"center center","background-size":"auto","background-attachment":"scroll","background-type":"","background-media":"","overlay-type":"","overlay-color":"","overlay-opacity":"","overlay-gradient":""},"tablet":{"background-color":"","background-image":"","background-repeat":"repeat","background-position":"center center","background-size":"auto","background-attachment":"scroll","background-type":"","background-media":"","overlay-type":"","overlay-color":"","overlay-opacity":"","overlay-gradient":""},"mobile":{"background-color":"","background-image":"","background-repeat":"repeat","background-position":"center center","background-size":"auto","background-attachment":"scroll","background-type":"","background-media":"","overlay-type":"","overlay-color":"","overlay-opacity":"","overlay-gradient":""}},"ast-content-background-meta":{"desktop":{"background-color":"var(--ast-global-color-5)","background-image":"","background-repeat":"repeat","background-position":"center center","background-size":"auto","background-attachment":"scroll","background-type":"","background-media":"","overlay-type":"","overlay-color":"","overlay-opacity":"","overlay-gradient":""},"tablet":{"background-color":"var(--ast-global-color-5)","background-image":"","background-repeat":"repeat","background-position":"center center","background-size":"auto","background-attachment":"scroll","background-type":"","background-media":"","overlay-type":"","overlay-color":"","overlay-opacity":"","overlay-gradient":""},"mobile":{"background-color":"var(--ast-global-color-5)","background-image":"","background-repeat":"repeat","background-position":"center center","background-size":"auto","background-attachment":"scroll","background-type":"","background-media":"","overlay-type":"","overlay-color":"","overlay-opacity":"","overlay-gradient":""}}},"product_brand":[],"product_cat":[22,23],"product_tag":[],"class_list":{"0":"post-1477","1":"product","2":"type-product","3":"status-publish","4":"has-post-thumbnail","6":"product_cat-lithium-ion-battery","7":"product_cat-te-series","8":"desktop-align-left","9":"tablet-align-left","10":"mobile-align-left","12":"first","13":"instock","14":"shipping-taxable","15":"product-type-simple"},"yoast_head":"<!-- This site is optimized with the Yoast SEO Premium plugin v20.11 (Yoast SEO v22.7) - https:\/\/yoast.com\/wordpress\/plugins\/seo\/ -->\n<title>TE12200 Deep Cycle Lithium Ion 12V 200Ah Lifepo4 Battery For Rv\/Boats\/Marine Use - Ge&#039;ou NEW ENERGY<\/title>\n<meta name=\"description\" content=\"Ge&#039;ou New Energy is an integrated energy group that specializes in clean and new energy on lithium ion battery products.\" \/>\n<meta name=\"robots\" content=\"index, follow, max-snippet:-1, max-image-preview:large, max-video-preview:-1\" \/>\n<link rel=\"canonical\" href=\"https:\/\/geoune.net\/es\/producto\/te12200-deep-cycle-lithium-ion-12v-200ah-lifepo4-battery-for-rv-boats-marine-use\/\" \/>\n<meta property=\"og:locale\" content=\"es_ES\" \/>\n<meta property=\"og:type\" content=\"article\" \/>\n<meta property=\"og:title\" content=\"TE12200 Deep Cycle Lithium Ion 12V 200Ah Lifepo4 Battery For Rv\/Boats\/Marine Use\" \/>\n<meta property=\"og:description\" content=\"Ge&#039;ou New Energy is an integrated energy group that specializes in clean and new energy on lithium ion battery products.\" \/>\n<meta property=\"og:url\" content=\"https:\/\/geoune.net\/es\/producto\/te12200-deep-cycle-lithium-ion-12v-200ah-lifepo4-battery-for-rv-boats-marine-use\/\" \/>\n<meta property=\"og:site_name\" content=\"Ge&#039;ou NEW ENERGY\" \/>\n<meta property=\"article:modified_time\" content=\"2023-06-24T07:55:07+00:00\" \/>\n<meta property=\"og:image\" content=\"https:\/\/geoune.net\/wp-content\/uploads\/2023\/06\/geoune-battery-2.png\" \/>\n\t<meta property=\"og:image:width\" content=\"640\" \/>\n\t<meta property=\"og:image:height\" content=\"640\" \/>\n\t<meta property=\"og:image:type\" content=\"image\/png\" \/>\n<meta name=\"twitter:card\" content=\"summary_large_image\" \/>\n<meta name=\"twitter:label1\" content=\"Tiempo de lectura\" \/>\n\t<meta name=\"twitter:data1\" content=\"1 minuto\" \/>\n<script type=\"application\/ld+json\" class=\"yoast-schema-graph\">{\"@context\":\"https:\/\/schema.org\",\"@graph\":[{\"@type\":\"WebPage\",\"@id\":\"https:\/\/geoune.net\/product\/te12200-deep-cycle-lithium-ion-12v-200ah-lifepo4-battery-for-rv-boats-marine-use\/\",\"url\":\"https:\/\/geoune.net\/product\/te12200-deep-cycle-lithium-ion-12v-200ah-lifepo4-battery-for-rv-boats-marine-use\/\",\"name\":\"TE12200 Deep Cycle Lithium Ion 12V 200Ah Lifepo4 Battery For Rv\/Boats\/Marine Use - Ge&#039;ou NEW ENERGY\",\"isPartOf\":{\"@id\":\"https:\/\/geoune.net\/#website\"},\"primaryImageOfPage\":{\"@id\":\"https:\/\/geoune.net\/product\/te12200-deep-cycle-lithium-ion-12v-200ah-lifepo4-battery-for-rv-boats-marine-use\/#primaryimage\"},\"image\":{\"@id\":\"https:\/\/geoune.net\/product\/te12200-deep-cycle-lithium-ion-12v-200ah-lifepo4-battery-for-rv-boats-marine-use\/#primaryimage\"},\"thumbnailUrl\":\"https:\/\/geoune.net\/wp-content\/uploads\/2023\/06\/geoune-battery-2.png\",\"datePublished\":\"2023-06-13T14:15:40+00:00\",\"dateModified\":\"2023-06-24T07:55:07+00:00\",\"description\":\"Ge'ou New Energy is an integrated energy group that specializes in clean and new energy on lithium ion battery products.\",\"breadcrumb\":{\"@id\":\"https:\/\/geoune.net\/product\/te12200-deep-cycle-lithium-ion-12v-200ah-lifepo4-battery-for-rv-boats-marine-use\/#breadcrumb\"},\"inLanguage\":\"es\",\"potentialAction\":[{\"@type\":\"ReadAction\",\"target\":[\"https:\/\/geoune.net\/product\/te12200-deep-cycle-lithium-ion-12v-200ah-lifepo4-battery-for-rv-boats-marine-use\/\"]}]},{\"@type\":\"ImageObject\",\"inLanguage\":\"es\",\"@id\":\"https:\/\/geoune.net\/product\/te12200-deep-cycle-lithium-ion-12v-200ah-lifepo4-battery-for-rv-boats-marine-use\/#primaryimage\",\"url\":\"https:\/\/geoune.net\/wp-content\/uploads\/2023\/06\/geoune-battery-2.png\",\"contentUrl\":\"https:\/\/geoune.net\/wp-content\/uploads\/2023\/06\/geoune-battery-2.png\",\"width\":640,\"height\":640,\"caption\":\"TE12300 12.8V 300Ah RV Battery Pack for Lead Acid Replacement 12V 300Ah LiFepo4 Battery\"},{\"@type\":\"BreadcrumbList\",\"@id\":\"https:\/\/geoune.net\/product\/te12200-deep-cycle-lithium-ion-12v-200ah-lifepo4-battery-for-rv-boats-marine-use\/#breadcrumb\",\"itemListElement\":[{\"@type\":\"ListItem\",\"position\":1,\"name\":\"\u9996\u9875\",\"item\":\"https:\/\/geoune.net\/\"},{\"@type\":\"ListItem\",\"position\":2,\"name\":\"Products\",\"item\":\"https:\/\/geoune.net\/shop\/\"},{\"@type\":\"ListItem\",\"position\":3,\"name\":\"TE12200 Deep Cycle Lithium Ion 12V 200Ah Lifepo4 Battery For Rv\/Boats\/Marine Use\"}]},{\"@type\":\"WebSite\",\"@id\":\"https:\/\/geoune.net\/#website\",\"url\":\"https:\/\/geoune.net\/\",\"name\":\"Ge'ou NEW ENERGY\",\"description\":\"Ge&#039;ou New Energy is an integrated energy group that specializes in clean and new energy on lithium ion battery products.\",\"publisher\":{\"@id\":\"https:\/\/geoune.net\/#organization\"},\"alternateName\":\"OEM Lithium ion Battery Products Manufacturer | Ge'ou New Energy\",\"potentialAction\":[{\"@type\":\"SearchAction\",\"target\":{\"@type\":\"EntryPoint\",\"urlTemplate\":\"https:\/\/geoune.net\/?s={search_term_string}\"},\"query-input\":\"required name=search_term_string\"}],\"inLanguage\":\"es\"},{\"@type\":\"Organization\",\"@id\":\"https:\/\/geoune.net\/#organization\",\"name\":\"Ge'ou NEW ENERGY\",\"url\":\"https:\/\/geoune.net\/\",\"logo\":{\"@type\":\"ImageObject\",\"inLanguage\":\"es\",\"@id\":\"https:\/\/geoune.net\/#\/schema\/logo\/image\/\",\"url\":\"https:\/\/geoune.net\/wp-content\/uploads\/2023\/06\/GEOUNE-LOGO.png\",\"contentUrl\":\"https:\/\/geoune.net\/wp-content\/uploads\/2023\/06\/GEOUNE-LOGO.png\",\"width\":500,\"height\":350,\"caption\":\"Ge'ou NEW ENERGY\"},\"image\":{\"@id\":\"https:\/\/geoune.net\/#\/schema\/logo\/image\/\"}}]}<\/script>\n<!-- \/ Yoast SEO Premium plugin. -->","yoast_head_json":{"title":"TE12200 Deep Cycle Lithium Ion 12V 200Ah Lifepo4 Battery For Rv\/Boats\/Marine Use - Ge&#039;ou NEW ENERGY","description":"Ge'ou New Energy is an integrated energy group that specializes in clean and new energy on lithium ion battery products.","robots":{"index":"index","follow":"follow","max-snippet":"max-snippet:-1","max-image-preview":"max-image-preview:large","max-video-preview":"max-video-preview:-1"},"canonical":"https:\/\/geoune.net\/es\/producto\/te12200-deep-cycle-lithium-ion-12v-200ah-lifepo4-battery-for-rv-boats-marine-use\/","og_locale":"es_ES","og_type":"article","og_title":"TE12200 Deep Cycle Lithium Ion 12V 200Ah Lifepo4 Battery For Rv\/Boats\/Marine Use","og_description":"Ge'ou New Energy is an integrated energy group that specializes in clean and new energy on lithium ion battery products.","og_url":"https:\/\/geoune.net\/es\/producto\/te12200-deep-cycle-lithium-ion-12v-200ah-lifepo4-battery-for-rv-boats-marine-use\/","og_site_name":"Ge&#039;ou NEW ENERGY","article_modified_time":"2023-06-24T07:55:07+00:00","og_image":[{"width":640,"height":640,"url":"https:\/\/geoune.net\/wp-content\/uploads\/2023\/06\/geoune-battery-2.png","type":"image\/png"}],"twitter_card":"summary_large_image","twitter_misc":{"Tiempo de lectura":"1 minuto"},"schema":{"@context":"https:\/\/schema.org","@graph":[{"@type":"WebPage","@id":"https:\/\/geoune.net\/product\/te12200-deep-cycle-lithium-ion-12v-200ah-lifepo4-battery-for-rv-boats-marine-use\/","url":"https:\/\/geoune.net\/product\/te12200-deep-cycle-lithium-ion-12v-200ah-lifepo4-battery-for-rv-boats-marine-use\/","name":"TE12200 Deep Cycle Lithium Ion 12V 200Ah Lifepo4 Battery For Rv\/Boats\/Marine Use - Ge&#039;ou NEW ENERGY","isPartOf":{"@id":"https:\/\/geoune.net\/#website"},"primaryImageOfPage":{"@id":"https:\/\/geoune.net\/product\/te12200-deep-cycle-lithium-ion-12v-200ah-lifepo4-battery-for-rv-boats-marine-use\/#primaryimage"},"image":{"@id":"https:\/\/geoune.net\/product\/te12200-deep-cycle-lithium-ion-12v-200ah-lifepo4-battery-for-rv-boats-marine-use\/#primaryimage"},"thumbnailUrl":"https:\/\/geoune.net\/wp-content\/uploads\/2023\/06\/geoune-battery-2.png","datePublished":"2023-06-13T14:15:40+00:00","dateModified":"2023-06-24T07:55:07+00:00","description":"Ge'ou New Energy is an integrated energy group that specializes in clean and new energy on lithium ion battery products.","breadcrumb":{"@id":"https:\/\/geoune.net\/product\/te12200-deep-cycle-lithium-ion-12v-200ah-lifepo4-battery-for-rv-boats-marine-use\/#breadcrumb"},"inLanguage":"es","potentialAction":[{"@type":"ReadAction","target":["https:\/\/geoune.net\/product\/te12200-deep-cycle-lithium-ion-12v-200ah-lifepo4-battery-for-rv-boats-marine-use\/"]}]},{"@type":"ImageObject","inLanguage":"es","@id":"https:\/\/geoune.net\/product\/te12200-deep-cycle-lithium-ion-12v-200ah-lifepo4-battery-for-rv-boats-marine-use\/#primaryimage","url":"https:\/\/geoune.net\/wp-content\/uploads\/2023\/06\/geoune-battery-2.png","contentUrl":"https:\/\/geoune.net\/wp-content\/uploads\/2023\/06\/geoune-battery-2.png","width":640,"height":640,"caption":"TE12300 12.8V 300Ah RV Battery Pack for Lead Acid Replacement 12V 300Ah LiFepo4 Battery"},{"@type":"BreadcrumbList","@id":"https:\/\/geoune.net\/product\/te12200-deep-cycle-lithium-ion-12v-200ah-lifepo4-battery-for-rv-boats-marine-use\/#breadcrumb","itemListElement":[{"@type":"ListItem","position":1,"name":"\u9996\u9875","item":"https:\/\/geoune.net\/"},{"@type":"ListItem","position":2,"name":"Products","item":"https:\/\/geoune.net\/shop\/"},{"@type":"ListItem","position":3,"name":"TE12200 Deep Cycle Lithium Ion 12V 200Ah Lifepo4 Battery For Rv\/Boats\/Marine Use"}]},{"@type":"WebSite","@id":"https:\/\/geoune.net\/#website","url":"https:\/\/geoune.net\/","name":"Ge'ou NEW ENERGY","description":"Ge&#039;ou New Energy is an integrated energy group that specializes in clean and new energy on lithium ion battery products.","publisher":{"@id":"https:\/\/geoune.net\/#organization"},"alternateName":"OEM Lithium ion Battery Products Manufacturer | Ge'ou New Energy","potentialAction":[{"@type":"SearchAction","target":{"@type":"EntryPoint","urlTemplate":"https:\/\/geoune.net\/?s={search_term_string}"},"query-input":"required name=search_term_string"}],"inLanguage":"es"},{"@type":"Organization","@id":"https:\/\/geoune.net\/#organization","name":"Ge'ou NEW ENERGY","url":"https:\/\/geoune.net\/","logo":{"@type":"ImageObject","inLanguage":"es","@id":"https:\/\/geoune.net\/#\/schema\/logo\/image\/","url":"https:\/\/geoune.net\/wp-content\/uploads\/2023\/06\/GEOUNE-LOGO.png","contentUrl":"https:\/\/geoune.net\/wp-content\/uploads\/2023\/06\/GEOUNE-LOGO.png","width":500,"height":350,"caption":"Ge'ou NEW ENERGY"},"image":{"@id":"https:\/\/geoune.net\/#\/schema\/logo\/image\/"}}]}},"_links":{"self":[{"href":"https:\/\/geoune.net\/es\/wp-json\/wp\/v2\/product\/1477","targetHints":{"allow":["GET"]}}],"collection":[{"href":"https:\/\/geoune.net\/es\/wp-json\/wp\/v2\/product"}],"about":[{"href":"https:\/\/geoune.net\/es\/wp-json\/wp\/v2\/types\/product"}],"wp:featuredmedia":[{"embeddable":true,"href":"https:\/\/geoune.net\/es\/wp-json\/wp\/v2\/media\/1476"}],"wp:attachment":[{"href":"https:\/\/geoune.net\/es\/wp-json\/wp\/v2\/media?parent=1477"}],"wp:term":[{"taxonomy":"product_brand","embeddable":true,"href":"https:\/\/geoune.net\/es\/wp-json\/wp\/v2\/product_brand?post=1477"},{"taxonomy":"product_cat","embeddable":true,"href":"https:\/\/geoune.net\/es\/wp-json\/wp\/v2\/product_cat?post=1477"},{"taxonomy":"product_tag","embeddable":true,"href":"https:\/\/geoune.net\/es\/wp-json\/wp\/v2\/product_tag?post=1477"}],"curies":[{"name":"wp","href":"https:\/\/api.w.org\/{rel}","templated":true}]}}