{"id":1414,"date":"2023-06-13T08:26:30","date_gmt":"2023-06-13T08:26:30","guid":{"rendered":"https:\/\/geoune.net\/?post_type=product&#038;p=1414"},"modified":"2023-06-13T14:00:44","modified_gmt":"2023-06-13T14:00:44","slug":"19-2kwh-battery-energy-storage-high-voltage-stackable-lifepo4-battery","status":"publish","type":"product","link":"https:\/\/geoune.net\/es\/producto\/19-2kwh-battery-energy-storage-high-voltage-stackable-lifepo4-battery\/","title":{"rendered":"19.2kwh Bater\u00eda Almacenamiento de energ\u00eda Bater\u00eda LiFePo4 apilable de alto voltaje"},"content":{"rendered":"<table width=\"883\">\n<tbody>\n<tr class=\"firstRow\">\n<td colspan=\"1\" rowspan=\"1\" valign=\"top\" width=\"134.33333333333334\">MODELO<\/td>\n<td valign=\"top\" width=\"82.33333333333333\">HP1000K<\/td>\n<td valign=\"top\" width=\"81.33333333333333\">HP1500K<\/td>\n<td valign=\"top\" width=\"83.33333333333333\">HP2000K<\/td>\n<td valign=\"top\" width=\"81.33333333333333\">HP2500K<\/td>\n<td valign=\"top\" width=\"85.33333333333333\">HP3000K<\/td>\n<td valign=\"top\" width=\"83.33333333333333\">HP3500K<\/td>\n<td valign=\"top\" width=\"86.33333333333333\">HP4000K<\/td>\n<\/tr>\n<tr>\n<td colspan=\"1\" rowspan=\"1\" valign=\"top\" width=\"134.33333333333334\">Tensi\u00f3n nominal (V)<\/td>\n<td valign=\"top\" width=\"82.33333333333333\">96V<\/td>\n<td valign=\"top\" width=\"81.33333333333333\">144V<\/td>\n<td valign=\"top\" width=\"83.33333333333333\">192V<\/td>\n<td valign=\"top\" width=\"81.33333333333333\">240V<\/td>\n<td valign=\"top\" width=\"85.33333333333333\">288V<\/td>\n<td valign=\"top\" width=\"83.33333333333333\">336V<\/td>\n<td valign=\"top\" width=\"86.33333333333333\">384V<\/td>\n<\/tr>\n<tr>\n<td colspan=\"1\" rowspan=\"1\" valign=\"top\" width=\"134.33333333333334\">Capacidad nominal (Ah)<\/td>\n<td valign=\"top\" width=\"82.33333333333333\">100Ah<\/td>\n<td valign=\"top\" width=\"81.33333333333333\">100Ah<\/td>\n<td valign=\"top\" width=\"83.33333333333333\">100Ah<\/td>\n<td valign=\"top\" width=\"81.33333333333333\">100Ah<\/td>\n<td valign=\"top\" width=\"85.33333333333333\">100Ah<\/td>\n<td valign=\"top\" width=\"83.33333333333333\">100Ah<\/td>\n<td valign=\"top\" width=\"86.33333333333333\">100Ah<\/td>\n<\/tr>\n<tr>\n<td colspan=\"1\" rowspan=\"1\" valign=\"top\" width=\"134.33333333333334\">Dimensiones (mm)<\/td>\n<td valign=\"top\" width=\"82.33333333333333\">580*390*575<\/td>\n<td valign=\"top\" width=\"81.33333333333333\">580*390*765<\/td>\n<td valign=\"top\" width=\"83.33333333333333\">580*390*955<\/td>\n<td valign=\"top\" width=\"81.33333333333333\">580*390*1145<\/td>\n<td valign=\"top\" width=\"85.33333333333333\">580*390*1315<\/td>\n<td valign=\"top\" width=\"83.33333333333333\">580*390*1505<\/td>\n<td valign=\"top\" width=\"86.33333333333333\">580*390*1675<\/td>\n<\/tr>\n<tr>\n<td colspan=\"1\" rowspan=\"1\" valign=\"top\" width=\"134.33333333333334\">Peso (kilogramos)<\/td>\n<td valign=\"top\" width=\"82.33333333333333\">118<\/td>\n<td valign=\"top\" width=\"81.33333333333333\">166<\/td>\n<td valign=\"top\" width=\"83.33333333333333\">214<\/td>\n<td valign=\"top\" width=\"81.33333333333333\">262<\/td>\n<td valign=\"top\" width=\"85.33333333333333\">310<\/td>\n<td valign=\"top\" width=\"83.33333333333333\">358<\/td>\n<td valign=\"top\" width=\"86.33333333333333\">406<\/td>\n<\/tr>\n<tr>\n<td colspan=\"1\" rowspan=\"1\" valign=\"top\" width=\"134.33333333333334\">Carga (KW)<\/td>\n<td valign=\"top\" width=\"82.33333333333333\">4.8<\/td>\n<td valign=\"top\" width=\"81.33333333333333\">7.2<\/td>\n<td valign=\"top\" width=\"83.33333333333333\">9.6<\/td>\n<td valign=\"top\" width=\"81.33333333333333\">12<\/td>\n<td valign=\"top\" width=\"85.33333333333333\">14.4<\/td>\n<td valign=\"top\" width=\"83.33333333333333\">16.8<\/td>\n<td valign=\"top\" width=\"86.33333333333333\">19.2<\/td>\n<\/tr>\n<tr>\n<td colspan=\"1\" rowspan=\"1\" valign=\"top\" width=\"134.33333333333334\">Ciclo de vida (veces)<\/td>\n<td colspan=\"1\" rowspan=\"1\" valign=\"top\" width=\"82.33333333333333\">6000<\/td>\n<td colspan=\"1\" rowspan=\"1\" valign=\"top\" width=\"81.33333333333333\">6000<\/td>\n<td colspan=\"1\" rowspan=\"1\" valign=\"top\" width=\"83.33333333333333\">6000<\/td>\n<td colspan=\"1\" rowspan=\"1\" valign=\"top\" width=\"81.33333333333333\">6000<\/td>\n<td colspan=\"1\" rowspan=\"1\" valign=\"top\" width=\"85.33333333333333\">6000<\/td>\n<td colspan=\"1\" rowspan=\"1\" valign=\"top\" width=\"83.33333333333333\">6000<\/td>\n<td colspan=\"1\" rowspan=\"1\" valign=\"top\" width=\"86.33333333333333\">6000<\/td>\n<\/tr>\n<tr>\n<td colspan=\"1\" rowspan=\"1\" valign=\"top\" width=\"134.33333333333334\">Garant\u00eda (a\u00f1os)<\/td>\n<td colspan=\"1\" rowspan=\"1\" valign=\"top\" width=\"82.33333333333333\">10<\/td>\n<td colspan=\"1\" rowspan=\"1\" valign=\"top\" width=\"81.33333333333333\">10<\/td>\n<td colspan=\"1\" rowspan=\"1\" valign=\"top\" width=\"83.33333333333333\">10<\/td>\n<td colspan=\"1\" rowspan=\"1\" valign=\"top\" width=\"81.33333333333333\">10<\/td>\n<td colspan=\"1\" rowspan=\"1\" valign=\"top\" width=\"85.33333333333333\">10<\/td>\n<td colspan=\"1\" rowspan=\"1\" valign=\"top\" width=\"83.33333333333333\">10<\/td>\n<td colspan=\"1\" rowspan=\"1\" valign=\"top\" width=\"86.33333333333333\">10<\/td>\n<\/tr>\n<tr>\n<td colspan=\"1\" rowspan=\"1\" valign=\"top\" width=\"134.33333333333334\">BMS dise\u00f1ado<\/td>\n<td colspan=\"1\" rowspan=\"1\" valign=\"top\" width=\"82.33333333333333\">50A<\/td>\n<td colspan=\"1\" rowspan=\"1\" valign=\"top\" width=\"81.33333333333333\">50A<\/td>\n<td colspan=\"1\" rowspan=\"1\" valign=\"top\" width=\"83.33333333333333\">50A<\/td>\n<td colspan=\"1\" rowspan=\"1\" valign=\"top\" width=\"81.33333333333333\">50A<\/td>\n<td colspan=\"1\" rowspan=\"1\" valign=\"top\" width=\"85.33333333333333\">50A<\/td>\n<td colspan=\"1\" rowspan=\"1\" valign=\"top\" width=\"83.33333333333333\">50A<\/td>\n<td colspan=\"1\" rowspan=\"1\" valign=\"top\" width=\"86.33333333333333\">50A<\/td>\n<\/tr>\n<tr>\n<td colspan=\"1\" rowspan=\"1\" valign=\"top\" width=\"134.33333333333334\">Comunicaciones<\/td>\n<td colspan=\"1\" rowspan=\"1\" valign=\"top\" width=\"82.33333333333333\">CAN\/RS485<\/td>\n<td colspan=\"1\" rowspan=\"1\" valign=\"top\" width=\"81.33333333333333\">CAN\/RS485<\/td>\n<td colspan=\"1\" rowspan=\"1\" valign=\"top\" width=\"83.33333333333333\">CAN\/RS485<\/td>\n<td colspan=\"1\" rowspan=\"1\" valign=\"top\" width=\"81.33333333333333\">CAN\/RS485<\/td>\n<td colspan=\"1\" rowspan=\"1\" valign=\"top\" width=\"85.33333333333333\">CAN\/RS485<\/td>\n<td colspan=\"1\" rowspan=\"1\" valign=\"top\" width=\"83.33333333333333\">CAN\/RS485<\/td>\n<td colspan=\"1\" rowspan=\"1\" valign=\"top\" width=\"86.33333333333333\">CAN\/RS485<\/td>\n<\/tr>\n<tr>\n<td colspan=\"1\" rowspan=\"1\" valign=\"top\" width=\"134.33333333333334\">Recomendar inversor<\/td>\n<td valign=\"top\" width=\"82.33333333333333\">3-5KW<\/td>\n<td valign=\"top\" width=\"81.33333333333333\">5-8KW<\/td>\n<td valign=\"top\" width=\"83.33333333333333\">5-10KW<\/td>\n<td valign=\"top\" width=\"81.33333333333333\">10-15KW<\/td>\n<td valign=\"top\" width=\"85.33333333333333\">10-15KW<\/td>\n<td valign=\"top\" width=\"83.33333333333333\">10-15KW<\/td>\n<td valign=\"top\" width=\"86.33333333333333\">10-20KW<\/td>\n<\/tr>\n<\/tbody>\n<\/table>","protected":false},"excerpt":{"rendered":"<p>\u2013 Dise\u00f1o apilable, instalaci\u00f3n r\u00e1pida, dise\u00f1o de cableado oculto, \u2013 Seguro y confiable \u2013 Parte inferior resistente al agua IP65 \u2013 Soporte m\u00e1x. Carga r\u00e1pida de 1 hora \u2013 Detecci\u00f3n remota y visualizaci\u00f3n local de actualizaci\u00f3n de software \u2013 Protecci\u00f3n de alta\/baja temperatura \u2013 Protecci\u00f3n de sobre\/bajo voltaje \u2013 Protecci\u00f3n doble de doble detecci\u00f3n, el control bidireccional es m\u00e1s seguro<\/p>","protected":false},"featured_media":1415,"template":"","meta":{"site-sidebar-layout":"default","site-content-layout":"default","ast-site-content-layout":"default","site-content-style":"default","site-sidebar-style":"default","ast-global-header-display":"","ast-banner-title-visibility":"","ast-main-header-display":"","ast-hfb-above-header-display":"","ast-hfb-below-header-display":"","ast-hfb-mobile-header-display":"","site-post-title":"","ast-breadcrumbs-content":"","ast-featured-img":"","footer-sml-layout":"","theme-transparent-header-meta":"default","adv-header-id-meta":"","stick-header-meta":"","header-above-stick-meta":"","header-main-stick-meta":"","header-below-stick-meta":"","astra-migrate-meta-layouts":"default","ast-page-background-enabled":"default","ast-page-background-meta":{"desktop":{"background-color":"","background-image":"","background-repeat":"repeat","background-position":"center center","background-size":"auto","background-attachment":"scroll","background-type":"","background-media":"","overlay-type":"","overlay-color":"","overlay-opacity":"","overlay-gradient":""},"tablet":{"background-color":"","background-image":"","background-repeat":"repeat","background-position":"center center","background-size":"auto","background-attachment":"scroll","background-type":"","background-media":"","overlay-type":"","overlay-color":"","overlay-opacity":"","overlay-gradient":""},"mobile":{"background-color":"","background-image":"","background-repeat":"repeat","background-position":"center center","background-size":"auto","background-attachment":"scroll","background-type":"","background-media":"","overlay-type":"","overlay-color":"","overlay-opacity":"","overlay-gradient":""}},"ast-content-background-meta":{"desktop":{"background-color":"var(--ast-global-color-5)","background-image":"","background-repeat":"repeat","background-position":"center center","background-size":"auto","background-attachment":"scroll","background-type":"","background-media":"","overlay-type":"","overlay-color":"","overlay-opacity":"","overlay-gradient":""},"tablet":{"background-color":"var(--ast-global-color-5)","background-image":"","background-repeat":"repeat","background-position":"center center","background-size":"auto","background-attachment":"scroll","background-type":"","background-media":"","overlay-type":"","overlay-color":"","overlay-opacity":"","overlay-gradient":""},"mobile":{"background-color":"var(--ast-global-color-5)","background-image":"","background-repeat":"repeat","background-position":"center center","background-size":"auto","background-attachment":"scroll","background-type":"","background-media":"","overlay-type":"","overlay-color":"","overlay-opacity":"","overlay-gradient":""}}},"product_brand":[],"product_cat":[27,22],"product_tag":[],"class_list":{"0":"post-1414","1":"product","2":"type-product","3":"status-publish","4":"has-post-thumbnail","6":"product_cat-hp-series","7":"product_cat-lithium-ion-battery","8":"desktop-align-left","9":"tablet-align-left","10":"mobile-align-left","12":"first","13":"instock","14":"shipping-taxable","15":"product-type-simple"},"yoast_head":"<!-- This site is optimized with the Yoast SEO Premium plugin v20.11 (Yoast SEO v22.7) - https:\/\/yoast.com\/wordpress\/plugins\/seo\/ -->\n<title>19.2kwh Battery Energy Storage High Voltage-Stackable LiFePo4 Battery - Ge&#039;ou NEW ENERGY<\/title>\n<meta name=\"description\" content=\"Ge&#039;ou New Energy is an integrated energy group that specializes in clean and new energy on lithium ion battery products.\" \/>\n<meta name=\"robots\" content=\"index, follow, max-snippet:-1, max-image-preview:large, max-video-preview:-1\" \/>\n<link rel=\"canonical\" href=\"https:\/\/geoune.net\/es\/producto\/19-2kwh-battery-energy-storage-high-voltage-stackable-lifepo4-battery\/\" \/>\n<meta property=\"og:locale\" content=\"es_ES\" \/>\n<meta property=\"og:type\" content=\"article\" \/>\n<meta property=\"og:title\" content=\"19.2kwh Battery Energy Storage High Voltage-Stackable LiFePo4 Battery\" \/>\n<meta property=\"og:description\" content=\"Ge&#039;ou New Energy is an integrated energy group that specializes in clean and new energy on lithium ion battery products.\" \/>\n<meta property=\"og:url\" content=\"https:\/\/geoune.net\/es\/producto\/19-2kwh-battery-energy-storage-high-voltage-stackable-lifepo4-battery\/\" \/>\n<meta property=\"og:site_name\" content=\"Ge&#039;ou NEW ENERGY\" \/>\n<meta property=\"article:modified_time\" content=\"2023-06-13T14:00:44+00:00\" \/>\n<meta property=\"og:image\" content=\"https:\/\/geoune.net\/wp-content\/uploads\/2023\/06\/HP2000K-1.jpg\" \/>\n\t<meta property=\"og:image:width\" content=\"960\" \/>\n\t<meta property=\"og:image:height\" content=\"960\" \/>\n\t<meta property=\"og:image:type\" content=\"image\/jpeg\" \/>\n<meta name=\"twitter:card\" content=\"summary_large_image\" \/>\n<script type=\"application\/ld+json\" class=\"yoast-schema-graph\">{\"@context\":\"https:\/\/schema.org\",\"@graph\":[{\"@type\":\"WebPage\",\"@id\":\"https:\/\/geoune.net\/product\/19-2kwh-battery-energy-storage-high-voltage-stackable-lifepo4-battery\/\",\"url\":\"https:\/\/geoune.net\/product\/19-2kwh-battery-energy-storage-high-voltage-stackable-lifepo4-battery\/\",\"name\":\"19.2kwh Battery Energy Storage High Voltage-Stackable LiFePo4 Battery - Ge&#039;ou NEW ENERGY\",\"isPartOf\":{\"@id\":\"https:\/\/geoune.net\/#website\"},\"primaryImageOfPage\":{\"@id\":\"https:\/\/geoune.net\/product\/19-2kwh-battery-energy-storage-high-voltage-stackable-lifepo4-battery\/#primaryimage\"},\"image\":{\"@id\":\"https:\/\/geoune.net\/product\/19-2kwh-battery-energy-storage-high-voltage-stackable-lifepo4-battery\/#primaryimage\"},\"thumbnailUrl\":\"https:\/\/geoune.net\/wp-content\/uploads\/2023\/06\/HP2000K-1.jpg\",\"datePublished\":\"2023-06-13T08:26:30+00:00\",\"dateModified\":\"2023-06-13T14:00:44+00:00\",\"description\":\"Ge'ou New Energy is an integrated energy group that specializes in clean and new energy on lithium ion battery products.\",\"breadcrumb\":{\"@id\":\"https:\/\/geoune.net\/product\/19-2kwh-battery-energy-storage-high-voltage-stackable-lifepo4-battery\/#breadcrumb\"},\"inLanguage\":\"es\",\"potentialAction\":[{\"@type\":\"ReadAction\",\"target\":[\"https:\/\/geoune.net\/product\/19-2kwh-battery-energy-storage-high-voltage-stackable-lifepo4-battery\/\"]}]},{\"@type\":\"ImageObject\",\"inLanguage\":\"es\",\"@id\":\"https:\/\/geoune.net\/product\/19-2kwh-battery-energy-storage-high-voltage-stackable-lifepo4-battery\/#primaryimage\",\"url\":\"https:\/\/geoune.net\/wp-content\/uploads\/2023\/06\/HP2000K-1.jpg\",\"contentUrl\":\"https:\/\/geoune.net\/wp-content\/uploads\/2023\/06\/HP2000K-1.jpg\",\"width\":960,\"height\":960,\"caption\":\"HP2000K\"},{\"@type\":\"BreadcrumbList\",\"@id\":\"https:\/\/geoune.net\/product\/19-2kwh-battery-energy-storage-high-voltage-stackable-lifepo4-battery\/#breadcrumb\",\"itemListElement\":[{\"@type\":\"ListItem\",\"position\":1,\"name\":\"\u9996\u9875\",\"item\":\"https:\/\/geoune.net\/\"},{\"@type\":\"ListItem\",\"position\":2,\"name\":\"Products\",\"item\":\"https:\/\/geoune.net\/shop\/\"},{\"@type\":\"ListItem\",\"position\":3,\"name\":\"19.2kwh Battery Energy Storage High Voltage-Stackable LiFePo4 Battery\"}]},{\"@type\":\"WebSite\",\"@id\":\"https:\/\/geoune.net\/#website\",\"url\":\"https:\/\/geoune.net\/\",\"name\":\"Ge'ou NEW ENERGY\",\"description\":\"Ge&#039;ou New Energy is an integrated energy group that specializes in clean and new energy on lithium ion battery products.\",\"publisher\":{\"@id\":\"https:\/\/geoune.net\/#organization\"},\"alternateName\":\"OEM Lithium ion Battery Products Manufacturer | Ge'ou New Energy\",\"potentialAction\":[{\"@type\":\"SearchAction\",\"target\":{\"@type\":\"EntryPoint\",\"urlTemplate\":\"https:\/\/geoune.net\/?s={search_term_string}\"},\"query-input\":\"required name=search_term_string\"}],\"inLanguage\":\"es\"},{\"@type\":\"Organization\",\"@id\":\"https:\/\/geoune.net\/#organization\",\"name\":\"Ge'ou NEW ENERGY\",\"url\":\"https:\/\/geoune.net\/\",\"logo\":{\"@type\":\"ImageObject\",\"inLanguage\":\"es\",\"@id\":\"https:\/\/geoune.net\/#\/schema\/logo\/image\/\",\"url\":\"https:\/\/geoune.net\/wp-content\/uploads\/2023\/06\/GEOUNE-LOGO.png\",\"contentUrl\":\"https:\/\/geoune.net\/wp-content\/uploads\/2023\/06\/GEOUNE-LOGO.png\",\"width\":500,\"height\":350,\"caption\":\"Ge'ou NEW ENERGY\"},\"image\":{\"@id\":\"https:\/\/geoune.net\/#\/schema\/logo\/image\/\"}}]}<\/script>\n<!-- \/ Yoast SEO Premium plugin. -->","yoast_head_json":{"title":"19.2kwh Battery Energy Storage High Voltage-Stackable LiFePo4 Battery - Ge&#039;ou NEW ENERGY","description":"Ge'ou New Energy is an integrated energy group that specializes in clean and new energy on lithium ion battery products.","robots":{"index":"index","follow":"follow","max-snippet":"max-snippet:-1","max-image-preview":"max-image-preview:large","max-video-preview":"max-video-preview:-1"},"canonical":"https:\/\/geoune.net\/es\/producto\/19-2kwh-battery-energy-storage-high-voltage-stackable-lifepo4-battery\/","og_locale":"es_ES","og_type":"article","og_title":"19.2kwh Battery Energy Storage High Voltage-Stackable LiFePo4 Battery","og_description":"Ge'ou New Energy is an integrated energy group that specializes in clean and new energy on lithium ion battery products.","og_url":"https:\/\/geoune.net\/es\/producto\/19-2kwh-battery-energy-storage-high-voltage-stackable-lifepo4-battery\/","og_site_name":"Ge&#039;ou NEW ENERGY","article_modified_time":"2023-06-13T14:00:44+00:00","og_image":[{"width":960,"height":960,"url":"https:\/\/geoune.net\/wp-content\/uploads\/2023\/06\/HP2000K-1.jpg","type":"image\/jpeg"}],"twitter_card":"summary_large_image","schema":{"@context":"https:\/\/schema.org","@graph":[{"@type":"WebPage","@id":"https:\/\/geoune.net\/product\/19-2kwh-battery-energy-storage-high-voltage-stackable-lifepo4-battery\/","url":"https:\/\/geoune.net\/product\/19-2kwh-battery-energy-storage-high-voltage-stackable-lifepo4-battery\/","name":"19.2kwh Battery Energy Storage High Voltage-Stackable LiFePo4 Battery - Ge&#039;ou NEW ENERGY","isPartOf":{"@id":"https:\/\/geoune.net\/#website"},"primaryImageOfPage":{"@id":"https:\/\/geoune.net\/product\/19-2kwh-battery-energy-storage-high-voltage-stackable-lifepo4-battery\/#primaryimage"},"image":{"@id":"https:\/\/geoune.net\/product\/19-2kwh-battery-energy-storage-high-voltage-stackable-lifepo4-battery\/#primaryimage"},"thumbnailUrl":"https:\/\/geoune.net\/wp-content\/uploads\/2023\/06\/HP2000K-1.jpg","datePublished":"2023-06-13T08:26:30+00:00","dateModified":"2023-06-13T14:00:44+00:00","description":"Ge'ou New Energy is an integrated energy group that specializes in clean and new energy on lithium ion battery products.","breadcrumb":{"@id":"https:\/\/geoune.net\/product\/19-2kwh-battery-energy-storage-high-voltage-stackable-lifepo4-battery\/#breadcrumb"},"inLanguage":"es","potentialAction":[{"@type":"ReadAction","target":["https:\/\/geoune.net\/product\/19-2kwh-battery-energy-storage-high-voltage-stackable-lifepo4-battery\/"]}]},{"@type":"ImageObject","inLanguage":"es","@id":"https:\/\/geoune.net\/product\/19-2kwh-battery-energy-storage-high-voltage-stackable-lifepo4-battery\/#primaryimage","url":"https:\/\/geoune.net\/wp-content\/uploads\/2023\/06\/HP2000K-1.jpg","contentUrl":"https:\/\/geoune.net\/wp-content\/uploads\/2023\/06\/HP2000K-1.jpg","width":960,"height":960,"caption":"HP2000K"},{"@type":"BreadcrumbList","@id":"https:\/\/geoune.net\/product\/19-2kwh-battery-energy-storage-high-voltage-stackable-lifepo4-battery\/#breadcrumb","itemListElement":[{"@type":"ListItem","position":1,"name":"\u9996\u9875","item":"https:\/\/geoune.net\/"},{"@type":"ListItem","position":2,"name":"Products","item":"https:\/\/geoune.net\/shop\/"},{"@type":"ListItem","position":3,"name":"19.2kwh Battery Energy Storage High Voltage-Stackable LiFePo4 Battery"}]},{"@type":"WebSite","@id":"https:\/\/geoune.net\/#website","url":"https:\/\/geoune.net\/","name":"Ge'ou NEW ENERGY","description":"Ge&#039;ou New Energy is an integrated energy group that specializes in clean and new energy on lithium ion battery products.","publisher":{"@id":"https:\/\/geoune.net\/#organization"},"alternateName":"OEM Lithium ion Battery Products Manufacturer | Ge'ou New Energy","potentialAction":[{"@type":"SearchAction","target":{"@type":"EntryPoint","urlTemplate":"https:\/\/geoune.net\/?s={search_term_string}"},"query-input":"required name=search_term_string"}],"inLanguage":"es"},{"@type":"Organization","@id":"https:\/\/geoune.net\/#organization","name":"Ge'ou NEW ENERGY","url":"https:\/\/geoune.net\/","logo":{"@type":"ImageObject","inLanguage":"es","@id":"https:\/\/geoune.net\/#\/schema\/logo\/image\/","url":"https:\/\/geoune.net\/wp-content\/uploads\/2023\/06\/GEOUNE-LOGO.png","contentUrl":"https:\/\/geoune.net\/wp-content\/uploads\/2023\/06\/GEOUNE-LOGO.png","width":500,"height":350,"caption":"Ge'ou NEW ENERGY"},"image":{"@id":"https:\/\/geoune.net\/#\/schema\/logo\/image\/"}}]}},"_links":{"self":[{"href":"https:\/\/geoune.net\/es\/wp-json\/wp\/v2\/product\/1414","targetHints":{"allow":["GET"]}}],"collection":[{"href":"https:\/\/geoune.net\/es\/wp-json\/wp\/v2\/product"}],"about":[{"href":"https:\/\/geoune.net\/es\/wp-json\/wp\/v2\/types\/product"}],"wp:featuredmedia":[{"embeddable":true,"href":"https:\/\/geoune.net\/es\/wp-json\/wp\/v2\/media\/1415"}],"wp:attachment":[{"href":"https:\/\/geoune.net\/es\/wp-json\/wp\/v2\/media?parent=1414"}],"wp:term":[{"taxonomy":"product_brand","embeddable":true,"href":"https:\/\/geoune.net\/es\/wp-json\/wp\/v2\/product_brand?post=1414"},{"taxonomy":"product_cat","embeddable":true,"href":"https:\/\/geoune.net\/es\/wp-json\/wp\/v2\/product_cat?post=1414"},{"taxonomy":"product_tag","embeddable":true,"href":"https:\/\/geoune.net\/es\/wp-json\/wp\/v2\/product_tag?post=1414"}],"curies":[{"name":"wp","href":"https:\/\/api.w.org\/{rel}","templated":true}]}}