{"id":1858,"date":"2023-06-27T17:08:34","date_gmt":"2023-06-27T09:08:34","guid":{"rendered":"https:\/\/geoune.net\/certification-copy\/"},"modified":"2023-06-27T17:51:08","modified_gmt":"2023-06-27T09:51:08","slug":"limited-warranty","status":"publish","type":"page","link":"https:\/\/geoune.net\/es\/limited-warranty\/","title":{"rendered":"Garant\u00eda limitada"},"content":{"rendered":"<div data-elementor-type=\"wp-page\" data-elementor-id=\"1858\" class=\"elementor elementor-1858\" data-elementor-post-type=\"page\">\n\t\t\t\t\t\t<section class=\"elementor-section elementor-top-section elementor-element elementor-element-11cfd6b elementor-section-full_width elementor-section-height-min-height elementor-section-height-default elementor-section-items-middle\" data-id=\"11cfd6b\" data-element_type=\"section\" data-settings=\"{&quot;background_background&quot;:&quot;classic&quot;}\">\n\t\t\t\t\t\t<div class=\"elementor-container elementor-column-gap-default\">\n\t\t\t\t\t<div class=\"elementor-column elementor-col-100 elementor-top-column elementor-element elementor-element-74e626b\" data-id=\"74e626b\" data-element_type=\"column\">\n\t\t\t<div class=\"elementor-widget-wrap\">\n\t\t\t\t\t\t\t<\/div>\n\t\t<\/div>\n\t\t\t\t\t<\/div>\n\t\t<\/section>\n\t\t\t\t<section class=\"elementor-section elementor-top-section elementor-element elementor-element-4dd984b elementor-section-boxed elementor-section-height-default elementor-section-height-default\" data-id=\"4dd984b\" data-element_type=\"section\">\n\t\t\t\t\t\t<div class=\"elementor-container elementor-column-gap-default\">\n\t\t\t\t\t<div class=\"elementor-column elementor-col-100 elementor-top-column elementor-element elementor-element-4289402\" data-id=\"4289402\" data-element_type=\"column\">\n\t\t\t<div class=\"elementor-widget-wrap elementor-element-populated\">\n\t\t\t\t\t\t<div class=\"elementor-element elementor-element-a5125a1 elementor-widget elementor-widget-heading\" data-id=\"a5125a1\" data-element_type=\"widget\" data-widget_type=\"heading.default\">\n\t\t\t\t<div class=\"elementor-widget-container\">\n\t\t\t\t\t<h2 class=\"elementor-heading-title elementor-size-default\">Garant\u00eda limitada<\/h2>\t\t\t\t<\/div>\n\t\t\t\t<\/div>\n\t\t\t\t<div class=\"elementor-element elementor-element-5817d69 elementor-widget__width-initial elementor-widget elementor-widget-text-editor\" data-id=\"5817d69\" data-element_type=\"widget\" data-widget_type=\"text-editor.default\">\n\t\t\t\t<div class=\"elementor-widget-container\">\n\t\t\t\t\t\t\t\t\t<p>Esta Garant\u00eda limitada se aplica a las bater\u00edas de litio, incluidas las bater\u00edas LiFepo4 y NCM (&quot;producto&quot;) proporcionadas por Ge&#039;ou.<\/p><p><strong><b>I \u00bfQu\u00e9 significa esta garant\u00eda limitada?\u00a0<\/b><\/strong><strong><b>C<\/b><\/strong><strong><b>\u00bfencima?<\/b><\/strong><\/p><p>Esta Garant\u00eda limitada cubre cualquier defecto de material y mano de obra en condiciones normales de uso durante el Per\u00edodo de garant\u00eda. Esta Garant\u00eda Limitada es para el comprador original de los productos y no es transferible a ninguna otra persona o entidad.<br \/>Dentro del Per\u00edodo de Garant\u00eda, Ge&#039;ou reparar\u00e1 o reemplazar\u00e1 los productos o partes del producto que se determine que tienen defectos de material o mano de obra bajo uso y mantenimiento normales.<\/p><p><strong><b>Yo qu\u00e9\u00a0<\/b><\/strong><strong><b>vamos a<\/b><\/strong><strong><b>\u00a0hacer para corregir problemas?<br \/><\/b><\/strong>Ge&#039;ou reparar\u00e1 o reemplazar\u00e1 el Producto o partes del producto sin cargo, utilizando productos o partes nuevos.<\/p><p><strong><b>III Per\u00edodo de Garant\u00eda<br \/><\/b><\/strong>Ge&#039;ou proporciona TRES niveles de Per\u00edodos de garant\u00eda para brindar m\u00e1s apoyo para mejorar la competitividad de los clientes en el desarrollo del mercado.<\/p><table><tbody><tr><td width=\"196\"><strong><b>tipo de producto<\/b><\/strong><\/td><td width=\"276\"><strong><b>Per\u00edodo de garant\u00eda est\u00e1ndar (a\u00f1os)<\/b><\/strong><\/td><td width=\"171\"><strong><b>Per\u00edodo de garant\u00eda extendida (a\u00f1os)<\/b><\/strong><\/td><td width=\"183\"><strong><b>Per\u00edodo de garant\u00eda s\u00faper largo (a\u00f1os)<\/b><\/strong><\/td><\/tr><tr><td>Bater\u00eda de almacenamiento de energ\u00eda<\/td><td>3<\/td><td>5<\/td><td>10<\/td><\/tr><tr><td>Bater\u00eda de tracci\u00f3n de energ\u00eda<\/td><td>2<\/td><td>3<\/td><td>5<\/td><\/tr><tr><td>Bater\u00eda NCM<\/td><td>1<\/td><td>2<\/td><td>3<\/td><\/tr><tr><td>Bater\u00eda de precio especial<\/td><td>1<\/td><td>2<\/td><td>3<\/td><\/tr><\/tbody><\/table><p><strong><b>IV P\u00f3liza de Garant\u00eda Adicional<br \/><\/b><\/strong>Despu\u00e9s del Per\u00edodo de Garant\u00eda, por cualquier falla, si el Producto es razonablemente reparable seg\u00fan lo determinemos nosotros, ser\u00e1 reparado al costo b\u00e1sico del material y se le devolver\u00e1, y el flete correr\u00e1 por su cuenta. Si Ge&#039;ou no considera reparable, Ge&#039;ou le ofrecer\u00e1 una bater\u00eda de reemplazo nueva y similar con un descuento de 10% del precio concurrente que figura en la lista de precios m\u00e1s reciente de Ge&#039;ou. La oferta de reemplazo solo ser\u00e1 v\u00e1lida durante 30 d\u00edas.<\/p><p><strong><b>V \u00bfQu\u00e9 no cubre esta Garant\u00eda Limitada?<br \/><\/b><\/strong>Cada uno de los productos tiene un sistema de administraci\u00f3n de bater\u00eda (BMS) incorporado dise\u00f1ado para cortar la energ\u00eda para evitar da\u00f1os a las celdas o la electr\u00f3nica si detecta alguna de las siguientes condiciones: Sobrecarga o sobredescarga, sobrevoltaje, bajo -voltaje, sobrecorriente durante la carga o descarga, y sobre o bajo temperatura. El usuario es responsable de administrar el uso de la bater\u00eda para que el sistema de protecci\u00f3n BMS no funcione como un regulador controlado por las funciones de protecci\u00f3n mencionadas anteriormente. Los da\u00f1os causados por ciclos de protecci\u00f3n BMS repetitivos se consideran abuso y no est\u00e1n cubiertos.<\/p><p>Esta Garant\u00eda Limitada no cubre fallas de Productos relacionadas con da\u00f1os causados por abuso o negligencia, alteraci\u00f3n, incumplimiento de las pautas de Ge&#039;ou o cualquiera de los siguientes: Da\u00f1os por env\u00edo, Pernos de terminales sueltos, Hardware corro\u00eddo, Falla en la instalaci\u00f3n adecuada y conecte la bater\u00eda, falta de carga y mantenimiento adecuados de la bater\u00eda, rotura o da\u00f1o por colisi\u00f3n, fuego, congelamiento, da\u00f1o por calor o fr\u00edo extremo, almacenamiento inadecuado, conexi\u00f3n de polaridad inversa, cortocircuito de los terminales de la bater\u00eda o da\u00f1o por agua.<\/p><p>Esta Garant\u00eda limitada no cubre la reparaci\u00f3n, el mantenimiento y el ajuste del Producto necesarios por negligencia, uso indebido, accidente, modificaci\u00f3n sin la aprobaci\u00f3n previa por escrito de Ge&#039;ou, entorno inadecuado (incluida la falta de temperatura o humedad adecuadas), problemas f\u00edsicos o el\u00e9ctricos inusuales. estr\u00e9s o interferencia, falla de rayos, fuego o actos de Dios.<\/p><p>Esta Garant\u00eda limitada no cubre las bater\u00edas gastadas. Es posible agotar la vida \u00fatil de la bater\u00eda antes de que finalice el Per\u00edodo de garant\u00eda utilizando la bater\u00eda LiFePo4 durante 2 ciclos por d\u00eda o la bater\u00eda NCM durante 1,5 ciclos por d\u00eda. Una bater\u00eda gastada tendr\u00e1 menos de 60% de capacidad restante.<\/p><p>Esta Garant\u00eda limitada no cubre el costo de env\u00edo hacia y desde Ge&#039;ou a menos que se contacte a Ge&#039;ou dentro de los 60 d\u00edas posteriores a la recepci\u00f3n del Producto por parte del Comprador.<\/p><p>Esta Garant\u00eda Limitada no cubre el costo de env\u00edo hacia y desde Ge&#039;ou durante los primeros 60 d\u00edas para cualquier direcci\u00f3n fuera de los Estados Unidos. Ge&#039;ou primero entrega el Producto de acuerdo con el pedido del Comprador.<\/p><p>Esta Garant\u00eda limitada no cubre los Productos vendidos por Ge&#039;ou o cualquier distribuidor o distribuidor autorizado a un Fabricante de equipos originales (OEM). Comun\u00edquese directamente con el OEM para reclamos de garant\u00eda.<\/p><p><strong><b>VI Descargo de responsabilidad de la garant\u00eda<br \/><\/b><\/strong>Ge&#039;ou no hace representaciones ni garant\u00edas con respecto al Producto que no sean las expresamente establecidas en esta Garant\u00eda limitada. Las Garant\u00edas limitadas anteriores son exclusivas y sustituyen a cualquier otra garant\u00eda expresa o impl\u00edcita. Ge&#039;ou niega espec\u00edficamente cualquier garant\u00eda impl\u00edcita de comerciabilidad o idoneidad para un prop\u00f3sito particular. En la m\u00e1xima medida en que la ley pueda negar los da\u00f1os, Ge&#039;ou no ser\u00e1 responsable, ya sea por contrato o agravio (incluidas la negligencia y la responsabilidad estricta), por da\u00f1os que excedan el precio de compra del Producto o por da\u00f1os indirectos, incidentales, da\u00f1os especiales o consecuentes de cualquier tipo, o cualquier p\u00e9rdida de ingresos, ganancias, negocios, informaci\u00f3n, datos o cualquier otra p\u00e9rdida financiera que surja de o en relaci\u00f3n con la incapacidad del usuario para usar el Producto.<\/p><p><strong><b>VII Derechos Legales<\/b><\/strong><br \/>Algunos pa\u00edses y\/o estados no permiten limitaciones sobre la duraci\u00f3n de una garant\u00eda impl\u00edcita o la exclusi\u00f3n o limitaci\u00f3n de da\u00f1os incidentales o consecuentes, por lo que es posible que las limitaciones anteriores no se apliquen en su caso. Esta garant\u00eda le otorga derechos legales espec\u00edficos, que pueden variar de un pa\u00eds a otro y\/o de un estado a otro. Esta garant\u00eda se regir\u00e1 e interpretar\u00e1 de conformidad con las leyes de China. Esta garant\u00eda se entiende como el acuerdo exclusivo entre las partes en relaci\u00f3n con el objeto de la misma. Ning\u00fan empleado o representante de Ge&#039;ou est\u00e1 autorizado a otorgar ninguna garant\u00eda adicional a las establecidas en este acuerdo.<\/p><p>Si tiene alguna pregunta sobre la garant\u00eda de Ge&#039;ou, no dude en ponerse en contacto con Ge&#039;ou de la siguiente manera:<\/p><p>Correo electr\u00f3nico: Jennifer@geoune.com<\/p><p>Tel\u00e9fono:+86-188-1699-2690<\/p>\t\t\t\t\t\t\t\t<\/div>\n\t\t\t\t<\/div>\n\t\t\t\t\t<\/div>\n\t\t<\/div>\n\t\t\t\t\t<\/div>\n\t\t<\/section>\n\t\t\t\t<\/div>","protected":false},"excerpt":{"rendered":"<p>Limited Warranty This Limited Warranty applies to the lithium batteries, including both LiFepo4 and NCM batteries (\u201cproduct\u201d) provided by Ge&#8217;ou. I What does this Limited Warranty\u00a0cover? This Limited Warranty covers any defect in material and workmanship under normal use during the Warranty Period. This Limited Warranty is to the original purchaser of the products and [&hellip;]<\/p>","protected":false},"author":1,"featured_media":0,"parent":0,"menu_order":0,"comment_status":"closed","ping_status":"closed","template":"","meta":{"site-sidebar-layout":"no-sidebar","site-content-layout":"page-builder","ast-site-content-layout":"default","site-content-style":"default","site-sidebar-style":"default","ast-global-header-display":"","ast-banner-title-visibility":"","ast-main-header-display":"","ast-hfb-above-header-display":"","ast-hfb-below-header-display":"","ast-hfb-mobile-header-display":"","site-post-title":"disabled","ast-breadcrumbs-content":"","ast-featured-img":"disabled","footer-sml-layout":"","theme-transparent-header-meta":"","adv-header-id-meta":"","stick-header-meta":"","header-above-stick-meta":"","header-main-stick-meta":"","header-below-stick-meta":"","astra-migrate-meta-layouts":"default","ast-page-background-enabled":"default","ast-page-background-meta":{"desktop":{"background-color":"","background-image":"","background-repeat":"repeat","background-position":"center center","background-size":"auto","background-attachment":"scroll","background-type":"","background-media":"","overlay-type":"","overlay-color":"","overlay-opacity":"","overlay-gradient":""},"tablet":{"background-color":"","background-image":"","background-repeat":"repeat","background-position":"center center","background-size":"auto","background-attachment":"scroll","background-type":"","background-media":"","overlay-type":"","overlay-color":"","overlay-opacity":"","overlay-gradient":""},"mobile":{"background-color":"","background-image":"","background-repeat":"repeat","background-position":"center center","background-size":"auto","background-attachment":"scroll","background-type":"","background-media":"","overlay-type":"","overlay-color":"","overlay-opacity":"","overlay-gradient":""}},"ast-content-background-meta":{"desktop":{"background-color":"var(--ast-global-color-5)","background-image":"","background-repeat":"repeat","background-position":"center center","background-size":"auto","background-attachment":"scroll","background-type":"","background-media":"","overlay-type":"","overlay-color":"","overlay-opacity":"","overlay-gradient":""},"tablet":{"background-color":"var(--ast-global-color-5)","background-image":"","background-repeat":"repeat","background-position":"center center","background-size":"auto","background-attachment":"scroll","background-type":"","background-media":"","overlay-type":"","overlay-color":"","overlay-opacity":"","overlay-gradient":""},"mobile":{"background-color":"var(--ast-global-color-5)","background-image":"","background-repeat":"repeat","background-position":"center center","background-size":"auto","background-attachment":"scroll","background-type":"","background-media":"","overlay-type":"","overlay-color":"","overlay-opacity":"","overlay-gradient":""}},"footnotes":""},"class_list":["post-1858","page","type-page","status-publish","hentry"],"yoast_head":"<!-- This site is optimized with the Yoast SEO Premium plugin v20.11 (Yoast SEO v22.7) - https:\/\/yoast.com\/wordpress\/plugins\/seo\/ -->\n<title>Limited Warranty - Ge&#039;ou NEW ENERGY<\/title>\n<meta name=\"description\" content=\"Ge&#039;ou New Energy is an integrated energy group that specializes in clean and new energy on lithium ion battery products.\" \/>\n<meta name=\"robots\" content=\"index, follow, max-snippet:-1, max-image-preview:large, max-video-preview:-1\" \/>\n<link rel=\"canonical\" href=\"https:\/\/geoune.net\/es\/limited-warranty\/\" \/>\n<meta property=\"og:locale\" content=\"es_ES\" \/>\n<meta property=\"og:type\" content=\"article\" \/>\n<meta property=\"og:title\" content=\"Limited Warranty\" \/>\n<meta property=\"og:description\" content=\"Ge&#039;ou New Energy is an integrated energy group that specializes in clean and new energy on lithium ion battery products.\" \/>\n<meta property=\"og:url\" content=\"https:\/\/geoune.net\/es\/limited-warranty\/\" \/>\n<meta property=\"og:site_name\" content=\"Ge&#039;ou NEW ENERGY\" \/>\n<meta property=\"article:modified_time\" content=\"2023-06-27T09:51:08+00:00\" \/>\n<meta name=\"twitter:card\" content=\"summary_large_image\" \/>\n<meta name=\"twitter:label1\" content=\"Tiempo de lectura\" \/>\n\t<meta name=\"twitter:data1\" content=\"4 minutos\" \/>\n<script type=\"application\/ld+json\" class=\"yoast-schema-graph\">{\"@context\":\"https:\/\/schema.org\",\"@graph\":[{\"@type\":\"WebPage\",\"@id\":\"https:\/\/geoune.net\/limited-warranty\/\",\"url\":\"https:\/\/geoune.net\/limited-warranty\/\",\"name\":\"Limited Warranty - Ge&#039;ou NEW ENERGY\",\"isPartOf\":{\"@id\":\"https:\/\/geoune.net\/#website\"},\"datePublished\":\"2023-06-27T09:08:34+00:00\",\"dateModified\":\"2023-06-27T09:51:08+00:00\",\"description\":\"Ge'ou New Energy is an integrated energy group that specializes in clean and new energy on lithium ion battery products.\",\"breadcrumb\":{\"@id\":\"https:\/\/geoune.net\/limited-warranty\/#breadcrumb\"},\"inLanguage\":\"es\",\"potentialAction\":[{\"@type\":\"ReadAction\",\"target\":[\"https:\/\/geoune.net\/limited-warranty\/\"]}]},{\"@type\":\"BreadcrumbList\",\"@id\":\"https:\/\/geoune.net\/limited-warranty\/#breadcrumb\",\"itemListElement\":[{\"@type\":\"ListItem\",\"position\":1,\"name\":\"\u9996\u9875\",\"item\":\"https:\/\/geoune.net\/\"},{\"@type\":\"ListItem\",\"position\":2,\"name\":\"Limited Warranty\"}]},{\"@type\":\"WebSite\",\"@id\":\"https:\/\/geoune.net\/#website\",\"url\":\"https:\/\/geoune.net\/\",\"name\":\"Ge'ou NEW ENERGY\",\"description\":\"Ge&#039;ou New Energy is an integrated energy group that specializes in clean and new energy on lithium ion battery products.\",\"publisher\":{\"@id\":\"https:\/\/geoune.net\/#organization\"},\"alternateName\":\"OEM Lithium ion Battery Products Manufacturer | Ge'ou New Energy\",\"potentialAction\":[{\"@type\":\"SearchAction\",\"target\":{\"@type\":\"EntryPoint\",\"urlTemplate\":\"https:\/\/geoune.net\/?s={search_term_string}\"},\"query-input\":\"required name=search_term_string\"}],\"inLanguage\":\"es\"},{\"@type\":\"Organization\",\"@id\":\"https:\/\/geoune.net\/#organization\",\"name\":\"Ge'ou NEW ENERGY\",\"url\":\"https:\/\/geoune.net\/\",\"logo\":{\"@type\":\"ImageObject\",\"inLanguage\":\"es\",\"@id\":\"https:\/\/geoune.net\/#\/schema\/logo\/image\/\",\"url\":\"https:\/\/geoune.net\/wp-content\/uploads\/2023\/06\/GEOUNE-LOGO.png\",\"contentUrl\":\"https:\/\/geoune.net\/wp-content\/uploads\/2023\/06\/GEOUNE-LOGO.png\",\"width\":500,\"height\":350,\"caption\":\"Ge'ou NEW ENERGY\"},\"image\":{\"@id\":\"https:\/\/geoune.net\/#\/schema\/logo\/image\/\"}}]}<\/script>\n<!-- \/ Yoast SEO Premium plugin. -->","yoast_head_json":{"title":"Limited Warranty - Ge&#039;ou NEW ENERGY","description":"Ge'ou New Energy is an integrated energy group that specializes in clean and new energy on lithium ion battery products.","robots":{"index":"index","follow":"follow","max-snippet":"max-snippet:-1","max-image-preview":"max-image-preview:large","max-video-preview":"max-video-preview:-1"},"canonical":"https:\/\/geoune.net\/es\/limited-warranty\/","og_locale":"es_ES","og_type":"article","og_title":"Limited Warranty","og_description":"Ge'ou New Energy is an integrated energy group that specializes in clean and new energy on lithium ion battery products.","og_url":"https:\/\/geoune.net\/es\/limited-warranty\/","og_site_name":"Ge&#039;ou NEW ENERGY","article_modified_time":"2023-06-27T09:51:08+00:00","twitter_card":"summary_large_image","twitter_misc":{"Tiempo de lectura":"4 minutos"},"schema":{"@context":"https:\/\/schema.org","@graph":[{"@type":"WebPage","@id":"https:\/\/geoune.net\/limited-warranty\/","url":"https:\/\/geoune.net\/limited-warranty\/","name":"Limited Warranty - Ge&#039;ou NEW ENERGY","isPartOf":{"@id":"https:\/\/geoune.net\/#website"},"datePublished":"2023-06-27T09:08:34+00:00","dateModified":"2023-06-27T09:51:08+00:00","description":"Ge'ou New Energy is an integrated energy group that specializes in clean and new energy on lithium ion battery products.","breadcrumb":{"@id":"https:\/\/geoune.net\/limited-warranty\/#breadcrumb"},"inLanguage":"es","potentialAction":[{"@type":"ReadAction","target":["https:\/\/geoune.net\/limited-warranty\/"]}]},{"@type":"BreadcrumbList","@id":"https:\/\/geoune.net\/limited-warranty\/#breadcrumb","itemListElement":[{"@type":"ListItem","position":1,"name":"\u9996\u9875","item":"https:\/\/geoune.net\/"},{"@type":"ListItem","position":2,"name":"Limited Warranty"}]},{"@type":"WebSite","@id":"https:\/\/geoune.net\/#website","url":"https:\/\/geoune.net\/","name":"Ge'ou NEW ENERGY","description":"Ge&#039;ou New Energy is an integrated energy group that specializes in clean and new energy on lithium ion battery products.","publisher":{"@id":"https:\/\/geoune.net\/#organization"},"alternateName":"OEM Lithium ion Battery Products Manufacturer | Ge'ou New Energy","potentialAction":[{"@type":"SearchAction","target":{"@type":"EntryPoint","urlTemplate":"https:\/\/geoune.net\/?s={search_term_string}"},"query-input":"required name=search_term_string"}],"inLanguage":"es"},{"@type":"Organization","@id":"https:\/\/geoune.net\/#organization","name":"Ge'ou NEW ENERGY","url":"https:\/\/geoune.net\/","logo":{"@type":"ImageObject","inLanguage":"es","@id":"https:\/\/geoune.net\/#\/schema\/logo\/image\/","url":"https:\/\/geoune.net\/wp-content\/uploads\/2023\/06\/GEOUNE-LOGO.png","contentUrl":"https:\/\/geoune.net\/wp-content\/uploads\/2023\/06\/GEOUNE-LOGO.png","width":500,"height":350,"caption":"Ge'ou NEW ENERGY"},"image":{"@id":"https:\/\/geoune.net\/#\/schema\/logo\/image\/"}}]}},"_links":{"self":[{"href":"https:\/\/geoune.net\/es\/wp-json\/wp\/v2\/pages\/1858","targetHints":{"allow":["GET"]}}],"collection":[{"href":"https:\/\/geoune.net\/es\/wp-json\/wp\/v2\/pages"}],"about":[{"href":"https:\/\/geoune.net\/es\/wp-json\/wp\/v2\/types\/page"}],"author":[{"embeddable":true,"href":"https:\/\/geoune.net\/es\/wp-json\/wp\/v2\/users\/1"}],"replies":[{"embeddable":true,"href":"https:\/\/geoune.net\/es\/wp-json\/wp\/v2\/comments?post=1858"}],"version-history":[{"count":0,"href":"https:\/\/geoune.net\/es\/wp-json\/wp\/v2\/pages\/1858\/revisions"}],"wp:attachment":[{"href":"https:\/\/geoune.net\/es\/wp-json\/wp\/v2\/media?parent=1858"}],"curies":[{"name":"wp","href":"https:\/\/api.w.org\/{rel}","templated":true}]}}