{"id":1986,"date":"2023-06-30T16:22:35","date_gmt":"2023-06-30T08:22:35","guid":{"rendered":"https:\/\/geoune.net\/?post_type=product&#038;p=1986"},"modified":"2023-06-30T16:25:57","modified_gmt":"2023-06-30T08:25:57","slug":"126kwh-utility-scale-energy-storage-lithium-battery","status":"publish","type":"product","link":"https:\/\/geoune.net\/de\/produkt\/126kwh-utility-scale-energy-storage-lithium-battery\/","title":{"rendered":"126-kWh-Energiespeicher-Lithiumbatterie im Versorgungsma\u00dfstab"},"content":{"rendered":"<div id=\"av-layout-grid-2\" class=\"av-layout-grid-container entry-content-wrapper main_color av-flex-cells avia-builder-el-10 el_after_av_layout_row el_before_av_layout_row submenu-not-first container_wrap fullsize\">\n<div class=\"flex_cell no_margin av_one_full avia-builder-el-11 avia-builder-el-no-sibling\">\n<div class=\"flex_cell_inner\">\n<div class=\"flex_column_table av-equal-height-column-flextable -flextable\">\n<div class=\"flex_column av_one_half flex_column_table_cell av-equal-height-column av-align-middle av-zero-column-padding first avia-builder-el-12 el_before_av_one_half avia-builder-el-first\">\n<section class=\"av_textblock_section\">\n<div class=\"avia_textblock av_inherit_color\">\n<p>Das Energiespeicherbatteriesystem von Geou im Versorgungsma\u00dfstab verf\u00fcgt \u00fcber einen modularen Aufbau, der die Anpassung an eine Vielzahl industrieller und kommerzieller Szenarien erm\u00f6glicht. Es beinhaltet einen Energiespeicherkonverter und einen PV-Konverter und kann mithilfe von PV effizient Strom erzeugen.<\/p>\n<p>&nbsp;<\/p>\n<\/div>\n<\/section>\n<\/div>\n<div class=\"flex_column av_one_half flex_column_table_cell av-equal-height-column av-align-middle av-zero-column-padding avia-builder-el-14 el_after_av_one_half avia-builder-el-last\">\n<div class=\"avia-image-container av-styling- avia-builder-el-15 avia-builder-el-no-sibling avia-align-center\">\n<div class=\"avia-image-container-inner\">\n<div class=\"avia-image-overlay-wrap\"><img fetchpriority=\"high\" decoding=\"async\" class=\"wp-image-7208 avia-img-lazy-loading-not-7208 avia_image entered lazyloaded\" title=\"Interne Struktur des kommerziellen Batteriesystems\" src=\"https:\/\/polinovel.com\/wp-content\/uploads\/2023\/04\/commercial-battery-system-internal-structure-800600new.jpg\" sizes=\"(max-width: 800px) 100vw, 800px\" srcset=\"https:\/\/polinovel.com\/wp-content\/uploads\/2023\/04\/commercial-battery-system-internal-structure-800600new.jpg 800w, https:\/\/polinovel.com\/wp-content\/uploads\/2023\/04\/commercial-battery-system-internal-structure-800600new-300x225.jpg 300w, https:\/\/polinovel.com\/wp-content\/uploads\/2023\/04\/commercial-battery-system-internal-structure-800600new-768x576.jpg 768w, https:\/\/polinovel.com\/wp-content\/uploads\/2023\/04\/commercial-battery-system-internal-structure-800600new-705x529.jpg 705w\" alt=\"commercial battery system\" width=\"800\" height=\"600\" data-lazy-srcset=\"https:\/\/polinovel.com\/wp-content\/uploads\/2023\/04\/commercial-battery-system-internal-structure-800600new.jpg 800w, https:\/\/polinovel.com\/wp-content\/uploads\/2023\/04\/commercial-battery-system-internal-structure-800600new-300x225.jpg 300w, https:\/\/polinovel.com\/wp-content\/uploads\/2023\/04\/commercial-battery-system-internal-structure-800600new-768x576.jpg 768w, https:\/\/polinovel.com\/wp-content\/uploads\/2023\/04\/commercial-battery-system-internal-structure-800600new-705x529.jpg 705w\" data-lazy-sizes=\"(max-width: 800px) 100vw, 800px\" data-lazy-src=\"https:\/\/polinovel.com\/wp-content\/uploads\/2023\/04\/commercial-battery-system-internal-structure-800600new.jpg\" data-ll-status=\"loaded\" \/><\/div>\n<\/div>\n<\/div>\n<\/div>\n<\/div>\n<\/div>\n<\/div>\n<\/div>\n<div id=\"av-layout-grid-3\" class=\"av-layout-grid-container entry-content-wrapper main_color av-flex-cells avia-builder-el-16 el_after_av_layout_row el_before_av_layout_row submenu-not-first container_wrap fullsize\">\n<div class=\"flex_cell no_margin av_one_full avia-builder-el-17 avia-builder-el-no-sibling\">\n<div class=\"flex_cell_inner\">\n<div class=\"flex_column_table av-equal-height-column-flextable -flextable\">\n<div class=\"flex_column av_one_half flex_column_table_cell av-equal-height-column av-align-middle av-zero-column-padding first avia-builder-el-18 el_before_av_one_half avia-builder-el-first\">\n<div class=\"avia-image-container av-styling- avia-builder-el-19 avia-builder-el-no-sibling avia-align-center\">\n<div class=\"avia-image-container-inner\">\n<div class=\"avia-image-overlay-wrap\"><\/div>\n<\/div>\n<\/div>\n<\/div>\n<div class=\"flex_column av_one_half flex_column_table_cell av-equal-height-column av-align-middle av-zero-column-padding avia-builder-el-20 el_after_av_one_half avia-builder-el-last\">\n<section class=\"av_textblock_section\">\n<div class=\"avia_textblock av_inherit_color\">\n<p>Dieses kommerzielle Batteriesystem kann direkt an Photovoltaik-Solarmodule angeschlossen werden, um das Laden der Batterie zu priorisieren und den Photovoltaik-Stromausgang in netzverf\u00fcgbaren Strom umzuwandeln. Es kann die Stromkosten f\u00fcr Unternehmen senken, indem es w\u00e4hrend der Talstunden f\u00fcr die Energiespeicherung aufl\u00e4dt und w\u00e4hrend der Spitzenzeiten, wenn keine PV vorhanden ist, entl\u00e4dt.<\/p>\n<\/div>\n<p><img decoding=\"async\" class=\"wp-image-7167 avia-img-lazy-loading-not-7167 avia_image entered lazyloaded\" title=\"kommerzielle Energiespeicherung\" src=\"https:\/\/polinovel.com\/wp-content\/uploads\/2023\/04\/commercial-energy-storage-1-800600.jpg\" sizes=\"(max-width: 800px) 100vw, 800px\" srcset=\"https:\/\/polinovel.com\/wp-content\/uploads\/2023\/04\/commercial-energy-storage-1-800600.jpg 800w, https:\/\/polinovel.com\/wp-content\/uploads\/2023\/04\/commercial-energy-storage-1-800600-300x225.jpg 300w, https:\/\/polinovel.com\/wp-content\/uploads\/2023\/04\/commercial-energy-storage-1-800600-768x576.jpg 768w, https:\/\/polinovel.com\/wp-content\/uploads\/2023\/04\/commercial-energy-storage-1-800600-705x529.jpg 705w\" alt=\"commercial energy storage battery\" width=\"800\" height=\"600\" data-lazy-srcset=\"https:\/\/polinovel.com\/wp-content\/uploads\/2023\/04\/commercial-energy-storage-1-800600.jpg 800w, https:\/\/polinovel.com\/wp-content\/uploads\/2023\/04\/commercial-energy-storage-1-800600-300x225.jpg 300w, https:\/\/polinovel.com\/wp-content\/uploads\/2023\/04\/commercial-energy-storage-1-800600-768x576.jpg 768w, https:\/\/polinovel.com\/wp-content\/uploads\/2023\/04\/commercial-energy-storage-1-800600-705x529.jpg 705w\" data-lazy-sizes=\"(max-width: 800px) 100vw, 800px\" data-lazy-src=\"https:\/\/polinovel.com\/wp-content\/uploads\/2023\/04\/commercial-energy-storage-1-800600.jpg\" data-ll-status=\"loaded\" \/><\/p>\n<\/section>\n<\/div>\n<\/div>\n<\/div>\n<\/div>\n<\/div>\n<div id=\"av-layout-grid-4\" class=\"av-layout-grid-container entry-content-wrapper main_color av-flex-cells avia-builder-el-22 el_after_av_layout_row el_before_av_layout_row submenu-not-first container_wrap fullsize\">\n<div class=\"flex_cell no_margin av_one_full avia-builder-el-23 avia-builder-el-no-sibling\">\n<div class=\"flex_cell_inner\">\n<div class=\"flex_column_table av-equal-height-column-flextable -flextable\">\n<div class=\"flex_column av_one_half flex_column_table_cell av-equal-height-column av-align-middle av-zero-column-padding first avia-builder-el-24 el_before_av_one_half avia-builder-el-first\">\n<section class=\"av_textblock_section\">\n<div class=\"avia_textblock av_inherit_color\">\n<p>Das Batteriesystem entl\u00e4dt sich mit der Last, um den Strombedarf zu decken, wenn die elektrische Leistung kurzfristig die Transformatorkapazit\u00e4t \u00fcberschreitet. Bei einer Stromunterbrechung kann eine l\u00fcckenlose Kurzzeitstromversorgung wichtiger Verbraucher gew\u00e4hrleistet werden, um wirtschaftliche Verluste zu vermeiden.<\/p>\n<\/div>\n<\/section>\n<\/div>\n<div class=\"av-flex-placeholder\"><\/div>\n<div class=\"flex_column av_one_half flex_column_table_cell av-equal-height-column av-align-middle av-zero-column-padding avia-builder-el-26 el_after_av_one_half avia-builder-el-last\">\n<div class=\"avia-image-container av-styling- avia-builder-el-27 avia-builder-el-no-sibling avia-align-center\">\n<div class=\"avia-image-container-inner\">\n<div class=\"avia-image-overlay-wrap\"><img decoding=\"async\" class=\"wp-image-2350 avia-img-lazy-loading-not-2350 avia_image entered lazyloaded\" title=\"Polinovel Heimbatterie 02\" src=\"https:\/\/polinovel.com\/wp-content\/uploads\/2022\/01\/Polinovel-home-battery-02.jpg\" sizes=\"(max-width: 900px) 100vw, 900px\" srcset=\"https:\/\/polinovel.com\/wp-content\/uploads\/2022\/01\/Polinovel-home-battery-02.jpg 900w, https:\/\/polinovel.com\/wp-content\/uploads\/2022\/01\/Polinovel-home-battery-02-300x217.jpg 300w, https:\/\/polinovel.com\/wp-content\/uploads\/2022\/01\/Polinovel-home-battery-02-768x555.jpg 768w, https:\/\/polinovel.com\/wp-content\/uploads\/2022\/01\/Polinovel-home-battery-02-705x509.jpg 705w\" alt=\"Home Battery\" width=\"900\" height=\"650\" data-lazy-srcset=\"https:\/\/polinovel.com\/wp-content\/uploads\/2022\/01\/Polinovel-home-battery-02.jpg 900w, https:\/\/polinovel.com\/wp-content\/uploads\/2022\/01\/Polinovel-home-battery-02-300x217.jpg 300w, https:\/\/polinovel.com\/wp-content\/uploads\/2022\/01\/Polinovel-home-battery-02-768x555.jpg 768w, https:\/\/polinovel.com\/wp-content\/uploads\/2022\/01\/Polinovel-home-battery-02-705x509.jpg 705w\" data-lazy-sizes=\"(max-width: 900px) 100vw, 900px\" data-lazy-src=\"https:\/\/polinovel.com\/wp-content\/uploads\/2022\/01\/Polinovel-home-battery-02.jpg\" data-ll-status=\"loaded\" \/><\/div>\n<\/div>\n<div><\/div>\n<\/div>\n<\/div>\n<\/div>\n<\/div>\n<\/div>\n<\/div>\n<div id=\"av-layout-grid-5\" class=\"av-layout-grid-container entry-content-wrapper main_color av-flex-cells avia-builder-el-28 el_after_av_layout_row el_before_av_section submenu-not-first container_wrap fullsize\">\n<div class=\"flex_cell no_margin av_one_full avia-builder-el-29 avia-builder-el-no-sibling\">\n<div class=\"flex_cell_inner\">\n<div class=\"flex_column av_one_full flex_column_div av-zero-column-padding first avia-builder-el-30 avia-builder-el-no-sibling\">\n<div class=\"av-special-heading av-special-heading-h3 custom-color-heading blockquote modern-quote modern-centered avia-builder-el-31 el_before_av_hr avia-builder-el-first av-inherit-size\">\n<h3 class=\"av-special-heading-tag\" style=\"text-align: center;\">Technische Parameter<\/h3>\n<\/div>\n<div class=\"hr hr-custom hr-center hr-icon-no avia-builder-el-32 el_after_av_heading el_before_av_textblock\"><\/div>\n<section class=\"av_textblock_section\">\n<div class=\"avia_textblock av_inherit_color\">\n<table>\n<tbody>\n<tr>\n<td width=\"354\"><strong><b>Modell<\/b><\/strong><\/td>\n<td width=\"354\"><strong><b>CBS100<\/b><\/strong><\/td>\n<\/tr>\n<tr>\n<td width=\"354\">Leistung<\/td>\n<td width=\"354\">50KW<\/td>\n<\/tr>\n<tr>\n<td width=\"354\">Energie<\/td>\n<td width=\"354\">126 kWh<\/td>\n<\/tr>\n<tr>\n<td width=\"354\">Batterie<\/td>\n<td width=\"354\">448V280Ah (140S1P)<\/td>\n<\/tr>\n<tr>\n<td width=\"354\">Lade- und Entladerate<\/td>\n<td width=\"354\">0,4 \u00b0C<\/td>\n<\/tr>\n<tr>\n<td width=\"354\">DC-seitiger Spannungsbereich<\/td>\n<td width=\"354\">392V ~ 511V<\/td>\n<\/tr>\n<tr>\n<td width=\"354\">Maximale AC-Ausgangskapazit\u00e4t<\/td>\n<td width=\"354\">AC400V-80A<\/td>\n<\/tr>\n<tr>\n<td width=\"354\">Photovoltaik-Eingangsbereich<\/td>\n<td width=\"354\">520-800 VDC<\/td>\n<\/tr>\n<tr>\n<td width=\"354\">IP-Abschluss<\/td>\n<td width=\"354\">IP54<\/td>\n<\/tr>\n<tr>\n<td width=\"354\">Kommunikation<\/td>\n<td width=\"354\">RS485\/CAN2.0<\/td>\n<\/tr>\n<tr>\n<td width=\"354\">Benutzeroberfl\u00e4che<\/td>\n<td width=\"354\">7-Zoll-Display<\/td>\n<\/tr>\n<tr>\n<td width=\"354\">K\u00fchlmodus<\/td>\n<td width=\"354\">Zwangsluftk\u00fchlung<\/td>\n<\/tr>\n<tr>\n<td width=\"354\">Brandschutz<\/td>\n<td width=\"354\">Heptafluorpropan<\/td>\n<\/tr>\n<tr>\n<td width=\"354\">H\u00f6he<\/td>\n<td width=\"354\">\u22643000 m<\/td>\n<\/tr>\n<tr>\n<td width=\"354\">Lebensdauer<\/td>\n<td width=\"354\">\u22656000 Zyklen (EOL 70%)<\/td>\n<\/tr>\n<tr>\n<td width=\"354\">Abmessungen<\/td>\n<td width=\"354\">1700 * 1300 * 2400 mm \/ 67 * 51,2 * 94,5 Zoll<\/td>\n<\/tr>\n<tr>\n<td width=\"354\">Gewicht<\/td>\n<td width=\"354\">2200 kg \/ 4850 lbs<\/td>\n<\/tr>\n<tr>\n<td width=\"354\">Zertifizierung<\/td>\n<td width=\"354\">UL 1973, IEC 62619, UN 38.3, UL 9540A, GB\/T 36276<\/td>\n<\/tr>\n<tr>\n<td width=\"354\">Umgebungstemperatur\/Luftfeuchtigkeit<\/td>\n<td width=\"354\">-20\u2103~50\u2103 \/ 5%~95%<\/td>\n<\/tr>\n<\/tbody>\n<\/table>\n<\/div>\n<\/section>\n<\/div>\n<\/div>\n<\/div>\n<\/div>","protected":false},"excerpt":{"rendered":"<ul>\n<li>Modell: CBS100<\/li>\n<li>Modularer Aufbau f\u00fcr einfache Installation und Wartung<\/li>\n<li>Hochleistungs-LFP-Batteriezellen mit guter Konsistenz<\/li>\n<li>Unterst\u00fctzt die Verkn\u00fcpfung mit BMS\/EMS f\u00fcr hohe Sicherheit und Zuverl\u00e4ssigkeit<\/li>\n<li>Nahtloser Wechsel der Stromversorgungsmodi<\/li>\n<\/ul>","protected":false},"featured_media":1988,"template":"","meta":{"site-sidebar-layout":"default","site-content-layout":"default","ast-site-content-layout":"default","site-content-style":"default","site-sidebar-style":"default","ast-global-header-display":"","ast-banner-title-visibility":"","ast-main-header-display":"","ast-hfb-above-header-display":"","ast-hfb-below-header-display":"","ast-hfb-mobile-header-display":"","site-post-title":"","ast-breadcrumbs-content":"","ast-featured-img":"","footer-sml-layout":"","theme-transparent-header-meta":"default","adv-header-id-meta":"","stick-header-meta":"","header-above-stick-meta":"","header-main-stick-meta":"","header-below-stick-meta":"","astra-migrate-meta-layouts":"default","ast-page-background-enabled":"default","ast-page-background-meta":{"desktop":{"background-color":"","background-image":"","background-repeat":"repeat","background-position":"center center","background-size":"auto","background-attachment":"scroll","background-type":"","background-media":"","overlay-type":"","overlay-color":"","overlay-opacity":"","overlay-gradient":""},"tablet":{"background-color":"","background-image":"","background-repeat":"repeat","background-position":"center center","background-size":"auto","background-attachment":"scroll","background-type":"","background-media":"","overlay-type":"","overlay-color":"","overlay-opacity":"","overlay-gradient":""},"mobile":{"background-color":"","background-image":"","background-repeat":"repeat","background-position":"center center","background-size":"auto","background-attachment":"scroll","background-type":"","background-media":"","overlay-type":"","overlay-color":"","overlay-opacity":"","overlay-gradient":""}},"ast-content-background-meta":{"desktop":{"background-color":"var(--ast-global-color-5)","background-image":"","background-repeat":"repeat","background-position":"center center","background-size":"auto","background-attachment":"scroll","background-type":"","background-media":"","overlay-type":"","overlay-color":"","overlay-opacity":"","overlay-gradient":""},"tablet":{"background-color":"var(--ast-global-color-5)","background-image":"","background-repeat":"repeat","background-position":"center center","background-size":"auto","background-attachment":"scroll","background-type":"","background-media":"","overlay-type":"","overlay-color":"","overlay-opacity":"","overlay-gradient":""},"mobile":{"background-color":"var(--ast-global-color-5)","background-image":"","background-repeat":"repeat","background-position":"center center","background-size":"auto","background-attachment":"scroll","background-type":"","background-media":"","overlay-type":"","overlay-color":"","overlay-opacity":"","overlay-gradient":""}}},"product_brand":[],"product_cat":[36,22],"product_tag":[],"class_list":{"0":"post-1986","1":"product","2":"type-product","3":"status-publish","4":"has-post-thumbnail","6":"product_cat-industrial-and-commercial-energy-storage","7":"product_cat-lithium-ion-battery","8":"desktop-align-left","9":"tablet-align-left","10":"mobile-align-left","12":"first","13":"instock","14":"shipping-taxable","15":"product-type-simple"},"yoast_head":"<!-- This site is optimized with the Yoast SEO Premium plugin v20.11 (Yoast SEO v22.7) - https:\/\/yoast.com\/wordpress\/plugins\/seo\/ -->\n<title>126KWh Utility Scale Energy Storage Lithium Battery - Ge&#039;ou NEW ENERGY<\/title>\n<meta name=\"description\" content=\"Ge&#039;ou New Energy is an integrated energy group that specializes in clean and new energy on lithium ion battery products.\" \/>\n<meta name=\"robots\" content=\"index, follow, max-snippet:-1, max-image-preview:large, max-video-preview:-1\" \/>\n<link rel=\"canonical\" href=\"https:\/\/geoune.net\/de\/produkt\/126kwh-utility-scale-energy-storage-lithium-battery\/\" \/>\n<meta property=\"og:locale\" content=\"de_DE\" \/>\n<meta property=\"og:type\" content=\"article\" \/>\n<meta property=\"og:title\" content=\"126KWh Utility Scale Energy Storage Lithium Battery\" \/>\n<meta property=\"og:description\" content=\"Ge&#039;ou New Energy is an integrated energy group that specializes in clean and new energy on lithium ion battery products.\" \/>\n<meta property=\"og:url\" content=\"https:\/\/geoune.net\/de\/produkt\/126kwh-utility-scale-energy-storage-lithium-battery\/\" \/>\n<meta property=\"og:site_name\" content=\"Ge&#039;ou NEW ENERGY\" \/>\n<meta property=\"article:modified_time\" content=\"2023-06-30T08:25:57+00:00\" \/>\n<meta property=\"og:image\" content=\"https:\/\/geoune.net\/wp-content\/uploads\/2023\/06\/commercial-energy-storage-1.jpg\" \/>\n\t<meta property=\"og:image:width\" content=\"1000\" \/>\n\t<meta property=\"og:image:height\" content=\"1000\" \/>\n\t<meta property=\"og:image:type\" content=\"image\/jpeg\" \/>\n<meta name=\"twitter:card\" content=\"summary_large_image\" \/>\n<meta name=\"twitter:label1\" content=\"Gesch\u00e4tzte Lesezeit\" \/>\n\t<meta name=\"twitter:data1\" content=\"2\u00a0Minuten\" \/>\n<script type=\"application\/ld+json\" class=\"yoast-schema-graph\">{\"@context\":\"https:\/\/schema.org\",\"@graph\":[{\"@type\":\"WebPage\",\"@id\":\"https:\/\/geoune.net\/product\/126kwh-utility-scale-energy-storage-lithium-battery\/\",\"url\":\"https:\/\/geoune.net\/product\/126kwh-utility-scale-energy-storage-lithium-battery\/\",\"name\":\"126KWh Utility Scale Energy Storage Lithium Battery - Ge&#039;ou NEW ENERGY\",\"isPartOf\":{\"@id\":\"https:\/\/geoune.net\/#website\"},\"primaryImageOfPage\":{\"@id\":\"https:\/\/geoune.net\/product\/126kwh-utility-scale-energy-storage-lithium-battery\/#primaryimage\"},\"image\":{\"@id\":\"https:\/\/geoune.net\/product\/126kwh-utility-scale-energy-storage-lithium-battery\/#primaryimage\"},\"thumbnailUrl\":\"https:\/\/geoune.net\/wp-content\/uploads\/2023\/06\/commercial-energy-storage-1.jpg\",\"datePublished\":\"2023-06-30T08:22:35+00:00\",\"dateModified\":\"2023-06-30T08:25:57+00:00\",\"description\":\"Ge'ou New Energy is an integrated energy group that specializes in clean and new energy on lithium ion battery products.\",\"breadcrumb\":{\"@id\":\"https:\/\/geoune.net\/product\/126kwh-utility-scale-energy-storage-lithium-battery\/#breadcrumb\"},\"inLanguage\":\"de\",\"potentialAction\":[{\"@type\":\"ReadAction\",\"target\":[\"https:\/\/geoune.net\/product\/126kwh-utility-scale-energy-storage-lithium-battery\/\"]}]},{\"@type\":\"ImageObject\",\"inLanguage\":\"de\",\"@id\":\"https:\/\/geoune.net\/product\/126kwh-utility-scale-energy-storage-lithium-battery\/#primaryimage\",\"url\":\"https:\/\/geoune.net\/wp-content\/uploads\/2023\/06\/commercial-energy-storage-1.jpg\",\"contentUrl\":\"https:\/\/geoune.net\/wp-content\/uploads\/2023\/06\/commercial-energy-storage-1.jpg\",\"width\":1000,\"height\":1000},{\"@type\":\"BreadcrumbList\",\"@id\":\"https:\/\/geoune.net\/product\/126kwh-utility-scale-energy-storage-lithium-battery\/#breadcrumb\",\"itemListElement\":[{\"@type\":\"ListItem\",\"position\":1,\"name\":\"\u9996\u9875\",\"item\":\"https:\/\/geoune.net\/\"},{\"@type\":\"ListItem\",\"position\":2,\"name\":\"Products\",\"item\":\"https:\/\/geoune.net\/shop\/\"},{\"@type\":\"ListItem\",\"position\":3,\"name\":\"126KWh Utility Scale Energy Storage Lithium Battery\"}]},{\"@type\":\"WebSite\",\"@id\":\"https:\/\/geoune.net\/#website\",\"url\":\"https:\/\/geoune.net\/\",\"name\":\"Ge'ou NEW ENERGY\",\"description\":\"Ge&#039;ou New Energy is an integrated energy group that specializes in clean and new energy on lithium ion battery products.\",\"publisher\":{\"@id\":\"https:\/\/geoune.net\/#organization\"},\"alternateName\":\"OEM Lithium ion Battery Products Manufacturer | Ge'ou New Energy\",\"potentialAction\":[{\"@type\":\"SearchAction\",\"target\":{\"@type\":\"EntryPoint\",\"urlTemplate\":\"https:\/\/geoune.net\/?s={search_term_string}\"},\"query-input\":\"required name=search_term_string\"}],\"inLanguage\":\"de\"},{\"@type\":\"Organization\",\"@id\":\"https:\/\/geoune.net\/#organization\",\"name\":\"Ge'ou NEW ENERGY\",\"url\":\"https:\/\/geoune.net\/\",\"logo\":{\"@type\":\"ImageObject\",\"inLanguage\":\"de\",\"@id\":\"https:\/\/geoune.net\/#\/schema\/logo\/image\/\",\"url\":\"https:\/\/geoune.net\/wp-content\/uploads\/2023\/06\/GEOUNE-LOGO.png\",\"contentUrl\":\"https:\/\/geoune.net\/wp-content\/uploads\/2023\/06\/GEOUNE-LOGO.png\",\"width\":500,\"height\":350,\"caption\":\"Ge'ou NEW ENERGY\"},\"image\":{\"@id\":\"https:\/\/geoune.net\/#\/schema\/logo\/image\/\"}}]}<\/script>\n<!-- \/ Yoast SEO Premium plugin. -->","yoast_head_json":{"title":"126KWh Utility Scale Energy Storage Lithium Battery - Ge&#039;ou NEW ENERGY","description":"Ge'ou New Energy is an integrated energy group that specializes in clean and new energy on lithium ion battery products.","robots":{"index":"index","follow":"follow","max-snippet":"max-snippet:-1","max-image-preview":"max-image-preview:large","max-video-preview":"max-video-preview:-1"},"canonical":"https:\/\/geoune.net\/de\/produkt\/126kwh-utility-scale-energy-storage-lithium-battery\/","og_locale":"de_DE","og_type":"article","og_title":"126KWh Utility Scale Energy Storage Lithium Battery","og_description":"Ge'ou New Energy is an integrated energy group that specializes in clean and new energy on lithium ion battery products.","og_url":"https:\/\/geoune.net\/de\/produkt\/126kwh-utility-scale-energy-storage-lithium-battery\/","og_site_name":"Ge&#039;ou NEW ENERGY","article_modified_time":"2023-06-30T08:25:57+00:00","og_image":[{"width":1000,"height":1000,"url":"https:\/\/geoune.net\/wp-content\/uploads\/2023\/06\/commercial-energy-storage-1.jpg","type":"image\/jpeg"}],"twitter_card":"summary_large_image","twitter_misc":{"Gesch\u00e4tzte Lesezeit":"2\u00a0Minuten"},"schema":{"@context":"https:\/\/schema.org","@graph":[{"@type":"WebPage","@id":"https:\/\/geoune.net\/product\/126kwh-utility-scale-energy-storage-lithium-battery\/","url":"https:\/\/geoune.net\/product\/126kwh-utility-scale-energy-storage-lithium-battery\/","name":"126KWh Utility Scale Energy Storage Lithium Battery - Ge&#039;ou NEW ENERGY","isPartOf":{"@id":"https:\/\/geoune.net\/#website"},"primaryImageOfPage":{"@id":"https:\/\/geoune.net\/product\/126kwh-utility-scale-energy-storage-lithium-battery\/#primaryimage"},"image":{"@id":"https:\/\/geoune.net\/product\/126kwh-utility-scale-energy-storage-lithium-battery\/#primaryimage"},"thumbnailUrl":"https:\/\/geoune.net\/wp-content\/uploads\/2023\/06\/commercial-energy-storage-1.jpg","datePublished":"2023-06-30T08:22:35+00:00","dateModified":"2023-06-30T08:25:57+00:00","description":"Ge'ou New Energy is an integrated energy group that specializes in clean and new energy on lithium ion battery products.","breadcrumb":{"@id":"https:\/\/geoune.net\/product\/126kwh-utility-scale-energy-storage-lithium-battery\/#breadcrumb"},"inLanguage":"de","potentialAction":[{"@type":"ReadAction","target":["https:\/\/geoune.net\/product\/126kwh-utility-scale-energy-storage-lithium-battery\/"]}]},{"@type":"ImageObject","inLanguage":"de","@id":"https:\/\/geoune.net\/product\/126kwh-utility-scale-energy-storage-lithium-battery\/#primaryimage","url":"https:\/\/geoune.net\/wp-content\/uploads\/2023\/06\/commercial-energy-storage-1.jpg","contentUrl":"https:\/\/geoune.net\/wp-content\/uploads\/2023\/06\/commercial-energy-storage-1.jpg","width":1000,"height":1000},{"@type":"BreadcrumbList","@id":"https:\/\/geoune.net\/product\/126kwh-utility-scale-energy-storage-lithium-battery\/#breadcrumb","itemListElement":[{"@type":"ListItem","position":1,"name":"\u9996\u9875","item":"https:\/\/geoune.net\/"},{"@type":"ListItem","position":2,"name":"Products","item":"https:\/\/geoune.net\/shop\/"},{"@type":"ListItem","position":3,"name":"126KWh Utility Scale Energy Storage Lithium Battery"}]},{"@type":"WebSite","@id":"https:\/\/geoune.net\/#website","url":"https:\/\/geoune.net\/","name":"Ge'ou NEW ENERGY","description":"Ge&#039;ou New Energy is an integrated energy group that specializes in clean and new energy on lithium ion battery products.","publisher":{"@id":"https:\/\/geoune.net\/#organization"},"alternateName":"OEM Lithium ion Battery Products Manufacturer | Ge'ou New Energy","potentialAction":[{"@type":"SearchAction","target":{"@type":"EntryPoint","urlTemplate":"https:\/\/geoune.net\/?s={search_term_string}"},"query-input":"required name=search_term_string"}],"inLanguage":"de"},{"@type":"Organization","@id":"https:\/\/geoune.net\/#organization","name":"Ge'ou NEW ENERGY","url":"https:\/\/geoune.net\/","logo":{"@type":"ImageObject","inLanguage":"de","@id":"https:\/\/geoune.net\/#\/schema\/logo\/image\/","url":"https:\/\/geoune.net\/wp-content\/uploads\/2023\/06\/GEOUNE-LOGO.png","contentUrl":"https:\/\/geoune.net\/wp-content\/uploads\/2023\/06\/GEOUNE-LOGO.png","width":500,"height":350,"caption":"Ge'ou NEW ENERGY"},"image":{"@id":"https:\/\/geoune.net\/#\/schema\/logo\/image\/"}}]}},"_links":{"self":[{"href":"https:\/\/geoune.net\/de\/wp-json\/wp\/v2\/product\/1986","targetHints":{"allow":["GET"]}}],"collection":[{"href":"https:\/\/geoune.net\/de\/wp-json\/wp\/v2\/product"}],"about":[{"href":"https:\/\/geoune.net\/de\/wp-json\/wp\/v2\/types\/product"}],"wp:featuredmedia":[{"embeddable":true,"href":"https:\/\/geoune.net\/de\/wp-json\/wp\/v2\/media\/1988"}],"wp:attachment":[{"href":"https:\/\/geoune.net\/de\/wp-json\/wp\/v2\/media?parent=1986"}],"wp:term":[{"taxonomy":"product_brand","embeddable":true,"href":"https:\/\/geoune.net\/de\/wp-json\/wp\/v2\/product_brand?post=1986"},{"taxonomy":"product_cat","embeddable":true,"href":"https:\/\/geoune.net\/de\/wp-json\/wp\/v2\/product_cat?post=1986"},{"taxonomy":"product_tag","embeddable":true,"href":"https:\/\/geoune.net\/de\/wp-json\/wp\/v2\/product_tag?post=1986"}],"curies":[{"name":"wp","href":"https:\/\/api.w.org\/{rel}","templated":true}]}}