{"id":1481,"date":"2023-06-13T14:25:42","date_gmt":"2023-06-13T14:25:42","guid":{"rendered":"https:\/\/geoune.net\/?post_type=product&#038;p=1481"},"modified":"2023-06-24T15:52:52","modified_gmt":"2023-06-24T07:52:52","slug":"te300-solar-energy-storage-battery-48v-300ah-lithium-ion-household-solar-battery-pack","status":"publish","type":"product","link":"https:\/\/geoune.net\/de\/produkt\/te300-solar-energy-storage-battery-48v-300ah-lithium-ion-household-solar-battery-pack\/","title":{"rendered":"TE300 Solarenergie-Speicherbatterie, 48 V, 300 Ah, Lithium-Ionen-Haushalts-Solarbatterie"},"content":{"rendered":"<div class=\"sliderTable mt10 mb10 sliderTable-index0 change-to-org\">\n<div class=\"inner\">\n<table class=\"all magic-6\" width=\"NaN\">\n<tbody>\n<tr class=\"firstRow\">\n<td colspan=\"1\" rowspan=\"1\">\n<div class=\"magic-7\">Akku-Typ<\/div>\n<\/td>\n<td colspan=\"1\" rowspan=\"1\">\n<div class=\"magic-8\">Lifepo4-Batterie<\/div>\n<\/td>\n<\/tr>\n<tr>\n<td colspan=\"1\" rowspan=\"1\">\n<div class=\"magic-7\">Nennspannung\/Kapazit\u00e4t<\/div>\n<\/td>\n<td colspan=\"1\" rowspan=\"1\">\n<div class=\"magic-8\">48V\/300Ah<\/div>\n<\/td>\n<\/tr>\n<tr>\n<td colspan=\"1\" rowspan=\"1\">\n<div class=\"magic-7\">Betriebsspannung<\/div>\n<\/td>\n<td colspan=\"1\" rowspan=\"1\">\n<div class=\"magic-8\">37,5 ~ 54,75 V<\/div>\n<\/td>\n<\/tr>\n<tr>\n<td colspan=\"1\" rowspan=\"1\">\n<div class=\"magic-7\">Ladetemperatur<\/div>\n<\/td>\n<td colspan=\"1\" rowspan=\"1\">\n<div class=\"magic-8\">0\u2103~45\u2103<\/div>\n<\/td>\n<\/tr>\n<tr>\n<td colspan=\"1\" rowspan=\"1\">\n<div class=\"magic-7\">Max. Entladestrom<\/div>\n<\/td>\n<td colspan=\"1\" rowspan=\"1\">\n<div class=\"magic-8\">300A (3S)<\/div>\n<\/td>\n<\/tr>\n<tr>\n<td colspan=\"1\" rowspan=\"1\">\n<div class=\"magic-7\">Max. Ladestrom<\/div>\n<\/td>\n<td colspan=\"1\" rowspan=\"1\">\n<div class=\"magic-8\">200A<\/div>\n<\/td>\n<\/tr>\n<tr>\n<td colspan=\"1\" rowspan=\"1\">\n<div class=\"magic-7\">Lebensdauer der Batterie (90%DOD)<\/div>\n<\/td>\n<td colspan=\"1\" rowspan=\"1\">\n<div class=\"magic-8\">&gt;4000 Mal<\/div>\n<\/td>\n<\/tr>\n<tr>\n<td colspan=\"1\" rowspan=\"1\">\n<div class=\"magic-7\">Kommunikation<\/div>\n<\/td>\n<td colspan=\"1\" rowspan=\"1\">\n<div class=\"magic-8\">CAN\/RJ45<\/div>\n<\/td>\n<\/tr>\n<tr>\n<td colspan=\"1\" rowspan=\"1\">\n<div class=\"magic-7\">K\u00fchlweg<\/div>\n<\/td>\n<td colspan=\"1\" rowspan=\"1\">\n<div class=\"magic-8\">Nat\u00fcrliche K\u00fchlung<\/div>\n<\/td>\n<\/tr>\n<\/tbody>\n<\/table>\n<\/div>\n<\/div>\n<p><img fetchpriority=\"high\" decoding=\"async\" class=\"aligncenter wp-image-1482\" src=\"https:\/\/geoune.net\/wp-content\/uploads\/2023\/06\/48V-300Ah.webp\" alt=\"TE300 Solar Energy Storage Battery 48V 300AH Lithium Ion Household Solar Battery Pack\" width=\"916\" height=\"430\" srcset=\"https:\/\/geoune.net\/wp-content\/uploads\/2023\/06\/48V-300Ah.webp 812w, https:\/\/geoune.net\/wp-content\/uploads\/2023\/06\/48V-300Ah-300x141.webp 300w, https:\/\/geoune.net\/wp-content\/uploads\/2023\/06\/48V-300Ah-768x360.webp 768w, https:\/\/geoune.net\/wp-content\/uploads\/2023\/06\/48V-300Ah-600x282.webp 600w\" sizes=\"(max-width: 916px) 100vw, 916px\" \/> <img decoding=\"async\" class=\"aligncenter size-large wp-image-1468\" src=\"https:\/\/geoune.net\/wp-content\/uploads\/2023\/06\/33-1024x642.png\" alt=\"Lithium LiFePO4 48V 100Ah Battery with BMS 5.12KWh Lifepo4 Battery\" width=\"1024\" height=\"642\" srcset=\"https:\/\/geoune.net\/wp-content\/uploads\/2023\/06\/33-1024x642.png 1024w, https:\/\/geoune.net\/wp-content\/uploads\/2023\/06\/33-300x188.png 300w, https:\/\/geoune.net\/wp-content\/uploads\/2023\/06\/33-768x482.png 768w, https:\/\/geoune.net\/wp-content\/uploads\/2023\/06\/33-1536x963.png 1536w, https:\/\/geoune.net\/wp-content\/uploads\/2023\/06\/33-2048x1284.png 2048w, https:\/\/geoune.net\/wp-content\/uploads\/2023\/06\/33-600x376.png 600w, https:\/\/geoune.net\/wp-content\/uploads\/2023\/06\/33.png 1920w\" sizes=\"(max-width: 1024px) 100vw, 1024px\" \/> <img decoding=\"async\" class=\"aligncenter size-large wp-image-1467\" src=\"https:\/\/geoune.net\/wp-content\/uploads\/2023\/06\/22-1024x659.png\" alt=\"Lithium LiFePO4 48V 100Ah Battery with BMS 5.12KWh Lifepo4 Battery\" width=\"1024\" height=\"659\" srcset=\"https:\/\/geoune.net\/wp-content\/uploads\/2023\/06\/22-1024x659.png 1024w, https:\/\/geoune.net\/wp-content\/uploads\/2023\/06\/22-300x193.png 300w, https:\/\/geoune.net\/wp-content\/uploads\/2023\/06\/22-768x494.png 768w, https:\/\/geoune.net\/wp-content\/uploads\/2023\/06\/22-1536x988.png 1536w, https:\/\/geoune.net\/wp-content\/uploads\/2023\/06\/22-2048x1318.png 2048w, https:\/\/geoune.net\/wp-content\/uploads\/2023\/06\/22-600x386.png 600w\" sizes=\"(max-width: 1024px) 100vw, 1024px\" \/><\/p>","protected":false},"excerpt":{"rendered":"<ul>\n<li>Geh\u00e4use: Stahlgeh\u00e4use. Gr\u00f6\u00dfe: 341,2 x 600 x 914 mm<\/li>\n<li>BMS: 200 A BMS, 300 A Spitze 3 s<\/li>\n<li>Gewicht: ca. 145 kg. Lebensdauer: 7000+. Garantie: 5 Jahre<\/li>\n<\/ul>","protected":false},"featured_media":1483,"template":"","meta":{"site-sidebar-layout":"default","site-content-layout":"default","ast-site-content-layout":"default","site-content-style":"default","site-sidebar-style":"default","ast-global-header-display":"","ast-banner-title-visibility":"","ast-main-header-display":"","ast-hfb-above-header-display":"","ast-hfb-below-header-display":"","ast-hfb-mobile-header-display":"","site-post-title":"","ast-breadcrumbs-content":"","ast-featured-img":"","footer-sml-layout":"","theme-transparent-header-meta":"default","adv-header-id-meta":"","stick-header-meta":"","header-above-stick-meta":"","header-main-stick-meta":"","header-below-stick-meta":"","astra-migrate-meta-layouts":"default","ast-page-background-enabled":"default","ast-page-background-meta":{"desktop":{"background-color":"","background-image":"","background-repeat":"repeat","background-position":"center center","background-size":"auto","background-attachment":"scroll","background-type":"","background-media":"","overlay-type":"","overlay-color":"","overlay-opacity":"","overlay-gradient":""},"tablet":{"background-color":"","background-image":"","background-repeat":"repeat","background-position":"center center","background-size":"auto","background-attachment":"scroll","background-type":"","background-media":"","overlay-type":"","overlay-color":"","overlay-opacity":"","overlay-gradient":""},"mobile":{"background-color":"","background-image":"","background-repeat":"repeat","background-position":"center center","background-size":"auto","background-attachment":"scroll","background-type":"","background-media":"","overlay-type":"","overlay-color":"","overlay-opacity":"","overlay-gradient":""}},"ast-content-background-meta":{"desktop":{"background-color":"var(--ast-global-color-5)","background-image":"","background-repeat":"repeat","background-position":"center center","background-size":"auto","background-attachment":"scroll","background-type":"","background-media":"","overlay-type":"","overlay-color":"","overlay-opacity":"","overlay-gradient":""},"tablet":{"background-color":"var(--ast-global-color-5)","background-image":"","background-repeat":"repeat","background-position":"center center","background-size":"auto","background-attachment":"scroll","background-type":"","background-media":"","overlay-type":"","overlay-color":"","overlay-opacity":"","overlay-gradient":""},"mobile":{"background-color":"var(--ast-global-color-5)","background-image":"","background-repeat":"repeat","background-position":"center center","background-size":"auto","background-attachment":"scroll","background-type":"","background-media":"","overlay-type":"","overlay-color":"","overlay-opacity":"","overlay-gradient":""}}},"product_brand":[],"product_cat":[22,23],"product_tag":[],"class_list":{"0":"post-1481","1":"product","2":"type-product","3":"status-publish","4":"has-post-thumbnail","6":"product_cat-lithium-ion-battery","7":"product_cat-te-series","8":"desktop-align-left","9":"tablet-align-left","10":"mobile-align-left","12":"first","13":"instock","14":"shipping-taxable","15":"product-type-simple"},"yoast_head":"<!-- This site is optimized with the Yoast SEO Premium plugin v20.11 (Yoast SEO v22.7) - https:\/\/yoast.com\/wordpress\/plugins\/seo\/ -->\n<title>TE300 Solar Energy Storage Battery 48V 300AH Lithium Ion Household Solar Battery Pack - Ge&#039;ou NEW ENERGY<\/title>\n<meta name=\"description\" content=\"Ge&#039;ou New Energy is an integrated energy group that specializes in clean and new energy on lithium ion battery products.\" \/>\n<meta name=\"robots\" content=\"index, follow, max-snippet:-1, max-image-preview:large, max-video-preview:-1\" \/>\n<link rel=\"canonical\" href=\"https:\/\/geoune.net\/de\/produkt\/te300-solar-energy-storage-battery-48v-300ah-lithium-ion-household-solar-battery-pack\/\" \/>\n<meta property=\"og:locale\" content=\"de_DE\" \/>\n<meta property=\"og:type\" content=\"article\" \/>\n<meta property=\"og:title\" content=\"TE300 Solar Energy Storage Battery 48V 300AH Lithium Ion Household Solar Battery Pack\" \/>\n<meta property=\"og:description\" content=\"Ge&#039;ou New Energy is an integrated energy group that specializes in clean and new energy on lithium ion battery products.\" \/>\n<meta property=\"og:url\" content=\"https:\/\/geoune.net\/de\/produkt\/te300-solar-energy-storage-battery-48v-300ah-lithium-ion-household-solar-battery-pack\/\" \/>\n<meta property=\"og:site_name\" content=\"Ge&#039;ou NEW ENERGY\" \/>\n<meta property=\"article:modified_time\" content=\"2023-06-24T07:52:52+00:00\" \/>\n<meta property=\"og:image\" content=\"https:\/\/geoune.net\/wp-content\/uploads\/2023\/06\/geoune-battery-3.png\" \/>\n\t<meta property=\"og:image:width\" content=\"640\" \/>\n\t<meta property=\"og:image:height\" content=\"640\" \/>\n\t<meta property=\"og:image:type\" content=\"image\/png\" \/>\n<meta name=\"twitter:card\" content=\"summary_large_image\" \/>\n<script type=\"application\/ld+json\" class=\"yoast-schema-graph\">{\"@context\":\"https:\/\/schema.org\",\"@graph\":[{\"@type\":\"WebPage\",\"@id\":\"https:\/\/geoune.net\/product\/te300-solar-energy-storage-battery-48v-300ah-lithium-ion-household-solar-battery-pack\/\",\"url\":\"https:\/\/geoune.net\/product\/te300-solar-energy-storage-battery-48v-300ah-lithium-ion-household-solar-battery-pack\/\",\"name\":\"TE300 Solar Energy Storage Battery 48V 300AH Lithium Ion Household Solar Battery Pack - Ge&#039;ou NEW ENERGY\",\"isPartOf\":{\"@id\":\"https:\/\/geoune.net\/#website\"},\"primaryImageOfPage\":{\"@id\":\"https:\/\/geoune.net\/product\/te300-solar-energy-storage-battery-48v-300ah-lithium-ion-household-solar-battery-pack\/#primaryimage\"},\"image\":{\"@id\":\"https:\/\/geoune.net\/product\/te300-solar-energy-storage-battery-48v-300ah-lithium-ion-household-solar-battery-pack\/#primaryimage\"},\"thumbnailUrl\":\"https:\/\/geoune.net\/wp-content\/uploads\/2023\/06\/geoune-battery-3.png\",\"datePublished\":\"2023-06-13T14:25:42+00:00\",\"dateModified\":\"2023-06-24T07:52:52+00:00\",\"description\":\"Ge'ou New Energy is an integrated energy group that specializes in clean and new energy on lithium ion battery products.\",\"breadcrumb\":{\"@id\":\"https:\/\/geoune.net\/product\/te300-solar-energy-storage-battery-48v-300ah-lithium-ion-household-solar-battery-pack\/#breadcrumb\"},\"inLanguage\":\"de\",\"potentialAction\":[{\"@type\":\"ReadAction\",\"target\":[\"https:\/\/geoune.net\/product\/te300-solar-energy-storage-battery-48v-300ah-lithium-ion-household-solar-battery-pack\/\"]}]},{\"@type\":\"ImageObject\",\"inLanguage\":\"de\",\"@id\":\"https:\/\/geoune.net\/product\/te300-solar-energy-storage-battery-48v-300ah-lithium-ion-household-solar-battery-pack\/#primaryimage\",\"url\":\"https:\/\/geoune.net\/wp-content\/uploads\/2023\/06\/geoune-battery-3.png\",\"contentUrl\":\"https:\/\/geoune.net\/wp-content\/uploads\/2023\/06\/geoune-battery-3.png\",\"width\":640,\"height\":640,\"caption\":\"TE300 Solar Energy Storage Battery 48V 300AH Lithium Ion Household Solar Battery Pack\"},{\"@type\":\"BreadcrumbList\",\"@id\":\"https:\/\/geoune.net\/product\/te300-solar-energy-storage-battery-48v-300ah-lithium-ion-household-solar-battery-pack\/#breadcrumb\",\"itemListElement\":[{\"@type\":\"ListItem\",\"position\":1,\"name\":\"\u9996\u9875\",\"item\":\"https:\/\/geoune.net\/\"},{\"@type\":\"ListItem\",\"position\":2,\"name\":\"Products\",\"item\":\"https:\/\/geoune.net\/shop\/\"},{\"@type\":\"ListItem\",\"position\":3,\"name\":\"TE300 Solar Energy Storage Battery 48V 300AH Lithium Ion Household Solar Battery Pack\"}]},{\"@type\":\"WebSite\",\"@id\":\"https:\/\/geoune.net\/#website\",\"url\":\"https:\/\/geoune.net\/\",\"name\":\"Ge'ou NEW ENERGY\",\"description\":\"Ge&#039;ou New Energy is an integrated energy group that specializes in clean and new energy on lithium ion battery products.\",\"publisher\":{\"@id\":\"https:\/\/geoune.net\/#organization\"},\"alternateName\":\"OEM Lithium ion Battery Products Manufacturer | Ge'ou New Energy\",\"potentialAction\":[{\"@type\":\"SearchAction\",\"target\":{\"@type\":\"EntryPoint\",\"urlTemplate\":\"https:\/\/geoune.net\/?s={search_term_string}\"},\"query-input\":\"required name=search_term_string\"}],\"inLanguage\":\"de\"},{\"@type\":\"Organization\",\"@id\":\"https:\/\/geoune.net\/#organization\",\"name\":\"Ge'ou NEW ENERGY\",\"url\":\"https:\/\/geoune.net\/\",\"logo\":{\"@type\":\"ImageObject\",\"inLanguage\":\"de\",\"@id\":\"https:\/\/geoune.net\/#\/schema\/logo\/image\/\",\"url\":\"https:\/\/geoune.net\/wp-content\/uploads\/2023\/06\/GEOUNE-LOGO.png\",\"contentUrl\":\"https:\/\/geoune.net\/wp-content\/uploads\/2023\/06\/GEOUNE-LOGO.png\",\"width\":500,\"height\":350,\"caption\":\"Ge'ou NEW ENERGY\"},\"image\":{\"@id\":\"https:\/\/geoune.net\/#\/schema\/logo\/image\/\"}}]}<\/script>\n<!-- \/ Yoast SEO Premium plugin. -->","yoast_head_json":{"title":"TE300 Solar Energy Storage Battery 48V 300AH Lithium Ion Household Solar Battery Pack - Ge&#039;ou NEW ENERGY","description":"Ge'ou New Energy is an integrated energy group that specializes in clean and new energy on lithium ion battery products.","robots":{"index":"index","follow":"follow","max-snippet":"max-snippet:-1","max-image-preview":"max-image-preview:large","max-video-preview":"max-video-preview:-1"},"canonical":"https:\/\/geoune.net\/de\/produkt\/te300-solar-energy-storage-battery-48v-300ah-lithium-ion-household-solar-battery-pack\/","og_locale":"de_DE","og_type":"article","og_title":"TE300 Solar Energy Storage Battery 48V 300AH Lithium Ion Household Solar Battery Pack","og_description":"Ge'ou New Energy is an integrated energy group that specializes in clean and new energy on lithium ion battery products.","og_url":"https:\/\/geoune.net\/de\/produkt\/te300-solar-energy-storage-battery-48v-300ah-lithium-ion-household-solar-battery-pack\/","og_site_name":"Ge&#039;ou NEW ENERGY","article_modified_time":"2023-06-24T07:52:52+00:00","og_image":[{"width":640,"height":640,"url":"https:\/\/geoune.net\/wp-content\/uploads\/2023\/06\/geoune-battery-3.png","type":"image\/png"}],"twitter_card":"summary_large_image","schema":{"@context":"https:\/\/schema.org","@graph":[{"@type":"WebPage","@id":"https:\/\/geoune.net\/product\/te300-solar-energy-storage-battery-48v-300ah-lithium-ion-household-solar-battery-pack\/","url":"https:\/\/geoune.net\/product\/te300-solar-energy-storage-battery-48v-300ah-lithium-ion-household-solar-battery-pack\/","name":"TE300 Solar Energy Storage Battery 48V 300AH Lithium Ion Household Solar Battery Pack - Ge&#039;ou NEW ENERGY","isPartOf":{"@id":"https:\/\/geoune.net\/#website"},"primaryImageOfPage":{"@id":"https:\/\/geoune.net\/product\/te300-solar-energy-storage-battery-48v-300ah-lithium-ion-household-solar-battery-pack\/#primaryimage"},"image":{"@id":"https:\/\/geoune.net\/product\/te300-solar-energy-storage-battery-48v-300ah-lithium-ion-household-solar-battery-pack\/#primaryimage"},"thumbnailUrl":"https:\/\/geoune.net\/wp-content\/uploads\/2023\/06\/geoune-battery-3.png","datePublished":"2023-06-13T14:25:42+00:00","dateModified":"2023-06-24T07:52:52+00:00","description":"Ge'ou New Energy is an integrated energy group that specializes in clean and new energy on lithium ion battery products.","breadcrumb":{"@id":"https:\/\/geoune.net\/product\/te300-solar-energy-storage-battery-48v-300ah-lithium-ion-household-solar-battery-pack\/#breadcrumb"},"inLanguage":"de","potentialAction":[{"@type":"ReadAction","target":["https:\/\/geoune.net\/product\/te300-solar-energy-storage-battery-48v-300ah-lithium-ion-household-solar-battery-pack\/"]}]},{"@type":"ImageObject","inLanguage":"de","@id":"https:\/\/geoune.net\/product\/te300-solar-energy-storage-battery-48v-300ah-lithium-ion-household-solar-battery-pack\/#primaryimage","url":"https:\/\/geoune.net\/wp-content\/uploads\/2023\/06\/geoune-battery-3.png","contentUrl":"https:\/\/geoune.net\/wp-content\/uploads\/2023\/06\/geoune-battery-3.png","width":640,"height":640,"caption":"TE300 Solar Energy Storage Battery 48V 300AH Lithium Ion Household Solar Battery Pack"},{"@type":"BreadcrumbList","@id":"https:\/\/geoune.net\/product\/te300-solar-energy-storage-battery-48v-300ah-lithium-ion-household-solar-battery-pack\/#breadcrumb","itemListElement":[{"@type":"ListItem","position":1,"name":"\u9996\u9875","item":"https:\/\/geoune.net\/"},{"@type":"ListItem","position":2,"name":"Products","item":"https:\/\/geoune.net\/shop\/"},{"@type":"ListItem","position":3,"name":"TE300 Solar Energy Storage Battery 48V 300AH Lithium Ion Household Solar Battery Pack"}]},{"@type":"WebSite","@id":"https:\/\/geoune.net\/#website","url":"https:\/\/geoune.net\/","name":"Ge'ou NEW ENERGY","description":"Ge&#039;ou New Energy is an integrated energy group that specializes in clean and new energy on lithium ion battery products.","publisher":{"@id":"https:\/\/geoune.net\/#organization"},"alternateName":"OEM Lithium ion Battery Products Manufacturer | Ge'ou New Energy","potentialAction":[{"@type":"SearchAction","target":{"@type":"EntryPoint","urlTemplate":"https:\/\/geoune.net\/?s={search_term_string}"},"query-input":"required name=search_term_string"}],"inLanguage":"de"},{"@type":"Organization","@id":"https:\/\/geoune.net\/#organization","name":"Ge'ou NEW ENERGY","url":"https:\/\/geoune.net\/","logo":{"@type":"ImageObject","inLanguage":"de","@id":"https:\/\/geoune.net\/#\/schema\/logo\/image\/","url":"https:\/\/geoune.net\/wp-content\/uploads\/2023\/06\/GEOUNE-LOGO.png","contentUrl":"https:\/\/geoune.net\/wp-content\/uploads\/2023\/06\/GEOUNE-LOGO.png","width":500,"height":350,"caption":"Ge'ou NEW ENERGY"},"image":{"@id":"https:\/\/geoune.net\/#\/schema\/logo\/image\/"}}]}},"_links":{"self":[{"href":"https:\/\/geoune.net\/de\/wp-json\/wp\/v2\/product\/1481","targetHints":{"allow":["GET"]}}],"collection":[{"href":"https:\/\/geoune.net\/de\/wp-json\/wp\/v2\/product"}],"about":[{"href":"https:\/\/geoune.net\/de\/wp-json\/wp\/v2\/types\/product"}],"wp:featuredmedia":[{"embeddable":true,"href":"https:\/\/geoune.net\/de\/wp-json\/wp\/v2\/media\/1483"}],"wp:attachment":[{"href":"https:\/\/geoune.net\/de\/wp-json\/wp\/v2\/media?parent=1481"}],"wp:term":[{"taxonomy":"product_brand","embeddable":true,"href":"https:\/\/geoune.net\/de\/wp-json\/wp\/v2\/product_brand?post=1481"},{"taxonomy":"product_cat","embeddable":true,"href":"https:\/\/geoune.net\/de\/wp-json\/wp\/v2\/product_cat?post=1481"},{"taxonomy":"product_tag","embeddable":true,"href":"https:\/\/geoune.net\/de\/wp-json\/wp\/v2\/product_tag?post=1481"}],"curies":[{"name":"wp","href":"https:\/\/api.w.org\/{rel}","templated":true}]}}