{"id":1454,"date":"2023-06-13T13:48:39","date_gmt":"2023-06-13T13:48:39","guid":{"rendered":"https:\/\/geoune.net\/?post_type=product&#038;p=1454"},"modified":"2023-06-24T15:56:57","modified_gmt":"2023-06-24T07:56:57","slug":"te12100-solar-lifepo4-12v-100ah-lithium-iron-phosphate-battery-pack","status":"publish","type":"product","link":"https:\/\/geoune.net\/de\/produkt\/te12100-solar-lifepo4-12v-100ah-lithium-iron-phosphate-battery-pack\/","title":{"rendered":"TE12100 Solar Lifepo4 12 V 100 Ah Lithium-Eisenphosphat-Akku"},"content":{"rendered":"<div class=\"sliderTable mt10 mb10 sliderTable-index0 change-to-org\">\n<div class=\"inner\">\n<table class=\"all magic-8\" width=\"NaN\">\n<tbody>\n<tr class=\"firstRow\">\n<td colspan=\"1\" rowspan=\"6\">\n<div class=\"magic-9\">Elektrische Eigenschaften<\/div>\n<\/td>\n<td colspan=\"1\" rowspan=\"1\">\n<div class=\"magic-10\">Nennspannung<\/div>\n<\/td>\n<td colspan=\"1\" rowspan=\"1\">\n<div class=\"magic-11\">12,8 V<\/div>\n<\/td>\n<\/tr>\n<tr>\n<td colspan=\"1\" rowspan=\"1\">\n<div class=\"magic-10\">Nominale Kapazit\u00e4t<\/div>\n<\/td>\n<td colspan=\"1\" rowspan=\"1\">\n<div class=\"magic-11\">100 Ah bei 0,2 \u00b0C<\/div>\n<\/td>\n<\/tr>\n<tr>\n<td colspan=\"1\" rowspan=\"1\">\n<div class=\"magic-10\">Energie<\/div>\n<\/td>\n<td colspan=\"1\" rowspan=\"1\">\n<div class=\"magic-11\">1280Wh<\/div>\n<\/td>\n<\/tr>\n<tr>\n<td colspan=\"1\" rowspan=\"1\">\n<div class=\"magic-10\">Interner Widerstand<\/div>\n<\/td>\n<td colspan=\"1\" rowspan=\"1\">\n<div class=\"magic-11\">45\u2264m\u03a9<\/div>\n<\/td>\n<\/tr>\n<tr>\n<td colspan=\"1\" rowspan=\"1\">\n<div class=\"magic-10\">Lebensdauer<\/div>\n<\/td>\n<td colspan=\"1\" rowspan=\"1\">\n<div class=\"magic-11\">5000 Zyklen<\/div>\n<\/td>\n<\/tr>\n<tr>\n<td colspan=\"1\" rowspan=\"1\">\n<div class=\"magic-10\">Monate Selbstentladung<\/div>\n<\/td>\n<td colspan=\"1\" rowspan=\"1\">\n<div class=\"magic-11\">\u22643,5% pro Monat bei 25\u2103<\/div>\n<\/td>\n<\/tr>\n<tr>\n<td colspan=\"1\" rowspan=\"3\">\n<div class=\"magic-9\">Normaltarif<\/div>\n<\/td>\n<td colspan=\"1\" rowspan=\"1\">\n<div class=\"magic-10\">Ladespannung<\/div>\n<\/td>\n<td colspan=\"1\" rowspan=\"1\">\n<div class=\"magic-11\">14,6 \u00b1 0,2 V<\/div>\n<\/td>\n<\/tr>\n<tr>\n<td colspan=\"1\" rowspan=\"1\">\n<div class=\"magic-10\">Ladestrom<\/div>\n<\/td>\n<td colspan=\"1\" rowspan=\"1\">\n<div class=\"magic-11\">20A<\/div>\n<\/td>\n<\/tr>\n<tr>\n<td colspan=\"1\" rowspan=\"1\">\n<div class=\"magic-10\">Max. Ladestrom<\/div>\n<\/td>\n<td colspan=\"1\" rowspan=\"1\">\n<div class=\"magic-11\">50A<\/div>\n<\/td>\n<\/tr>\n<tr>\n<td class=\"magic-15\" colspan=\"1\" rowspan=\"4\">\n<div class=\"magic-9\">Standardentladung<\/div>\n<\/td>\n<td colspan=\"1\" rowspan=\"1\">\n<div class=\"magic-10\">Entladestrom<\/div>\n<\/td>\n<td colspan=\"1\" rowspan=\"1\">\n<div class=\"magic-11\">\u00a020A<\/div>\n<\/td>\n<\/tr>\n<tr>\n<td colspan=\"1\" rowspan=\"1\">\n<div class=\"magic-10\">Max. Dauerstrom<\/div>\n<\/td>\n<td colspan=\"1\" rowspan=\"1\">\n<div class=\"magic-11\">100A<\/div>\n<\/td>\n<\/tr>\n<tr>\n<td colspan=\"1\" rowspan=\"1\">\n<div class=\"magic-10\">Max. Impulsstrom<\/div>\n<\/td>\n<td colspan=\"1\" rowspan=\"1\">\n<div class=\"magic-11\">200A (&lt;3S\uff09<\/div>\n<\/td>\n<\/tr>\n<tr>\n<td colspan=\"1\" rowspan=\"1\">\n<div class=\"magic-10\">Entlade-Abschaltspannung<\/div>\n<\/td>\n<td colspan=\"1\" rowspan=\"1\">\n<div class=\"magic-11\">10,0 V<\/div>\n<\/td>\n<\/tr>\n<tr>\n<td colspan=\"1\" rowspan=\"4\">\n<div class=\"magic-16\">Umweltfreundlich<\/div>\n<\/td>\n<td colspan=\"1\" rowspan=\"1\">\n<div class=\"magic-10\">Ladetemperatur<\/div>\n<\/td>\n<td colspan=\"1\" rowspan=\"1\">\n<div class=\"magic-11\">0\u2103 bis 45\u2103(32\u2109 bis 113\u2109) bei 60\u00b125% relative Luftfeuchtigkeit<\/div>\n<\/td>\n<\/tr>\n<tr>\n<td colspan=\"1\" rowspan=\"1\">\n<div class=\"magic-10\">Entladetemperatur<\/div>\n<\/td>\n<td colspan=\"1\" rowspan=\"1\">\n<div class=\"magic-11\">\u00a0-20\u2103 bis 60\u2103(-4\u2109 bis 140\u2109) bei 60\u00b125% relative Luftfeuchtigkeit<\/div>\n<\/td>\n<\/tr>\n<tr>\n<td colspan=\"1\" rowspan=\"1\">\n<div class=\"magic-10\">Lagertemperatur<\/div>\n<\/td>\n<td colspan=\"1\" rowspan=\"1\">\n<div class=\"magic-11\">0\u2103 bis 45\u2103(32\u2109 bis 113\u2109) bei 60\u00b125% relative Luftfeuchtigkeit<\/div>\n<\/td>\n<\/tr>\n<tr>\n<td colspan=\"1\" rowspan=\"1\">\n<div class=\"magic-10\">Wasserstaubbest\u00e4ndigkeit<\/div>\n<\/td>\n<td colspan=\"1\" rowspan=\"1\">\n<div class=\"magic-11\">IP55<\/div>\n<\/td>\n<\/tr>\n<tr>\n<td colspan=\"1\" rowspan=\"5\">\n<div class=\"magic-16\">Mechanisch<\/div>\n<\/td>\n<td colspan=\"1\" rowspan=\"1\">\n<div class=\"magic-10\">Zelle &amp; Methode<\/div>\n<\/td>\n<td colspan=\"1\" rowspan=\"1\">\n<div class=\"magic-11\">LFP\/AL-100AH, 4S1P Kunststoff<\/div>\n<\/td>\n<\/tr>\n<tr>\n<td colspan=\"1\" rowspan=\"1\">\n<div class=\"magic-10\">Plastikbeh\u00e4lter<\/div>\n<\/td>\n<td colspan=\"1\" rowspan=\"1\">\n<div class=\"magic-11\">Abs<\/div>\n<\/td>\n<\/tr>\n<tr>\n<td colspan=\"1\" rowspan=\"1\">\n<div class=\"magic-10\">Abmessung (L*B*H)<\/div>\n<\/td>\n<td colspan=\"1\" rowspan=\"1\">\n<div class=\"magic-11\">260*168*209mm<\/div>\n<\/td>\n<\/tr>\n<tr>\n<td colspan=\"1\" rowspan=\"1\">\n<div class=\"magic-10\">Gewicht<\/div>\n<\/td>\n<td colspan=\"1\" rowspan=\"1\">\n<div class=\"magic-11\">Ca. 11 kg<\/div>\n<\/td>\n<\/tr>\n<tr>\n<td colspan=\"1\" rowspan=\"1\">\n<div class=\"magic-10\">Terminal<\/div>\n<\/td>\n<td colspan=\"1\" rowspan=\"1\">\n<div class=\"magic-11\">M8<\/div>\n<\/td>\n<\/tr>\n<\/tbody>\n<\/table>\n<\/div>\n<\/div>\n<p><img fetchpriority=\"high\" decoding=\"async\" class=\"aligncenter size-large wp-image-1457\" src=\"https:\/\/geoune.net\/wp-content\/uploads\/2023\/06\/1_01-1024x997.jpg\" alt=\"TE12100 Solar Lifepo4 12v 100ah Lithium Iron Phosphate Battery Pack \" width=\"1024\" height=\"997\" srcset=\"https:\/\/geoune.net\/wp-content\/uploads\/2023\/06\/1_01-1024x997.jpg 1024w, https:\/\/geoune.net\/wp-content\/uploads\/2023\/06\/1_01-300x292.jpg 300w, https:\/\/geoune.net\/wp-content\/uploads\/2023\/06\/1_01-768x748.jpg 768w, https:\/\/geoune.net\/wp-content\/uploads\/2023\/06\/1_01-600x584.jpg 600w, https:\/\/geoune.net\/wp-content\/uploads\/2023\/06\/1_01.jpg 1500w\" sizes=\"(max-width: 1024px) 100vw, 1024px\" \/> <img decoding=\"async\" class=\"aligncenter wp-image-1458\" src=\"https:\/\/geoune.net\/wp-content\/uploads\/2023\/06\/1_02-scaled.jpg\" alt=\"TE12100 Solar Lifepo4 12v 100ah Lithium Iron Phosphate Battery Pack \" width=\"1011\" height=\"2989\" srcset=\"https:\/\/geoune.net\/wp-content\/uploads\/2023\/06\/1_02-520x1536.jpg 520w, https:\/\/geoune.net\/wp-content\/uploads\/2023\/06\/1_02-693x2048.jpg 693w, https:\/\/geoune.net\/wp-content\/uploads\/2023\/06\/1_02-600x1773.jpg 600w\" sizes=\"(max-width: 1011px) 100vw, 1011px\" \/> <img decoding=\"async\" class=\"aligncenter size-large wp-image-1459\" src=\"https:\/\/geoune.net\/wp-content\/uploads\/2023\/06\/1_03-1011x1024.jpg\" alt=\"TE12100 Solar Lifepo4 12v 100ah Lithium Iron Phosphate Battery Pack \" width=\"1011\" height=\"1024\" srcset=\"https:\/\/geoune.net\/wp-content\/uploads\/2023\/06\/1_03-1011x1024.jpg 1011w, https:\/\/geoune.net\/wp-content\/uploads\/2023\/06\/1_03-296x300.jpg 296w, https:\/\/geoune.net\/wp-content\/uploads\/2023\/06\/1_03-768x778.jpg 768w, https:\/\/geoune.net\/wp-content\/uploads\/2023\/06\/1_03-600x608.jpg 600w, https:\/\/geoune.net\/wp-content\/uploads\/2023\/06\/1_03-100x100.jpg 100w, https:\/\/geoune.net\/wp-content\/uploads\/2023\/06\/1_03.jpg 1500w\" sizes=\"(max-width: 1011px) 100vw, 1011px\" \/> <img loading=\"lazy\" decoding=\"async\" class=\"aligncenter wp-image-1460\" src=\"https:\/\/geoune.net\/wp-content\/uploads\/2023\/06\/1_04-649x1024.webp\" alt=\"TE12100 Solar Lifepo4 12v 100ah Lithium Iron Phosphate Battery Pack \" width=\"887\" height=\"1399\" srcset=\"https:\/\/geoune.net\/wp-content\/uploads\/2023\/06\/1_04-649x1024.webp 649w, https:\/\/geoune.net\/wp-content\/uploads\/2023\/06\/1_04-190x300.webp 190w, https:\/\/geoune.net\/wp-content\/uploads\/2023\/06\/1_04-600x946.webp 600w, https:\/\/geoune.net\/wp-content\/uploads\/2023\/06\/1_04.webp 750w\" sizes=\"(max-width: 887px) 100vw, 887px\" \/> <img loading=\"lazy\" decoding=\"async\" class=\"aligncenter wp-image-1461\" src=\"https:\/\/geoune.net\/wp-content\/uploads\/2023\/06\/1_07.webp\" alt=\"TE12100 Solar Lifepo4 12v 100ah Lithium Iron Phosphate Battery Pack \" width=\"1042\" height=\"1237\" srcset=\"https:\/\/geoune.net\/wp-content\/uploads\/2023\/06\/1_07.webp 750w, https:\/\/geoune.net\/wp-content\/uploads\/2023\/06\/1_07-253x300.webp 253w, https:\/\/geoune.net\/wp-content\/uploads\/2023\/06\/1_07-600x712.webp 600w\" sizes=\"(max-width: 1042px) 100vw, 1042px\" \/> <img loading=\"lazy\" decoding=\"async\" class=\"aligncenter wp-image-1462\" src=\"https:\/\/geoune.net\/wp-content\/uploads\/2023\/06\/1_09.webp\" alt=\"TE12100 Solar Lifepo4 12v 100ah Lithium Iron Phosphate Battery Pack \" width=\"1063\" height=\"1293\" srcset=\"https:\/\/geoune.net\/wp-content\/uploads\/2023\/06\/1_09.webp 750w, https:\/\/geoune.net\/wp-content\/uploads\/2023\/06\/1_09-247x300.webp 247w, https:\/\/geoune.net\/wp-content\/uploads\/2023\/06\/1_09-600x730.webp 600w\" sizes=\"(max-width: 1063px) 100vw, 1063px\" \/><\/p>","protected":false},"excerpt":{"rendered":"<ul>\n<li>Geh\u00e4use: IP56 ABS-Geh\u00e4use. Gr\u00f6\u00dfe: 260 x 168 x 209 mm<\/li>\n<li>BMS: 100 A BMS, 260 A Spitze 5S<\/li>\n<li>Gewicht ca. 10 kg Anschluss: M8 Zyklenlebensdauer: 5000+ Garantie: 5 Jahre<\/li>\n<\/ul>","protected":false},"featured_media":1456,"template":"","meta":{"site-sidebar-layout":"default","site-content-layout":"default","ast-site-content-layout":"default","site-content-style":"default","site-sidebar-style":"default","ast-global-header-display":"","ast-banner-title-visibility":"","ast-main-header-display":"","ast-hfb-above-header-display":"","ast-hfb-below-header-display":"","ast-hfb-mobile-header-display":"","site-post-title":"","ast-breadcrumbs-content":"","ast-featured-img":"","footer-sml-layout":"","theme-transparent-header-meta":"default","adv-header-id-meta":"","stick-header-meta":"","header-above-stick-meta":"","header-main-stick-meta":"","header-below-stick-meta":"","astra-migrate-meta-layouts":"default","ast-page-background-enabled":"default","ast-page-background-meta":{"desktop":{"background-color":"","background-image":"","background-repeat":"repeat","background-position":"center center","background-size":"auto","background-attachment":"scroll","background-type":"","background-media":"","overlay-type":"","overlay-color":"","overlay-opacity":"","overlay-gradient":""},"tablet":{"background-color":"","background-image":"","background-repeat":"repeat","background-position":"center center","background-size":"auto","background-attachment":"scroll","background-type":"","background-media":"","overlay-type":"","overlay-color":"","overlay-opacity":"","overlay-gradient":""},"mobile":{"background-color":"","background-image":"","background-repeat":"repeat","background-position":"center center","background-size":"auto","background-attachment":"scroll","background-type":"","background-media":"","overlay-type":"","overlay-color":"","overlay-opacity":"","overlay-gradient":""}},"ast-content-background-meta":{"desktop":{"background-color":"var(--ast-global-color-5)","background-image":"","background-repeat":"repeat","background-position":"center center","background-size":"auto","background-attachment":"scroll","background-type":"","background-media":"","overlay-type":"","overlay-color":"","overlay-opacity":"","overlay-gradient":""},"tablet":{"background-color":"var(--ast-global-color-5)","background-image":"","background-repeat":"repeat","background-position":"center center","background-size":"auto","background-attachment":"scroll","background-type":"","background-media":"","overlay-type":"","overlay-color":"","overlay-opacity":"","overlay-gradient":""},"mobile":{"background-color":"var(--ast-global-color-5)","background-image":"","background-repeat":"repeat","background-position":"center center","background-size":"auto","background-attachment":"scroll","background-type":"","background-media":"","overlay-type":"","overlay-color":"","overlay-opacity":"","overlay-gradient":""}}},"product_brand":[],"product_cat":[22,23],"product_tag":[],"class_list":{"0":"post-1454","1":"product","2":"type-product","3":"status-publish","4":"has-post-thumbnail","6":"product_cat-lithium-ion-battery","7":"product_cat-te-series","8":"desktop-align-left","9":"tablet-align-left","10":"mobile-align-left","12":"first","13":"instock","14":"shipping-taxable","15":"product-type-simple"},"yoast_head":"<!-- This site is optimized with the Yoast SEO Premium plugin v20.11 (Yoast SEO v22.7) - https:\/\/yoast.com\/wordpress\/plugins\/seo\/ -->\n<title>TE12100 Solar Lifepo4 12v 100ah Lithium Iron Phosphate Battery Pack - Ge&#039;ou NEW ENERGY<\/title>\n<meta name=\"description\" content=\"Ge&#039;ou New Energy is an integrated energy group that specializes in clean and new energy on lithium ion battery products.\" \/>\n<meta name=\"robots\" content=\"index, follow, max-snippet:-1, max-image-preview:large, max-video-preview:-1\" \/>\n<link rel=\"canonical\" href=\"https:\/\/geoune.net\/de\/produkt\/te12100-solar-lifepo4-12v-100ah-lithium-iron-phosphate-battery-pack\/\" \/>\n<meta property=\"og:locale\" content=\"de_DE\" \/>\n<meta property=\"og:type\" content=\"article\" \/>\n<meta property=\"og:title\" content=\"TE12100 Solar Lifepo4 12v 100ah Lithium Iron Phosphate Battery Pack\" \/>\n<meta property=\"og:description\" content=\"Ge&#039;ou New Energy is an integrated energy group that specializes in clean and new energy on lithium ion battery products.\" \/>\n<meta property=\"og:url\" content=\"https:\/\/geoune.net\/de\/produkt\/te12100-solar-lifepo4-12v-100ah-lithium-iron-phosphate-battery-pack\/\" \/>\n<meta property=\"og:site_name\" content=\"Ge&#039;ou NEW ENERGY\" \/>\n<meta property=\"article:modified_time\" content=\"2023-06-24T07:56:57+00:00\" \/>\n<meta property=\"og:image\" content=\"https:\/\/geoune.net\/wp-content\/uploads\/2023\/06\/geoune-battery-6.jpg\" \/>\n\t<meta property=\"og:image:width\" content=\"640\" \/>\n\t<meta property=\"og:image:height\" content=\"640\" \/>\n\t<meta property=\"og:image:type\" content=\"image\/jpeg\" \/>\n<meta name=\"twitter:card\" content=\"summary_large_image\" \/>\n<meta name=\"twitter:label1\" content=\"Gesch\u00e4tzte Lesezeit\" \/>\n\t<meta name=\"twitter:data1\" content=\"1\u00a0Minute\" \/>\n<script type=\"application\/ld+json\" class=\"yoast-schema-graph\">{\"@context\":\"https:\/\/schema.org\",\"@graph\":[{\"@type\":\"WebPage\",\"@id\":\"https:\/\/geoune.net\/product\/te12100-solar-lifepo4-12v-100ah-lithium-iron-phosphate-battery-pack\/\",\"url\":\"https:\/\/geoune.net\/product\/te12100-solar-lifepo4-12v-100ah-lithium-iron-phosphate-battery-pack\/\",\"name\":\"TE12100 Solar Lifepo4 12v 100ah Lithium Iron Phosphate Battery Pack - Ge&#039;ou NEW ENERGY\",\"isPartOf\":{\"@id\":\"https:\/\/geoune.net\/#website\"},\"primaryImageOfPage\":{\"@id\":\"https:\/\/geoune.net\/product\/te12100-solar-lifepo4-12v-100ah-lithium-iron-phosphate-battery-pack\/#primaryimage\"},\"image\":{\"@id\":\"https:\/\/geoune.net\/product\/te12100-solar-lifepo4-12v-100ah-lithium-iron-phosphate-battery-pack\/#primaryimage\"},\"thumbnailUrl\":\"https:\/\/geoune.net\/wp-content\/uploads\/2023\/06\/geoune-battery-6.jpg\",\"datePublished\":\"2023-06-13T13:48:39+00:00\",\"dateModified\":\"2023-06-24T07:56:57+00:00\",\"description\":\"Ge'ou New Energy is an integrated energy group that specializes in clean and new energy on lithium ion battery products.\",\"breadcrumb\":{\"@id\":\"https:\/\/geoune.net\/product\/te12100-solar-lifepo4-12v-100ah-lithium-iron-phosphate-battery-pack\/#breadcrumb\"},\"inLanguage\":\"de\",\"potentialAction\":[{\"@type\":\"ReadAction\",\"target\":[\"https:\/\/geoune.net\/product\/te12100-solar-lifepo4-12v-100ah-lithium-iron-phosphate-battery-pack\/\"]}]},{\"@type\":\"ImageObject\",\"inLanguage\":\"de\",\"@id\":\"https:\/\/geoune.net\/product\/te12100-solar-lifepo4-12v-100ah-lithium-iron-phosphate-battery-pack\/#primaryimage\",\"url\":\"https:\/\/geoune.net\/wp-content\/uploads\/2023\/06\/geoune-battery-6.jpg\",\"contentUrl\":\"https:\/\/geoune.net\/wp-content\/uploads\/2023\/06\/geoune-battery-6.jpg\",\"width\":640,\"height\":640,\"caption\":\"TE12100 Solar Lifepo4 12v 100ah Lithium Iron Phosphate Battery Pack\"},{\"@type\":\"BreadcrumbList\",\"@id\":\"https:\/\/geoune.net\/product\/te12100-solar-lifepo4-12v-100ah-lithium-iron-phosphate-battery-pack\/#breadcrumb\",\"itemListElement\":[{\"@type\":\"ListItem\",\"position\":1,\"name\":\"\u9996\u9875\",\"item\":\"https:\/\/geoune.net\/\"},{\"@type\":\"ListItem\",\"position\":2,\"name\":\"Products\",\"item\":\"https:\/\/geoune.net\/shop\/\"},{\"@type\":\"ListItem\",\"position\":3,\"name\":\"TE12100 Solar Lifepo4 12v 100ah Lithium Iron Phosphate Battery Pack\"}]},{\"@type\":\"WebSite\",\"@id\":\"https:\/\/geoune.net\/#website\",\"url\":\"https:\/\/geoune.net\/\",\"name\":\"Ge'ou NEW ENERGY\",\"description\":\"Ge&#039;ou New Energy is an integrated energy group that specializes in clean and new energy on lithium ion battery products.\",\"publisher\":{\"@id\":\"https:\/\/geoune.net\/#organization\"},\"alternateName\":\"OEM Lithium ion Battery Products Manufacturer | Ge'ou New Energy\",\"potentialAction\":[{\"@type\":\"SearchAction\",\"target\":{\"@type\":\"EntryPoint\",\"urlTemplate\":\"https:\/\/geoune.net\/?s={search_term_string}\"},\"query-input\":\"required name=search_term_string\"}],\"inLanguage\":\"de\"},{\"@type\":\"Organization\",\"@id\":\"https:\/\/geoune.net\/#organization\",\"name\":\"Ge'ou NEW ENERGY\",\"url\":\"https:\/\/geoune.net\/\",\"logo\":{\"@type\":\"ImageObject\",\"inLanguage\":\"de\",\"@id\":\"https:\/\/geoune.net\/#\/schema\/logo\/image\/\",\"url\":\"https:\/\/geoune.net\/wp-content\/uploads\/2023\/06\/GEOUNE-LOGO.png\",\"contentUrl\":\"https:\/\/geoune.net\/wp-content\/uploads\/2023\/06\/GEOUNE-LOGO.png\",\"width\":500,\"height\":350,\"caption\":\"Ge'ou NEW ENERGY\"},\"image\":{\"@id\":\"https:\/\/geoune.net\/#\/schema\/logo\/image\/\"}}]}<\/script>\n<!-- \/ Yoast SEO Premium plugin. -->","yoast_head_json":{"title":"TE12100 Solar Lifepo4 12v 100ah Lithium Iron Phosphate Battery Pack - Ge&#039;ou NEW ENERGY","description":"Ge'ou New Energy is an integrated energy group that specializes in clean and new energy on lithium ion battery products.","robots":{"index":"index","follow":"follow","max-snippet":"max-snippet:-1","max-image-preview":"max-image-preview:large","max-video-preview":"max-video-preview:-1"},"canonical":"https:\/\/geoune.net\/de\/produkt\/te12100-solar-lifepo4-12v-100ah-lithium-iron-phosphate-battery-pack\/","og_locale":"de_DE","og_type":"article","og_title":"TE12100 Solar Lifepo4 12v 100ah Lithium Iron Phosphate Battery Pack","og_description":"Ge'ou New Energy is an integrated energy group that specializes in clean and new energy on lithium ion battery products.","og_url":"https:\/\/geoune.net\/de\/produkt\/te12100-solar-lifepo4-12v-100ah-lithium-iron-phosphate-battery-pack\/","og_site_name":"Ge&#039;ou NEW ENERGY","article_modified_time":"2023-06-24T07:56:57+00:00","og_image":[{"width":640,"height":640,"url":"https:\/\/geoune.net\/wp-content\/uploads\/2023\/06\/geoune-battery-6.jpg","type":"image\/jpeg"}],"twitter_card":"summary_large_image","twitter_misc":{"Gesch\u00e4tzte Lesezeit":"1\u00a0Minute"},"schema":{"@context":"https:\/\/schema.org","@graph":[{"@type":"WebPage","@id":"https:\/\/geoune.net\/product\/te12100-solar-lifepo4-12v-100ah-lithium-iron-phosphate-battery-pack\/","url":"https:\/\/geoune.net\/product\/te12100-solar-lifepo4-12v-100ah-lithium-iron-phosphate-battery-pack\/","name":"TE12100 Solar Lifepo4 12v 100ah Lithium Iron Phosphate Battery Pack - Ge&#039;ou NEW ENERGY","isPartOf":{"@id":"https:\/\/geoune.net\/#website"},"primaryImageOfPage":{"@id":"https:\/\/geoune.net\/product\/te12100-solar-lifepo4-12v-100ah-lithium-iron-phosphate-battery-pack\/#primaryimage"},"image":{"@id":"https:\/\/geoune.net\/product\/te12100-solar-lifepo4-12v-100ah-lithium-iron-phosphate-battery-pack\/#primaryimage"},"thumbnailUrl":"https:\/\/geoune.net\/wp-content\/uploads\/2023\/06\/geoune-battery-6.jpg","datePublished":"2023-06-13T13:48:39+00:00","dateModified":"2023-06-24T07:56:57+00:00","description":"Ge'ou New Energy is an integrated energy group that specializes in clean and new energy on lithium ion battery products.","breadcrumb":{"@id":"https:\/\/geoune.net\/product\/te12100-solar-lifepo4-12v-100ah-lithium-iron-phosphate-battery-pack\/#breadcrumb"},"inLanguage":"de","potentialAction":[{"@type":"ReadAction","target":["https:\/\/geoune.net\/product\/te12100-solar-lifepo4-12v-100ah-lithium-iron-phosphate-battery-pack\/"]}]},{"@type":"ImageObject","inLanguage":"de","@id":"https:\/\/geoune.net\/product\/te12100-solar-lifepo4-12v-100ah-lithium-iron-phosphate-battery-pack\/#primaryimage","url":"https:\/\/geoune.net\/wp-content\/uploads\/2023\/06\/geoune-battery-6.jpg","contentUrl":"https:\/\/geoune.net\/wp-content\/uploads\/2023\/06\/geoune-battery-6.jpg","width":640,"height":640,"caption":"TE12100 Solar Lifepo4 12v 100ah Lithium Iron Phosphate Battery Pack"},{"@type":"BreadcrumbList","@id":"https:\/\/geoune.net\/product\/te12100-solar-lifepo4-12v-100ah-lithium-iron-phosphate-battery-pack\/#breadcrumb","itemListElement":[{"@type":"ListItem","position":1,"name":"\u9996\u9875","item":"https:\/\/geoune.net\/"},{"@type":"ListItem","position":2,"name":"Products","item":"https:\/\/geoune.net\/shop\/"},{"@type":"ListItem","position":3,"name":"TE12100 Solar Lifepo4 12v 100ah Lithium Iron Phosphate Battery Pack"}]},{"@type":"WebSite","@id":"https:\/\/geoune.net\/#website","url":"https:\/\/geoune.net\/","name":"Ge'ou NEW ENERGY","description":"Ge&#039;ou New Energy is an integrated energy group that specializes in clean and new energy on lithium ion battery products.","publisher":{"@id":"https:\/\/geoune.net\/#organization"},"alternateName":"OEM Lithium ion Battery Products Manufacturer | Ge'ou New Energy","potentialAction":[{"@type":"SearchAction","target":{"@type":"EntryPoint","urlTemplate":"https:\/\/geoune.net\/?s={search_term_string}"},"query-input":"required name=search_term_string"}],"inLanguage":"de"},{"@type":"Organization","@id":"https:\/\/geoune.net\/#organization","name":"Ge'ou NEW ENERGY","url":"https:\/\/geoune.net\/","logo":{"@type":"ImageObject","inLanguage":"de","@id":"https:\/\/geoune.net\/#\/schema\/logo\/image\/","url":"https:\/\/geoune.net\/wp-content\/uploads\/2023\/06\/GEOUNE-LOGO.png","contentUrl":"https:\/\/geoune.net\/wp-content\/uploads\/2023\/06\/GEOUNE-LOGO.png","width":500,"height":350,"caption":"Ge'ou NEW ENERGY"},"image":{"@id":"https:\/\/geoune.net\/#\/schema\/logo\/image\/"}}]}},"_links":{"self":[{"href":"https:\/\/geoune.net\/de\/wp-json\/wp\/v2\/product\/1454","targetHints":{"allow":["GET"]}}],"collection":[{"href":"https:\/\/geoune.net\/de\/wp-json\/wp\/v2\/product"}],"about":[{"href":"https:\/\/geoune.net\/de\/wp-json\/wp\/v2\/types\/product"}],"wp:featuredmedia":[{"embeddable":true,"href":"https:\/\/geoune.net\/de\/wp-json\/wp\/v2\/media\/1456"}],"wp:attachment":[{"href":"https:\/\/geoune.net\/de\/wp-json\/wp\/v2\/media?parent=1454"}],"wp:term":[{"taxonomy":"product_brand","embeddable":true,"href":"https:\/\/geoune.net\/de\/wp-json\/wp\/v2\/product_brand?post=1454"},{"taxonomy":"product_cat","embeddable":true,"href":"https:\/\/geoune.net\/de\/wp-json\/wp\/v2\/product_cat?post=1454"},{"taxonomy":"product_tag","embeddable":true,"href":"https:\/\/geoune.net\/de\/wp-json\/wp\/v2\/product_tag?post=1454"}],"curies":[{"name":"wp","href":"https:\/\/api.w.org\/{rel}","templated":true}]}}