{"id":1442,"date":"2023-06-13T09:38:28","date_gmt":"2023-06-13T09:38:28","guid":{"rendered":"https:\/\/geoune.net\/?post_type=product&#038;p=1442"},"modified":"2023-06-15T15:26:54","modified_gmt":"2023-06-15T15:26:54","slug":"10kwh-lifepo4-lithium-200ah-48v-inverter-replace-solar-energy-system-bank-back-ups-pack-powerwall-tesla-home-power-battery","status":"publish","type":"product","link":"https:\/\/geoune.net\/de\/produkt\/10kwh-lifepo4-lithium-200ah-48v-inverter-replace-solar-energy-system-bank-back-ups-pack-powerwall-tesla-home-power-battery\/","title":{"rendered":"10-kWh-Lifepo4-Lithium-200-Ah-48-V-Wechselrichter ersetzt das Backup-Paket f\u00fcr das Solarenergiesystem"},"content":{"rendered":"<div class=\"sliderTable mt10 mb10 sliderTable-index0 change-to-org\">\n<div class=\"inner\">\n<table class=\"all magic-1\" width=\"NaN\">\n<tbody>\n<tr class=\"firstRow\">\n<td colspan=\"1\" rowspan=\"1\">\n<div class=\"magic-2\">Produktname<\/div>\n<\/td>\n<td colspan=\"1\" rowspan=\"1\">\n<div class=\"magic-4\">Geoune 51,2V 200Ah Lifepo4-Akku<\/div>\n<\/td>\n<\/tr>\n<tr>\n<td colspan=\"1\" rowspan=\"1\">\n<div class=\"magic-2\">Nutzbare Kapazit\u00e4t<\/div>\n<\/td>\n<td colspan=\"1\" rowspan=\"1\">\n<div class=\"magic-4\">10,24 kWh<\/div>\n<\/td>\n<\/tr>\n<tr>\n<td colspan=\"1\" rowspan=\"1\">\n<div class=\"magic-2\">Entladungstiefe<\/div>\n<\/td>\n<td colspan=\"1\" rowspan=\"1\">\n<div class=\"magic-4\">95% DOD<\/div>\n<\/td>\n<\/tr>\n<tr>\n<td colspan=\"1\" rowspan=\"1\">\n<div class=\"magic-2\">Effizienz<\/div>\n<\/td>\n<td colspan=\"1\" rowspan=\"1\">\n<div class=\"magic-4\">90% Hin- und R\u00fcckflug<\/div>\n<\/td>\n<\/tr>\n<tr>\n<td colspan=\"1\" rowspan=\"1\">\n<div class=\"magic-2\">Leistung<\/div>\n<\/td>\n<td colspan=\"1\" rowspan=\"1\">\n<div class=\"magic-4\">15,36 kW Spitze\/5,12 kW kontinuierlich<\/div>\n<\/td>\n<\/tr>\n<tr>\n<td colspan=\"1\" rowspan=\"1\">\n<div class=\"magic-2\">Unterst\u00fctzte Anwendungen<\/div>\n<\/td>\n<td colspan=\"1\" rowspan=\"1\">\n<div class=\"magic-4\">Solar-Eigenverbrauch\/Nutzungszeit Lastverlagerung\/Backup\/Off-Grid<\/div>\n<\/td>\n<\/tr>\n<tr>\n<td colspan=\"1\" rowspan=\"1\">\n<div class=\"magic-2\">Garantie<\/div>\n<\/td>\n<td colspan=\"1\" rowspan=\"1\">\n<div class=\"magic-4\">7 Jahre<\/div>\n<\/td>\n<\/tr>\n<tr>\n<td colspan=\"1\" rowspan=\"1\">\n<div class=\"magic-2\">Skalierbar<\/div>\n<\/td>\n<td colspan=\"1\" rowspan=\"1\">\n<div class=\"magic-4\">Bis zu 15 Powerwalls<\/div>\n<\/td>\n<\/tr>\n<tr>\n<td colspan=\"1\" rowspan=\"1\">\n<div class=\"magic-2\"><strong>Betriebstemperatur<\/strong><\/div>\n<\/td>\n<td colspan=\"1\" rowspan=\"1\">\n<div class=\"magic-4\">-20 \u2103 \u2013 60 \u2103<\/div>\n<\/td>\n<\/tr>\n<tr>\n<td colspan=\"1\" rowspan=\"1\">\n<div class=\"magic-2\">Abmessungen<\/div>\n<\/td>\n<td colspan=\"1\" rowspan=\"1\">\n<div class=\"magic-4\">556*178,61*780mm<\/div>\n<\/td>\n<\/tr>\n<tr>\n<td colspan=\"1\" rowspan=\"1\">\n<div class=\"magic-2\">Gewicht<\/div>\n<\/td>\n<td colspan=\"1\" rowspan=\"1\">\n<div class=\"magic-4\">211,6 lb\/96 kg<\/div>\n<\/td>\n<\/tr>\n<tr>\n<td colspan=\"1\" rowspan=\"1\">\n<div class=\"magic-2\">Installation<\/div>\n<\/td>\n<td colspan=\"1\" rowspan=\"1\">\n<div class=\"magic-4\">Boden- oder Wandmontage<\/div>\n<\/td>\n<\/tr>\n<tr>\n<td colspan=\"1\" rowspan=\"1\">\n<div class=\"magic-2\">Zertifizierung<\/div>\n<\/td>\n<td colspan=\"1\" rowspan=\"1\">\n<div class=\"magic-4\">CE UN38.3<\/div>\n<\/td>\n<\/tr>\n<\/tbody>\n<\/table>\n<\/div>\n<\/div>\n<p><img fetchpriority=\"high\" decoding=\"async\" class=\"aligncenter size-large wp-image-1440\" src=\"https:\/\/geoune.net\/wp-content\/uploads\/2023\/06\/10kwh-power-wall-battery-1024x709.jpg\" alt=\"Powerwall Home Battery LiFePO4 Battery 51.2V 200AH\" width=\"1024\" height=\"709\" srcset=\"https:\/\/geoune.net\/wp-content\/uploads\/2023\/06\/10kwh-power-wall-battery-1024x709.jpg 1024w, https:\/\/geoune.net\/wp-content\/uploads\/2023\/06\/10kwh-power-wall-battery-300x208.jpg 300w, https:\/\/geoune.net\/wp-content\/uploads\/2023\/06\/10kwh-power-wall-battery-768x532.jpg 768w, https:\/\/geoune.net\/wp-content\/uploads\/2023\/06\/10kwh-power-wall-battery-1536x1064.jpg 1536w, https:\/\/geoune.net\/wp-content\/uploads\/2023\/06\/10kwh-power-wall-battery-600x416.jpg 600w, https:\/\/geoune.net\/wp-content\/uploads\/2023\/06\/10kwh-power-wall-battery.jpg 1890w\" sizes=\"(max-width: 1024px) 100vw, 1024px\" \/><\/p>","protected":false},"excerpt":{"rendered":"<p>Die elektrische Schnittstelle von powerwall erm\u00f6glicht eine einfache Verbindung zu jedem Haus oder Geb\u00e4ude. Sein revolution\u00e4res, kompaktes Design erreicht eine marktf\u00fchrende Energiedichte und ist einfach zu installieren, sodass Eigent\u00fcmer schnell die Vorteile einer zuverl\u00e4ssigen, sauberen Energie nutzen k\u00f6nnen<\/p>","protected":false},"featured_media":1443,"template":"","meta":{"site-sidebar-layout":"default","site-content-layout":"default","ast-site-content-layout":"default","site-content-style":"default","site-sidebar-style":"default","ast-global-header-display":"","ast-banner-title-visibility":"","ast-main-header-display":"","ast-hfb-above-header-display":"","ast-hfb-below-header-display":"","ast-hfb-mobile-header-display":"","site-post-title":"","ast-breadcrumbs-content":"","ast-featured-img":"","footer-sml-layout":"","theme-transparent-header-meta":"default","adv-header-id-meta":"","stick-header-meta":"","header-above-stick-meta":"","header-main-stick-meta":"","header-below-stick-meta":"","astra-migrate-meta-layouts":"default","ast-page-background-enabled":"default","ast-page-background-meta":{"desktop":{"background-color":"","background-image":"","background-repeat":"repeat","background-position":"center center","background-size":"auto","background-attachment":"scroll","background-type":"","background-media":"","overlay-type":"","overlay-color":"","overlay-opacity":"","overlay-gradient":""},"tablet":{"background-color":"","background-image":"","background-repeat":"repeat","background-position":"center center","background-size":"auto","background-attachment":"scroll","background-type":"","background-media":"","overlay-type":"","overlay-color":"","overlay-opacity":"","overlay-gradient":""},"mobile":{"background-color":"","background-image":"","background-repeat":"repeat","background-position":"center center","background-size":"auto","background-attachment":"scroll","background-type":"","background-media":"","overlay-type":"","overlay-color":"","overlay-opacity":"","overlay-gradient":""}},"ast-content-background-meta":{"desktop":{"background-color":"var(--ast-global-color-5)","background-image":"","background-repeat":"repeat","background-position":"center center","background-size":"auto","background-attachment":"scroll","background-type":"","background-media":"","overlay-type":"","overlay-color":"","overlay-opacity":"","overlay-gradient":""},"tablet":{"background-color":"var(--ast-global-color-5)","background-image":"","background-repeat":"repeat","background-position":"center center","background-size":"auto","background-attachment":"scroll","background-type":"","background-media":"","overlay-type":"","overlay-color":"","overlay-opacity":"","overlay-gradient":""},"mobile":{"background-color":"var(--ast-global-color-5)","background-image":"","background-repeat":"repeat","background-position":"center center","background-size":"auto","background-attachment":"scroll","background-type":"","background-media":"","overlay-type":"","overlay-color":"","overlay-opacity":"","overlay-gradient":""}}},"product_brand":[],"product_cat":[15,22],"product_tag":[],"class_list":{"0":"post-1442","1":"product","2":"type-product","3":"status-publish","4":"has-post-thumbnail","6":"product_cat-inverter","7":"product_cat-lithium-ion-battery","8":"desktop-align-left","9":"tablet-align-left","10":"mobile-align-left","12":"first","13":"instock","14":"shipping-taxable","15":"product-type-simple"},"yoast_head":"<!-- This site is optimized with the Yoast SEO Premium plugin v20.11 (Yoast SEO v22.7) - https:\/\/yoast.com\/wordpress\/plugins\/seo\/ -->\n<title>10kWh Lifepo4 Lithium 200Ah 48v Inverter Replace Solar Energy System BackUps Pack - Ge&#039;ou NEW ENERGY<\/title>\n<meta name=\"description\" content=\"Ge&#039;ou New Energy is an integrated energy group that specializes in clean and new energy on lithium ion battery products.\" \/>\n<meta name=\"robots\" content=\"index, follow, max-snippet:-1, max-image-preview:large, max-video-preview:-1\" \/>\n<link rel=\"canonical\" href=\"https:\/\/geoune.net\/de\/produkt\/10kwh-lifepo4-lithium-200ah-48v-inverter-replace-solar-energy-system-bank-back-ups-pack-powerwall-tesla-home-power-battery\/\" \/>\n<meta property=\"og:locale\" content=\"de_DE\" \/>\n<meta property=\"og:type\" content=\"article\" \/>\n<meta property=\"og:title\" content=\"10kWh Lifepo4 Lithium 200Ah 48v Inverter Replace Solar Energy System BackUps Pack\" \/>\n<meta property=\"og:description\" content=\"Ge&#039;ou New Energy is an integrated energy group that specializes in clean and new energy on lithium ion battery products.\" \/>\n<meta property=\"og:url\" content=\"https:\/\/geoune.net\/de\/produkt\/10kwh-lifepo4-lithium-200ah-48v-inverter-replace-solar-energy-system-bank-back-ups-pack-powerwall-tesla-home-power-battery\/\" \/>\n<meta property=\"og:site_name\" content=\"Ge&#039;ou NEW ENERGY\" \/>\n<meta property=\"article:modified_time\" content=\"2023-06-15T15:26:54+00:00\" \/>\n<meta property=\"og:image\" content=\"https:\/\/geoune.net\/wp-content\/uploads\/2023\/06\/10kwh-power-wall.jpg\" \/>\n\t<meta property=\"og:image:width\" content=\"750\" \/>\n\t<meta property=\"og:image:height\" content=\"750\" \/>\n\t<meta property=\"og:image:type\" content=\"image\/jpeg\" \/>\n<meta name=\"twitter:card\" content=\"summary_large_image\" \/>\n<script type=\"application\/ld+json\" class=\"yoast-schema-graph\">{\"@context\":\"https:\/\/schema.org\",\"@graph\":[{\"@type\":\"WebPage\",\"@id\":\"https:\/\/geoune.net\/product\/10kwh-lifepo4-lithium-200ah-48v-inverter-replace-solar-energy-system-bank-back-ups-pack-powerwall-tesla-home-power-battery\/\",\"url\":\"https:\/\/geoune.net\/product\/10kwh-lifepo4-lithium-200ah-48v-inverter-replace-solar-energy-system-bank-back-ups-pack-powerwall-tesla-home-power-battery\/\",\"name\":\"10kWh Lifepo4 Lithium 200Ah 48v Inverter Replace Solar Energy System BackUps Pack - Ge&#039;ou NEW ENERGY\",\"isPartOf\":{\"@id\":\"https:\/\/geoune.net\/#website\"},\"primaryImageOfPage\":{\"@id\":\"https:\/\/geoune.net\/product\/10kwh-lifepo4-lithium-200ah-48v-inverter-replace-solar-energy-system-bank-back-ups-pack-powerwall-tesla-home-power-battery\/#primaryimage\"},\"image\":{\"@id\":\"https:\/\/geoune.net\/product\/10kwh-lifepo4-lithium-200ah-48v-inverter-replace-solar-energy-system-bank-back-ups-pack-powerwall-tesla-home-power-battery\/#primaryimage\"},\"thumbnailUrl\":\"https:\/\/geoune.net\/wp-content\/uploads\/2023\/06\/10kwh-power-wall.jpg\",\"datePublished\":\"2023-06-13T09:38:28+00:00\",\"dateModified\":\"2023-06-15T15:26:54+00:00\",\"description\":\"Ge'ou New Energy is an integrated energy group that specializes in clean and new energy on lithium ion battery products.\",\"breadcrumb\":{\"@id\":\"https:\/\/geoune.net\/product\/10kwh-lifepo4-lithium-200ah-48v-inverter-replace-solar-energy-system-bank-back-ups-pack-powerwall-tesla-home-power-battery\/#breadcrumb\"},\"inLanguage\":\"de\",\"potentialAction\":[{\"@type\":\"ReadAction\",\"target\":[\"https:\/\/geoune.net\/product\/10kwh-lifepo4-lithium-200ah-48v-inverter-replace-solar-energy-system-bank-back-ups-pack-powerwall-tesla-home-power-battery\/\"]}]},{\"@type\":\"ImageObject\",\"inLanguage\":\"de\",\"@id\":\"https:\/\/geoune.net\/product\/10kwh-lifepo4-lithium-200ah-48v-inverter-replace-solar-energy-system-bank-back-ups-pack-powerwall-tesla-home-power-battery\/#primaryimage\",\"url\":\"https:\/\/geoune.net\/wp-content\/uploads\/2023\/06\/10kwh-power-wall.jpg\",\"contentUrl\":\"https:\/\/geoune.net\/wp-content\/uploads\/2023\/06\/10kwh-power-wall.jpg\",\"width\":750,\"height\":750},{\"@type\":\"BreadcrumbList\",\"@id\":\"https:\/\/geoune.net\/product\/10kwh-lifepo4-lithium-200ah-48v-inverter-replace-solar-energy-system-bank-back-ups-pack-powerwall-tesla-home-power-battery\/#breadcrumb\",\"itemListElement\":[{\"@type\":\"ListItem\",\"position\":1,\"name\":\"\u9996\u9875\",\"item\":\"https:\/\/geoune.net\/\"},{\"@type\":\"ListItem\",\"position\":2,\"name\":\"Products\",\"item\":\"https:\/\/geoune.net\/shop\/\"},{\"@type\":\"ListItem\",\"position\":3,\"name\":\"10kWh Lifepo4 Lithium 200Ah 48v Inverter Replace Solar Energy System BackUps Pack\"}]},{\"@type\":\"WebSite\",\"@id\":\"https:\/\/geoune.net\/#website\",\"url\":\"https:\/\/geoune.net\/\",\"name\":\"Ge'ou NEW ENERGY\",\"description\":\"Ge&#039;ou New Energy is an integrated energy group that specializes in clean and new energy on lithium ion battery products.\",\"publisher\":{\"@id\":\"https:\/\/geoune.net\/#organization\"},\"alternateName\":\"OEM Lithium ion Battery Products Manufacturer | Ge'ou New Energy\",\"potentialAction\":[{\"@type\":\"SearchAction\",\"target\":{\"@type\":\"EntryPoint\",\"urlTemplate\":\"https:\/\/geoune.net\/?s={search_term_string}\"},\"query-input\":\"required name=search_term_string\"}],\"inLanguage\":\"de\"},{\"@type\":\"Organization\",\"@id\":\"https:\/\/geoune.net\/#organization\",\"name\":\"Ge'ou NEW ENERGY\",\"url\":\"https:\/\/geoune.net\/\",\"logo\":{\"@type\":\"ImageObject\",\"inLanguage\":\"de\",\"@id\":\"https:\/\/geoune.net\/#\/schema\/logo\/image\/\",\"url\":\"https:\/\/geoune.net\/wp-content\/uploads\/2023\/06\/GEOUNE-LOGO.png\",\"contentUrl\":\"https:\/\/geoune.net\/wp-content\/uploads\/2023\/06\/GEOUNE-LOGO.png\",\"width\":500,\"height\":350,\"caption\":\"Ge'ou NEW ENERGY\"},\"image\":{\"@id\":\"https:\/\/geoune.net\/#\/schema\/logo\/image\/\"}}]}<\/script>\n<!-- \/ Yoast SEO Premium plugin. -->","yoast_head_json":{"title":"10kWh Lifepo4 Lithium 200Ah 48v Inverter Replace Solar Energy System BackUps Pack - Ge&#039;ou NEW ENERGY","description":"Ge'ou New Energy is an integrated energy group that specializes in clean and new energy on lithium ion battery products.","robots":{"index":"index","follow":"follow","max-snippet":"max-snippet:-1","max-image-preview":"max-image-preview:large","max-video-preview":"max-video-preview:-1"},"canonical":"https:\/\/geoune.net\/de\/produkt\/10kwh-lifepo4-lithium-200ah-48v-inverter-replace-solar-energy-system-bank-back-ups-pack-powerwall-tesla-home-power-battery\/","og_locale":"de_DE","og_type":"article","og_title":"10kWh Lifepo4 Lithium 200Ah 48v Inverter Replace Solar Energy System BackUps Pack","og_description":"Ge'ou New Energy is an integrated energy group that specializes in clean and new energy on lithium ion battery products.","og_url":"https:\/\/geoune.net\/de\/produkt\/10kwh-lifepo4-lithium-200ah-48v-inverter-replace-solar-energy-system-bank-back-ups-pack-powerwall-tesla-home-power-battery\/","og_site_name":"Ge&#039;ou NEW ENERGY","article_modified_time":"2023-06-15T15:26:54+00:00","og_image":[{"width":750,"height":750,"url":"https:\/\/geoune.net\/wp-content\/uploads\/2023\/06\/10kwh-power-wall.jpg","type":"image\/jpeg"}],"twitter_card":"summary_large_image","schema":{"@context":"https:\/\/schema.org","@graph":[{"@type":"WebPage","@id":"https:\/\/geoune.net\/product\/10kwh-lifepo4-lithium-200ah-48v-inverter-replace-solar-energy-system-bank-back-ups-pack-powerwall-tesla-home-power-battery\/","url":"https:\/\/geoune.net\/product\/10kwh-lifepo4-lithium-200ah-48v-inverter-replace-solar-energy-system-bank-back-ups-pack-powerwall-tesla-home-power-battery\/","name":"10kWh Lifepo4 Lithium 200Ah 48v Inverter Replace Solar Energy System BackUps Pack - Ge&#039;ou NEW ENERGY","isPartOf":{"@id":"https:\/\/geoune.net\/#website"},"primaryImageOfPage":{"@id":"https:\/\/geoune.net\/product\/10kwh-lifepo4-lithium-200ah-48v-inverter-replace-solar-energy-system-bank-back-ups-pack-powerwall-tesla-home-power-battery\/#primaryimage"},"image":{"@id":"https:\/\/geoune.net\/product\/10kwh-lifepo4-lithium-200ah-48v-inverter-replace-solar-energy-system-bank-back-ups-pack-powerwall-tesla-home-power-battery\/#primaryimage"},"thumbnailUrl":"https:\/\/geoune.net\/wp-content\/uploads\/2023\/06\/10kwh-power-wall.jpg","datePublished":"2023-06-13T09:38:28+00:00","dateModified":"2023-06-15T15:26:54+00:00","description":"Ge'ou New Energy is an integrated energy group that specializes in clean and new energy on lithium ion battery products.","breadcrumb":{"@id":"https:\/\/geoune.net\/product\/10kwh-lifepo4-lithium-200ah-48v-inverter-replace-solar-energy-system-bank-back-ups-pack-powerwall-tesla-home-power-battery\/#breadcrumb"},"inLanguage":"de","potentialAction":[{"@type":"ReadAction","target":["https:\/\/geoune.net\/product\/10kwh-lifepo4-lithium-200ah-48v-inverter-replace-solar-energy-system-bank-back-ups-pack-powerwall-tesla-home-power-battery\/"]}]},{"@type":"ImageObject","inLanguage":"de","@id":"https:\/\/geoune.net\/product\/10kwh-lifepo4-lithium-200ah-48v-inverter-replace-solar-energy-system-bank-back-ups-pack-powerwall-tesla-home-power-battery\/#primaryimage","url":"https:\/\/geoune.net\/wp-content\/uploads\/2023\/06\/10kwh-power-wall.jpg","contentUrl":"https:\/\/geoune.net\/wp-content\/uploads\/2023\/06\/10kwh-power-wall.jpg","width":750,"height":750},{"@type":"BreadcrumbList","@id":"https:\/\/geoune.net\/product\/10kwh-lifepo4-lithium-200ah-48v-inverter-replace-solar-energy-system-bank-back-ups-pack-powerwall-tesla-home-power-battery\/#breadcrumb","itemListElement":[{"@type":"ListItem","position":1,"name":"\u9996\u9875","item":"https:\/\/geoune.net\/"},{"@type":"ListItem","position":2,"name":"Products","item":"https:\/\/geoune.net\/shop\/"},{"@type":"ListItem","position":3,"name":"10kWh Lifepo4 Lithium 200Ah 48v Inverter Replace Solar Energy System BackUps Pack"}]},{"@type":"WebSite","@id":"https:\/\/geoune.net\/#website","url":"https:\/\/geoune.net\/","name":"Ge'ou NEW ENERGY","description":"Ge&#039;ou New Energy is an integrated energy group that specializes in clean and new energy on lithium ion battery products.","publisher":{"@id":"https:\/\/geoune.net\/#organization"},"alternateName":"OEM Lithium ion Battery Products Manufacturer | Ge'ou New Energy","potentialAction":[{"@type":"SearchAction","target":{"@type":"EntryPoint","urlTemplate":"https:\/\/geoune.net\/?s={search_term_string}"},"query-input":"required name=search_term_string"}],"inLanguage":"de"},{"@type":"Organization","@id":"https:\/\/geoune.net\/#organization","name":"Ge'ou NEW ENERGY","url":"https:\/\/geoune.net\/","logo":{"@type":"ImageObject","inLanguage":"de","@id":"https:\/\/geoune.net\/#\/schema\/logo\/image\/","url":"https:\/\/geoune.net\/wp-content\/uploads\/2023\/06\/GEOUNE-LOGO.png","contentUrl":"https:\/\/geoune.net\/wp-content\/uploads\/2023\/06\/GEOUNE-LOGO.png","width":500,"height":350,"caption":"Ge'ou NEW ENERGY"},"image":{"@id":"https:\/\/geoune.net\/#\/schema\/logo\/image\/"}}]}},"_links":{"self":[{"href":"https:\/\/geoune.net\/de\/wp-json\/wp\/v2\/product\/1442","targetHints":{"allow":["GET"]}}],"collection":[{"href":"https:\/\/geoune.net\/de\/wp-json\/wp\/v2\/product"}],"about":[{"href":"https:\/\/geoune.net\/de\/wp-json\/wp\/v2\/types\/product"}],"wp:featuredmedia":[{"embeddable":true,"href":"https:\/\/geoune.net\/de\/wp-json\/wp\/v2\/media\/1443"}],"wp:attachment":[{"href":"https:\/\/geoune.net\/de\/wp-json\/wp\/v2\/media?parent=1442"}],"wp:term":[{"taxonomy":"product_brand","embeddable":true,"href":"https:\/\/geoune.net\/de\/wp-json\/wp\/v2\/product_brand?post=1442"},{"taxonomy":"product_cat","embeddable":true,"href":"https:\/\/geoune.net\/de\/wp-json\/wp\/v2\/product_cat?post=1442"},{"taxonomy":"product_tag","embeddable":true,"href":"https:\/\/geoune.net\/de\/wp-json\/wp\/v2\/product_tag?post=1442"}],"curies":[{"name":"wp","href":"https:\/\/api.w.org\/{rel}","templated":true}]}}