{"id":1402,"date":"2023-06-13T08:16:30","date_gmt":"2023-06-13T08:16:30","guid":{"rendered":"https:\/\/geoune.net\/?post_type=product&#038;p=1402"},"modified":"2023-06-15T15:29:57","modified_gmt":"2023-06-15T15:29:57","slug":"5kwh-uninterrutible-power-supply-geoune-back-up-lithium-ion-ups-battery","status":"publish","type":"product","link":"https:\/\/geoune.net\/de\/produkt\/5kwh-uninterrutible-power-supply-geoune-back-up-lithium-ion-ups-battery\/","title":{"rendered":"5 kWh unterbrechungsfreie Stromversorgung Geoune Backup-Lithium-Ionen-USV-Batterie"},"content":{"rendered":"<table width=\"883\">\n<tbody>\n<tr class=\"firstRow\">\n<td colspan=\"1\" rowspan=\"1\" valign=\"top\" width=\"134.33333333333334\">Modell<\/td>\n<td valign=\"top\" width=\"67.33333333333333\">Stromspannung<\/td>\n<td valign=\"top\" width=\"67.33333333333333\">Kapazit\u00e4t<\/td>\n<td valign=\"top\" width=\"69.33333333333333\">Abmessungen<\/td>\n<td valign=\"top\" width=\"84.33333333333333\">Bewerten Sie die Leistung<\/td>\n<td valign=\"top\" width=\"68.33333333333333\">Energie<\/td>\n<td valign=\"top\" width=\"89.33333333333333\">12V-Ausgang<\/td>\n<td valign=\"top\" width=\"137.33333333333334\">Eingangsfrequenz<\/td>\n<\/tr>\n<tr>\n<td colspan=\"1\" rowspan=\"1\" valign=\"top\" width=\"134.33333333333334\">UPS3000<\/td>\n<td valign=\"top\" width=\"67.33333333333333\">48V<\/td>\n<td valign=\"top\" width=\"67.33333333333333\">102Ah<\/td>\n<td valign=\"top\" width=\"69.33333333333333\">560*220*755mm<\/td>\n<td valign=\"top\" width=\"84.33333333333333\">3000W<\/td>\n<td valign=\"top\" width=\"68.33333333333333\">4,896 kWh<\/td>\n<td valign=\"top\" width=\"89.33333333333333\">Eingebaut<\/td>\n<td valign=\"top\" width=\"137.33333333333334\">50 Hz-60 Hz<\/td>\n<\/tr>\n<\/tbody>\n<\/table>","protected":false},"excerpt":{"rendered":"<p>-Volldigitale doppelte Spannungs- und Stromregelung mit geschlossenem Regelkreis, Sinuswellenausgang. -Verf\u00fcgbar in 4 Lademodi: nur Solar, Netzpriorit\u00e4t, Solarpriorit\u00e4t, Hybridmodus Erw\u00e4rmen und verl\u00e4ngern Sie die Systemlebensdauer \u2013 RS485\/CAN, USB-Kommunikationsprotokoll<\/p>","protected":false},"featured_media":1403,"template":"","meta":{"site-sidebar-layout":"default","site-content-layout":"default","ast-site-content-layout":"default","site-content-style":"default","site-sidebar-style":"default","ast-global-header-display":"","ast-banner-title-visibility":"","ast-main-header-display":"","ast-hfb-above-header-display":"","ast-hfb-below-header-display":"","ast-hfb-mobile-header-display":"","site-post-title":"","ast-breadcrumbs-content":"","ast-featured-img":"","footer-sml-layout":"","theme-transparent-header-meta":"default","adv-header-id-meta":"","stick-header-meta":"","header-above-stick-meta":"","header-main-stick-meta":"","header-below-stick-meta":"","astra-migrate-meta-layouts":"default","ast-page-background-enabled":"default","ast-page-background-meta":{"desktop":{"background-color":"","background-image":"","background-repeat":"repeat","background-position":"center center","background-size":"auto","background-attachment":"scroll","background-type":"","background-media":"","overlay-type":"","overlay-color":"","overlay-opacity":"","overlay-gradient":""},"tablet":{"background-color":"","background-image":"","background-repeat":"repeat","background-position":"center center","background-size":"auto","background-attachment":"scroll","background-type":"","background-media":"","overlay-type":"","overlay-color":"","overlay-opacity":"","overlay-gradient":""},"mobile":{"background-color":"","background-image":"","background-repeat":"repeat","background-position":"center center","background-size":"auto","background-attachment":"scroll","background-type":"","background-media":"","overlay-type":"","overlay-color":"","overlay-opacity":"","overlay-gradient":""}},"ast-content-background-meta":{"desktop":{"background-color":"var(--ast-global-color-5)","background-image":"","background-repeat":"repeat","background-position":"center center","background-size":"auto","background-attachment":"scroll","background-type":"","background-media":"","overlay-type":"","overlay-color":"","overlay-opacity":"","overlay-gradient":""},"tablet":{"background-color":"var(--ast-global-color-5)","background-image":"","background-repeat":"repeat","background-position":"center center","background-size":"auto","background-attachment":"scroll","background-type":"","background-media":"","overlay-type":"","overlay-color":"","overlay-opacity":"","overlay-gradient":""},"mobile":{"background-color":"var(--ast-global-color-5)","background-image":"","background-repeat":"repeat","background-position":"center center","background-size":"auto","background-attachment":"scroll","background-type":"","background-media":"","overlay-type":"","overlay-color":"","overlay-opacity":"","overlay-gradient":""}}},"product_brand":[],"product_cat":[27,22],"product_tag":[],"class_list":{"0":"post-1402","1":"product","2":"type-product","3":"status-publish","4":"has-post-thumbnail","6":"product_cat-hp-series","7":"product_cat-lithium-ion-battery","8":"desktop-align-left","9":"tablet-align-left","10":"mobile-align-left","12":"first","13":"instock","14":"shipping-taxable","15":"product-type-simple"},"yoast_head":"<!-- This site is optimized with the Yoast SEO Premium plugin v20.11 (Yoast SEO v22.7) - https:\/\/yoast.com\/wordpress\/plugins\/seo\/ -->\n<title>5kwh uninterrutible power supply Geoune back up lithium ion UPS battery - Ge&#039;ou NEW ENERGY<\/title>\n<meta name=\"description\" content=\"Ge&#039;ou New Energy is an integrated energy group that specializes in clean and new energy on lithium ion battery products.\" \/>\n<meta name=\"robots\" content=\"index, follow, max-snippet:-1, max-image-preview:large, max-video-preview:-1\" \/>\n<link rel=\"canonical\" href=\"https:\/\/geoune.net\/de\/produkt\/5kwh-uninterrutible-power-supply-geoune-back-up-lithium-ion-ups-battery\/\" \/>\n<meta property=\"og:locale\" content=\"de_DE\" \/>\n<meta property=\"og:type\" content=\"article\" \/>\n<meta property=\"og:title\" content=\"5kwh uninterrutible power supply Geoune back up lithium ion UPS battery\" \/>\n<meta property=\"og:description\" content=\"Ge&#039;ou New Energy is an integrated energy group that specializes in clean and new energy on lithium ion battery products.\" \/>\n<meta property=\"og:url\" content=\"https:\/\/geoune.net\/de\/produkt\/5kwh-uninterrutible-power-supply-geoune-back-up-lithium-ion-ups-battery\/\" \/>\n<meta property=\"og:site_name\" content=\"Ge&#039;ou NEW ENERGY\" \/>\n<meta property=\"article:modified_time\" content=\"2023-06-15T15:29:57+00:00\" \/>\n<meta property=\"og:image\" content=\"https:\/\/geoune.net\/wp-content\/uploads\/2023\/06\/www.ltc-energy.com944-200-200.jpg\" \/>\n\t<meta property=\"og:image:width\" content=\"200\" \/>\n\t<meta property=\"og:image:height\" content=\"200\" \/>\n\t<meta property=\"og:image:type\" content=\"image\/jpeg\" \/>\n<meta name=\"twitter:card\" content=\"summary_large_image\" \/>\n<script type=\"application\/ld+json\" class=\"yoast-schema-graph\">{\"@context\":\"https:\/\/schema.org\",\"@graph\":[{\"@type\":\"WebPage\",\"@id\":\"https:\/\/geoune.net\/product\/5kwh-uninterrutible-power-supply-geoune-back-up-lithium-ion-ups-battery\/\",\"url\":\"https:\/\/geoune.net\/product\/5kwh-uninterrutible-power-supply-geoune-back-up-lithium-ion-ups-battery\/\",\"name\":\"5kwh uninterrutible power supply Geoune back up lithium ion UPS battery - Ge&#039;ou NEW ENERGY\",\"isPartOf\":{\"@id\":\"https:\/\/geoune.net\/#website\"},\"primaryImageOfPage\":{\"@id\":\"https:\/\/geoune.net\/product\/5kwh-uninterrutible-power-supply-geoune-back-up-lithium-ion-ups-battery\/#primaryimage\"},\"image\":{\"@id\":\"https:\/\/geoune.net\/product\/5kwh-uninterrutible-power-supply-geoune-back-up-lithium-ion-ups-battery\/#primaryimage\"},\"thumbnailUrl\":\"https:\/\/geoune.net\/wp-content\/uploads\/2023\/06\/www.ltc-energy.com944-200-200.jpg\",\"datePublished\":\"2023-06-13T08:16:30+00:00\",\"dateModified\":\"2023-06-15T15:29:57+00:00\",\"description\":\"Ge'ou New Energy is an integrated energy group that specializes in clean and new energy on lithium ion battery products.\",\"breadcrumb\":{\"@id\":\"https:\/\/geoune.net\/product\/5kwh-uninterrutible-power-supply-geoune-back-up-lithium-ion-ups-battery\/#breadcrumb\"},\"inLanguage\":\"de\",\"potentialAction\":[{\"@type\":\"ReadAction\",\"target\":[\"https:\/\/geoune.net\/product\/5kwh-uninterrutible-power-supply-geoune-back-up-lithium-ion-ups-battery\/\"]}]},{\"@type\":\"ImageObject\",\"inLanguage\":\"de\",\"@id\":\"https:\/\/geoune.net\/product\/5kwh-uninterrutible-power-supply-geoune-back-up-lithium-ion-ups-battery\/#primaryimage\",\"url\":\"https:\/\/geoune.net\/wp-content\/uploads\/2023\/06\/www.ltc-energy.com944-200-200.jpg\",\"contentUrl\":\"https:\/\/geoune.net\/wp-content\/uploads\/2023\/06\/www.ltc-energy.com944-200-200.jpg\",\"width\":200,\"height\":200,\"caption\":\"geoune\"},{\"@type\":\"BreadcrumbList\",\"@id\":\"https:\/\/geoune.net\/product\/5kwh-uninterrutible-power-supply-geoune-back-up-lithium-ion-ups-battery\/#breadcrumb\",\"itemListElement\":[{\"@type\":\"ListItem\",\"position\":1,\"name\":\"\u9996\u9875\",\"item\":\"https:\/\/geoune.net\/\"},{\"@type\":\"ListItem\",\"position\":2,\"name\":\"Products\",\"item\":\"https:\/\/geoune.net\/shop\/\"},{\"@type\":\"ListItem\",\"position\":3,\"name\":\"5kwh uninterrutible power supply Geoune back up lithium ion UPS battery\"}]},{\"@type\":\"WebSite\",\"@id\":\"https:\/\/geoune.net\/#website\",\"url\":\"https:\/\/geoune.net\/\",\"name\":\"Ge'ou NEW ENERGY\",\"description\":\"Ge&#039;ou New Energy is an integrated energy group that specializes in clean and new energy on lithium ion battery products.\",\"publisher\":{\"@id\":\"https:\/\/geoune.net\/#organization\"},\"alternateName\":\"OEM Lithium ion Battery Products Manufacturer | Ge'ou New Energy\",\"potentialAction\":[{\"@type\":\"SearchAction\",\"target\":{\"@type\":\"EntryPoint\",\"urlTemplate\":\"https:\/\/geoune.net\/?s={search_term_string}\"},\"query-input\":\"required name=search_term_string\"}],\"inLanguage\":\"de\"},{\"@type\":\"Organization\",\"@id\":\"https:\/\/geoune.net\/#organization\",\"name\":\"Ge'ou NEW ENERGY\",\"url\":\"https:\/\/geoune.net\/\",\"logo\":{\"@type\":\"ImageObject\",\"inLanguage\":\"de\",\"@id\":\"https:\/\/geoune.net\/#\/schema\/logo\/image\/\",\"url\":\"https:\/\/geoune.net\/wp-content\/uploads\/2023\/06\/GEOUNE-LOGO.png\",\"contentUrl\":\"https:\/\/geoune.net\/wp-content\/uploads\/2023\/06\/GEOUNE-LOGO.png\",\"width\":500,\"height\":350,\"caption\":\"Ge'ou NEW ENERGY\"},\"image\":{\"@id\":\"https:\/\/geoune.net\/#\/schema\/logo\/image\/\"}}]}<\/script>\n<!-- \/ Yoast SEO Premium plugin. -->","yoast_head_json":{"title":"5kwh uninterrutible power supply Geoune back up lithium ion UPS battery - Ge&#039;ou NEW ENERGY","description":"Ge'ou New Energy is an integrated energy group that specializes in clean and new energy on lithium ion battery products.","robots":{"index":"index","follow":"follow","max-snippet":"max-snippet:-1","max-image-preview":"max-image-preview:large","max-video-preview":"max-video-preview:-1"},"canonical":"https:\/\/geoune.net\/de\/produkt\/5kwh-uninterrutible-power-supply-geoune-back-up-lithium-ion-ups-battery\/","og_locale":"de_DE","og_type":"article","og_title":"5kwh uninterrutible power supply Geoune back up lithium ion UPS battery","og_description":"Ge'ou New Energy is an integrated energy group that specializes in clean and new energy on lithium ion battery products.","og_url":"https:\/\/geoune.net\/de\/produkt\/5kwh-uninterrutible-power-supply-geoune-back-up-lithium-ion-ups-battery\/","og_site_name":"Ge&#039;ou NEW ENERGY","article_modified_time":"2023-06-15T15:29:57+00:00","og_image":[{"width":200,"height":200,"url":"https:\/\/geoune.net\/wp-content\/uploads\/2023\/06\/www.ltc-energy.com944-200-200.jpg","type":"image\/jpeg"}],"twitter_card":"summary_large_image","schema":{"@context":"https:\/\/schema.org","@graph":[{"@type":"WebPage","@id":"https:\/\/geoune.net\/product\/5kwh-uninterrutible-power-supply-geoune-back-up-lithium-ion-ups-battery\/","url":"https:\/\/geoune.net\/product\/5kwh-uninterrutible-power-supply-geoune-back-up-lithium-ion-ups-battery\/","name":"5kwh uninterrutible power supply Geoune back up lithium ion UPS battery - Ge&#039;ou NEW ENERGY","isPartOf":{"@id":"https:\/\/geoune.net\/#website"},"primaryImageOfPage":{"@id":"https:\/\/geoune.net\/product\/5kwh-uninterrutible-power-supply-geoune-back-up-lithium-ion-ups-battery\/#primaryimage"},"image":{"@id":"https:\/\/geoune.net\/product\/5kwh-uninterrutible-power-supply-geoune-back-up-lithium-ion-ups-battery\/#primaryimage"},"thumbnailUrl":"https:\/\/geoune.net\/wp-content\/uploads\/2023\/06\/www.ltc-energy.com944-200-200.jpg","datePublished":"2023-06-13T08:16:30+00:00","dateModified":"2023-06-15T15:29:57+00:00","description":"Ge'ou New Energy is an integrated energy group that specializes in clean and new energy on lithium ion battery products.","breadcrumb":{"@id":"https:\/\/geoune.net\/product\/5kwh-uninterrutible-power-supply-geoune-back-up-lithium-ion-ups-battery\/#breadcrumb"},"inLanguage":"de","potentialAction":[{"@type":"ReadAction","target":["https:\/\/geoune.net\/product\/5kwh-uninterrutible-power-supply-geoune-back-up-lithium-ion-ups-battery\/"]}]},{"@type":"ImageObject","inLanguage":"de","@id":"https:\/\/geoune.net\/product\/5kwh-uninterrutible-power-supply-geoune-back-up-lithium-ion-ups-battery\/#primaryimage","url":"https:\/\/geoune.net\/wp-content\/uploads\/2023\/06\/www.ltc-energy.com944-200-200.jpg","contentUrl":"https:\/\/geoune.net\/wp-content\/uploads\/2023\/06\/www.ltc-energy.com944-200-200.jpg","width":200,"height":200,"caption":"geoune"},{"@type":"BreadcrumbList","@id":"https:\/\/geoune.net\/product\/5kwh-uninterrutible-power-supply-geoune-back-up-lithium-ion-ups-battery\/#breadcrumb","itemListElement":[{"@type":"ListItem","position":1,"name":"\u9996\u9875","item":"https:\/\/geoune.net\/"},{"@type":"ListItem","position":2,"name":"Products","item":"https:\/\/geoune.net\/shop\/"},{"@type":"ListItem","position":3,"name":"5kwh uninterrutible power supply Geoune back up lithium ion UPS battery"}]},{"@type":"WebSite","@id":"https:\/\/geoune.net\/#website","url":"https:\/\/geoune.net\/","name":"Ge'ou NEW ENERGY","description":"Ge&#039;ou New Energy is an integrated energy group that specializes in clean and new energy on lithium ion battery products.","publisher":{"@id":"https:\/\/geoune.net\/#organization"},"alternateName":"OEM Lithium ion Battery Products Manufacturer | Ge'ou New Energy","potentialAction":[{"@type":"SearchAction","target":{"@type":"EntryPoint","urlTemplate":"https:\/\/geoune.net\/?s={search_term_string}"},"query-input":"required name=search_term_string"}],"inLanguage":"de"},{"@type":"Organization","@id":"https:\/\/geoune.net\/#organization","name":"Ge'ou NEW ENERGY","url":"https:\/\/geoune.net\/","logo":{"@type":"ImageObject","inLanguage":"de","@id":"https:\/\/geoune.net\/#\/schema\/logo\/image\/","url":"https:\/\/geoune.net\/wp-content\/uploads\/2023\/06\/GEOUNE-LOGO.png","contentUrl":"https:\/\/geoune.net\/wp-content\/uploads\/2023\/06\/GEOUNE-LOGO.png","width":500,"height":350,"caption":"Ge'ou NEW ENERGY"},"image":{"@id":"https:\/\/geoune.net\/#\/schema\/logo\/image\/"}}]}},"_links":{"self":[{"href":"https:\/\/geoune.net\/de\/wp-json\/wp\/v2\/product\/1402","targetHints":{"allow":["GET"]}}],"collection":[{"href":"https:\/\/geoune.net\/de\/wp-json\/wp\/v2\/product"}],"about":[{"href":"https:\/\/geoune.net\/de\/wp-json\/wp\/v2\/types\/product"}],"wp:featuredmedia":[{"embeddable":true,"href":"https:\/\/geoune.net\/de\/wp-json\/wp\/v2\/media\/1403"}],"wp:attachment":[{"href":"https:\/\/geoune.net\/de\/wp-json\/wp\/v2\/media?parent=1402"}],"wp:term":[{"taxonomy":"product_brand","embeddable":true,"href":"https:\/\/geoune.net\/de\/wp-json\/wp\/v2\/product_brand?post=1402"},{"taxonomy":"product_cat","embeddable":true,"href":"https:\/\/geoune.net\/de\/wp-json\/wp\/v2\/product_cat?post=1402"},{"taxonomy":"product_tag","embeddable":true,"href":"https:\/\/geoune.net\/de\/wp-json\/wp\/v2\/product_tag?post=1402"}],"curies":[{"name":"wp","href":"https:\/\/api.w.org\/{rel}","templated":true}]}}