{"id":1391,"date":"2023-06-13T07:46:34","date_gmt":"2023-06-13T07:46:34","guid":{"rendered":"https:\/\/geoune.net\/?post_type=product&#038;p=1391"},"modified":"2023-06-15T15:30:50","modified_gmt":"2023-06-15T15:30:50","slug":"100kwh-liquid-cooling-industrialcommercial-energy-storage-system-solution","status":"publish","type":"product","link":"https:\/\/geoune.net\/de\/produkt\/100kwh-liquid-cooling-industrialcommercial-energy-storage-system-solution\/","title":{"rendered":"100-kWh-Fl\u00fcssigkeitsk\u00fchlungsl\u00f6sung f\u00fcr industrielle und gewerbliche Energiespeichersysteme"},"content":{"rendered":"<p><img fetchpriority=\"high\" decoding=\"async\" class=\"aligncenter size-large wp-image-1396\" src=\"https:\/\/geoune.net\/wp-content\/uploads\/2023\/06\/Lithtech-LTC-100kWh-Battery-System-shuileng-3-_02-1024x730.webp\" alt=\"100kWh Liquid Cooling Industrial&amp;Commercial Energy Storage System Solution\" width=\"1024\" height=\"730\" srcset=\"https:\/\/geoune.net\/wp-content\/uploads\/2023\/06\/Lithtech-LTC-100kWh-Battery-System-shuileng-3-_02-1024x730.webp 1024w, https:\/\/geoune.net\/wp-content\/uploads\/2023\/06\/Lithtech-LTC-100kWh-Battery-System-shuileng-3-_02-300x214.webp 300w, https:\/\/geoune.net\/wp-content\/uploads\/2023\/06\/Lithtech-LTC-100kWh-Battery-System-shuileng-3-_02-768x548.webp 768w, https:\/\/geoune.net\/wp-content\/uploads\/2023\/06\/Lithtech-LTC-100kWh-Battery-System-shuileng-3-_02-1536x1095.webp 1536w, https:\/\/geoune.net\/wp-content\/uploads\/2023\/06\/Lithtech-LTC-100kWh-Battery-System-shuileng-3-_02-600x428.webp 600w, https:\/\/geoune.net\/wp-content\/uploads\/2023\/06\/Lithtech-LTC-100kWh-Battery-System-shuileng-3-_02.webp 1869w\" sizes=\"(max-width: 1024px) 100vw, 1024px\" \/> <img decoding=\"async\" class=\"aligncenter wp-image-1397 size-large\" src=\"https:\/\/geoune.net\/wp-content\/uploads\/2023\/06\/Lithtech-LTC-100kWh-Battery-System-shuileng-3-_03-1024x730.webp\" alt=\"100kWh Liquid Cooling Industrial&amp;Commercial Energy Storage System Solution\" width=\"1024\" height=\"730\" srcset=\"https:\/\/geoune.net\/wp-content\/uploads\/2023\/06\/Lithtech-LTC-100kWh-Battery-System-shuileng-3-_03-1024x730.webp 1024w, https:\/\/geoune.net\/wp-content\/uploads\/2023\/06\/Lithtech-LTC-100kWh-Battery-System-shuileng-3-_03-300x214.webp 300w, https:\/\/geoune.net\/wp-content\/uploads\/2023\/06\/Lithtech-LTC-100kWh-Battery-System-shuileng-3-_03-768x548.webp 768w, https:\/\/geoune.net\/wp-content\/uploads\/2023\/06\/Lithtech-LTC-100kWh-Battery-System-shuileng-3-_03-1536x1095.webp 1536w, https:\/\/geoune.net\/wp-content\/uploads\/2023\/06\/Lithtech-LTC-100kWh-Battery-System-shuileng-3-_03-600x428.webp 600w, https:\/\/geoune.net\/wp-content\/uploads\/2023\/06\/Lithtech-LTC-100kWh-Battery-System-shuileng-3-_03.webp 1869w\" sizes=\"(max-width: 1024px) 100vw, 1024px\" \/> <img decoding=\"async\" class=\"aligncenter wp-image-1398 size-large\" src=\"https:\/\/geoune.net\/wp-content\/uploads\/2023\/06\/Lithtech-LTC-100kWh-Battery-System-shuileng-3-_04-1024x730.webp\" alt=\"100kWh Liquid Cooling Industrial&amp;Commercial Energy Storage System Solution\" width=\"1024\" height=\"730\" srcset=\"https:\/\/geoune.net\/wp-content\/uploads\/2023\/06\/Lithtech-LTC-100kWh-Battery-System-shuileng-3-_04-1024x730.webp 1024w, https:\/\/geoune.net\/wp-content\/uploads\/2023\/06\/Lithtech-LTC-100kWh-Battery-System-shuileng-3-_04-300x214.webp 300w, https:\/\/geoune.net\/wp-content\/uploads\/2023\/06\/Lithtech-LTC-100kWh-Battery-System-shuileng-3-_04-768x548.webp 768w, https:\/\/geoune.net\/wp-content\/uploads\/2023\/06\/Lithtech-LTC-100kWh-Battery-System-shuileng-3-_04-1536x1095.webp 1536w, https:\/\/geoune.net\/wp-content\/uploads\/2023\/06\/Lithtech-LTC-100kWh-Battery-System-shuileng-3-_04-600x428.webp 600w, https:\/\/geoune.net\/wp-content\/uploads\/2023\/06\/Lithtech-LTC-100kWh-Battery-System-shuileng-3-_04.webp 1869w\" sizes=\"(max-width: 1024px) 100vw, 1024px\" \/> <img loading=\"lazy\" decoding=\"async\" class=\"aligncenter wp-image-1399 size-large\" src=\"https:\/\/geoune.net\/wp-content\/uploads\/2023\/06\/Lithtech-LTC-100kWh-Battery-System-shuileng-3-_06-1024x730.webp\" alt=\"100kWh Liquid Cooling Industrial&amp;Commercial Energy Storage System Solution\" width=\"1024\" height=\"730\" srcset=\"https:\/\/geoune.net\/wp-content\/uploads\/2023\/06\/Lithtech-LTC-100kWh-Battery-System-shuileng-3-_06-1024x730.webp 1024w, https:\/\/geoune.net\/wp-content\/uploads\/2023\/06\/Lithtech-LTC-100kWh-Battery-System-shuileng-3-_06-300x214.webp 300w, https:\/\/geoune.net\/wp-content\/uploads\/2023\/06\/Lithtech-LTC-100kWh-Battery-System-shuileng-3-_06-768x548.webp 768w, https:\/\/geoune.net\/wp-content\/uploads\/2023\/06\/Lithtech-LTC-100kWh-Battery-System-shuileng-3-_06-1536x1095.webp 1536w, https:\/\/geoune.net\/wp-content\/uploads\/2023\/06\/Lithtech-LTC-100kWh-Battery-System-shuileng-3-_06-600x428.webp 600w, https:\/\/geoune.net\/wp-content\/uploads\/2023\/06\/Lithtech-LTC-100kWh-Battery-System-shuileng-3-_06.webp 1869w\" sizes=\"(max-width: 1024px) 100vw, 1024px\" \/> <img loading=\"lazy\" decoding=\"async\" class=\"aligncenter wp-image-1400 size-large\" src=\"https:\/\/geoune.net\/wp-content\/uploads\/2023\/06\/Lithtech-LTC-100kWh-Battery-System-shuileng-3-_05-1024x730.webp\" alt=\"100kWh Liquid Cooling Industrial&amp;Commercial Energy Storage System Solution\" width=\"1024\" height=\"730\" srcset=\"https:\/\/geoune.net\/wp-content\/uploads\/2023\/06\/Lithtech-LTC-100kWh-Battery-System-shuileng-3-_05-1024x730.webp 1024w, https:\/\/geoune.net\/wp-content\/uploads\/2023\/06\/Lithtech-LTC-100kWh-Battery-System-shuileng-3-_05-300x214.webp 300w, https:\/\/geoune.net\/wp-content\/uploads\/2023\/06\/Lithtech-LTC-100kWh-Battery-System-shuileng-3-_05-768x548.webp 768w, https:\/\/geoune.net\/wp-content\/uploads\/2023\/06\/Lithtech-LTC-100kWh-Battery-System-shuileng-3-_05-1536x1095.webp 1536w, https:\/\/geoune.net\/wp-content\/uploads\/2023\/06\/Lithtech-LTC-100kWh-Battery-System-shuileng-3-_05-600x428.webp 600w, https:\/\/geoune.net\/wp-content\/uploads\/2023\/06\/Lithtech-LTC-100kWh-Battery-System-shuileng-3-_05.webp 1869w\" sizes=\"(max-width: 1024px) 100vw, 1024px\" \/><\/p>","protected":false},"excerpt":{"rendered":"<p>Geoune Energy bietet hochsichere und zuverl\u00e4ssige Energiespeicherl\u00f6sungen sowie die Integration von Batteriemodulen, PCS, Steuerungssystemen, Brandbek\u00e4mpfungssystemen, K\u00fchlsystemen und \u00dcberwachungssystemen aus einer Hand, um durch Synergie aller Systemkomponenten und des gesamten Systems Strom effektiv zu laden und zu entladen Plug-and-Play-Funktion, die den Transport, die Installation und die Wartung erleichtert.<\/p>","protected":false},"featured_media":1392,"template":"","meta":{"site-sidebar-layout":"default","site-content-layout":"default","ast-site-content-layout":"default","site-content-style":"default","site-sidebar-style":"default","ast-global-header-display":"","ast-banner-title-visibility":"","ast-main-header-display":"","ast-hfb-above-header-display":"","ast-hfb-below-header-display":"","ast-hfb-mobile-header-display":"","site-post-title":"","ast-breadcrumbs-content":"","ast-featured-img":"","footer-sml-layout":"","theme-transparent-header-meta":"default","adv-header-id-meta":"","stick-header-meta":"","header-above-stick-meta":"","header-main-stick-meta":"","header-below-stick-meta":"","astra-migrate-meta-layouts":"default","ast-page-background-enabled":"default","ast-page-background-meta":{"desktop":{"background-color":"","background-image":"","background-repeat":"repeat","background-position":"center center","background-size":"auto","background-attachment":"scroll","background-type":"","background-media":"","overlay-type":"","overlay-color":"","overlay-opacity":"","overlay-gradient":""},"tablet":{"background-color":"","background-image":"","background-repeat":"repeat","background-position":"center center","background-size":"auto","background-attachment":"scroll","background-type":"","background-media":"","overlay-type":"","overlay-color":"","overlay-opacity":"","overlay-gradient":""},"mobile":{"background-color":"","background-image":"","background-repeat":"repeat","background-position":"center center","background-size":"auto","background-attachment":"scroll","background-type":"","background-media":"","overlay-type":"","overlay-color":"","overlay-opacity":"","overlay-gradient":""}},"ast-content-background-meta":{"desktop":{"background-color":"var(--ast-global-color-5)","background-image":"","background-repeat":"repeat","background-position":"center center","background-size":"auto","background-attachment":"scroll","background-type":"","background-media":"","overlay-type":"","overlay-color":"","overlay-opacity":"","overlay-gradient":""},"tablet":{"background-color":"var(--ast-global-color-5)","background-image":"","background-repeat":"repeat","background-position":"center center","background-size":"auto","background-attachment":"scroll","background-type":"","background-media":"","overlay-type":"","overlay-color":"","overlay-opacity":"","overlay-gradient":""},"mobile":{"background-color":"var(--ast-global-color-5)","background-image":"","background-repeat":"repeat","background-position":"center center","background-size":"auto","background-attachment":"scroll","background-type":"","background-media":"","overlay-type":"","overlay-color":"","overlay-opacity":"","overlay-gradient":""}}},"product_brand":[],"product_cat":[22,28],"product_tag":[],"class_list":{"0":"post-1391","1":"product","2":"type-product","3":"status-publish","4":"has-post-thumbnail","6":"product_cat-lithium-ion-battery","7":"product_cat-lt-series","8":"desktop-align-left","9":"tablet-align-left","10":"mobile-align-left","12":"first","13":"instock","14":"shipping-taxable","15":"product-type-simple"},"yoast_head":"<!-- This site is optimized with the Yoast SEO Premium plugin v20.11 (Yoast SEO v22.7) - https:\/\/yoast.com\/wordpress\/plugins\/seo\/ -->\n<title>100kWh Liquid Cooling Industrial&amp;Commercial Energy Storage System Solution - Ge&#039;ou NEW ENERGY<\/title>\n<meta name=\"description\" content=\"Ge&#039;ou New Energy is an integrated energy group that specializes in clean and new energy on lithium ion battery products.\" \/>\n<meta name=\"robots\" content=\"index, follow, max-snippet:-1, max-image-preview:large, max-video-preview:-1\" \/>\n<link rel=\"canonical\" href=\"https:\/\/geoune.net\/de\/produkt\/100kwh-liquid-cooling-industrialcommercial-energy-storage-system-solution\/\" \/>\n<meta property=\"og:locale\" content=\"de_DE\" \/>\n<meta property=\"og:type\" content=\"article\" \/>\n<meta property=\"og:title\" content=\"100kWh Liquid Cooling Industrial&amp;Commercial Energy Storage System Solution\" \/>\n<meta property=\"og:description\" content=\"Ge&#039;ou New Energy is an integrated energy group that specializes in clean and new energy on lithium ion battery products.\" \/>\n<meta property=\"og:url\" content=\"https:\/\/geoune.net\/de\/produkt\/100kwh-liquid-cooling-industrialcommercial-energy-storage-system-solution\/\" \/>\n<meta property=\"og:site_name\" content=\"Ge&#039;ou NEW ENERGY\" \/>\n<meta property=\"article:modified_time\" content=\"2023-06-15T15:30:50+00:00\" \/>\n<meta property=\"og:image\" content=\"https:\/\/geoune.net\/wp-content\/uploads\/2023\/06\/untitled-1-scaled.webp\" \/>\n\t<meta property=\"og:image:width\" content=\"2432\" \/>\n\t<meta property=\"og:image:height\" content=\"2560\" \/>\n\t<meta property=\"og:image:type\" content=\"image\/webp\" \/>\n<meta name=\"twitter:card\" content=\"summary_large_image\" \/>\n<script type=\"application\/ld+json\" class=\"yoast-schema-graph\">{\"@context\":\"https:\/\/schema.org\",\"@graph\":[{\"@type\":\"WebPage\",\"@id\":\"https:\/\/geoune.net\/product\/100kwh-liquid-cooling-industrialcommercial-energy-storage-system-solution\/\",\"url\":\"https:\/\/geoune.net\/product\/100kwh-liquid-cooling-industrialcommercial-energy-storage-system-solution\/\",\"name\":\"100kWh Liquid Cooling Industrial&Commercial Energy Storage System Solution - Ge&#039;ou NEW ENERGY\",\"isPartOf\":{\"@id\":\"https:\/\/geoune.net\/#website\"},\"primaryImageOfPage\":{\"@id\":\"https:\/\/geoune.net\/product\/100kwh-liquid-cooling-industrialcommercial-energy-storage-system-solution\/#primaryimage\"},\"image\":{\"@id\":\"https:\/\/geoune.net\/product\/100kwh-liquid-cooling-industrialcommercial-energy-storage-system-solution\/#primaryimage\"},\"thumbnailUrl\":\"https:\/\/geoune.net\/wp-content\/uploads\/2023\/06\/untitled-1-scaled.webp\",\"datePublished\":\"2023-06-13T07:46:34+00:00\",\"dateModified\":\"2023-06-15T15:30:50+00:00\",\"description\":\"Ge'ou New Energy is an integrated energy group that specializes in clean and new energy on lithium ion battery products.\",\"breadcrumb\":{\"@id\":\"https:\/\/geoune.net\/product\/100kwh-liquid-cooling-industrialcommercial-energy-storage-system-solution\/#breadcrumb\"},\"inLanguage\":\"de\",\"potentialAction\":[{\"@type\":\"ReadAction\",\"target\":[\"https:\/\/geoune.net\/product\/100kwh-liquid-cooling-industrialcommercial-energy-storage-system-solution\/\"]}]},{\"@type\":\"ImageObject\",\"inLanguage\":\"de\",\"@id\":\"https:\/\/geoune.net\/product\/100kwh-liquid-cooling-industrialcommercial-energy-storage-system-solution\/#primaryimage\",\"url\":\"https:\/\/geoune.net\/wp-content\/uploads\/2023\/06\/untitled-1-scaled.webp\",\"contentUrl\":\"https:\/\/geoune.net\/wp-content\/uploads\/2023\/06\/untitled-1-scaled.webp\",\"width\":2432,\"height\":2560,\"caption\":\"100kWh Liquid Cooling Industrial&Commercial Energy Storage System Solution\"},{\"@type\":\"BreadcrumbList\",\"@id\":\"https:\/\/geoune.net\/product\/100kwh-liquid-cooling-industrialcommercial-energy-storage-system-solution\/#breadcrumb\",\"itemListElement\":[{\"@type\":\"ListItem\",\"position\":1,\"name\":\"\u9996\u9875\",\"item\":\"https:\/\/geoune.net\/\"},{\"@type\":\"ListItem\",\"position\":2,\"name\":\"Products\",\"item\":\"https:\/\/geoune.net\/shop\/\"},{\"@type\":\"ListItem\",\"position\":3,\"name\":\"100kWh Liquid Cooling Industrial&#038;Commercial Energy Storage System Solution\"}]},{\"@type\":\"WebSite\",\"@id\":\"https:\/\/geoune.net\/#website\",\"url\":\"https:\/\/geoune.net\/\",\"name\":\"Ge'ou NEW ENERGY\",\"description\":\"Ge&#039;ou New Energy is an integrated energy group that specializes in clean and new energy on lithium ion battery products.\",\"publisher\":{\"@id\":\"https:\/\/geoune.net\/#organization\"},\"alternateName\":\"OEM Lithium ion Battery Products Manufacturer | Ge'ou New Energy\",\"potentialAction\":[{\"@type\":\"SearchAction\",\"target\":{\"@type\":\"EntryPoint\",\"urlTemplate\":\"https:\/\/geoune.net\/?s={search_term_string}\"},\"query-input\":\"required name=search_term_string\"}],\"inLanguage\":\"de\"},{\"@type\":\"Organization\",\"@id\":\"https:\/\/geoune.net\/#organization\",\"name\":\"Ge'ou NEW ENERGY\",\"url\":\"https:\/\/geoune.net\/\",\"logo\":{\"@type\":\"ImageObject\",\"inLanguage\":\"de\",\"@id\":\"https:\/\/geoune.net\/#\/schema\/logo\/image\/\",\"url\":\"https:\/\/geoune.net\/wp-content\/uploads\/2023\/06\/GEOUNE-LOGO.png\",\"contentUrl\":\"https:\/\/geoune.net\/wp-content\/uploads\/2023\/06\/GEOUNE-LOGO.png\",\"width\":500,\"height\":350,\"caption\":\"Ge'ou NEW ENERGY\"},\"image\":{\"@id\":\"https:\/\/geoune.net\/#\/schema\/logo\/image\/\"}}]}<\/script>\n<!-- \/ Yoast SEO Premium plugin. -->","yoast_head_json":{"title":"100kWh Liquid Cooling Industrial&Commercial Energy Storage System Solution - Ge&#039;ou NEW ENERGY","description":"Ge'ou New Energy is an integrated energy group that specializes in clean and new energy on lithium ion battery products.","robots":{"index":"index","follow":"follow","max-snippet":"max-snippet:-1","max-image-preview":"max-image-preview:large","max-video-preview":"max-video-preview:-1"},"canonical":"https:\/\/geoune.net\/de\/produkt\/100kwh-liquid-cooling-industrialcommercial-energy-storage-system-solution\/","og_locale":"de_DE","og_type":"article","og_title":"100kWh Liquid Cooling Industrial&Commercial Energy Storage System Solution","og_description":"Ge'ou New Energy is an integrated energy group that specializes in clean and new energy on lithium ion battery products.","og_url":"https:\/\/geoune.net\/de\/produkt\/100kwh-liquid-cooling-industrialcommercial-energy-storage-system-solution\/","og_site_name":"Ge&#039;ou NEW ENERGY","article_modified_time":"2023-06-15T15:30:50+00:00","og_image":[{"width":2432,"height":2560,"url":"https:\/\/geoune.net\/wp-content\/uploads\/2023\/06\/untitled-1-scaled.webp","type":"image\/webp"}],"twitter_card":"summary_large_image","schema":{"@context":"https:\/\/schema.org","@graph":[{"@type":"WebPage","@id":"https:\/\/geoune.net\/product\/100kwh-liquid-cooling-industrialcommercial-energy-storage-system-solution\/","url":"https:\/\/geoune.net\/product\/100kwh-liquid-cooling-industrialcommercial-energy-storage-system-solution\/","name":"100kWh Liquid Cooling Industrial&Commercial Energy Storage System Solution - Ge&#039;ou NEW ENERGY","isPartOf":{"@id":"https:\/\/geoune.net\/#website"},"primaryImageOfPage":{"@id":"https:\/\/geoune.net\/product\/100kwh-liquid-cooling-industrialcommercial-energy-storage-system-solution\/#primaryimage"},"image":{"@id":"https:\/\/geoune.net\/product\/100kwh-liquid-cooling-industrialcommercial-energy-storage-system-solution\/#primaryimage"},"thumbnailUrl":"https:\/\/geoune.net\/wp-content\/uploads\/2023\/06\/untitled-1-scaled.webp","datePublished":"2023-06-13T07:46:34+00:00","dateModified":"2023-06-15T15:30:50+00:00","description":"Ge'ou New Energy is an integrated energy group that specializes in clean and new energy on lithium ion battery products.","breadcrumb":{"@id":"https:\/\/geoune.net\/product\/100kwh-liquid-cooling-industrialcommercial-energy-storage-system-solution\/#breadcrumb"},"inLanguage":"de","potentialAction":[{"@type":"ReadAction","target":["https:\/\/geoune.net\/product\/100kwh-liquid-cooling-industrialcommercial-energy-storage-system-solution\/"]}]},{"@type":"ImageObject","inLanguage":"de","@id":"https:\/\/geoune.net\/product\/100kwh-liquid-cooling-industrialcommercial-energy-storage-system-solution\/#primaryimage","url":"https:\/\/geoune.net\/wp-content\/uploads\/2023\/06\/untitled-1-scaled.webp","contentUrl":"https:\/\/geoune.net\/wp-content\/uploads\/2023\/06\/untitled-1-scaled.webp","width":2432,"height":2560,"caption":"100kWh Liquid Cooling Industrial&Commercial Energy Storage System Solution"},{"@type":"BreadcrumbList","@id":"https:\/\/geoune.net\/product\/100kwh-liquid-cooling-industrialcommercial-energy-storage-system-solution\/#breadcrumb","itemListElement":[{"@type":"ListItem","position":1,"name":"\u9996\u9875","item":"https:\/\/geoune.net\/"},{"@type":"ListItem","position":2,"name":"Products","item":"https:\/\/geoune.net\/shop\/"},{"@type":"ListItem","position":3,"name":"100kWh Liquid Cooling Industrial&#038;Commercial Energy Storage System Solution"}]},{"@type":"WebSite","@id":"https:\/\/geoune.net\/#website","url":"https:\/\/geoune.net\/","name":"Ge'ou NEW ENERGY","description":"Ge&#039;ou New Energy is an integrated energy group that specializes in clean and new energy on lithium ion battery products.","publisher":{"@id":"https:\/\/geoune.net\/#organization"},"alternateName":"OEM Lithium ion Battery Products Manufacturer | Ge'ou New Energy","potentialAction":[{"@type":"SearchAction","target":{"@type":"EntryPoint","urlTemplate":"https:\/\/geoune.net\/?s={search_term_string}"},"query-input":"required name=search_term_string"}],"inLanguage":"de"},{"@type":"Organization","@id":"https:\/\/geoune.net\/#organization","name":"Ge'ou NEW ENERGY","url":"https:\/\/geoune.net\/","logo":{"@type":"ImageObject","inLanguage":"de","@id":"https:\/\/geoune.net\/#\/schema\/logo\/image\/","url":"https:\/\/geoune.net\/wp-content\/uploads\/2023\/06\/GEOUNE-LOGO.png","contentUrl":"https:\/\/geoune.net\/wp-content\/uploads\/2023\/06\/GEOUNE-LOGO.png","width":500,"height":350,"caption":"Ge'ou NEW ENERGY"},"image":{"@id":"https:\/\/geoune.net\/#\/schema\/logo\/image\/"}}]}},"_links":{"self":[{"href":"https:\/\/geoune.net\/de\/wp-json\/wp\/v2\/product\/1391","targetHints":{"allow":["GET"]}}],"collection":[{"href":"https:\/\/geoune.net\/de\/wp-json\/wp\/v2\/product"}],"about":[{"href":"https:\/\/geoune.net\/de\/wp-json\/wp\/v2\/types\/product"}],"wp:featuredmedia":[{"embeddable":true,"href":"https:\/\/geoune.net\/de\/wp-json\/wp\/v2\/media\/1392"}],"wp:attachment":[{"href":"https:\/\/geoune.net\/de\/wp-json\/wp\/v2\/media?parent=1391"}],"wp:term":[{"taxonomy":"product_brand","embeddable":true,"href":"https:\/\/geoune.net\/de\/wp-json\/wp\/v2\/product_brand?post=1391"},{"taxonomy":"product_cat","embeddable":true,"href":"https:\/\/geoune.net\/de\/wp-json\/wp\/v2\/product_cat?post=1391"},{"taxonomy":"product_tag","embeddable":true,"href":"https:\/\/geoune.net\/de\/wp-json\/wp\/v2\/product_tag?post=1391"}],"curies":[{"name":"wp","href":"https:\/\/api.w.org\/{rel}","templated":true}]}}