{"id":1375,"date":"2023-06-13T07:25:45","date_gmt":"2023-06-13T07:25:45","guid":{"rendered":"https:\/\/geoune.net\/?post_type=product&#038;p=1375"},"modified":"2023-06-15T15:10:25","modified_gmt":"2023-06-15T15:10:25","slug":"golf-cart-51-2v-105ah-lithium-iron-phosphate-battery-16s1p-golf-cart-battery","status":"publish","type":"product","link":"https:\/\/geoune.net\/de\/produkt\/golf-cart-51-2v-105ah-lithium-iron-phosphate-battery-16s1p-golf-cart-battery\/","title":{"rendered":"Golfwagen 51,2 V 105 Ah Lithium-Eisenphosphat-Batterie 16S1P Golfwagen-Batterie"},"content":{"rendered":"<div class=\"sliderTable mt10 mb10 sliderTable-index0 change-to-org\">\n<div class=\"inner\">\n<table>\n<tbody>\n<tr class=\"firstRow\">\n<td style=\"text-align: center;\" colspan=\"2\" rowspan=\"1\" valign=\"top\">\u00a0 \u00a0 \u00a0<strong> Geoune 51,2 V 105 Ah Golfwagen Lifepo4 Lithium-Batterie<\/strong><\/td>\n<\/tr>\n<tr>\n<td valign=\"top\" width=\"186\">Modellname :<\/td>\n<td valign=\"top\" width=\"670\">51,2 V 105 A Golfwagenbatterie<\/td>\n<\/tr>\n<tr>\n<td valign=\"top\" width=\"186\">Nominale Kapazit\u00e4t:<\/td>\n<td valign=\"top\" width=\"670\">105Ah<\/td>\n<\/tr>\n<tr>\n<td valign=\"top\" width=\"186\">Nennspannung:<\/td>\n<td valign=\"top\" width=\"670\">51,2V<\/td>\n<\/tr>\n<tr>\n<td valign=\"top\" width=\"186\">Lebensdauer:<\/td>\n<td valign=\"top\" width=\"670\">Mehr als 3000 Zyklen bei 80% DOD<\/td>\n<\/tr>\n<tr>\n<td valign=\"top\" width=\"186\">Gr\u00f6\u00dfe:<\/td>\n<td valign=\"top\" width=\"670\">360*285*280mm<\/td>\n<\/tr>\n<tr>\n<td valign=\"top\" width=\"186\">Reingewicht:<\/td>\n<td valign=\"top\" width=\"670\">48 kg<\/td>\n<\/tr>\n<tr>\n<td valign=\"top\" width=\"186\">Lademethode:<\/td>\n<td valign=\"top\" width=\"670\">CC CV<\/td>\n<\/tr>\n<tr>\n<td valign=\"top\" width=\"186\">Maximale Ladespannung<\/td>\n<td valign=\"top\" width=\"670\">58,4 V<\/td>\n<\/tr>\n<tr>\n<td colspan=\"1\" rowspan=\"1\" valign=\"top\">Dauerladestrom:<\/td>\n<td colspan=\"1\" rowspan=\"1\" valign=\"top\">Maximal 100A<\/td>\n<\/tr>\n<tr>\n<td colspan=\"1\" rowspan=\"1\" valign=\"top\">Ladetemperatur:<\/td>\n<td colspan=\"1\" rowspan=\"1\" valign=\"top\">0\u2103~45\u2103<\/td>\n<\/tr>\n<tr>\n<td colspan=\"1\" rowspan=\"1\" valign=\"top\">Dauerentladestrom:<\/td>\n<td colspan=\"1\" rowspan=\"1\" valign=\"top\">Maximal 100A<\/td>\n<\/tr>\n<tr>\n<td colspan=\"1\" rowspan=\"1\" valign=\"top\">Spitzen-Sofortentladestrom:<\/td>\n<td colspan=\"1\" rowspan=\"1\" valign=\"top\">260A<\/td>\n<\/tr>\n<tr>\n<td colspan=\"1\" rowspan=\"1\" valign=\"top\">Entladeschlussspannung:<\/td>\n<td colspan=\"1\" rowspan=\"1\" valign=\"top\">40V<\/td>\n<\/tr>\n<tr>\n<td colspan=\"1\" rowspan=\"1\" valign=\"top\">Entladungstemperatur:<\/td>\n<td colspan=\"1\" rowspan=\"1\" valign=\"top\">-20\u2103~65\u2103<\/td>\n<\/tr>\n<tr>\n<td colspan=\"1\" rowspan=\"1\" valign=\"top\">Lagertemperatur:<\/td>\n<td colspan=\"1\" rowspan=\"1\" valign=\"top\">-20\u2103~45\u2103<\/td>\n<\/tr>\n<tr>\n<td colspan=\"1\" rowspan=\"1\" valign=\"top\">Selbstentladung (gespeichert bei 50% SOC)<\/td>\n<td colspan=\"1\" rowspan=\"1\" valign=\"top\">\u22643%\/Monat<\/td>\n<\/tr>\n<tr>\n<td valign=\"top\" width=\"186\">Optionale Funktion<\/td>\n<td valign=\"top\" width=\"670\">Bluetooth Verf\u00fcgbar auf IOS oder Android<\/td>\n<\/tr>\n<\/tbody>\n<\/table>\n<\/div>\n<\/div>\n<p><strong>Warnung!<\/strong><\/p>\n<ul>\n<li>l Werfen Sie die Batterie niemals ins Wasser, sondern bewahren Sie sie an einem trockenen, schattigen und k\u00fchlen Ort auf, wenn Sie sie nicht verwenden.<\/li>\n<li>l Stellen Sie niemals das Positive und das Negative auf den Kopf.<\/li>\n<li>l Verbinden Sie niemals den Plus- und Minuspol der Batterie mit Metall.<\/li>\n<li>l Versenden oder lagern Sie die Batterie niemals zusammen mit Metall<\/li>\n<li>l Sto\u00dfen, werfen oder trampeln Sie niemals auf die Batterie.<\/li>\n<li>l Schneiden Sie die Batterie niemals mit einem Nagel oder einem anderen Kantenwerkzeug durch.<\/li>\n<\/ul>\n<p><img fetchpriority=\"high\" decoding=\"async\" class=\"wp-image-1380 size-full alignleft\" src=\"https:\/\/geoune.net\/wp-content\/uploads\/2023\/06\/48V-golf-cart-battery.webp\" alt=\"48V-golf-cart-battery\" width=\"800\" height=\"600\" srcset=\"https:\/\/geoune.net\/wp-content\/uploads\/2023\/06\/48V-golf-cart-battery.webp 800w, https:\/\/geoune.net\/wp-content\/uploads\/2023\/06\/48V-golf-cart-battery-300x225.webp 300w, https:\/\/geoune.net\/wp-content\/uploads\/2023\/06\/48V-golf-cart-battery-768x576.webp 768w, https:\/\/geoune.net\/wp-content\/uploads\/2023\/06\/48V-golf-cart-battery-600x450.webp 600w\" sizes=\"(max-width: 800px) 100vw, 800px\" \/><\/p>","protected":false},"excerpt":{"rendered":"<p>*Attraktive Lebensdauer *Erweiterte Sicherheitsleistung *Gro\u00dfer Betriebstemperaturbereich *Konkurrenzlose Hochtemperaturleistung *Gr\u00fcne Energie ohne Metallverunreinigungen *Hohe Kapazit\u00e4t *Konstante Ausgangsspannung *Geringe Selbstentladung *Doppelter Sicherheitsschutz *Widersteht sehr starken Vibrationen und St\u00f6\u00dfen<\/p>","protected":false},"featured_media":1379,"template":"","meta":{"site-sidebar-layout":"default","site-content-layout":"default","ast-site-content-layout":"default","site-content-style":"default","site-sidebar-style":"default","ast-global-header-display":"","ast-banner-title-visibility":"","ast-main-header-display":"","ast-hfb-above-header-display":"","ast-hfb-below-header-display":"","ast-hfb-mobile-header-display":"","site-post-title":"","ast-breadcrumbs-content":"","ast-featured-img":"","footer-sml-layout":"","theme-transparent-header-meta":"default","adv-header-id-meta":"","stick-header-meta":"","header-above-stick-meta":"","header-main-stick-meta":"","header-below-stick-meta":"","astra-migrate-meta-layouts":"default","ast-page-background-enabled":"default","ast-page-background-meta":{"desktop":{"background-color":"","background-image":"","background-repeat":"repeat","background-position":"center center","background-size":"auto","background-attachment":"scroll","background-type":"","background-media":"","overlay-type":"","overlay-color":"","overlay-opacity":"","overlay-gradient":""},"tablet":{"background-color":"","background-image":"","background-repeat":"repeat","background-position":"center center","background-size":"auto","background-attachment":"scroll","background-type":"","background-media":"","overlay-type":"","overlay-color":"","overlay-opacity":"","overlay-gradient":""},"mobile":{"background-color":"","background-image":"","background-repeat":"repeat","background-position":"center center","background-size":"auto","background-attachment":"scroll","background-type":"","background-media":"","overlay-type":"","overlay-color":"","overlay-opacity":"","overlay-gradient":""}},"ast-content-background-meta":{"desktop":{"background-color":"var(--ast-global-color-5)","background-image":"","background-repeat":"repeat","background-position":"center center","background-size":"auto","background-attachment":"scroll","background-type":"","background-media":"","overlay-type":"","overlay-color":"","overlay-opacity":"","overlay-gradient":""},"tablet":{"background-color":"var(--ast-global-color-5)","background-image":"","background-repeat":"repeat","background-position":"center center","background-size":"auto","background-attachment":"scroll","background-type":"","background-media":"","overlay-type":"","overlay-color":"","overlay-opacity":"","overlay-gradient":""},"mobile":{"background-color":"var(--ast-global-color-5)","background-image":"","background-repeat":"repeat","background-position":"center center","background-size":"auto","background-attachment":"scroll","background-type":"","background-media":"","overlay-type":"","overlay-color":"","overlay-opacity":"","overlay-gradient":""}}},"product_brand":[],"product_cat":[22,28],"product_tag":[],"class_list":{"0":"post-1375","1":"product","2":"type-product","3":"status-publish","4":"has-post-thumbnail","6":"product_cat-lithium-ion-battery","7":"product_cat-lt-series","8":"desktop-align-left","9":"tablet-align-left","10":"mobile-align-left","12":"first","13":"instock","14":"shipping-taxable","15":"product-type-simple"},"yoast_head":"<!-- This site is optimized with the Yoast SEO Premium plugin v20.11 (Yoast SEO v22.7) - https:\/\/yoast.com\/wordpress\/plugins\/seo\/ -->\n<title>Golf Cart 51.2V 105Ah Lithium Iron Phosphate Battery 16S1P Golf Cart Battery - Ge&#039;ou NEW ENERGY<\/title>\n<meta name=\"description\" content=\"Ge&#039;ou New Energy is an integrated energy group that specializes in clean and new energy on lithium ion battery products.\" \/>\n<meta name=\"robots\" content=\"index, follow, max-snippet:-1, max-image-preview:large, max-video-preview:-1\" \/>\n<link rel=\"canonical\" href=\"https:\/\/geoune.net\/de\/produkt\/golf-cart-51-2v-105ah-lithium-iron-phosphate-battery-16s1p-golf-cart-battery\/\" \/>\n<meta property=\"og:locale\" content=\"de_DE\" \/>\n<meta property=\"og:type\" content=\"article\" \/>\n<meta property=\"og:title\" content=\"Golf Cart 51.2V 105Ah Lithium Iron Phosphate Battery 16S1P Golf Cart Battery\" \/>\n<meta property=\"og:description\" content=\"Ge&#039;ou New Energy is an integrated energy group that specializes in clean and new energy on lithium ion battery products.\" \/>\n<meta property=\"og:url\" content=\"https:\/\/geoune.net\/de\/produkt\/golf-cart-51-2v-105ah-lithium-iron-phosphate-battery-16s1p-golf-cart-battery\/\" \/>\n<meta property=\"og:site_name\" content=\"Ge&#039;ou NEW ENERGY\" \/>\n<meta property=\"article:modified_time\" content=\"2023-06-15T15:10:25+00:00\" \/>\n<meta property=\"og:image\" content=\"https:\/\/geoune.net\/wp-content\/uploads\/2023\/06\/tuceng.webp\" \/>\n\t<meta property=\"og:image:width\" content=\"800\" \/>\n\t<meta property=\"og:image:height\" content=\"800\" \/>\n\t<meta property=\"og:image:type\" content=\"image\/webp\" \/>\n<meta name=\"twitter:card\" content=\"summary_large_image\" \/>\n<meta name=\"twitter:label1\" content=\"Gesch\u00e4tzte Lesezeit\" \/>\n\t<meta name=\"twitter:data1\" content=\"1\u00a0Minute\" \/>\n<script type=\"application\/ld+json\" class=\"yoast-schema-graph\">{\"@context\":\"https:\/\/schema.org\",\"@graph\":[{\"@type\":\"WebPage\",\"@id\":\"https:\/\/geoune.net\/product\/golf-cart-51-2v-105ah-lithium-iron-phosphate-battery-16s1p-golf-cart-battery\/\",\"url\":\"https:\/\/geoune.net\/product\/golf-cart-51-2v-105ah-lithium-iron-phosphate-battery-16s1p-golf-cart-battery\/\",\"name\":\"Golf Cart 51.2V 105Ah Lithium Iron Phosphate Battery 16S1P Golf Cart Battery - Ge&#039;ou NEW ENERGY\",\"isPartOf\":{\"@id\":\"https:\/\/geoune.net\/#website\"},\"primaryImageOfPage\":{\"@id\":\"https:\/\/geoune.net\/product\/golf-cart-51-2v-105ah-lithium-iron-phosphate-battery-16s1p-golf-cart-battery\/#primaryimage\"},\"image\":{\"@id\":\"https:\/\/geoune.net\/product\/golf-cart-51-2v-105ah-lithium-iron-phosphate-battery-16s1p-golf-cart-battery\/#primaryimage\"},\"thumbnailUrl\":\"https:\/\/geoune.net\/wp-content\/uploads\/2023\/06\/tuceng.webp\",\"datePublished\":\"2023-06-13T07:25:45+00:00\",\"dateModified\":\"2023-06-15T15:10:25+00:00\",\"description\":\"Ge'ou New Energy is an integrated energy group that specializes in clean and new energy on lithium ion battery products.\",\"breadcrumb\":{\"@id\":\"https:\/\/geoune.net\/product\/golf-cart-51-2v-105ah-lithium-iron-phosphate-battery-16s1p-golf-cart-battery\/#breadcrumb\"},\"inLanguage\":\"de\",\"potentialAction\":[{\"@type\":\"ReadAction\",\"target\":[\"https:\/\/geoune.net\/product\/golf-cart-51-2v-105ah-lithium-iron-phosphate-battery-16s1p-golf-cart-battery\/\"]}]},{\"@type\":\"ImageObject\",\"inLanguage\":\"de\",\"@id\":\"https:\/\/geoune.net\/product\/golf-cart-51-2v-105ah-lithium-iron-phosphate-battery-16s1p-golf-cart-battery\/#primaryimage\",\"url\":\"https:\/\/geoune.net\/wp-content\/uploads\/2023\/06\/tuceng.webp\",\"contentUrl\":\"https:\/\/geoune.net\/wp-content\/uploads\/2023\/06\/tuceng.webp\",\"width\":800,\"height\":800,\"caption\":\"GEOUNE\"},{\"@type\":\"BreadcrumbList\",\"@id\":\"https:\/\/geoune.net\/product\/golf-cart-51-2v-105ah-lithium-iron-phosphate-battery-16s1p-golf-cart-battery\/#breadcrumb\",\"itemListElement\":[{\"@type\":\"ListItem\",\"position\":1,\"name\":\"\u9996\u9875\",\"item\":\"https:\/\/geoune.net\/\"},{\"@type\":\"ListItem\",\"position\":2,\"name\":\"Products\",\"item\":\"https:\/\/geoune.net\/shop\/\"},{\"@type\":\"ListItem\",\"position\":3,\"name\":\"Golf Cart 51.2V 105Ah Lithium Iron Phosphate Battery 16S1P Golf Cart Battery\"}]},{\"@type\":\"WebSite\",\"@id\":\"https:\/\/geoune.net\/#website\",\"url\":\"https:\/\/geoune.net\/\",\"name\":\"Ge'ou NEW ENERGY\",\"description\":\"Ge&#039;ou New Energy is an integrated energy group that specializes in clean and new energy on lithium ion battery products.\",\"publisher\":{\"@id\":\"https:\/\/geoune.net\/#organization\"},\"alternateName\":\"OEM Lithium ion Battery Products Manufacturer | Ge'ou New Energy\",\"potentialAction\":[{\"@type\":\"SearchAction\",\"target\":{\"@type\":\"EntryPoint\",\"urlTemplate\":\"https:\/\/geoune.net\/?s={search_term_string}\"},\"query-input\":\"required name=search_term_string\"}],\"inLanguage\":\"de\"},{\"@type\":\"Organization\",\"@id\":\"https:\/\/geoune.net\/#organization\",\"name\":\"Ge'ou NEW ENERGY\",\"url\":\"https:\/\/geoune.net\/\",\"logo\":{\"@type\":\"ImageObject\",\"inLanguage\":\"de\",\"@id\":\"https:\/\/geoune.net\/#\/schema\/logo\/image\/\",\"url\":\"https:\/\/geoune.net\/wp-content\/uploads\/2023\/06\/GEOUNE-LOGO.png\",\"contentUrl\":\"https:\/\/geoune.net\/wp-content\/uploads\/2023\/06\/GEOUNE-LOGO.png\",\"width\":500,\"height\":350,\"caption\":\"Ge'ou NEW ENERGY\"},\"image\":{\"@id\":\"https:\/\/geoune.net\/#\/schema\/logo\/image\/\"}}]}<\/script>\n<!-- \/ Yoast SEO Premium plugin. -->","yoast_head_json":{"title":"Golf Cart 51.2V 105Ah Lithium Iron Phosphate Battery 16S1P Golf Cart Battery - Ge&#039;ou NEW ENERGY","description":"Ge'ou New Energy is an integrated energy group that specializes in clean and new energy on lithium ion battery products.","robots":{"index":"index","follow":"follow","max-snippet":"max-snippet:-1","max-image-preview":"max-image-preview:large","max-video-preview":"max-video-preview:-1"},"canonical":"https:\/\/geoune.net\/de\/produkt\/golf-cart-51-2v-105ah-lithium-iron-phosphate-battery-16s1p-golf-cart-battery\/","og_locale":"de_DE","og_type":"article","og_title":"Golf Cart 51.2V 105Ah Lithium Iron Phosphate Battery 16S1P Golf Cart Battery","og_description":"Ge'ou New Energy is an integrated energy group that specializes in clean and new energy on lithium ion battery products.","og_url":"https:\/\/geoune.net\/de\/produkt\/golf-cart-51-2v-105ah-lithium-iron-phosphate-battery-16s1p-golf-cart-battery\/","og_site_name":"Ge&#039;ou NEW ENERGY","article_modified_time":"2023-06-15T15:10:25+00:00","og_image":[{"width":800,"height":800,"url":"https:\/\/geoune.net\/wp-content\/uploads\/2023\/06\/tuceng.webp","type":"image\/webp"}],"twitter_card":"summary_large_image","twitter_misc":{"Gesch\u00e4tzte Lesezeit":"1\u00a0Minute"},"schema":{"@context":"https:\/\/schema.org","@graph":[{"@type":"WebPage","@id":"https:\/\/geoune.net\/product\/golf-cart-51-2v-105ah-lithium-iron-phosphate-battery-16s1p-golf-cart-battery\/","url":"https:\/\/geoune.net\/product\/golf-cart-51-2v-105ah-lithium-iron-phosphate-battery-16s1p-golf-cart-battery\/","name":"Golf Cart 51.2V 105Ah Lithium Iron Phosphate Battery 16S1P Golf Cart Battery - Ge&#039;ou NEW ENERGY","isPartOf":{"@id":"https:\/\/geoune.net\/#website"},"primaryImageOfPage":{"@id":"https:\/\/geoune.net\/product\/golf-cart-51-2v-105ah-lithium-iron-phosphate-battery-16s1p-golf-cart-battery\/#primaryimage"},"image":{"@id":"https:\/\/geoune.net\/product\/golf-cart-51-2v-105ah-lithium-iron-phosphate-battery-16s1p-golf-cart-battery\/#primaryimage"},"thumbnailUrl":"https:\/\/geoune.net\/wp-content\/uploads\/2023\/06\/tuceng.webp","datePublished":"2023-06-13T07:25:45+00:00","dateModified":"2023-06-15T15:10:25+00:00","description":"Ge'ou New Energy is an integrated energy group that specializes in clean and new energy on lithium ion battery products.","breadcrumb":{"@id":"https:\/\/geoune.net\/product\/golf-cart-51-2v-105ah-lithium-iron-phosphate-battery-16s1p-golf-cart-battery\/#breadcrumb"},"inLanguage":"de","potentialAction":[{"@type":"ReadAction","target":["https:\/\/geoune.net\/product\/golf-cart-51-2v-105ah-lithium-iron-phosphate-battery-16s1p-golf-cart-battery\/"]}]},{"@type":"ImageObject","inLanguage":"de","@id":"https:\/\/geoune.net\/product\/golf-cart-51-2v-105ah-lithium-iron-phosphate-battery-16s1p-golf-cart-battery\/#primaryimage","url":"https:\/\/geoune.net\/wp-content\/uploads\/2023\/06\/tuceng.webp","contentUrl":"https:\/\/geoune.net\/wp-content\/uploads\/2023\/06\/tuceng.webp","width":800,"height":800,"caption":"GEOUNE"},{"@type":"BreadcrumbList","@id":"https:\/\/geoune.net\/product\/golf-cart-51-2v-105ah-lithium-iron-phosphate-battery-16s1p-golf-cart-battery\/#breadcrumb","itemListElement":[{"@type":"ListItem","position":1,"name":"\u9996\u9875","item":"https:\/\/geoune.net\/"},{"@type":"ListItem","position":2,"name":"Products","item":"https:\/\/geoune.net\/shop\/"},{"@type":"ListItem","position":3,"name":"Golf Cart 51.2V 105Ah Lithium Iron Phosphate Battery 16S1P Golf Cart Battery"}]},{"@type":"WebSite","@id":"https:\/\/geoune.net\/#website","url":"https:\/\/geoune.net\/","name":"Ge'ou NEW ENERGY","description":"Ge&#039;ou New Energy is an integrated energy group that specializes in clean and new energy on lithium ion battery products.","publisher":{"@id":"https:\/\/geoune.net\/#organization"},"alternateName":"OEM Lithium ion Battery Products Manufacturer | Ge'ou New Energy","potentialAction":[{"@type":"SearchAction","target":{"@type":"EntryPoint","urlTemplate":"https:\/\/geoune.net\/?s={search_term_string}"},"query-input":"required name=search_term_string"}],"inLanguage":"de"},{"@type":"Organization","@id":"https:\/\/geoune.net\/#organization","name":"Ge'ou NEW ENERGY","url":"https:\/\/geoune.net\/","logo":{"@type":"ImageObject","inLanguage":"de","@id":"https:\/\/geoune.net\/#\/schema\/logo\/image\/","url":"https:\/\/geoune.net\/wp-content\/uploads\/2023\/06\/GEOUNE-LOGO.png","contentUrl":"https:\/\/geoune.net\/wp-content\/uploads\/2023\/06\/GEOUNE-LOGO.png","width":500,"height":350,"caption":"Ge'ou NEW ENERGY"},"image":{"@id":"https:\/\/geoune.net\/#\/schema\/logo\/image\/"}}]}},"_links":{"self":[{"href":"https:\/\/geoune.net\/de\/wp-json\/wp\/v2\/product\/1375","targetHints":{"allow":["GET"]}}],"collection":[{"href":"https:\/\/geoune.net\/de\/wp-json\/wp\/v2\/product"}],"about":[{"href":"https:\/\/geoune.net\/de\/wp-json\/wp\/v2\/types\/product"}],"wp:featuredmedia":[{"embeddable":true,"href":"https:\/\/geoune.net\/de\/wp-json\/wp\/v2\/media\/1379"}],"wp:attachment":[{"href":"https:\/\/geoune.net\/de\/wp-json\/wp\/v2\/media?parent=1375"}],"wp:term":[{"taxonomy":"product_brand","embeddable":true,"href":"https:\/\/geoune.net\/de\/wp-json\/wp\/v2\/product_brand?post=1375"},{"taxonomy":"product_cat","embeddable":true,"href":"https:\/\/geoune.net\/de\/wp-json\/wp\/v2\/product_cat?post=1375"},{"taxonomy":"product_tag","embeddable":true,"href":"https:\/\/geoune.net\/de\/wp-json\/wp\/v2\/product_tag?post=1375"}],"curies":[{"name":"wp","href":"https:\/\/api.w.org\/{rel}","templated":true}]}}