{"id":1858,"date":"2023-06-27T17:08:34","date_gmt":"2023-06-27T09:08:34","guid":{"rendered":"https:\/\/geoune.net\/certification-copy\/"},"modified":"2023-06-27T17:51:08","modified_gmt":"2023-06-27T09:51:08","slug":"limited-warranty","status":"publish","type":"page","link":"https:\/\/geoune.net\/de\/limited-warranty\/","title":{"rendered":"Eingeschr\u00e4nkte Garantie"},"content":{"rendered":"<div data-elementor-type=\"wp-page\" data-elementor-id=\"1858\" class=\"elementor elementor-1858\" data-elementor-post-type=\"page\">\n\t\t\t\t\t\t<section class=\"elementor-section elementor-top-section elementor-element elementor-element-11cfd6b elementor-section-full_width elementor-section-height-min-height elementor-section-height-default elementor-section-items-middle\" data-id=\"11cfd6b\" data-element_type=\"section\" data-settings=\"{&quot;background_background&quot;:&quot;classic&quot;}\">\n\t\t\t\t\t\t<div class=\"elementor-container elementor-column-gap-default\">\n\t\t\t\t\t<div class=\"elementor-column elementor-col-100 elementor-top-column elementor-element elementor-element-74e626b\" data-id=\"74e626b\" data-element_type=\"column\">\n\t\t\t<div class=\"elementor-widget-wrap\">\n\t\t\t\t\t\t\t<\/div>\n\t\t<\/div>\n\t\t\t\t\t<\/div>\n\t\t<\/section>\n\t\t\t\t<section class=\"elementor-section elementor-top-section elementor-element elementor-element-4dd984b elementor-section-boxed elementor-section-height-default elementor-section-height-default\" data-id=\"4dd984b\" data-element_type=\"section\">\n\t\t\t\t\t\t<div class=\"elementor-container elementor-column-gap-default\">\n\t\t\t\t\t<div class=\"elementor-column elementor-col-100 elementor-top-column elementor-element elementor-element-4289402\" data-id=\"4289402\" data-element_type=\"column\">\n\t\t\t<div class=\"elementor-widget-wrap elementor-element-populated\">\n\t\t\t\t\t\t<div class=\"elementor-element elementor-element-a5125a1 elementor-widget elementor-widget-heading\" data-id=\"a5125a1\" data-element_type=\"widget\" data-widget_type=\"heading.default\">\n\t\t\t\t<div class=\"elementor-widget-container\">\n\t\t\t\t\t<h2 class=\"elementor-heading-title elementor-size-default\">Eingeschr\u00e4nkte Garantie<\/h2>\t\t\t\t<\/div>\n\t\t\t\t<\/div>\n\t\t\t\t<div class=\"elementor-element elementor-element-5817d69 elementor-widget__width-initial elementor-widget elementor-widget-text-editor\" data-id=\"5817d69\" data-element_type=\"widget\" data-widget_type=\"text-editor.default\">\n\t\t\t\t<div class=\"elementor-widget-container\">\n\t\t\t\t\t\t\t\t\t<p>Diese eingeschr\u00e4nkte Garantie gilt f\u00fcr die von Ge&#039;ou bereitgestellten Lithiumbatterien, einschlie\u00dflich LiFepo4- und NCM-Batterien (\u201eProdukt\u201c).<\/p><p><strong><b>Was bedeutet diese eingeschr\u00e4nkte Garantie?\u00a0<\/b><\/strong><strong><b>C<\/b><\/strong><strong><b>\u00fcber?<\/b><\/strong><\/p><p>Diese eingeschr\u00e4nkte Garantie deckt alle Material- und Verarbeitungsfehler bei normalem Gebrauch w\u00e4hrend des Garantiezeitraums ab. Diese eingeschr\u00e4nkte Garantie gilt f\u00fcr den Erstk\u00e4ufer der Produkte und ist nicht auf andere Personen oder Organisationen \u00fcbertragbar.<br \/>Innerhalb der Garantiezeit repariert oder ersetzt Ge&#039;ou die Produkte oder Teile des Produkts, bei denen bei normaler Nutzung und Wartung festgestellt wird, dass sie Material- oder Verarbeitungsfehler aufweisen.<\/p><p><strong><b>II Was\u00a0<\/b><\/strong><strong><b>werden wir<\/b><\/strong><strong><b>\u00a0tun, um Probleme zu beheben?<br \/><\/b><\/strong>Ge&#039;ou repariert oder ersetzt das Produkt oder Teile des Produkts kostenlos durch die Verwendung neuer Produkte oder Teile.<\/p><p><strong><b>III Garantiezeit<br \/><\/b><\/strong>Ge&#039;ou bietet DREI Stufen von Garantiezeitr\u00e4umen an, um die Wettbewerbsf\u00e4higkeit der Kunden bei der Marktentwicklung besser zu unterst\u00fctzen.<\/p><table><tbody><tr><td width=\"196\"><strong><b>Produktart<\/b><\/strong><\/td><td width=\"276\"><strong><b>Standardgarantiezeitraum (Jahre)<\/b><\/strong><\/td><td width=\"171\"><strong><b>Erweiterter Garantiezeitraum (Jahre)<\/b><\/strong><\/td><td width=\"183\"><strong><b>Super lange Garantiezeit (Jahre)<\/b><\/strong><\/td><\/tr><tr><td>Energiespeicherbatterie<\/td><td>3<\/td><td>5<\/td><td>10<\/td><\/tr><tr><td>Power-Traktionsbatterie<\/td><td>2<\/td><td>3<\/td><td>5<\/td><\/tr><tr><td>NCM-Batterie<\/td><td>1<\/td><td>2<\/td><td>3<\/td><\/tr><tr><td>Sonderpreis-Batterie<\/td><td>1<\/td><td>2<\/td><td>3<\/td><\/tr><\/tbody><\/table><p><strong><b>IV Zus\u00e4tzliche Garantiebestimmungen<br \/><\/b><\/strong>Nach der Garantiezeit wird das Produkt im Falle eines Fehlers, wenn es nach unserem Ermessen angemessen reparierbar ist, zu den grundlegenden Materialkosten repariert und an Sie zur\u00fcckgeschickt, wobei die Fracht von Ihnen \u00fcbernommen wird. Wenn Ge&#039;ou die Reparatur nicht f\u00fcr m\u00f6glich h\u00e4lt, bietet Ge&#039;ou Ihnen einen neuen, \u00e4hnlichen Ersatzakku mit einem Rabatt von 10% auf den in der aktuellen Preisliste von Ge&#039;ou aufgef\u00fchrten Parallelpreis an. Das Ersatzangebot ist nur 30 Tage g\u00fcltig.<\/p><p><strong><b>V Was deckt diese eingeschr\u00e4nkte Garantie nicht ab?<br \/><\/b><\/strong>Jedes der Produkte verf\u00fcgt \u00fcber ein integriertes Batteriemanagementsystem (BMS), das die Stromversorgung unterbricht, um Sch\u00e4den an den Zellen oder der Elektronik zu verhindern, wenn es eine der folgenden Bedingungen erkennt: \u00dcberladung oder Tiefentladung, \u00dcberspannung, Unterspannung -Spannung, \u00dcberstrom beim Laden oder Entladen und Unter- oder \u00dcbertemperatur. Der Benutzer ist daf\u00fcr verantwortlich, den Batterieverbrauch so zu verwalten, dass das BMS-Schutzsystem nicht als Regler fungiert, der von den oben genannten Schutzfunktionen gesteuert wird. Sch\u00e4den, die durch wiederholte BMS-Schutzzyklen verursacht werden, gelten als Missbrauch und sind nicht abgedeckt.<\/p><p>Diese eingeschr\u00e4nkte Garantie deckt keine Produktausf\u00e4lle ab, die auf Sch\u00e4den zur\u00fcckzuf\u00fchren sind, die durch Missbrauch oder Fahrl\u00e4ssigkeit, Manipulation, Nichtbeachtung der Ge&#039;ou-Richtlinien oder durch Folgendes verursacht wurden: Transportsch\u00e4den, lose Anschlussschrauben, korrodierte Hardware, fehlerhafte Installation und Anschlie\u00dfen der Batterie, unsachgem\u00e4\u00dfes Laden und Warten der Batterie, Bruch oder Besch\u00e4digung durch Kollision, Feuer, Frost, Sch\u00e4den durch extreme Hitze oder K\u00e4lte, unsachgem\u00e4\u00dfe Lagerung, Anschluss mit umgekehrter Polarit\u00e4t, Kurzschluss der Batteriepole oder Wasserschaden.<\/p><p>Diese eingeschr\u00e4nkte Garantie deckt nicht die Reparatur, Wartung und Anpassung des Produkts ab, die aufgrund von Vernachl\u00e4ssigung, Missbrauch, Unfall, \u00c4nderung ohne vorherige schriftliche Genehmigung von Ge&#039;ou, ungeeigneter Umgebung (einschlie\u00dflich fehlender angemessener Temperatur oder Luftfeuchtigkeit) oder ungew\u00f6hnlicher physikalischer oder elektrischer Bedingungen erforderlich sind Stress oder St\u00f6rungen, Ausfall von Blitzschlag, Feuer oder h\u00f6here Gewalt.<\/p><p>Diese eingeschr\u00e4nkte Garantie gilt nicht f\u00fcr abgenutzte Batterien. Es ist m\u00f6glich, die Batterielebensdauer vor Ablauf der Garantiezeit zu verbrauchen, indem Sie die LiFePo4-Batterie f\u00fcr 2 Zyklen pro Tag oder die NCM-Batterie f\u00fcr 1,5 Zyklen pro Tag verwenden. Eine verbrauchte Batterie hat weniger als 60% verbleibende Kapazit\u00e4t.<\/p><p>Diese eingeschr\u00e4nkte Garantie deckt die Versandkosten von und nach Ge&#039;ou nicht ab, es sei denn, Ge&#039;ou wird innerhalb von 60 Tagen nach Erhalt des Produkts durch den K\u00e4ufer kontaktiert.<\/p><p>Diese eingeschr\u00e4nkte Garantie deckt nicht die Versandkosten von und nach Ge&#039;ou w\u00e4hrend der ersten 60 Tage f\u00fcr Adressen au\u00dferhalb der USA ab. Ge&#039;ou liefert das Produkt zun\u00e4chst gem\u00e4\u00df der Bestellung des K\u00e4ufers.<\/p><p>Diese eingeschr\u00e4nkte Garantie gilt nicht f\u00fcr Produkte, die von Ge&#039;ou oder einem autorisierten H\u00e4ndler oder H\u00e4ndler an einen Originalger\u00e4tehersteller (OEM) verkauft werden. F\u00fcr Garantieanspr\u00fcche wenden Sie sich bitte direkt an den OEM.<\/p><p><strong><b>VI Gew\u00e4hrleistungsausschluss<br \/><\/b><\/strong>Ge&#039;ou gibt keine anderen Zusicherungen oder Garantien in Bezug auf das Produkt als die ausdr\u00fccklich in dieser eingeschr\u00e4nkten Garantie genannten. Die vorstehenden eingeschr\u00e4nkten Garantien gelten ausschlie\u00dflich und ersetzen alle anderen ausdr\u00fccklichen und stillschweigenden Garantien jeglicher Art. Ge&#039;ou lehnt ausdr\u00fccklich jede stillschweigende Gew\u00e4hrleistung der Marktg\u00e4ngigkeit oder Eignung f\u00fcr einen bestimmten Zweck ab. Soweit gesetzlich zul\u00e4ssig, haftet Ge&#039;ou weder aus Vertrag noch aus unerlaubter Handlung (einschlie\u00dflich Fahrl\u00e4ssigkeit und verschuldensunabh\u00e4ngiger Haftung) f\u00fcr Sch\u00e4den, die \u00fcber den Kaufpreis des Produkts hinausgehen, oder f\u00fcr indirekte, zuf\u00e4llige, Sonder- oder Folgesch\u00e4den jeglicher Art oder jeglicher Umsatz-, Gewinn-, Gesch\u00e4fts-, Informations-, Datenverlust oder sonstiger finanzieller Verlust, der sich aus oder im Zusammenhang mit der Unf\u00e4higkeit des Benutzers, das Produkt zu nutzen, ergibt.<\/p><p><strong><b>VII. Gesetzliche Rechte<\/b><\/strong><br \/>In einigen L\u00e4ndern und\/oder Staaten ist eine Beschr\u00e4nkung der Dauer einer stillschweigenden Garantie oder der Ausschluss oder die Beschr\u00e4nkung von Neben- oder Folgesch\u00e4den nicht zul\u00e4ssig, sodass die oben genannten Einschr\u00e4nkungen m\u00f6glicherweise nicht auf Sie zutreffen. Diese Garantie gew\u00e4hrt Ihnen bestimmte gesetzliche Rechte, die von Land zu Land und\/oder von Staat zu Staat unterschiedlich sein k\u00f6nnen. Diese Garantie unterliegt den Gesetzen Chinas und wird entsprechend ausgelegt. Unter dieser Garantie versteht man die ausschlie\u00dfliche Vereinbarung zwischen den Parteien in Bezug auf den Vertragsgegenstand. Kein Mitarbeiter oder Vertreter von Ge&#039;ou ist berechtigt, \u00fcber die in dieser Vereinbarung hinausgehende Garantie hinauszugehen.<\/p><p>Wenn Sie Fragen zur Ge&#039;ou-Garantie haben, wenden Sie sich bitte an Ge&#039;ou unter:<\/p><p>E-Mail:Jennifer@geoune.com<\/p><p>Telefon: +86-188-1699-2690<\/p>\t\t\t\t\t\t\t\t<\/div>\n\t\t\t\t<\/div>\n\t\t\t\t\t<\/div>\n\t\t<\/div>\n\t\t\t\t\t<\/div>\n\t\t<\/section>\n\t\t\t\t<\/div>","protected":false},"excerpt":{"rendered":"<p>Limited Warranty This Limited Warranty applies to the lithium batteries, including both LiFepo4 and NCM batteries (\u201cproduct\u201d) provided by Ge&#8217;ou. I What does this Limited Warranty\u00a0cover? This Limited Warranty covers any defect in material and workmanship under normal use during the Warranty Period. This Limited Warranty is to the original purchaser of the products and [&hellip;]<\/p>","protected":false},"author":1,"featured_media":0,"parent":0,"menu_order":0,"comment_status":"closed","ping_status":"closed","template":"","meta":{"site-sidebar-layout":"no-sidebar","site-content-layout":"page-builder","ast-site-content-layout":"default","site-content-style":"default","site-sidebar-style":"default","ast-global-header-display":"","ast-banner-title-visibility":"","ast-main-header-display":"","ast-hfb-above-header-display":"","ast-hfb-below-header-display":"","ast-hfb-mobile-header-display":"","site-post-title":"disabled","ast-breadcrumbs-content":"","ast-featured-img":"disabled","footer-sml-layout":"","theme-transparent-header-meta":"","adv-header-id-meta":"","stick-header-meta":"","header-above-stick-meta":"","header-main-stick-meta":"","header-below-stick-meta":"","astra-migrate-meta-layouts":"default","ast-page-background-enabled":"default","ast-page-background-meta":{"desktop":{"background-color":"","background-image":"","background-repeat":"repeat","background-position":"center center","background-size":"auto","background-attachment":"scroll","background-type":"","background-media":"","overlay-type":"","overlay-color":"","overlay-opacity":"","overlay-gradient":""},"tablet":{"background-color":"","background-image":"","background-repeat":"repeat","background-position":"center center","background-size":"auto","background-attachment":"scroll","background-type":"","background-media":"","overlay-type":"","overlay-color":"","overlay-opacity":"","overlay-gradient":""},"mobile":{"background-color":"","background-image":"","background-repeat":"repeat","background-position":"center center","background-size":"auto","background-attachment":"scroll","background-type":"","background-media":"","overlay-type":"","overlay-color":"","overlay-opacity":"","overlay-gradient":""}},"ast-content-background-meta":{"desktop":{"background-color":"var(--ast-global-color-5)","background-image":"","background-repeat":"repeat","background-position":"center center","background-size":"auto","background-attachment":"scroll","background-type":"","background-media":"","overlay-type":"","overlay-color":"","overlay-opacity":"","overlay-gradient":""},"tablet":{"background-color":"var(--ast-global-color-5)","background-image":"","background-repeat":"repeat","background-position":"center center","background-size":"auto","background-attachment":"scroll","background-type":"","background-media":"","overlay-type":"","overlay-color":"","overlay-opacity":"","overlay-gradient":""},"mobile":{"background-color":"var(--ast-global-color-5)","background-image":"","background-repeat":"repeat","background-position":"center center","background-size":"auto","background-attachment":"scroll","background-type":"","background-media":"","overlay-type":"","overlay-color":"","overlay-opacity":"","overlay-gradient":""}},"footnotes":""},"class_list":["post-1858","page","type-page","status-publish","hentry"],"yoast_head":"<!-- This site is optimized with the Yoast SEO Premium plugin v20.11 (Yoast SEO v22.7) - https:\/\/yoast.com\/wordpress\/plugins\/seo\/ -->\n<title>Limited Warranty - Ge&#039;ou NEW ENERGY<\/title>\n<meta name=\"description\" content=\"Ge&#039;ou New Energy is an integrated energy group that specializes in clean and new energy on lithium ion battery products.\" \/>\n<meta name=\"robots\" content=\"index, follow, max-snippet:-1, max-image-preview:large, max-video-preview:-1\" \/>\n<link rel=\"canonical\" href=\"https:\/\/geoune.net\/de\/limited-warranty\/\" \/>\n<meta property=\"og:locale\" content=\"de_DE\" \/>\n<meta property=\"og:type\" content=\"article\" \/>\n<meta property=\"og:title\" content=\"Limited Warranty\" \/>\n<meta property=\"og:description\" content=\"Ge&#039;ou New Energy is an integrated energy group that specializes in clean and new energy on lithium ion battery products.\" \/>\n<meta property=\"og:url\" content=\"https:\/\/geoune.net\/de\/limited-warranty\/\" \/>\n<meta property=\"og:site_name\" content=\"Ge&#039;ou NEW ENERGY\" \/>\n<meta property=\"article:modified_time\" content=\"2023-06-27T09:51:08+00:00\" \/>\n<meta name=\"twitter:card\" content=\"summary_large_image\" \/>\n<meta name=\"twitter:label1\" content=\"Gesch\u00e4tzte Lesezeit\" \/>\n\t<meta name=\"twitter:data1\" content=\"4\u00a0Minuten\" \/>\n<script type=\"application\/ld+json\" class=\"yoast-schema-graph\">{\"@context\":\"https:\/\/schema.org\",\"@graph\":[{\"@type\":\"WebPage\",\"@id\":\"https:\/\/geoune.net\/limited-warranty\/\",\"url\":\"https:\/\/geoune.net\/limited-warranty\/\",\"name\":\"Limited Warranty - Ge&#039;ou NEW ENERGY\",\"isPartOf\":{\"@id\":\"https:\/\/geoune.net\/#website\"},\"datePublished\":\"2023-06-27T09:08:34+00:00\",\"dateModified\":\"2023-06-27T09:51:08+00:00\",\"description\":\"Ge'ou New Energy is an integrated energy group that specializes in clean and new energy on lithium ion battery products.\",\"breadcrumb\":{\"@id\":\"https:\/\/geoune.net\/limited-warranty\/#breadcrumb\"},\"inLanguage\":\"de\",\"potentialAction\":[{\"@type\":\"ReadAction\",\"target\":[\"https:\/\/geoune.net\/limited-warranty\/\"]}]},{\"@type\":\"BreadcrumbList\",\"@id\":\"https:\/\/geoune.net\/limited-warranty\/#breadcrumb\",\"itemListElement\":[{\"@type\":\"ListItem\",\"position\":1,\"name\":\"\u9996\u9875\",\"item\":\"https:\/\/geoune.net\/\"},{\"@type\":\"ListItem\",\"position\":2,\"name\":\"Limited Warranty\"}]},{\"@type\":\"WebSite\",\"@id\":\"https:\/\/geoune.net\/#website\",\"url\":\"https:\/\/geoune.net\/\",\"name\":\"Ge'ou NEW ENERGY\",\"description\":\"Ge&#039;ou New Energy is an integrated energy group that specializes in clean and new energy on lithium ion battery products.\",\"publisher\":{\"@id\":\"https:\/\/geoune.net\/#organization\"},\"alternateName\":\"OEM Lithium ion Battery Products Manufacturer | Ge'ou New Energy\",\"potentialAction\":[{\"@type\":\"SearchAction\",\"target\":{\"@type\":\"EntryPoint\",\"urlTemplate\":\"https:\/\/geoune.net\/?s={search_term_string}\"},\"query-input\":\"required name=search_term_string\"}],\"inLanguage\":\"de\"},{\"@type\":\"Organization\",\"@id\":\"https:\/\/geoune.net\/#organization\",\"name\":\"Ge'ou NEW ENERGY\",\"url\":\"https:\/\/geoune.net\/\",\"logo\":{\"@type\":\"ImageObject\",\"inLanguage\":\"de\",\"@id\":\"https:\/\/geoune.net\/#\/schema\/logo\/image\/\",\"url\":\"https:\/\/geoune.net\/wp-content\/uploads\/2023\/06\/GEOUNE-LOGO.png\",\"contentUrl\":\"https:\/\/geoune.net\/wp-content\/uploads\/2023\/06\/GEOUNE-LOGO.png\",\"width\":500,\"height\":350,\"caption\":\"Ge'ou NEW ENERGY\"},\"image\":{\"@id\":\"https:\/\/geoune.net\/#\/schema\/logo\/image\/\"}}]}<\/script>\n<!-- \/ Yoast SEO Premium plugin. -->","yoast_head_json":{"title":"Limited Warranty - Ge&#039;ou NEW ENERGY","description":"Ge'ou New Energy is an integrated energy group that specializes in clean and new energy on lithium ion battery products.","robots":{"index":"index","follow":"follow","max-snippet":"max-snippet:-1","max-image-preview":"max-image-preview:large","max-video-preview":"max-video-preview:-1"},"canonical":"https:\/\/geoune.net\/de\/limited-warranty\/","og_locale":"de_DE","og_type":"article","og_title":"Limited Warranty","og_description":"Ge'ou New Energy is an integrated energy group that specializes in clean and new energy on lithium ion battery products.","og_url":"https:\/\/geoune.net\/de\/limited-warranty\/","og_site_name":"Ge&#039;ou NEW ENERGY","article_modified_time":"2023-06-27T09:51:08+00:00","twitter_card":"summary_large_image","twitter_misc":{"Gesch\u00e4tzte Lesezeit":"4\u00a0Minuten"},"schema":{"@context":"https:\/\/schema.org","@graph":[{"@type":"WebPage","@id":"https:\/\/geoune.net\/limited-warranty\/","url":"https:\/\/geoune.net\/limited-warranty\/","name":"Limited Warranty - Ge&#039;ou NEW ENERGY","isPartOf":{"@id":"https:\/\/geoune.net\/#website"},"datePublished":"2023-06-27T09:08:34+00:00","dateModified":"2023-06-27T09:51:08+00:00","description":"Ge'ou New Energy is an integrated energy group that specializes in clean and new energy on lithium ion battery products.","breadcrumb":{"@id":"https:\/\/geoune.net\/limited-warranty\/#breadcrumb"},"inLanguage":"de","potentialAction":[{"@type":"ReadAction","target":["https:\/\/geoune.net\/limited-warranty\/"]}]},{"@type":"BreadcrumbList","@id":"https:\/\/geoune.net\/limited-warranty\/#breadcrumb","itemListElement":[{"@type":"ListItem","position":1,"name":"\u9996\u9875","item":"https:\/\/geoune.net\/"},{"@type":"ListItem","position":2,"name":"Limited Warranty"}]},{"@type":"WebSite","@id":"https:\/\/geoune.net\/#website","url":"https:\/\/geoune.net\/","name":"Ge'ou NEW ENERGY","description":"Ge&#039;ou New Energy is an integrated energy group that specializes in clean and new energy on lithium ion battery products.","publisher":{"@id":"https:\/\/geoune.net\/#organization"},"alternateName":"OEM Lithium ion Battery Products Manufacturer | Ge'ou New Energy","potentialAction":[{"@type":"SearchAction","target":{"@type":"EntryPoint","urlTemplate":"https:\/\/geoune.net\/?s={search_term_string}"},"query-input":"required name=search_term_string"}],"inLanguage":"de"},{"@type":"Organization","@id":"https:\/\/geoune.net\/#organization","name":"Ge'ou NEW ENERGY","url":"https:\/\/geoune.net\/","logo":{"@type":"ImageObject","inLanguage":"de","@id":"https:\/\/geoune.net\/#\/schema\/logo\/image\/","url":"https:\/\/geoune.net\/wp-content\/uploads\/2023\/06\/GEOUNE-LOGO.png","contentUrl":"https:\/\/geoune.net\/wp-content\/uploads\/2023\/06\/GEOUNE-LOGO.png","width":500,"height":350,"caption":"Ge'ou NEW ENERGY"},"image":{"@id":"https:\/\/geoune.net\/#\/schema\/logo\/image\/"}}]}},"_links":{"self":[{"href":"https:\/\/geoune.net\/de\/wp-json\/wp\/v2\/pages\/1858","targetHints":{"allow":["GET"]}}],"collection":[{"href":"https:\/\/geoune.net\/de\/wp-json\/wp\/v2\/pages"}],"about":[{"href":"https:\/\/geoune.net\/de\/wp-json\/wp\/v2\/types\/page"}],"author":[{"embeddable":true,"href":"https:\/\/geoune.net\/de\/wp-json\/wp\/v2\/users\/1"}],"replies":[{"embeddable":true,"href":"https:\/\/geoune.net\/de\/wp-json\/wp\/v2\/comments?post=1858"}],"version-history":[{"count":0,"href":"https:\/\/geoune.net\/de\/wp-json\/wp\/v2\/pages\/1858\/revisions"}],"wp:attachment":[{"href":"https:\/\/geoune.net\/de\/wp-json\/wp\/v2\/media?parent=1858"}],"curies":[{"name":"wp","href":"https:\/\/api.w.org\/{rel}","templated":true}]}}