{"id":1852,"date":"2023-06-27T17:03:45","date_gmt":"2023-06-27T09:03:45","guid":{"rendered":"https:\/\/geoune.net\/?page_id=1852"},"modified":"2023-06-27T17:53:03","modified_gmt":"2023-06-27T09:53:03","slug":"certification","status":"publish","type":"page","link":"https:\/\/geoune.net\/de\/certification\/","title":{"rendered":"Zertifizierung"},"content":{"rendered":"<div data-elementor-type=\"wp-page\" data-elementor-id=\"1852\" class=\"elementor elementor-1852\" data-elementor-post-type=\"page\">\n\t\t\t\t\t\t<section class=\"elementor-section elementor-top-section elementor-element elementor-element-11cfd6b elementor-section-full_width elementor-section-height-min-height elementor-section-height-default elementor-section-items-middle\" data-id=\"11cfd6b\" data-element_type=\"section\" data-settings=\"{&quot;background_background&quot;:&quot;classic&quot;}\">\n\t\t\t\t\t\t<div class=\"elementor-container elementor-column-gap-default\">\n\t\t\t\t\t<div class=\"elementor-column elementor-col-100 elementor-top-column elementor-element elementor-element-74e626b\" data-id=\"74e626b\" data-element_type=\"column\">\n\t\t\t<div class=\"elementor-widget-wrap\">\n\t\t\t\t\t\t\t<\/div>\n\t\t<\/div>\n\t\t\t\t\t<\/div>\n\t\t<\/section>\n\t\t\t\t<section class=\"elementor-section elementor-top-section elementor-element elementor-element-4dd984b elementor-section-boxed elementor-section-height-default elementor-section-height-default\" data-id=\"4dd984b\" data-element_type=\"section\">\n\t\t\t\t\t\t<div class=\"elementor-container elementor-column-gap-default\">\n\t\t\t\t\t<div class=\"elementor-column elementor-col-100 elementor-top-column elementor-element elementor-element-4289402\" data-id=\"4289402\" data-element_type=\"column\">\n\t\t\t<div class=\"elementor-widget-wrap elementor-element-populated\">\n\t\t\t\t\t\t<div class=\"elementor-element elementor-element-a5125a1 elementor-widget elementor-widget-heading\" data-id=\"a5125a1\" data-element_type=\"widget\" data-widget_type=\"heading.default\">\n\t\t\t\t<div class=\"elementor-widget-container\">\n\t\t\t\t\t<h2 class=\"elementor-heading-title elementor-size-default\">Zertifizierung<\/h2>\t\t\t\t<\/div>\n\t\t\t\t<\/div>\n\t\t\t\t<div class=\"elementor-element elementor-element-5817d69 elementor-widget elementor-widget-text-editor\" data-id=\"5817d69\" data-element_type=\"widget\" data-widget_type=\"text-editor.default\">\n\t\t\t\t<div class=\"elementor-widget-container\">\n\t\t\t\t\t\t\t\t\t<h3>CE<\/h3><p>Das CE-Zeichen bedeutet, dass das vom Hersteller oder Dienstleister bereitgestellte Produkt den Anforderungen der Richtlinien der Europ\u00e4ischen Union entspricht. Ge&#039;ou-Lithiumbatterien sind CE-zertifiziert und d\u00fcrfen im Europ\u00e4ischen Wirtschaftsraum verkauft werden.<\/p><h3>UN38.3<\/h3><p>F\u00fcr einen sicheren Transport m\u00fcssen alle Lithiumbatterien die UN38.3-Zertifizierung bestehen. Wir sind stolz darauf, dass unsere Batterien den UN38.3-Versandvorschriften entsprechen und f\u00fcr den Luft- und Seetransport sicher sind.<\/p><h3>UN-Karton<\/h3><p>Lithiumbatterien gelten als Gefahrgut und es gelten strengere Anforderungen an Verpackung und Lieferung. Ge&#039;ou-Lithiumbatterien werden professionell in UN-Kartons verpackt und erf\u00fcllen die in der Batteriezertifizierung genannten Anforderungen der Gefahrgutversandvorschriften.<\/p><h3>Sicherheitsdatenblatt<\/h3><p>MSDS (Materialsicherheitsdatenblatt) ist ein technisches Dokument, das detaillierte und umfassende Informationen zu einem kontrollierten Produkt in Bezug auf Folgendes bietet:<br \/>-Gesundheitliche Auswirkungen der Exposition gegen\u00fcber dem Produkt<br \/>-Gef\u00e4hrdungsbeurteilung im Zusammenhang mit der Handhabung, Lagerung oder Verwendung des Produkts<br \/>-Ma\u00dfnahme zum Schutz gef\u00e4hrdeter Arbeitnehmer<br \/>-Notfallma\u00dfnahmen<\/p><p>Um relevante Zertifikate f\u00fcr Ihr gekauftes oder verkauftes Lithiumbatteriemodell von Ge&#039;ou zu erhalten, kontaktieren Sie uns bitte wie folgt:<\/p><p>E-Mail:Jennifer@geoune.com<\/p><p>Tel.:+86-188-1699-2690<\/p>\t\t\t\t\t\t\t\t<\/div>\n\t\t\t\t<\/div>\n\t\t\t\t\t<\/div>\n\t\t<\/div>\n\t\t\t\t\t<\/div>\n\t\t<\/section>\n\t\t\t\t<\/div>","protected":false},"excerpt":{"rendered":"<p>Certification CE The CE mark represents the product provided by the manufacturer or service provider are complies with the requirement of European Union directives. Ge&#8217;ou lithium batteries are CE certified to be sold in European Economic Area. UN38.3 For safe transportation, all lithium batteries are required to pass UN38.3 certification. We are proud of our [&hellip;]<\/p>","protected":false},"author":1,"featured_media":0,"parent":0,"menu_order":0,"comment_status":"closed","ping_status":"closed","template":"","meta":{"site-sidebar-layout":"no-sidebar","site-content-layout":"page-builder","ast-site-content-layout":"default","site-content-style":"default","site-sidebar-style":"default","ast-global-header-display":"","ast-banner-title-visibility":"","ast-main-header-display":"","ast-hfb-above-header-display":"","ast-hfb-below-header-display":"","ast-hfb-mobile-header-display":"","site-post-title":"disabled","ast-breadcrumbs-content":"","ast-featured-img":"disabled","footer-sml-layout":"","theme-transparent-header-meta":"","adv-header-id-meta":"","stick-header-meta":"","header-above-stick-meta":"","header-main-stick-meta":"","header-below-stick-meta":"","astra-migrate-meta-layouts":"default","ast-page-background-enabled":"default","ast-page-background-meta":{"desktop":{"background-color":"","background-image":"","background-repeat":"repeat","background-position":"center center","background-size":"auto","background-attachment":"scroll","background-type":"","background-media":"","overlay-type":"","overlay-color":"","overlay-opacity":"","overlay-gradient":""},"tablet":{"background-color":"","background-image":"","background-repeat":"repeat","background-position":"center center","background-size":"auto","background-attachment":"scroll","background-type":"","background-media":"","overlay-type":"","overlay-color":"","overlay-opacity":"","overlay-gradient":""},"mobile":{"background-color":"","background-image":"","background-repeat":"repeat","background-position":"center center","background-size":"auto","background-attachment":"scroll","background-type":"","background-media":"","overlay-type":"","overlay-color":"","overlay-opacity":"","overlay-gradient":""}},"ast-content-background-meta":{"desktop":{"background-color":"var(--ast-global-color-5)","background-image":"","background-repeat":"repeat","background-position":"center center","background-size":"auto","background-attachment":"scroll","background-type":"","background-media":"","overlay-type":"","overlay-color":"","overlay-opacity":"","overlay-gradient":""},"tablet":{"background-color":"var(--ast-global-color-5)","background-image":"","background-repeat":"repeat","background-position":"center center","background-size":"auto","background-attachment":"scroll","background-type":"","background-media":"","overlay-type":"","overlay-color":"","overlay-opacity":"","overlay-gradient":""},"mobile":{"background-color":"var(--ast-global-color-5)","background-image":"","background-repeat":"repeat","background-position":"center center","background-size":"auto","background-attachment":"scroll","background-type":"","background-media":"","overlay-type":"","overlay-color":"","overlay-opacity":"","overlay-gradient":""}},"footnotes":""},"class_list":["post-1852","page","type-page","status-publish","hentry"],"yoast_head":"<!-- This site is optimized with the Yoast SEO Premium plugin v20.11 (Yoast SEO v22.7) - https:\/\/yoast.com\/wordpress\/plugins\/seo\/ -->\n<title>Certification - Ge&#039;ou NEW ENERGY<\/title>\n<meta name=\"description\" content=\"Ge&#039;ou New Energy is an integrated energy group that specializes in clean and new energy on lithium ion battery products.\" \/>\n<meta name=\"robots\" content=\"index, follow, max-snippet:-1, max-image-preview:large, max-video-preview:-1\" \/>\n<link rel=\"canonical\" href=\"https:\/\/geoune.net\/de\/certification\/\" \/>\n<meta property=\"og:locale\" content=\"de_DE\" \/>\n<meta property=\"og:type\" content=\"article\" \/>\n<meta property=\"og:title\" content=\"Certification\" \/>\n<meta property=\"og:description\" content=\"Ge&#039;ou New Energy is an integrated energy group that specializes in clean and new energy on lithium ion battery products.\" \/>\n<meta property=\"og:url\" content=\"https:\/\/geoune.net\/de\/certification\/\" \/>\n<meta property=\"og:site_name\" content=\"Ge&#039;ou NEW ENERGY\" \/>\n<meta property=\"article:modified_time\" content=\"2023-06-27T09:53:03+00:00\" \/>\n<meta name=\"twitter:card\" content=\"summary_large_image\" \/>\n<meta name=\"twitter:label1\" content=\"Gesch\u00e4tzte Lesezeit\" \/>\n\t<meta name=\"twitter:data1\" content=\"1\u00a0Minute\" \/>\n<script type=\"application\/ld+json\" class=\"yoast-schema-graph\">{\"@context\":\"https:\/\/schema.org\",\"@graph\":[{\"@type\":\"WebPage\",\"@id\":\"https:\/\/geoune.net\/certification\/\",\"url\":\"https:\/\/geoune.net\/certification\/\",\"name\":\"Certification - Ge&#039;ou NEW ENERGY\",\"isPartOf\":{\"@id\":\"https:\/\/geoune.net\/#website\"},\"datePublished\":\"2023-06-27T09:03:45+00:00\",\"dateModified\":\"2023-06-27T09:53:03+00:00\",\"description\":\"Ge'ou New Energy is an integrated energy group that specializes in clean and new energy on lithium ion battery products.\",\"breadcrumb\":{\"@id\":\"https:\/\/geoune.net\/certification\/#breadcrumb\"},\"inLanguage\":\"de\",\"potentialAction\":[{\"@type\":\"ReadAction\",\"target\":[\"https:\/\/geoune.net\/certification\/\"]}]},{\"@type\":\"BreadcrumbList\",\"@id\":\"https:\/\/geoune.net\/certification\/#breadcrumb\",\"itemListElement\":[{\"@type\":\"ListItem\",\"position\":1,\"name\":\"\u9996\u9875\",\"item\":\"https:\/\/geoune.net\/\"},{\"@type\":\"ListItem\",\"position\":2,\"name\":\"Certification\"}]},{\"@type\":\"WebSite\",\"@id\":\"https:\/\/geoune.net\/#website\",\"url\":\"https:\/\/geoune.net\/\",\"name\":\"Ge'ou NEW ENERGY\",\"description\":\"Ge&#039;ou New Energy is an integrated energy group that specializes in clean and new energy on lithium ion battery products.\",\"publisher\":{\"@id\":\"https:\/\/geoune.net\/#organization\"},\"alternateName\":\"OEM Lithium ion Battery Products Manufacturer | Ge'ou New Energy\",\"potentialAction\":[{\"@type\":\"SearchAction\",\"target\":{\"@type\":\"EntryPoint\",\"urlTemplate\":\"https:\/\/geoune.net\/?s={search_term_string}\"},\"query-input\":\"required name=search_term_string\"}],\"inLanguage\":\"de\"},{\"@type\":\"Organization\",\"@id\":\"https:\/\/geoune.net\/#organization\",\"name\":\"Ge'ou NEW ENERGY\",\"url\":\"https:\/\/geoune.net\/\",\"logo\":{\"@type\":\"ImageObject\",\"inLanguage\":\"de\",\"@id\":\"https:\/\/geoune.net\/#\/schema\/logo\/image\/\",\"url\":\"https:\/\/geoune.net\/wp-content\/uploads\/2023\/06\/GEOUNE-LOGO.png\",\"contentUrl\":\"https:\/\/geoune.net\/wp-content\/uploads\/2023\/06\/GEOUNE-LOGO.png\",\"width\":500,\"height\":350,\"caption\":\"Ge'ou NEW ENERGY\"},\"image\":{\"@id\":\"https:\/\/geoune.net\/#\/schema\/logo\/image\/\"}}]}<\/script>\n<!-- \/ Yoast SEO Premium plugin. -->","yoast_head_json":{"title":"Certification - Ge&#039;ou NEW ENERGY","description":"Ge'ou New Energy is an integrated energy group that specializes in clean and new energy on lithium ion battery products.","robots":{"index":"index","follow":"follow","max-snippet":"max-snippet:-1","max-image-preview":"max-image-preview:large","max-video-preview":"max-video-preview:-1"},"canonical":"https:\/\/geoune.net\/de\/certification\/","og_locale":"de_DE","og_type":"article","og_title":"Certification","og_description":"Ge'ou New Energy is an integrated energy group that specializes in clean and new energy on lithium ion battery products.","og_url":"https:\/\/geoune.net\/de\/certification\/","og_site_name":"Ge&#039;ou NEW ENERGY","article_modified_time":"2023-06-27T09:53:03+00:00","twitter_card":"summary_large_image","twitter_misc":{"Gesch\u00e4tzte Lesezeit":"1\u00a0Minute"},"schema":{"@context":"https:\/\/schema.org","@graph":[{"@type":"WebPage","@id":"https:\/\/geoune.net\/certification\/","url":"https:\/\/geoune.net\/certification\/","name":"Certification - Ge&#039;ou NEW ENERGY","isPartOf":{"@id":"https:\/\/geoune.net\/#website"},"datePublished":"2023-06-27T09:03:45+00:00","dateModified":"2023-06-27T09:53:03+00:00","description":"Ge'ou New Energy is an integrated energy group that specializes in clean and new energy on lithium ion battery products.","breadcrumb":{"@id":"https:\/\/geoune.net\/certification\/#breadcrumb"},"inLanguage":"de","potentialAction":[{"@type":"ReadAction","target":["https:\/\/geoune.net\/certification\/"]}]},{"@type":"BreadcrumbList","@id":"https:\/\/geoune.net\/certification\/#breadcrumb","itemListElement":[{"@type":"ListItem","position":1,"name":"\u9996\u9875","item":"https:\/\/geoune.net\/"},{"@type":"ListItem","position":2,"name":"Certification"}]},{"@type":"WebSite","@id":"https:\/\/geoune.net\/#website","url":"https:\/\/geoune.net\/","name":"Ge'ou NEW ENERGY","description":"Ge&#039;ou New Energy is an integrated energy group that specializes in clean and new energy on lithium ion battery products.","publisher":{"@id":"https:\/\/geoune.net\/#organization"},"alternateName":"OEM Lithium ion Battery Products Manufacturer | Ge'ou New Energy","potentialAction":[{"@type":"SearchAction","target":{"@type":"EntryPoint","urlTemplate":"https:\/\/geoune.net\/?s={search_term_string}"},"query-input":"required name=search_term_string"}],"inLanguage":"de"},{"@type":"Organization","@id":"https:\/\/geoune.net\/#organization","name":"Ge'ou NEW ENERGY","url":"https:\/\/geoune.net\/","logo":{"@type":"ImageObject","inLanguage":"de","@id":"https:\/\/geoune.net\/#\/schema\/logo\/image\/","url":"https:\/\/geoune.net\/wp-content\/uploads\/2023\/06\/GEOUNE-LOGO.png","contentUrl":"https:\/\/geoune.net\/wp-content\/uploads\/2023\/06\/GEOUNE-LOGO.png","width":500,"height":350,"caption":"Ge'ou NEW ENERGY"},"image":{"@id":"https:\/\/geoune.net\/#\/schema\/logo\/image\/"}}]}},"_links":{"self":[{"href":"https:\/\/geoune.net\/de\/wp-json\/wp\/v2\/pages\/1852","targetHints":{"allow":["GET"]}}],"collection":[{"href":"https:\/\/geoune.net\/de\/wp-json\/wp\/v2\/pages"}],"about":[{"href":"https:\/\/geoune.net\/de\/wp-json\/wp\/v2\/types\/page"}],"author":[{"embeddable":true,"href":"https:\/\/geoune.net\/de\/wp-json\/wp\/v2\/users\/1"}],"replies":[{"embeddable":true,"href":"https:\/\/geoune.net\/de\/wp-json\/wp\/v2\/comments?post=1852"}],"version-history":[{"count":0,"href":"https:\/\/geoune.net\/de\/wp-json\/wp\/v2\/pages\/1852\/revisions"}],"wp:attachment":[{"href":"https:\/\/geoune.net\/de\/wp-json\/wp\/v2\/media?parent=1852"}],"curies":[{"name":"wp","href":"https:\/\/api.w.org\/{rel}","templated":true}]}}